{"id":5248,"date":"2017-01-04T20:01:46","date_gmt":"2017-01-04T20:01:46","guid":{"rendered":"https:\/\/ushiplearnsubd.wpengine.com\/mx\/?page_id=5248"},"modified":"2017-01-04T20:01:46","modified_gmt":"2017-01-04T20:01:46","slug":"pagos-seguros","status":"publish","type":"page","link":"https:\/\/ushiplearnsubd.wpengine.com\/ve\/clientes\/pagos-seguros\/","title":{"rendered":"Pagos Seguros"},"content":{"rendered":"","protected":false},"excerpt":{"rendered":"","protected":false},"author":2,"featured_media":0,"parent":5,"menu_order":0,"comment_status":"closed","ping_status":"closed","template":"tabbed-page-v2-child.php","meta":{"_acf_changed":false,"footnotes":""},"class_list":["post-5248","page","type-page","status-publish","hentry"],"acf":{"header_footer_type":false,"body_content":[{"acf_fc_layout":"intro_slide","intro_slide_id":"","intro_slide_head":"PAGOS PROTEGIDOS","intro_slide_subhead":"El procesamiento de transacciones de manera segura es una de nuestras principales prioridades. Tenemos varias medidas de responsabilidad en lugar para hacer eso, incluyendo Pagos uShip, nuestro sistema de pago de tres pasos que le asegura que est\u00e1 en control de su dinero hasta que se realice la entrega.","intro_slide_cta":null,"intro_slide_slide":[{"intro_slide_slide_image":1051}]},{"acf_fc_layout":"icon_bullet_points","icon_bullet_points_id":"","icon_bullet_points_row":[{"icon_bullet_points_row_icon":"icon_deposit","icon_bullet_points_row_title":"PASO 1: PAGAR UN DEP\u00d3SITO DE RESERVA","icon_bullet_points_row_text":"Cuando acepte la oferta de su transportista va pagar un D\u00e9posito de Reserva a uShip y puede empezar su env\u00edo."},{"icon_bullet_points_row_icon":"icon_goldseal","icon_bullet_points_row_title":"PASO 2: COMPLETAR SU PAGO","icon_bullet_points_row_text":"El balance se pagar\u00e1 directamente a su transportista, basado en las condiciones de pago que se detallan en la oferta. Si ve un sello de oro junto al importe de la oferta del transportista significa que \u00e9l o ella acepta Pagos uShip, nuestro sistema de pago seguro. Simplemente introduzca su informaci\u00f3n de pago cuando haga la reserva y pague seguramente a la entrega.\n\n&nbsp;\n\n\u00bfTodav\u00eda tiene preguntas? Visite nuestras <a href=\"https:\/\/help.uship.com\/hc\/es-419\/categories\/200345398\">Preguntas frecuentes<\/a> para saber m\u00e1s sobre Pagos."}]}],"bottom_content":[{"acf_fc_layout":"bookend","bookend_content_type":"text","bookend_intro":"AHORA ESTOY LISTO","bookend_intro_sub":"","bookend_image":null,"bookend_cta_text":"Anunciar Mi Env\u00edo","bookend_cta_url":"https:\/\/www.uship.com\/ship","bookend_cta_onclick":"","bookend_cta_open_in_new_tab":[],"bookend_previous_content":[{"bookend_previous_url":5246,"bookend_previous_text":"Rastreo<br>F\u00e1cil"}],"bookend_next_content":[{"bookend_next_url":5250,"bookend_next_text":"Seguro<br>y Reclamaciones"}]},{"acf_fc_layout":"tertiary_callout","tertiary_callout_title":"\u00bfInteresado en usar a uShip para su empresa?","tertiary_callout_link_url":"\/mx\/transporte-comercial\/","tertiary_callout_link_text":"Saber M\u00e1s","tertiary_callout_link_onclick":"","tertiary_callout_open_in_new_tab":[]}]},"yoast_head":"<!-- This site is optimized with the Yoast SEO plugin v22.2 - https:\/\/yoast.com\/wordpress\/plugins\/seo\/ -->\n<title>Pagos Seguros - C\u00f3mo Funciona<\/title>\n<meta name=\"robots\" content=\"index, follow, max-snippet:-1, max-image-preview:large, max-video-preview:-1\" \/>\n<link rel=\"canonical\" href=\"https:\/\/ushiplearnsubd.wpengine.com\/ve\/clientes\/pagos-seguros\/\" \/>\n<meta property=\"og:locale\" content=\"es_ES\" \/>\n<meta property=\"og:type\" content=\"article\" \/>\n<meta property=\"og:title\" content=\"Pagos Seguros - C\u00f3mo Funciona\" \/>\n<meta property=\"og:url\" content=\"https:\/\/ushiplearnsubd.wpengine.com\/ve\/clientes\/pagos-seguros\/\" \/>\n<meta property=\"og:site_name\" content=\"C\u00f3mo Funciona\" \/>\n<meta name=\"twitter:card\" content=\"summary_large_image\" \/>\n<script type=\"application\/ld+json\" class=\"yoast-schema-graph\">{\"@context\":\"https:\/\/schema.org\",\"@graph\":[{\"@type\":\"WebPage\",\"@id\":\"https:\/\/ushiplearnsubd.wpengine.com\/ve\/clientes\/pagos-seguros\/\",\"url\":\"https:\/\/ushiplearnsubd.wpengine.com\/ve\/clientes\/pagos-seguros\/\",\"name\":\"Pagos Seguros - C\u00f3mo Funciona\",\"isPartOf\":{\"@id\":\"https:\/\/ushiplearnsubd.wpengine.com\/ve\/#website\"},\"datePublished\":\"2017-01-04T20:01:46+00:00\",\"dateModified\":\"2017-01-04T20:01:46+00:00\",\"breadcrumb\":{\"@id\":\"https:\/\/ushiplearnsubd.wpengine.com\/ve\/clientes\/pagos-seguros\/#breadcrumb\"},\"inLanguage\":\"es\",\"potentialAction\":[{\"@type\":\"ReadAction\",\"target\":[\"https:\/\/ushiplearnsubd.wpengine.com\/ve\/clientes\/pagos-seguros\/\"]}]},{\"@type\":\"BreadcrumbList\",\"@id\":\"https:\/\/ushiplearnsubd.wpengine.com\/ve\/clientes\/pagos-seguros\/#breadcrumb\",\"itemListElement\":[{\"@type\":\"ListItem\",\"position\":1,\"name\":\"Home\",\"item\":\"https:\/\/ushiplearnsubd.wpengine.com\/ve\/\"},{\"@type\":\"ListItem\",\"position\":2,\"name\":\"Clientes\",\"item\":\"https:\/\/ushiplearnsubd.wpengine.com\/ve\/clientes\/\"},{\"@type\":\"ListItem\",\"position\":3,\"name\":\"Pagos Seguros\"}]},{\"@type\":\"WebSite\",\"@id\":\"https:\/\/ushiplearnsubd.wpengine.com\/ve\/#website\",\"url\":\"https:\/\/ushiplearnsubd.wpengine.com\/ve\/\",\"name\":\"C\u00f3mo Funciona\",\"description\":\"\",\"potentialAction\":[{\"@type\":\"SearchAction\",\"target\":{\"@type\":\"EntryPoint\",\"urlTemplate\":\"https:\/\/ushiplearnsubd.wpengine.com\/ve\/?s={search_term_string}\"},\"query-input\":\"required name=search_term_string\"}],\"inLanguage\":\"es\"}]}<\/script>\n<!-- \/ Yoast SEO plugin. -->","yoast_head_json":{"title":"Pagos Seguros - C\u00f3mo Funciona","robots":{"index":"index","follow":"follow","max-snippet":"max-snippet:-1","max-image-preview":"max-image-preview:large","max-video-preview":"max-video-preview:-1"},"canonical":"https:\/\/ushiplearnsubd.wpengine.com\/ve\/clientes\/pagos-seguros\/","og_locale":"es_ES","og_type":"article","og_title":"Pagos Seguros - C\u00f3mo Funciona","og_url":"https:\/\/ushiplearnsubd.wpengine.com\/ve\/clientes\/pagos-seguros\/","og_site_name":"C\u00f3mo Funciona","twitter_card":"summary_large_image","schema":{"@context":"https:\/\/schema.org","@graph":[{"@type":"WebPage","@id":"https:\/\/ushiplearnsubd.wpengine.com\/ve\/clientes\/pagos-seguros\/","url":"https:\/\/ushiplearnsubd.wpengine.com\/ve\/clientes\/pagos-seguros\/","name":"Pagos Seguros - C\u00f3mo Funciona","isPartOf":{"@id":"https:\/\/ushiplearnsubd.wpengine.com\/ve\/#website"},"datePublished":"2017-01-04T20:01:46+00:00","dateModified":"2017-01-04T20:01:46+00:00","breadcrumb":{"@id":"https:\/\/ushiplearnsubd.wpengine.com\/ve\/clientes\/pagos-seguros\/#breadcrumb"},"inLanguage":"es","potentialAction":[{"@type":"ReadAction","target":["https:\/\/ushiplearnsubd.wpengine.com\/ve\/clientes\/pagos-seguros\/"]}]},{"@type":"BreadcrumbList","@id":"https:\/\/ushiplearnsubd.wpengine.com\/ve\/clientes\/pagos-seguros\/#breadcrumb","itemListElement":[{"@type":"ListItem","position":1,"name":"Home","item":"https:\/\/ushiplearnsubd.wpengine.com\/ve\/"},{"@type":"ListItem","position":2,"name":"Clientes","item":"https:\/\/ushiplearnsubd.wpengine.com\/ve\/clientes\/"},{"@type":"ListItem","position":3,"name":"Pagos Seguros"}]},{"@type":"WebSite","@id":"https:\/\/ushiplearnsubd.wpengine.com\/ve\/#website","url":"https:\/\/ushiplearnsubd.wpengine.com\/ve\/","name":"C\u00f3mo Funciona","description":"","potentialAction":[{"@type":"SearchAction","target":{"@type":"EntryPoint","urlTemplate":"https:\/\/ushiplearnsubd.wpengine.com\/ve\/?s={search_term_string}"},"query-input":"required name=search_term_string"}],"inLanguage":"es"}]}},"fixed_price_tool_customer_success":{"image":false,"telephone":false,"email":false},"_links":{"self":[{"href":"https:\/\/ushiplearnsubd.wpengine.com\/ve\/wp-json\/wp\/v2\/pages\/5248","targetHints":{"allow":["GET"]}}],"collection":[{"href":"https:\/\/ushiplearnsubd.wpengine.com\/ve\/wp-json\/wp\/v2\/pages"}],"about":[{"href":"https:\/\/ushiplearnsubd.wpengine.com\/ve\/wp-json\/wp\/v2\/types\/page"}],"author":[{"embeddable":true,"href":"https:\/\/ushiplearnsubd.wpengine.com\/ve\/wp-json\/wp\/v2\/users\/2"}],"replies":[{"embeddable":true,"href":"https:\/\/ushiplearnsubd.wpengine.com\/ve\/wp-json\/wp\/v2\/comments?post=5248"}],"version-history":[{"count":0,"href":"https:\/\/ushiplearnsubd.wpengine.com\/ve\/wp-json\/wp\/v2\/pages\/5248\/revisions"}],"up":[{"embeddable":true,"href":"https:\/\/ushiplearnsubd.wpengine.com\/ve\/wp-json\/wp\/v2\/pages\/5"}],"wp:attachment":[{"href":"https:\/\/ushiplearnsubd.wpengine.com\/ve\/wp-json\/wp\/v2\/media?parent=5248"}],"curies":[{"name":"wp","href":"https:\/\/api.w.org\/{rel}","templated":true}]}}