{"id":5282,"date":"2017-01-04T20:33:59","date_gmt":"2017-01-04T20:33:59","guid":{"rendered":"https:\/\/ushiplearnsubd.wpengine.com\/mx\/?page_id=5282"},"modified":"2017-01-04T20:33:59","modified_gmt":"2017-01-04T20:33:59","slug":"socios-destacados","status":"publish","type":"page","link":"https:\/\/ushiplearnsubd.wpengine.com\/pe\/asociaciones\/socios-destacados\/","title":{"rendered":"Socios Destacados"},"content":{"rendered":"","protected":false},"excerpt":{"rendered":"","protected":false},"author":2,"featured_media":0,"parent":1323,"menu_order":0,"comment_status":"closed","ping_status":"closed","template":"tabbed-page-v2-child.php","meta":{"_acf_changed":false,"footnotes":""},"class_list":["post-5282","page","type-page","status-publish","hentry"],"acf":{"header_footer_type":false,"body_content":[{"acf_fc_layout":"intro_slide","intro_slide_id":"","intro_slide_head":"CONOZCA NUESTROS SOCIOS PRINCIPALES","intro_slide_subhead":"Dos de nuestros socios destacados\u2014eBay y Ritchie Bros. Auctioneers - han ahorrado sus clientes millones de d\u00f3lares usando el poder del mercado de uShip. Cada socio utiliza uShip en distintas formas, pero con el mismo resultado: valor extra para sus clientes env\u00edando art\u00edculos m\u00e1s grande que la parcela (LTP), ya sea un veh\u00edculo en eBay o niveladora en Ritchie Bros. Descubra c\u00f3mo podemos ayudarle a hacer lo mismo.","intro_slide_cta":null,"intro_slide_slide":[{"intro_slide_slide_image":2607},{"intro_slide_slide_image":2608},{"intro_slide_slide_image":1675}]},{"acf_fc_layout":"strip_data_callout","strip_data_callout_id":"","strip_data_callout_content":[{"strip_data_callout_block_value":"3,5","strip_data_callout_block_caption":"Millones de <br>Clientes"},{"strip_data_callout_block_value":"788.000","strip_data_callout_block_caption":"Transportistas"},{"strip_data_callout_block_value":"5,7","strip_data_callout_block_caption":"Millones de <br>Anuncios"}]},{"acf_fc_layout":"slanted_map","slanted_map_id":"","slanted_map_bg_color":"mapBackgroundGrey","slanted_map_bg_position":"mapBackgroundLeft","slanted_map_map_feature":"none","slanted_map_video_poster_image":null,"slanted_map_youtube_id":"","slanted_map_image":1676,"slanted_map_image_vertical_alignment":"alignmentMiddle","slanted_map_image_horizontal_alignment":"alignmentCenter","slanted_map_copy_intro":"EBAY","slanted_map_copy_block_text":"eBay, Inc. es uno de los mercados m\u00e1s grandes en el Internet para comprar y vender cualquier cosa desde veh\u00edculos a muebles a motos y hasta las cosas m\u00e1s extra\u00f1as. Cada a\u00f1o, m\u00e1s de 3 millones de art\u00edculos LTP se compran y venden a trav\u00e9s de eBay.\n\n&nbsp;\n\nuShip es la soluci\u00f3n oficial de LTP para eBay y ayudamos a compradores y vendedores encontrar el transportista mejor por el precio m\u00e1s bajo. Hemos integrado con banners, admin\u00edculos widgets, y nuestro API para crear la soluci\u00f3n m\u00e1s potente y conveniente posible para los clientes de eBay. Desde 2004, uShip ha ahorrado compradores y vendedores de eBay m\u00e1s de 20 millones de d\u00f3lares.","slanted_map_copy_cta":null,"slanted_map_trustpilot_widget":false},{"acf_fc_layout":"video","video_id":"","video_intro":"Antig\u00fcedades Red Rooster","video_intro_sub":"Vea c\u00f3mo este comprador y vendedor de eBay utiliza a uShip para mejorar su negocio.","video_poster":2594,"youtube_id":"xwEJ5XeEqgI","video_cta":null},{"acf_fc_layout":"slanted_map","slanted_map_id":"","slanted_map_bg_color":"mapBackgroundGrey","slanted_map_bg_position":"mapBackgroundRight","slanted_map_map_feature":"none","slanted_map_video_poster_image":null,"slanted_map_youtube_id":"","slanted_map_image":1677,"slanted_map_image_vertical_alignment":"alignmentMiddle","slanted_map_image_horizontal_alignment":"alignmentCenter","slanted_map_copy_intro":"RITCHIE BROTHERS","slanted_map_copy_block_text":"Establecido en 1958, Ritchie Bros. Auctioneers vende m\u00e1s maquinaria pesada usada y nueva que otra compania en el mundo. Basada en Vancouver, Canada, Ritchie Bros. tiene m\u00e1s de 110 localizaci\u00f3nes en todo el mundo, incluyendo 39 sitios de subastas. Las necesidades de sus clientes de env\u00edo son locales y extienden hasta oc\u00e9anos de distancia.\n\n&nbsp;\n\nPor ser socios de uShip y integrando nuestro API, clientes de Richie Bros. han ahorrado m\u00e1s de $10 millones de d\u00f3lares en costos de env\u00edo. uShip soluciona el problema de \"c\u00f3mo\" y \"cuanto\" para sus clientes, pero tambien garantiza que estan recibiendo los precios m\u00e1s bajos para sus env\u00edos. Para el subastador y el comprador, la matem\u00e1tica es simple:\n\n&nbsp;\n\n<div style=\"margin-left: 30px;\">El valor a\u00f1adido y la comodidad creada para los clientes de Ritchie Bros.\n+ Los ingresos recompensado con Ritchie Bros. para las transacciones de uShip\n= Una asociaci\u00f3n que hace d\u00f3lares y sentido<\/div>","slanted_map_copy_cta":null,"slanted_map_trustpilot_widget":false},{"acf_fc_layout":"video","video_id":"","video_intro":"Ritchie Brothers","video_intro_sub":"Mira c\u00f3mo la asociacion de Ritchie Bros. con uShip y nuestra integraci\u00f3n de API ahorra sus clientes millones en costos de env\u00edo","video_poster":2595,"youtube_id":"pietKe0Hzu4","video_cta":null}],"bottom_content":[{"acf_fc_layout":"bookend","bookend_content_type":"text","bookend_intro":"\u00bfQUIERES M\u00c1S INFORMACI\u00d3N?","bookend_intro_sub":"","bookend_image":null,"bookend_cta_text":"Contactar a uShip","bookend_cta_url":"mailto:partners@uship.com","bookend_cta_onclick":"","bookend_cta_open_in_new_tab":[],"bookend_previous_content":[{"bookend_previous_url":5290,"bookend_previous_text":"API\/Portal de<br>Desarrollador"}],"bookend_next_content":[{"bookend_next_url":5284,"bookend_next_text":"Socios de<br>Mercado"}]}]},"yoast_head":"<!-- This site is optimized with the Yoast SEO plugin v22.2 - https:\/\/yoast.com\/wordpress\/plugins\/seo\/ -->\n<title>Socios Destacados - C\u00f3mo Funciona<\/title>\n<meta name=\"robots\" content=\"index, follow, max-snippet:-1, max-image-preview:large, max-video-preview:-1\" \/>\n<link rel=\"canonical\" href=\"https:\/\/ushiplearnsubd.wpengine.com\/pe\/asociaciones\/socios-destacados\/\" \/>\n<meta property=\"og:locale\" content=\"es_ES\" \/>\n<meta property=\"og:type\" content=\"article\" \/>\n<meta property=\"og:title\" content=\"Socios Destacados - C\u00f3mo Funciona\" \/>\n<meta property=\"og:url\" content=\"https:\/\/ushiplearnsubd.wpengine.com\/pe\/asociaciones\/socios-destacados\/\" \/>\n<meta property=\"og:site_name\" content=\"C\u00f3mo Funciona\" \/>\n<meta name=\"twitter:card\" content=\"summary_large_image\" \/>\n<script type=\"application\/ld+json\" class=\"yoast-schema-graph\">{\"@context\":\"https:\/\/schema.org\",\"@graph\":[{\"@type\":\"WebPage\",\"@id\":\"https:\/\/ushiplearnsubd.wpengine.com\/pe\/asociaciones\/socios-destacados\/\",\"url\":\"https:\/\/ushiplearnsubd.wpengine.com\/pe\/asociaciones\/socios-destacados\/\",\"name\":\"Socios Destacados - C\u00f3mo Funciona\",\"isPartOf\":{\"@id\":\"https:\/\/ushiplearnsubd.wpengine.com\/pe\/#website\"},\"datePublished\":\"2017-01-04T20:33:59+00:00\",\"dateModified\":\"2017-01-04T20:33:59+00:00\",\"breadcrumb\":{\"@id\":\"https:\/\/ushiplearnsubd.wpengine.com\/pe\/asociaciones\/socios-destacados\/#breadcrumb\"},\"inLanguage\":\"es-PE\",\"potentialAction\":[{\"@type\":\"ReadAction\",\"target\":[\"https:\/\/ushiplearnsubd.wpengine.com\/pe\/asociaciones\/socios-destacados\/\"]}]},{\"@type\":\"BreadcrumbList\",\"@id\":\"https:\/\/ushiplearnsubd.wpengine.com\/pe\/asociaciones\/socios-destacados\/#breadcrumb\",\"itemListElement\":[{\"@type\":\"ListItem\",\"position\":1,\"name\":\"Home\",\"item\":\"https:\/\/ushiplearnsubd.wpengine.com\/pe\/\"},{\"@type\":\"ListItem\",\"position\":2,\"name\":\"Asociaciones\",\"item\":\"https:\/\/ushiplearnsubd.wpengine.com\/pe\/asociaciones\/\"},{\"@type\":\"ListItem\",\"position\":3,\"name\":\"Socios Destacados\"}]},{\"@type\":\"WebSite\",\"@id\":\"https:\/\/ushiplearnsubd.wpengine.com\/pe\/#website\",\"url\":\"https:\/\/ushiplearnsubd.wpengine.com\/pe\/\",\"name\":\"C\u00f3mo Funciona\",\"description\":\"\",\"potentialAction\":[{\"@type\":\"SearchAction\",\"target\":{\"@type\":\"EntryPoint\",\"urlTemplate\":\"https:\/\/ushiplearnsubd.wpengine.com\/pe\/?s={search_term_string}\"},\"query-input\":\"required name=search_term_string\"}],\"inLanguage\":\"es-PE\"}]}<\/script>\n<!-- \/ Yoast SEO plugin. -->","yoast_head_json":{"title":"Socios Destacados - C\u00f3mo Funciona","robots":{"index":"index","follow":"follow","max-snippet":"max-snippet:-1","max-image-preview":"max-image-preview:large","max-video-preview":"max-video-preview:-1"},"canonical":"https:\/\/ushiplearnsubd.wpengine.com\/pe\/asociaciones\/socios-destacados\/","og_locale":"es_ES","og_type":"article","og_title":"Socios Destacados - C\u00f3mo Funciona","og_url":"https:\/\/ushiplearnsubd.wpengine.com\/pe\/asociaciones\/socios-destacados\/","og_site_name":"C\u00f3mo Funciona","twitter_card":"summary_large_image","schema":{"@context":"https:\/\/schema.org","@graph":[{"@type":"WebPage","@id":"https:\/\/ushiplearnsubd.wpengine.com\/pe\/asociaciones\/socios-destacados\/","url":"https:\/\/ushiplearnsubd.wpengine.com\/pe\/asociaciones\/socios-destacados\/","name":"Socios Destacados - C\u00f3mo Funciona","isPartOf":{"@id":"https:\/\/ushiplearnsubd.wpengine.com\/pe\/#website"},"datePublished":"2017-01-04T20:33:59+00:00","dateModified":"2017-01-04T20:33:59+00:00","breadcrumb":{"@id":"https:\/\/ushiplearnsubd.wpengine.com\/pe\/asociaciones\/socios-destacados\/#breadcrumb"},"inLanguage":"es-PE","potentialAction":[{"@type":"ReadAction","target":["https:\/\/ushiplearnsubd.wpengine.com\/pe\/asociaciones\/socios-destacados\/"]}]},{"@type":"BreadcrumbList","@id":"https:\/\/ushiplearnsubd.wpengine.com\/pe\/asociaciones\/socios-destacados\/#breadcrumb","itemListElement":[{"@type":"ListItem","position":1,"name":"Home","item":"https:\/\/ushiplearnsubd.wpengine.com\/pe\/"},{"@type":"ListItem","position":2,"name":"Asociaciones","item":"https:\/\/ushiplearnsubd.wpengine.com\/pe\/asociaciones\/"},{"@type":"ListItem","position":3,"name":"Socios Destacados"}]},{"@type":"WebSite","@id":"https:\/\/ushiplearnsubd.wpengine.com\/pe\/#website","url":"https:\/\/ushiplearnsubd.wpengine.com\/pe\/","name":"C\u00f3mo Funciona","description":"","potentialAction":[{"@type":"SearchAction","target":{"@type":"EntryPoint","urlTemplate":"https:\/\/ushiplearnsubd.wpengine.com\/pe\/?s={search_term_string}"},"query-input":"required name=search_term_string"}],"inLanguage":"es-PE"}]}},"fixed_price_tool_customer_success":{"image":false,"telephone":false,"email":false},"_links":{"self":[{"href":"https:\/\/ushiplearnsubd.wpengine.com\/pe\/wp-json\/wp\/v2\/pages\/5282","targetHints":{"allow":["GET"]}}],"collection":[{"href":"https:\/\/ushiplearnsubd.wpengine.com\/pe\/wp-json\/wp\/v2\/pages"}],"about":[{"href":"https:\/\/ushiplearnsubd.wpengine.com\/pe\/wp-json\/wp\/v2\/types\/page"}],"author":[{"embeddable":true,"href":"https:\/\/ushiplearnsubd.wpengine.com\/pe\/wp-json\/wp\/v2\/users\/2"}],"replies":[{"embeddable":true,"href":"https:\/\/ushiplearnsubd.wpengine.com\/pe\/wp-json\/wp\/v2\/comments?post=5282"}],"version-history":[{"count":0,"href":"https:\/\/ushiplearnsubd.wpengine.com\/pe\/wp-json\/wp\/v2\/pages\/5282\/revisions"}],"up":[{"embeddable":true,"href":"https:\/\/ushiplearnsubd.wpengine.com\/pe\/wp-json\/wp\/v2\/pages\/1323"}],"wp:attachment":[{"href":"https:\/\/ushiplearnsubd.wpengine.com\/pe\/wp-json\/wp\/v2\/media?parent=5282"}],"curies":[{"name":"wp","href":"https:\/\/api.w.org\/{rel}","templated":true}]}}