{"id":5259,"date":"2017-01-04T20:11:10","date_gmt":"2017-01-04T20:11:10","guid":{"rendered":"https:\/\/ushiplearnsubd.wpengine.com\/mx\/?page_id=5259"},"modified":"2017-01-04T20:11:10","modified_gmt":"2017-01-04T20:11:10","slug":"compartir-ubicacion","status":"publish","type":"page","link":"https:\/\/ushiplearnsubd.wpengine.com\/pe\/transportistas\/compartir-ubicacion\/","title":{"rendered":"Compartir Ubicaci\u00f3n"},"content":{"rendered":"","protected":false},"excerpt":{"rendered":"","protected":false},"author":2,"featured_media":0,"parent":4,"menu_order":0,"comment_status":"closed","ping_status":"closed","template":"tabbed-page-v2-child.php","meta":{"_acf_changed":false,"footnotes":""},"class_list":["post-5259","page","type-page","status-publish","hentry"],"acf":{"header_footer_type":false,"body_content":[{"acf_fc_layout":"intro_slide","intro_slide_id":"","intro_slide_head":"BUENAS COSAS PASAN CUANDO SE COMPARTE","intro_slide_subhead":"Al principio, compartiendo su ubicaci\u00f3n se va sentir inc\u00f3modo, pero no se preocupe. Hacemos el proceso seguro, sin problemas, y beneficioso a su negocio. uShip utiliza la funci\u00f3n de compartir su ubicaci\u00f3n para reducir comunicaci\u00f3n entre usted y sus clientes cuando esta en el camino. Esta funci\u00f3n tambien habilita otras herramientas como <a href=\"https:\/\/help.uship.com\/hc\/es-419\/categories\/200345487\">env\u00edos cercanos y Mi Conductores<\/a>.","intro_slide_cta":null,"intro_slide_slide":[{"intro_slide_slide_image":2602}]},{"acf_fc_layout":"icon_bullet_points","icon_bullet_points_id":"","icon_bullet_points_row":[{"icon_bullet_points_row_icon":"icon_statusupdate","icon_bullet_points_row_title":"ACTUALIZACIONES DE ESTADO AUTOM\u00c1TICAS","icon_bullet_points_row_text":"Sus clientes automaticamente recibir\u00e1n un correo y una notificaci\u00f3n m\u00f3vil en estas tres etapas importantes: 1) despacho, 2) recogida, y 3) entrega. Esto reduce la necesidad de llamadas y textos relacionados a su ubicaci\u00f3n para que pueda poner atenci\u00f3n en el camino."},{"icon_bullet_points_row_icon":"icon_radar","icon_bullet_points_row_title":"MANTENGA SU PRIVACIDAD","icon_bullet_points_row_text":"Las actualizaciones del estado de env\u00edo est\u00e1n dise\u00f1ados para darle a sus clientes tranquilidad, no para vigilar todos sus movimientos. Para proteger su privacidad, s\u00f3lo compartimos su proximidad en general, no su ubicaci\u00f3n exacta."},{"icon_bullet_points_row_icon":"icon_locationcontrol","icon_bullet_points_row_title":"USTED TIENE EL CONTROL","icon_bullet_points_row_text":"Sus clientes no van a poder ver su ubicaci\u00f3n hasta que usted confirma el despacho. Por supuesto, si decide no compartir su ubicaci\u00f3n hasta m\u00e1s tarde en la ruta, eso lo dejamos a usted (pero, no es recomendado).\n\n&nbsp;\n\n\u00bfTodav\u00eda tiene m\u00e1s preguntas? <a href=\"http:\/\/www.uship.com\/location-sharing\">Aprenda mas sobre compartir su ubicaci\u00f3n<\/a>."}]}],"bottom_content":[{"acf_fc_layout":"bookend","bookend_content_type":"text","bookend_intro":"\u00bfESTAS LISTO?","bookend_intro_sub":"","bookend_image":null,"bookend_cta_text":"Registrese C\u00f3mo Transportista","bookend_cta_url":"https:\/\/www.uship.com\/register\/?tid=2","bookend_cta_onclick":"","bookend_cta_open_in_new_tab":[],"bookend_previous_content":[{"bookend_previous_url":5257,"bookend_previous_text":"Pagos<br>Seguros"}],"bookend_next_content":[{"bookend_next_url":5261,"bookend_next_text":"Programa de<br>Transportistas VIP"}]},{"acf_fc_layout":"tertiary_callout","tertiary_callout_title":"\u00bfInteresado en asociarse con uShip?","tertiary_callout_link_url":"\/mx\/asociaciones","tertiary_callout_link_text":"M\u00e1s informaci\u00f3n","tertiary_callout_link_onclick":"","tertiary_callout_open_in_new_tab":[]}]},"yoast_head":"<!-- This site is optimized with the Yoast SEO plugin v22.2 - https:\/\/yoast.com\/wordpress\/plugins\/seo\/ -->\n<title>Compartir Ubicaci\u00f3n - C\u00f3mo Funciona<\/title>\n<meta name=\"robots\" content=\"index, follow, max-snippet:-1, max-image-preview:large, max-video-preview:-1\" \/>\n<link rel=\"canonical\" href=\"https:\/\/ushiplearnsubd.wpengine.com\/pe\/transportistas\/compartir-ubicacion\/\" \/>\n<meta property=\"og:locale\" content=\"es_ES\" \/>\n<meta property=\"og:type\" content=\"article\" \/>\n<meta property=\"og:title\" content=\"Compartir Ubicaci\u00f3n - C\u00f3mo Funciona\" \/>\n<meta property=\"og:url\" content=\"https:\/\/ushiplearnsubd.wpengine.com\/pe\/transportistas\/compartir-ubicacion\/\" \/>\n<meta property=\"og:site_name\" content=\"C\u00f3mo Funciona\" \/>\n<meta name=\"twitter:card\" content=\"summary_large_image\" \/>\n<script type=\"application\/ld+json\" class=\"yoast-schema-graph\">{\"@context\":\"https:\/\/schema.org\",\"@graph\":[{\"@type\":\"WebPage\",\"@id\":\"https:\/\/ushiplearnsubd.wpengine.com\/pe\/transportistas\/compartir-ubicacion\/\",\"url\":\"https:\/\/ushiplearnsubd.wpengine.com\/pe\/transportistas\/compartir-ubicacion\/\",\"name\":\"Compartir Ubicaci\u00f3n - C\u00f3mo Funciona\",\"isPartOf\":{\"@id\":\"https:\/\/ushiplearnsubd.wpengine.com\/pe\/#website\"},\"datePublished\":\"2017-01-04T20:11:10+00:00\",\"dateModified\":\"2017-01-04T20:11:10+00:00\",\"breadcrumb\":{\"@id\":\"https:\/\/ushiplearnsubd.wpengine.com\/pe\/transportistas\/compartir-ubicacion\/#breadcrumb\"},\"inLanguage\":\"es-PE\",\"potentialAction\":[{\"@type\":\"ReadAction\",\"target\":[\"https:\/\/ushiplearnsubd.wpengine.com\/pe\/transportistas\/compartir-ubicacion\/\"]}]},{\"@type\":\"BreadcrumbList\",\"@id\":\"https:\/\/ushiplearnsubd.wpengine.com\/pe\/transportistas\/compartir-ubicacion\/#breadcrumb\",\"itemListElement\":[{\"@type\":\"ListItem\",\"position\":1,\"name\":\"Home\",\"item\":\"https:\/\/ushiplearnsubd.wpengine.com\/pe\/\"},{\"@type\":\"ListItem\",\"position\":2,\"name\":\"Transportistas\",\"item\":\"https:\/\/ushiplearnsubd.wpengine.com\/pe\/transportistas\/\"},{\"@type\":\"ListItem\",\"position\":3,\"name\":\"Compartir Ubicaci\u00f3n\"}]},{\"@type\":\"WebSite\",\"@id\":\"https:\/\/ushiplearnsubd.wpengine.com\/pe\/#website\",\"url\":\"https:\/\/ushiplearnsubd.wpengine.com\/pe\/\",\"name\":\"C\u00f3mo Funciona\",\"description\":\"\",\"potentialAction\":[{\"@type\":\"SearchAction\",\"target\":{\"@type\":\"EntryPoint\",\"urlTemplate\":\"https:\/\/ushiplearnsubd.wpengine.com\/pe\/?s={search_term_string}\"},\"query-input\":\"required name=search_term_string\"}],\"inLanguage\":\"es-PE\"}]}<\/script>\n<!-- \/ Yoast SEO plugin. -->","yoast_head_json":{"title":"Compartir Ubicaci\u00f3n - C\u00f3mo Funciona","robots":{"index":"index","follow":"follow","max-snippet":"max-snippet:-1","max-image-preview":"max-image-preview:large","max-video-preview":"max-video-preview:-1"},"canonical":"https:\/\/ushiplearnsubd.wpengine.com\/pe\/transportistas\/compartir-ubicacion\/","og_locale":"es_ES","og_type":"article","og_title":"Compartir Ubicaci\u00f3n - C\u00f3mo Funciona","og_url":"https:\/\/ushiplearnsubd.wpengine.com\/pe\/transportistas\/compartir-ubicacion\/","og_site_name":"C\u00f3mo Funciona","twitter_card":"summary_large_image","schema":{"@context":"https:\/\/schema.org","@graph":[{"@type":"WebPage","@id":"https:\/\/ushiplearnsubd.wpengine.com\/pe\/transportistas\/compartir-ubicacion\/","url":"https:\/\/ushiplearnsubd.wpengine.com\/pe\/transportistas\/compartir-ubicacion\/","name":"Compartir Ubicaci\u00f3n - C\u00f3mo Funciona","isPartOf":{"@id":"https:\/\/ushiplearnsubd.wpengine.com\/pe\/#website"},"datePublished":"2017-01-04T20:11:10+00:00","dateModified":"2017-01-04T20:11:10+00:00","breadcrumb":{"@id":"https:\/\/ushiplearnsubd.wpengine.com\/pe\/transportistas\/compartir-ubicacion\/#breadcrumb"},"inLanguage":"es-PE","potentialAction":[{"@type":"ReadAction","target":["https:\/\/ushiplearnsubd.wpengine.com\/pe\/transportistas\/compartir-ubicacion\/"]}]},{"@type":"BreadcrumbList","@id":"https:\/\/ushiplearnsubd.wpengine.com\/pe\/transportistas\/compartir-ubicacion\/#breadcrumb","itemListElement":[{"@type":"ListItem","position":1,"name":"Home","item":"https:\/\/ushiplearnsubd.wpengine.com\/pe\/"},{"@type":"ListItem","position":2,"name":"Transportistas","item":"https:\/\/ushiplearnsubd.wpengine.com\/pe\/transportistas\/"},{"@type":"ListItem","position":3,"name":"Compartir Ubicaci\u00f3n"}]},{"@type":"WebSite","@id":"https:\/\/ushiplearnsubd.wpengine.com\/pe\/#website","url":"https:\/\/ushiplearnsubd.wpengine.com\/pe\/","name":"C\u00f3mo Funciona","description":"","potentialAction":[{"@type":"SearchAction","target":{"@type":"EntryPoint","urlTemplate":"https:\/\/ushiplearnsubd.wpengine.com\/pe\/?s={search_term_string}"},"query-input":"required name=search_term_string"}],"inLanguage":"es-PE"}]}},"fixed_price_tool_customer_success":{"image":false,"telephone":false,"email":false},"_links":{"self":[{"href":"https:\/\/ushiplearnsubd.wpengine.com\/pe\/wp-json\/wp\/v2\/pages\/5259","targetHints":{"allow":["GET"]}}],"collection":[{"href":"https:\/\/ushiplearnsubd.wpengine.com\/pe\/wp-json\/wp\/v2\/pages"}],"about":[{"href":"https:\/\/ushiplearnsubd.wpengine.com\/pe\/wp-json\/wp\/v2\/types\/page"}],"author":[{"embeddable":true,"href":"https:\/\/ushiplearnsubd.wpengine.com\/pe\/wp-json\/wp\/v2\/users\/2"}],"replies":[{"embeddable":true,"href":"https:\/\/ushiplearnsubd.wpengine.com\/pe\/wp-json\/wp\/v2\/comments?post=5259"}],"version-history":[{"count":0,"href":"https:\/\/ushiplearnsubd.wpengine.com\/pe\/wp-json\/wp\/v2\/pages\/5259\/revisions"}],"up":[{"embeddable":true,"href":"https:\/\/ushiplearnsubd.wpengine.com\/pe\/wp-json\/wp\/v2\/pages\/4"}],"wp:attachment":[{"href":"https:\/\/ushiplearnsubd.wpengine.com\/pe\/wp-json\/wp\/v2\/media?parent=5259"}],"curies":[{"name":"wp","href":"https:\/\/api.w.org\/{rel}","templated":true}]}}