{"id":5253,"date":"2017-01-04T20:09:06","date_gmt":"2017-01-04T20:09:06","guid":{"rendered":"https:\/\/ushiplearnsubd.wpengine.com\/mx\/?page_id=5253"},"modified":"2017-01-04T20:09:06","modified_gmt":"2017-01-04T20:09:06","slug":"comenzando","status":"publish","type":"page","link":"https:\/\/ushiplearnsubd.wpengine.com\/pe\/transportistas\/comenzando\/","title":{"rendered":"Comenzando"},"content":{"rendered":"","protected":false},"excerpt":{"rendered":"","protected":false},"author":2,"featured_media":0,"parent":4,"menu_order":0,"comment_status":"closed","ping_status":"closed","template":"tabbed-page-v2-child.php","meta":{"_acf_changed":false,"footnotes":""},"class_list":["post-5253","page","type-page","status-publish","hentry"],"acf":{"header_footer_type":false,"body_content":[{"acf_fc_layout":"intro_slide","intro_slide_id":"","intro_slide_head":"ESTAMOS CONTENTOS QUE ESTAS AQUI","intro_slide_subhead":"uShip es un mercado de transporte que le ayuda a generar nuevo y recurrente negocio mediante el hecho de ofertas competidoras o aceptando ofertas en los env\u00edos de clientes. Con un nuevo env\u00edo anunciado cada 30 segundos en uShip, hay muchas oportunidades si usted env\u00eda veh\u00edculos, muebles, equipos de carga, motos, y mucho m\u00e1s.\n\n&nbsp;\n\nEs gratis para registrarse y <a href=\"https:\/\/help.uship.com\/hc\/es-419\/articles\/205778818\">empezar<\/a> en uShip. Te ofrecemos toda la herramienta que necesitas para <a href=\" https:\/\/help.uship.com\/hc\/es-419\/articles\/206495527\">crear tu perfil<\/a>, <a href=\"http:\/\/www.uship.com\/find\">buscar env\u00edos<\/a>, hacer preguntas, <a href=\"https:\/\/help.uship.com\/hc\/es-419\/articles\/206495947\">poner ofertas<\/a>, y ganar m\u00e1s negocio. Con uShip, <a href=\"https:\/\/help.uship.com\/hc\/es-419\/articles\/206462817\">usted le pagan<\/a> cuando hace la entrega, y somos transparentes con nuestros <a href=\"https:\/\/help.uship.com\/hc\/es-419\/articles\/206462827\">honorarios<\/a>.\n\n&nbsp;\n\nTransportistas de todo tipo dependen en uShip para llenar sus camiones vacios.","intro_slide_cta":null,"intro_slide_slide":[{"intro_slide_slide_image":1054},{"intro_slide_slide_image":1055},{"intro_slide_slide_image":1056}]},{"acf_fc_layout":"strip_data_callout","strip_data_callout_id":"","strip_data_callout_content":[{"strip_data_callout_block_value":"3,5","strip_data_callout_block_caption":"Millones de Clientes"},{"strip_data_callout_block_value":"788.000","strip_data_callout_block_caption":"Transportistas"},{"strip_data_callout_block_value":"5,7","strip_data_callout_block_caption":"Millones de Anuncios"}]},{"acf_fc_layout":"icon_bullet_points","icon_bullet_points_id":"","icon_bullet_points_row":[{"icon_bullet_points_row_icon":"icon_profile","icon_bullet_points_row_title":"PERFECTE SU PERFIL","icon_bullet_points_row_text":"La forma en que usted se presenta es importante como un transportista de uShip. Su perfil es su propio anuncio personal. <a href=\"https:\/\/help.uship.com\/hc\/es-419\/articles\/206495527\">\u00a1Promocionese usted mismo!<\/a> Elige una foto amable y claro para usar. Sea cuidadoso acerca de su experiencia y filosof\u00eda. Incluye cualquier cosa que muestra que usted es confiable, h\u00e1bil, y una buena persona. Aumente su credibilidad al mostrar que usted es SaferWatch verificado y tiene autoridad apropiada y seguro."},{"icon_bullet_points_row_icon":"icon_check","icon_bullet_points_row_title":"ESTABLEZCA EXPECTATIVAS","icon_bullet_points_row_text":"Un buen perfil le ayuda obtener clientes. Comunicaci\u00f3n buena le ayuda a mantenerlos (y la clave es obtener rese\u00f1as positivas). Deje saber a sus clientes exactamente qu\u00e9 deben de esperar, desde su linea de tiempo hasta los dep\u00f3sitos, y responda a las preguntas con rapidez."},{"icon_bullet_points_row_icon":"icon_phone","icon_bullet_points_row_title":"NUESTRO APP M\u00d3VIL ES SU MEJOR AMIGO","icon_bullet_points_row_text":"Sabes que cuando estas en el camino, su calendario puede cambiar r\u00e1pidamente. Nuestro aplicaci\u00f3n asegura que se quede m\u00f3vil y puede ofertar en env\u00edos nuevos, gestionar los que ya tiene, en cualquier lugar."},{"icon_bullet_points_row_icon":"icon_location","icon_bullet_points_row_title":"COMPARTA SU LOCALIDAD","icon_bullet_points_row_text":"No, nunca queremos espiarlo a usted. Sabiendo su localidad nos ayuda a mandarle oportunidades nuevas. Tambien funciona como una notificaci\u00f3n de su estado para reducir llamadas, textos, y correos electr\u00f3nicos de clientes queriendo saber donde esta."},{"icon_bullet_points_row_icon":"icon_circlestar","icon_bullet_points_row_title":"ENCUENTRE TRABAJOS BUENOS SIN ESFUERZO","icon_bullet_points_row_text":"Evite el desorden y deje que los env\u00edos lo encuentren a usted. Configure sus <a href=\"https:\/\/help.uship.com\/hc\/es-419\/articles\/206495377\">Alertas de Env\u00edo<\/a> para recibir notificaciones al instante cuando trabajos preferidos estan anunciados. "}]}],"bottom_content":[{"acf_fc_layout":"bookend","bookend_content_type":"text","bookend_intro":"\u00bfESTAS LISTO?","bookend_intro_sub":"","bookend_image":null,"bookend_cta_text":"Registrese C\u00f3mo Transportista","bookend_cta_url":"https:\/\/www.uship.com\/register\/?tid=2","bookend_cta_onclick":"","bookend_cta_open_in_new_tab":[],"bookend_previous_content":[{"bookend_previous_url":5261,"bookend_previous_text":"Programa de<br>Transportistas VIP"}],"bookend_next_content":[{"bookend_next_url":5255,"bookend_next_text":"Herramientas de<br>Transportista"}]},{"acf_fc_layout":"tertiary_callout","tertiary_callout_title":"\u00bfInteresado en asociarse con uShip?","tertiary_callout_link_url":"\/mx\/asociaciones","tertiary_callout_link_text":"M\u00e1s informaci\u00f3n","tertiary_callout_link_onclick":"","tertiary_callout_open_in_new_tab":[]}]},"yoast_head":"<!-- This site is optimized with the Yoast SEO plugin v22.2 - https:\/\/yoast.com\/wordpress\/plugins\/seo\/ -->\n<title>Comenzando - C\u00f3mo Funciona<\/title>\n<meta name=\"robots\" content=\"index, follow, max-snippet:-1, max-image-preview:large, max-video-preview:-1\" \/>\n<link rel=\"canonical\" href=\"https:\/\/ushiplearnsubd.wpengine.com\/pe\/transportistas\/comenzando\/\" \/>\n<meta property=\"og:locale\" content=\"es_ES\" \/>\n<meta property=\"og:type\" content=\"article\" \/>\n<meta property=\"og:title\" content=\"Comenzando - C\u00f3mo Funciona\" \/>\n<meta property=\"og:url\" content=\"https:\/\/ushiplearnsubd.wpengine.com\/pe\/transportistas\/comenzando\/\" \/>\n<meta property=\"og:site_name\" content=\"C\u00f3mo Funciona\" \/>\n<meta name=\"twitter:card\" content=\"summary_large_image\" \/>\n<script type=\"application\/ld+json\" class=\"yoast-schema-graph\">{\"@context\":\"https:\/\/schema.org\",\"@graph\":[{\"@type\":\"WebPage\",\"@id\":\"https:\/\/ushiplearnsubd.wpengine.com\/pe\/transportistas\/comenzando\/\",\"url\":\"https:\/\/ushiplearnsubd.wpengine.com\/pe\/transportistas\/comenzando\/\",\"name\":\"Comenzando - C\u00f3mo Funciona\",\"isPartOf\":{\"@id\":\"https:\/\/ushiplearnsubd.wpengine.com\/pe\/#website\"},\"datePublished\":\"2017-01-04T20:09:06+00:00\",\"dateModified\":\"2017-01-04T20:09:06+00:00\",\"breadcrumb\":{\"@id\":\"https:\/\/ushiplearnsubd.wpengine.com\/pe\/transportistas\/comenzando\/#breadcrumb\"},\"inLanguage\":\"es-PE\",\"potentialAction\":[{\"@type\":\"ReadAction\",\"target\":[\"https:\/\/ushiplearnsubd.wpengine.com\/pe\/transportistas\/comenzando\/\"]}]},{\"@type\":\"BreadcrumbList\",\"@id\":\"https:\/\/ushiplearnsubd.wpengine.com\/pe\/transportistas\/comenzando\/#breadcrumb\",\"itemListElement\":[{\"@type\":\"ListItem\",\"position\":1,\"name\":\"Home\",\"item\":\"https:\/\/ushiplearnsubd.wpengine.com\/pe\/\"},{\"@type\":\"ListItem\",\"position\":2,\"name\":\"Transportistas\",\"item\":\"https:\/\/ushiplearnsubd.wpengine.com\/pe\/transportistas\/\"},{\"@type\":\"ListItem\",\"position\":3,\"name\":\"Comenzando\"}]},{\"@type\":\"WebSite\",\"@id\":\"https:\/\/ushiplearnsubd.wpengine.com\/pe\/#website\",\"url\":\"https:\/\/ushiplearnsubd.wpengine.com\/pe\/\",\"name\":\"C\u00f3mo Funciona\",\"description\":\"\",\"potentialAction\":[{\"@type\":\"SearchAction\",\"target\":{\"@type\":\"EntryPoint\",\"urlTemplate\":\"https:\/\/ushiplearnsubd.wpengine.com\/pe\/?s={search_term_string}\"},\"query-input\":\"required name=search_term_string\"}],\"inLanguage\":\"es-PE\"}]}<\/script>\n<!-- \/ Yoast SEO plugin. -->","yoast_head_json":{"title":"Comenzando - C\u00f3mo Funciona","robots":{"index":"index","follow":"follow","max-snippet":"max-snippet:-1","max-image-preview":"max-image-preview:large","max-video-preview":"max-video-preview:-1"},"canonical":"https:\/\/ushiplearnsubd.wpengine.com\/pe\/transportistas\/comenzando\/","og_locale":"es_ES","og_type":"article","og_title":"Comenzando - C\u00f3mo Funciona","og_url":"https:\/\/ushiplearnsubd.wpengine.com\/pe\/transportistas\/comenzando\/","og_site_name":"C\u00f3mo Funciona","twitter_card":"summary_large_image","schema":{"@context":"https:\/\/schema.org","@graph":[{"@type":"WebPage","@id":"https:\/\/ushiplearnsubd.wpengine.com\/pe\/transportistas\/comenzando\/","url":"https:\/\/ushiplearnsubd.wpengine.com\/pe\/transportistas\/comenzando\/","name":"Comenzando - C\u00f3mo Funciona","isPartOf":{"@id":"https:\/\/ushiplearnsubd.wpengine.com\/pe\/#website"},"datePublished":"2017-01-04T20:09:06+00:00","dateModified":"2017-01-04T20:09:06+00:00","breadcrumb":{"@id":"https:\/\/ushiplearnsubd.wpengine.com\/pe\/transportistas\/comenzando\/#breadcrumb"},"inLanguage":"es-PE","potentialAction":[{"@type":"ReadAction","target":["https:\/\/ushiplearnsubd.wpengine.com\/pe\/transportistas\/comenzando\/"]}]},{"@type":"BreadcrumbList","@id":"https:\/\/ushiplearnsubd.wpengine.com\/pe\/transportistas\/comenzando\/#breadcrumb","itemListElement":[{"@type":"ListItem","position":1,"name":"Home","item":"https:\/\/ushiplearnsubd.wpengine.com\/pe\/"},{"@type":"ListItem","position":2,"name":"Transportistas","item":"https:\/\/ushiplearnsubd.wpengine.com\/pe\/transportistas\/"},{"@type":"ListItem","position":3,"name":"Comenzando"}]},{"@type":"WebSite","@id":"https:\/\/ushiplearnsubd.wpengine.com\/pe\/#website","url":"https:\/\/ushiplearnsubd.wpengine.com\/pe\/","name":"C\u00f3mo Funciona","description":"","potentialAction":[{"@type":"SearchAction","target":{"@type":"EntryPoint","urlTemplate":"https:\/\/ushiplearnsubd.wpengine.com\/pe\/?s={search_term_string}"},"query-input":"required name=search_term_string"}],"inLanguage":"es-PE"}]}},"fixed_price_tool_customer_success":{"image":false,"telephone":false,"email":false},"_links":{"self":[{"href":"https:\/\/ushiplearnsubd.wpengine.com\/pe\/wp-json\/wp\/v2\/pages\/5253","targetHints":{"allow":["GET"]}}],"collection":[{"href":"https:\/\/ushiplearnsubd.wpengine.com\/pe\/wp-json\/wp\/v2\/pages"}],"about":[{"href":"https:\/\/ushiplearnsubd.wpengine.com\/pe\/wp-json\/wp\/v2\/types\/page"}],"author":[{"embeddable":true,"href":"https:\/\/ushiplearnsubd.wpengine.com\/pe\/wp-json\/wp\/v2\/users\/2"}],"replies":[{"embeddable":true,"href":"https:\/\/ushiplearnsubd.wpengine.com\/pe\/wp-json\/wp\/v2\/comments?post=5253"}],"version-history":[{"count":0,"href":"https:\/\/ushiplearnsubd.wpengine.com\/pe\/wp-json\/wp\/v2\/pages\/5253\/revisions"}],"up":[{"embeddable":true,"href":"https:\/\/ushiplearnsubd.wpengine.com\/pe\/wp-json\/wp\/v2\/pages\/4"}],"wp:attachment":[{"href":"https:\/\/ushiplearnsubd.wpengine.com\/pe\/wp-json\/wp\/v2\/media?parent=5253"}],"curies":[{"name":"wp","href":"https:\/\/api.w.org\/{rel}","templated":true}]}}