{"id":5250,"date":"2017-01-04T20:03:33","date_gmt":"2017-01-04T20:03:33","guid":{"rendered":"https:\/\/ushiplearnsubd.wpengine.com\/mx\/?page_id=5250"},"modified":"2017-01-04T21:29:09","modified_gmt":"2017-01-04T21:29:09","slug":"garantia-uship","status":"publish","type":"page","link":"https:\/\/ushiplearnsubd.wpengine.com\/mx\/clientes\/garantia-uship\/","title":{"rendered":"Garantia uShip"},"content":{"rendered":"","protected":false},"excerpt":{"rendered":"","protected":false},"author":2,"featured_media":0,"parent":5,"menu_order":0,"comment_status":"closed","ping_status":"closed","template":"tabbed-page-v2-child.php","meta":{"_acf_changed":false,"footnotes":""},"class_list":["post-5250","page","type-page","status-publish","hentry"],"acf":{"header_footer_type":false,"body_content":[{"acf_fc_layout":"intro_slide","intro_slide_id":"","intro_slide_head":"LE AYUDAMOS A TRANSPORTAR CON CONFIANZA","intro_slide_subhead":"Ofrecemos las herramientas y el apoyo durante todo el proceso de env\u00edo para darle tranquilidad, sea usted un cliente env\u00edando por primera vez o un veterano de la log\u00edstica.","intro_slide_cta":null,"intro_slide_slide":[{"intro_slide_slide_image":5223}]},{"acf_fc_layout":"slanted_map","slanted_map_id":"","slanted_map_bg_color":"mapBackgroundGrey","slanted_map_bg_position":"mapBackgroundLeft","slanted_map_map_feature":"none","slanted_map_video_poster_image":null,"slanted_map_youtube_id":"","slanted_map_image":5070,"slanted_map_image_vertical_alignment":"alignmentMiddle","slanted_map_image_horizontal_alignment":"alignmentLeft","slanted_map_copy_intro":"GARANT\u00cdA DE TRANSPORTE CON CONFIANZA","slanted_map_copy_block_text":"<h6>ESTAMOS AQUI PARA USTED \u2014 POR SI ACASO<\/h6>\r\n&nbsp;\r\nEn cuanto usted reserve y env\u00ede a trav\u00e9s de uShip, puede estar seguro de que est\u00e1 apoyado por nuestra Garant\u00eda de 'Transporte con Confianza' que recompensa hasta $500 USD en el caso raro de p\u00e9rdidas. Con esta garant\u00eda, estamos demonstrando la seriedad de nuestro apoyo. Sabemos que tan importante es su env\u00edo para usted. Es tan simple. Nuestro equipo tambi\u00e9n puede mediar en preguntas no relacionadas con reclamaciones de p\u00e9rdidas, desde el tiempo de su entrega a comunicaci\u00f3n con transportistas, y problemas de pago.\r\n\r\n&nbsp;\r\nVea m\u00e1s detalles en uShip's <a href=\"https:\/\/help.uship.com\/hc\/es-419\/articles\/207061137\">Garantia de 'Transporte con Confianza'<\/a>.\r\n\r\n&nbsp;\r\n<span style=\"display: block; color: #999999; line-height: 20px; font-size: 14px;\">* La Garant\u00eda de 'Transporte con Confianza' de uShip solo cubre los art\u00edculos que se estan enviando y usted debe de seguir la <a href=\"https:\/\/help.uship.com\/hc\/es-419\/articles\/222804547\">Gu\u00eda de Env\u00edar Seguramente de uShip<\/a> para ser elegible. Cubrimiento de da\u00f1os es disponible en los EE.UU. solamente.<\/span>","slanted_map_copy_cta":null,"slanted_map_trustpilot_widget":false}],"bottom_content":[{"acf_fc_layout":"bookend","bookend_content_type":"text","bookend_intro":"AHORA ESTOY LISTO","bookend_intro_sub":"","bookend_image":null,"bookend_cta_text":"Anunciar Mi Env\u00edo","bookend_cta_url":"https:\/\/www.uship.com\/ship","bookend_cta_onclick":"","bookend_cta_open_in_new_tab":[],"bookend_previous_content":[{"bookend_previous_url":5248,"bookend_previous_text":"Pagos<br>Seguros"}],"bookend_next_content":[{"bookend_next_url":5240,"bookend_next_text":"Comenzando"}]},{"acf_fc_layout":"tertiary_callout","tertiary_callout_title":"\u00bfInteresado en usar a uShip para su empresa?","tertiary_callout_link_url":"\/mx\/transporte-comercial\/","tertiary_callout_link_text":"Saber M\u00e1s","tertiary_callout_link_onclick":"","tertiary_callout_open_in_new_tab":[]}]},"yoast_head":"<!-- This site is optimized with the Yoast SEO plugin v22.2 - https:\/\/yoast.com\/wordpress\/plugins\/seo\/ -->\n<title>Garantia uShip - C\u00f3mo Funciona<\/title>\n<meta name=\"robots\" content=\"index, follow, max-snippet:-1, max-image-preview:large, max-video-preview:-1\" \/>\n<link rel=\"canonical\" href=\"https:\/\/ushiplearnsubd.wpengine.com\/mx\/clientes\/garantia-uship\/\" \/>\n<meta property=\"og:locale\" content=\"es_MX\" \/>\n<meta property=\"og:type\" content=\"article\" \/>\n<meta property=\"og:title\" content=\"Garantia uShip - C\u00f3mo Funciona\" \/>\n<meta property=\"og:url\" content=\"https:\/\/ushiplearnsubd.wpengine.com\/mx\/clientes\/garantia-uship\/\" \/>\n<meta property=\"og:site_name\" content=\"C\u00f3mo Funciona\" \/>\n<meta property=\"article:modified_time\" content=\"2017-01-04T21:29:09+00:00\" \/>\n<meta name=\"twitter:card\" content=\"summary_large_image\" \/>\n<script type=\"application\/ld+json\" class=\"yoast-schema-graph\">{\"@context\":\"https:\/\/schema.org\",\"@graph\":[{\"@type\":\"WebPage\",\"@id\":\"https:\/\/ushiplearnsubd.wpengine.com\/mx\/clientes\/garantia-uship\/\",\"url\":\"https:\/\/ushiplearnsubd.wpengine.com\/mx\/clientes\/garantia-uship\/\",\"name\":\"Garantia uShip - C\u00f3mo Funciona\",\"isPartOf\":{\"@id\":\"https:\/\/ushiplearnsubd.wpengine.com\/mx\/#website\"},\"datePublished\":\"2017-01-04T20:03:33+00:00\",\"dateModified\":\"2017-01-04T21:29:09+00:00\",\"breadcrumb\":{\"@id\":\"https:\/\/ushiplearnsubd.wpengine.com\/mx\/clientes\/garantia-uship\/#breadcrumb\"},\"inLanguage\":\"es-MX\",\"potentialAction\":[{\"@type\":\"ReadAction\",\"target\":[\"https:\/\/ushiplearnsubd.wpengine.com\/mx\/clientes\/garantia-uship\/\"]}]},{\"@type\":\"BreadcrumbList\",\"@id\":\"https:\/\/ushiplearnsubd.wpengine.com\/mx\/clientes\/garantia-uship\/#breadcrumb\",\"itemListElement\":[{\"@type\":\"ListItem\",\"position\":1,\"name\":\"Home\",\"item\":\"https:\/\/ushiplearnsubd.wpengine.com\/mx\/\"},{\"@type\":\"ListItem\",\"position\":2,\"name\":\"Clientes\",\"item\":\"https:\/\/ushiplearnsubd.wpengine.com\/mx\/clientes\/\"},{\"@type\":\"ListItem\",\"position\":3,\"name\":\"Garantia uShip\"}]},{\"@type\":\"WebSite\",\"@id\":\"https:\/\/ushiplearnsubd.wpengine.com\/mx\/#website\",\"url\":\"https:\/\/ushiplearnsubd.wpengine.com\/mx\/\",\"name\":\"C\u00f3mo Funciona\",\"description\":\"\",\"potentialAction\":[{\"@type\":\"SearchAction\",\"target\":{\"@type\":\"EntryPoint\",\"urlTemplate\":\"https:\/\/ushiplearnsubd.wpengine.com\/mx\/?s={search_term_string}\"},\"query-input\":\"required name=search_term_string\"}],\"inLanguage\":\"es-MX\"}]}<\/script>\n<!-- \/ Yoast SEO plugin. -->","yoast_head_json":{"title":"Garantia uShip - C\u00f3mo Funciona","robots":{"index":"index","follow":"follow","max-snippet":"max-snippet:-1","max-image-preview":"max-image-preview:large","max-video-preview":"max-video-preview:-1"},"canonical":"https:\/\/ushiplearnsubd.wpengine.com\/mx\/clientes\/garantia-uship\/","og_locale":"es_MX","og_type":"article","og_title":"Garantia uShip - C\u00f3mo Funciona","og_url":"https:\/\/ushiplearnsubd.wpengine.com\/mx\/clientes\/garantia-uship\/","og_site_name":"C\u00f3mo Funciona","article_modified_time":"2017-01-04T21:29:09+00:00","twitter_card":"summary_large_image","schema":{"@context":"https:\/\/schema.org","@graph":[{"@type":"WebPage","@id":"https:\/\/ushiplearnsubd.wpengine.com\/mx\/clientes\/garantia-uship\/","url":"https:\/\/ushiplearnsubd.wpengine.com\/mx\/clientes\/garantia-uship\/","name":"Garantia uShip - C\u00f3mo Funciona","isPartOf":{"@id":"https:\/\/ushiplearnsubd.wpengine.com\/mx\/#website"},"datePublished":"2017-01-04T20:03:33+00:00","dateModified":"2017-01-04T21:29:09+00:00","breadcrumb":{"@id":"https:\/\/ushiplearnsubd.wpengine.com\/mx\/clientes\/garantia-uship\/#breadcrumb"},"inLanguage":"es-MX","potentialAction":[{"@type":"ReadAction","target":["https:\/\/ushiplearnsubd.wpengine.com\/mx\/clientes\/garantia-uship\/"]}]},{"@type":"BreadcrumbList","@id":"https:\/\/ushiplearnsubd.wpengine.com\/mx\/clientes\/garantia-uship\/#breadcrumb","itemListElement":[{"@type":"ListItem","position":1,"name":"Home","item":"https:\/\/ushiplearnsubd.wpengine.com\/mx\/"},{"@type":"ListItem","position":2,"name":"Clientes","item":"https:\/\/ushiplearnsubd.wpengine.com\/mx\/clientes\/"},{"@type":"ListItem","position":3,"name":"Garantia uShip"}]},{"@type":"WebSite","@id":"https:\/\/ushiplearnsubd.wpengine.com\/mx\/#website","url":"https:\/\/ushiplearnsubd.wpengine.com\/mx\/","name":"C\u00f3mo Funciona","description":"","potentialAction":[{"@type":"SearchAction","target":{"@type":"EntryPoint","urlTemplate":"https:\/\/ushiplearnsubd.wpengine.com\/mx\/?s={search_term_string}"},"query-input":"required name=search_term_string"}],"inLanguage":"es-MX"}]}},"fixed_price_tool_customer_success":{"image":false,"telephone":false,"email":false},"_links":{"self":[{"href":"https:\/\/ushiplearnsubd.wpengine.com\/mx\/wp-json\/wp\/v2\/pages\/5250","targetHints":{"allow":["GET"]}}],"collection":[{"href":"https:\/\/ushiplearnsubd.wpengine.com\/mx\/wp-json\/wp\/v2\/pages"}],"about":[{"href":"https:\/\/ushiplearnsubd.wpengine.com\/mx\/wp-json\/wp\/v2\/types\/page"}],"author":[{"embeddable":true,"href":"https:\/\/ushiplearnsubd.wpengine.com\/mx\/wp-json\/wp\/v2\/users\/2"}],"replies":[{"embeddable":true,"href":"https:\/\/ushiplearnsubd.wpengine.com\/mx\/wp-json\/wp\/v2\/comments?post=5250"}],"version-history":[{"count":0,"href":"https:\/\/ushiplearnsubd.wpengine.com\/mx\/wp-json\/wp\/v2\/pages\/5250\/revisions"}],"up":[{"embeddable":true,"href":"https:\/\/ushiplearnsubd.wpengine.com\/mx\/wp-json\/wp\/v2\/pages\/5"}],"wp:attachment":[{"href":"https:\/\/ushiplearnsubd.wpengine.com\/mx\/wp-json\/wp\/v2\/media?parent=5250"}],"curies":[{"name":"wp","href":"https:\/\/api.w.org\/{rel}","templated":true}]}}