{"id":3096,"date":"2016-06-16T15:03:52","date_gmt":"2016-06-16T15:03:52","guid":{"rendered":"https:\/\/ushiplearnsubd.wpengine.com\/mx\/?page_id=3096"},"modified":"2019-06-04T20:08:57","modified_gmt":"2019-06-04T20:08:57","slug":"corredores","status":"publish","type":"page","link":"https:\/\/ushiplearnsubd.wpengine.com\/mx\/corredores\/","title":{"rendered":"Corredores"},"content":{"rendered":"","protected":false},"excerpt":{"rendered":"","protected":false},"author":2,"featured_media":0,"parent":0,"menu_order":0,"comment_status":"closed","ping_status":"closed","template":"","meta":{"_acf_changed":false,"footnotes":""},"class_list":["post-3096","page","type-page","status-publish","hentry"],"acf":{"header_footer_type":"full","top_content":[{"acf_fc_layout":"hero","hero_size":"heroLarge","hero_image":3097,"hero_headline":"CORREDORES GANAN M\u00c1S DINERO CON USHIP","hero_subheadline":"Gane negocio nuevo, cubra m\u00e1s cargas, y mantenga todo el proceso en l\u00ednea","hero_cta":[{"hero_cta_url":"https:\/\/www.uship.com\/register\/?tid=5","hero_cta_text":"Comenzar","hero_cta_onclick":"","hero_cta_open_in_new_tab":""}],"hero_cta_secondary":null,"hero_video_modal_primary":null,"hero_form_modal_primary":null,"hero_video_modal_secondary":null,"hero_form_modal_secondary":null,"hero_tertiary_callout":[{"hero_tertiary_callout_title":"\u00bfEstas buscando una opci\u00f3n de corredor m\u00e1s avanzada?","hero_tertiary_callout_url":"http:\/\/www.uship.com\/pro\/","hero_tertiary_callout_link_text":"Saber M\u00e1s","hero_tertiary_callout_url_onclick":""}],"hero_cobranded_strip":null,"include_hubspot_form":"","hero_form_header":"","hero_hubspot_embed":""}],"body_content":[{"acf_fc_layout":"intro_slide","intro_slide_id":"","intro_slide_head":"BIENVIENDO AL FUTURO DE LA LOG\u00cdSTICA","intro_slide_subhead":"Ya sea que est\u00e9 aqu\u00ed para expandir su alcance a nuevos clientes, o para explorar una cobertura de carga mejor, has venido al lugar correcto. Nuestro mercado expansivo le da acceso a todo tipo de mercanc\u00eda de clientes en todo el mundo. Nuestra amplia red de transportistas significa una respuesta m\u00e1s r\u00e1pida para que pueda centrarse en lo importante \u2014 construyendo su negocio.\r\n","intro_slide_cta":null,"intro_slide_slide":[{"intro_slide_slide_image":3599}]},{"acf_fc_layout":"icon_bullet_points","icon_bullet_points_id":"","icon_bullet_points_row":[{"icon_bullet_points_row_icon":"icon_truck2","icon_bullet_points_row_title":"GANE NUEVOS NEGOCIOS","icon_bullet_points_row_text":"Obtenga acceso instante a m\u00e1s de 150.000 transportistas comerciales y cargas exclusivas que no puede encontrar en ning\u00fan otro lugar en l\u00ednea."},{"icon_bullet_points_row_icon":"icon_compass","icon_bullet_points_row_title":"SEA EXCLUSIVO","icon_bullet_points_row_text":"Ya sea que usted especializa en automov\u00edles, maquinarias pesadas, FTL, o cargas de LTL \u2014 nuestra variedad grande de anuncios le permite buscar exactamente lo que necesita."},{"icon_bullet_points_row_icon":"icon_truckload","icon_bullet_points_row_title":"CUBRE M\u00c1S CARGAS","icon_bullet_points_row_text":"Publique env\u00edos y cubra m\u00e1s cargas en la red m\u00e1s grande de transportistas en el mundo."},{"icon_bullet_points_row_icon":"icon_phone","icon_bullet_points_row_title":"LLEVE USHIP CON USTED","icon_bullet_points_row_text":"Este al tanto de su actividad de uShip con notificaciones de nuestro aplicaci\u00f3n m\u00f3vil para Android y iOS."},{"icon_bullet_points_row_icon":"icon_pricetag","icon_bullet_points_row_title":"GESTIONE ANUNCIOS EN L\u00cdNEA","icon_bullet_points_row_text":"Comun\u00edquese con los clientes y los transportistas directamente en l\u00ednea. Es f\u00e1cil reservar anuncios con precios fijos o negociar a trav\u00e9s de ofertas abiertas. Siga las actualizaciones de estado y define las condiciones de pago y los asentamientos en un solo lugar."},{"icon_bullet_points_row_icon":"icon_desktop","icon_bullet_points_row_title":"INTEGRE SU TMS","icon_bullet_points_row_text":"Crea un met\u00f3do m\u00e1s eficiente para mantener sus env\u00edos con la integraci\u00f3n f\u00e1cil de nuestro Sistema de Gerencia de Transporte."}]},{"acf_fc_layout":"video","video_id":"","video_intro":"UTILIZANDO EL INTERCAMBIO COMERCIAL DE USHIP","video_intro_sub":"","video_poster":3598,"youtube_id":"gguxLvfYZmU","video_cta":null},{"acf_fc_layout":"testimonials","testimonials_id":"","testimonials_background_color":"sectionWhite","testimonials_intro":"","testimonials_intro_sub":"","testimonials_content":[{"testimonials_image":"","testimonials_text":"\"Trabajando con uShip ha sido una gran experiencia para nosotros! Nos gusta trabajar con los pagos de uShip ya que simplifica el aspecto de procesamiento de pagos de negocio para nosotros. uShip es una gran compa\u00f1\u00eda y genera muchas conexiones y proporciona informaci\u00f3n confiable a todos los clientes!\"","testimonials_tertiary_callout":null},{"testimonials_image":"","testimonials_text":"\"uShip es una tremenda plataforma y una fuente inmediata para obtener clientes. La gran mayor\u00eda de las compa\u00f1\u00edas que operan hoy en d\u00eda ya est\u00e1n acostumbradas a los pagos de uShip y utilizar las cargas de uShip. Puede encontrar env\u00edos basados en rutas, veh\u00edculos, periodo de tiempo, etc.. Hemos construido una compa\u00f1\u00eda m\u00e1s grande que la mayor\u00eda de las casas de corredur\u00edas con uShip como la fundaci\u00f3n.\"","testimonials_tertiary_callout":null}]}],"bottom_content":[{"acf_fc_layout":"bookend","bookend_content_type":"text","bookend_intro":"GANA NEGOCIOS NUEVOS, CUBRE M\u00c1S CARGAS, Y MANTENGA EL PROCESO ENTERO EN L\u00cdNEA","bookend_intro_sub":"","bookend_image":null,"bookend_cta_text":"Comenzar","bookend_cta_url":"https:\/\/www.uship.com\/register\/?tid=5","bookend_cta_onclick":"","bookend_cta_open_in_new_tab":"","bookend_previous_content":null,"bookend_next_content":null},{"acf_fc_layout":"tertiary_callout","tertiary_callout_title":"\u00bfInteresados \u200b\u200ben la integraci\u00f3n de Sistema de Gerencia de Transporte? \u00bfQuiere crear su propio mercado de env\u00edo privado? <br>uShip PRO puede ser su soluci\u00f3n.","tertiary_callout_link_url":"http:\/\/www.uship.com\/pro\/","tertiary_callout_link_text":"Saber M\u00e1s","tertiary_callout_link_onclick":"","tertiary_callout_open_in_new_tab":""}]},"yoast_head":"<!-- This site is optimized with the Yoast SEO plugin v22.2 - https:\/\/yoast.com\/wordpress\/plugins\/seo\/ -->\n<title>C\u00f3mo Funciona - Corredores<\/title>\n<meta name=\"description\" content=\"uShip simplifica la log\u00edstica para los corredores de carga al ofrecer oportunidades para nuevos env\u00edos y la capacidad de cubrir m\u00e1s cargas mientras se administra todo el proceso en l\u00ednea. Comience a encontrar env\u00edos y transportistas hoy en M\u00e9xico.\" \/>\n<meta name=\"robots\" content=\"index, follow, max-snippet:-1, max-image-preview:large, max-video-preview:-1\" \/>\n<link rel=\"canonical\" href=\"https:\/\/ushiplearnsubd.wpengine.com\/mx\/corredores\/\" \/>\n<meta property=\"og:locale\" content=\"es_MX\" \/>\n<meta property=\"og:type\" content=\"article\" \/>\n<meta property=\"og:title\" content=\"C\u00f3mo Funciona - Corredores\" \/>\n<meta property=\"og:description\" content=\"uShip simplifica la log\u00edstica para los corredores de carga al ofrecer oportunidades para nuevos env\u00edos y la capacidad de cubrir m\u00e1s cargas mientras se administra todo el proceso en l\u00ednea. Comience a encontrar env\u00edos y transportistas hoy en M\u00e9xico.\" \/>\n<meta property=\"og:url\" content=\"https:\/\/ushiplearnsubd.wpengine.com\/mx\/corredores\/\" \/>\n<meta property=\"og:site_name\" content=\"C\u00f3mo Funciona\" \/>\n<meta property=\"article:modified_time\" content=\"2019-06-04T20:08:57+00:00\" \/>\n<meta name=\"twitter:card\" content=\"summary_large_image\" \/>\n<script type=\"application\/ld+json\" class=\"yoast-schema-graph\">{\"@context\":\"https:\/\/schema.org\",\"@graph\":[{\"@type\":\"WebPage\",\"@id\":\"https:\/\/ushiplearnsubd.wpengine.com\/mx\/corredores\/\",\"url\":\"https:\/\/ushiplearnsubd.wpengine.com\/mx\/corredores\/\",\"name\":\"C\u00f3mo Funciona - Corredores\",\"isPartOf\":{\"@id\":\"https:\/\/ushiplearnsubd.wpengine.com\/mx\/#website\"},\"datePublished\":\"2016-06-16T15:03:52+00:00\",\"dateModified\":\"2019-06-04T20:08:57+00:00\",\"description\":\"uShip simplifica la log\u00edstica para los corredores de carga al ofrecer oportunidades para nuevos env\u00edos y la capacidad de cubrir m\u00e1s cargas mientras se administra todo el proceso en l\u00ednea. Comience a encontrar env\u00edos y transportistas hoy en M\u00e9xico.\",\"breadcrumb\":{\"@id\":\"https:\/\/ushiplearnsubd.wpengine.com\/mx\/corredores\/#breadcrumb\"},\"inLanguage\":\"es-MX\",\"potentialAction\":[{\"@type\":\"ReadAction\",\"target\":[\"https:\/\/ushiplearnsubd.wpengine.com\/mx\/corredores\/\"]}]},{\"@type\":\"BreadcrumbList\",\"@id\":\"https:\/\/ushiplearnsubd.wpengine.com\/mx\/corredores\/#breadcrumb\",\"itemListElement\":[{\"@type\":\"ListItem\",\"position\":1,\"name\":\"Home\",\"item\":\"https:\/\/ushiplearnsubd.wpengine.com\/mx\/\"},{\"@type\":\"ListItem\",\"position\":2,\"name\":\"Corredores\"}]},{\"@type\":\"WebSite\",\"@id\":\"https:\/\/ushiplearnsubd.wpengine.com\/mx\/#website\",\"url\":\"https:\/\/ushiplearnsubd.wpengine.com\/mx\/\",\"name\":\"C\u00f3mo Funciona\",\"description\":\"\",\"potentialAction\":[{\"@type\":\"SearchAction\",\"target\":{\"@type\":\"EntryPoint\",\"urlTemplate\":\"https:\/\/ushiplearnsubd.wpengine.com\/mx\/?s={search_term_string}\"},\"query-input\":\"required name=search_term_string\"}],\"inLanguage\":\"es-MX\"}]}<\/script>\n<!-- \/ Yoast SEO plugin. -->","yoast_head_json":{"title":"C\u00f3mo Funciona - Corredores","description":"uShip simplifica la log\u00edstica para los corredores de carga al ofrecer oportunidades para nuevos env\u00edos y la capacidad de cubrir m\u00e1s cargas mientras se administra todo el proceso en l\u00ednea. Comience a encontrar env\u00edos y transportistas hoy en M\u00e9xico.","robots":{"index":"index","follow":"follow","max-snippet":"max-snippet:-1","max-image-preview":"max-image-preview:large","max-video-preview":"max-video-preview:-1"},"canonical":"https:\/\/ushiplearnsubd.wpengine.com\/mx\/corredores\/","og_locale":"es_MX","og_type":"article","og_title":"C\u00f3mo Funciona - Corredores","og_description":"uShip simplifica la log\u00edstica para los corredores de carga al ofrecer oportunidades para nuevos env\u00edos y la capacidad de cubrir m\u00e1s cargas mientras se administra todo el proceso en l\u00ednea. Comience a encontrar env\u00edos y transportistas hoy en M\u00e9xico.","og_url":"https:\/\/ushiplearnsubd.wpengine.com\/mx\/corredores\/","og_site_name":"C\u00f3mo Funciona","article_modified_time":"2019-06-04T20:08:57+00:00","twitter_card":"summary_large_image","schema":{"@context":"https:\/\/schema.org","@graph":[{"@type":"WebPage","@id":"https:\/\/ushiplearnsubd.wpengine.com\/mx\/corredores\/","url":"https:\/\/ushiplearnsubd.wpengine.com\/mx\/corredores\/","name":"C\u00f3mo Funciona - Corredores","isPartOf":{"@id":"https:\/\/ushiplearnsubd.wpengine.com\/mx\/#website"},"datePublished":"2016-06-16T15:03:52+00:00","dateModified":"2019-06-04T20:08:57+00:00","description":"uShip simplifica la log\u00edstica para los corredores de carga al ofrecer oportunidades para nuevos env\u00edos y la capacidad de cubrir m\u00e1s cargas mientras se administra todo el proceso en l\u00ednea. Comience a encontrar env\u00edos y transportistas hoy en M\u00e9xico.","breadcrumb":{"@id":"https:\/\/ushiplearnsubd.wpengine.com\/mx\/corredores\/#breadcrumb"},"inLanguage":"es-MX","potentialAction":[{"@type":"ReadAction","target":["https:\/\/ushiplearnsubd.wpengine.com\/mx\/corredores\/"]}]},{"@type":"BreadcrumbList","@id":"https:\/\/ushiplearnsubd.wpengine.com\/mx\/corredores\/#breadcrumb","itemListElement":[{"@type":"ListItem","position":1,"name":"Home","item":"https:\/\/ushiplearnsubd.wpengine.com\/mx\/"},{"@type":"ListItem","position":2,"name":"Corredores"}]},{"@type":"WebSite","@id":"https:\/\/ushiplearnsubd.wpengine.com\/mx\/#website","url":"https:\/\/ushiplearnsubd.wpengine.com\/mx\/","name":"C\u00f3mo Funciona","description":"","potentialAction":[{"@type":"SearchAction","target":{"@type":"EntryPoint","urlTemplate":"https:\/\/ushiplearnsubd.wpengine.com\/mx\/?s={search_term_string}"},"query-input":"required name=search_term_string"}],"inLanguage":"es-MX"}]}},"fixed_price_tool_customer_success":{"image":false,"telephone":false,"email":false},"_links":{"self":[{"href":"https:\/\/ushiplearnsubd.wpengine.com\/mx\/wp-json\/wp\/v2\/pages\/3096","targetHints":{"allow":["GET"]}}],"collection":[{"href":"https:\/\/ushiplearnsubd.wpengine.com\/mx\/wp-json\/wp\/v2\/pages"}],"about":[{"href":"https:\/\/ushiplearnsubd.wpengine.com\/mx\/wp-json\/wp\/v2\/types\/page"}],"author":[{"embeddable":true,"href":"https:\/\/ushiplearnsubd.wpengine.com\/mx\/wp-json\/wp\/v2\/users\/2"}],"replies":[{"embeddable":true,"href":"https:\/\/ushiplearnsubd.wpengine.com\/mx\/wp-json\/wp\/v2\/comments?post=3096"}],"version-history":[{"count":0,"href":"https:\/\/ushiplearnsubd.wpengine.com\/mx\/wp-json\/wp\/v2\/pages\/3096\/revisions"}],"wp:attachment":[{"href":"https:\/\/ushiplearnsubd.wpengine.com\/mx\/wp-json\/wp\/v2\/media?parent=3096"}],"curies":[{"name":"wp","href":"https:\/\/api.w.org\/{rel}","templated":true}]}}