{"id":5303,"date":"2017-01-17T20:07:28","date_gmt":"2017-01-17T20:07:28","guid":{"rendered":"https:\/\/ushiplearnsubd.wpengine.com\/fr\/?page_id=5303"},"modified":"2017-01-17T22:05:59","modified_gmt":"2017-01-17T22:05:59","slug":"api-portail-developpeur","status":"publish","type":"page","link":"https:\/\/ushiplearnsubd.wpengine.com\/fr\/partenariats\/api-portail-developpeur\/","title":{"rendered":"API Portail D\u00e9veloppeur"},"content":{"rendered":"","protected":false},"excerpt":{"rendered":"","protected":false},"author":2,"featured_media":0,"parent":1323,"menu_order":0,"comment_status":"closed","ping_status":"closed","template":"tabbed-page-v2-child.php","meta":{"_acf_changed":false,"footnotes":""},"class_list":["post-5303","page","type-page","status-publish","hentry"],"acf":{"header_footer_type":false,"body_content":[{"acf_fc_layout":"intro_slide","intro_slide_id":"","intro_slide_head":"PROFITEZ DE L'API USHIP","intro_slide_subhead":"Vous cherchez une int\u00e9gration API ? Vous \u00eates au bon endroit. Nous disposons des outils pour vous aider, que vous souhaitiez fournir des devis de transport \u00e0 vos utilisateurs, ou que vous soyez une soci\u00e9t\u00e9 qui souhaite automatiser l'envoi de ses devis sur les annonces uShip.","intro_slide_cta":[{"intro_slide_cta_url":"https:\/\/developer.uship.com\/","intro_slide_cta_text":"Plus d'informations","intro_slide_cta_onclick":""}],"intro_slide_slide":[{"intro_slide_slide_image":2606}]}],"bottom_content":[{"acf_fc_layout":"bookend","bookend_content_type":"text","bookend_intro":"DES QUESTIONS ?","bookend_intro_sub":"","bookend_image":null,"bookend_cta_text":"Contacter uShip","bookend_cta_url":"mailto:partners@uship.com","bookend_cta_onclick":"","bookend_cta_open_in_new_tab":[],"bookend_previous_content":[{"bookend_previous_url":5301,"bookend_previous_text":"Affili\u00e9s"}],"bookend_next_content":[{"bookend_next_url":5295,"bookend_next_text":"Partenaires<br>Principaux"}]}]},"yoast_head":"<!-- This site is optimized with the Yoast SEO plugin v22.2 - https:\/\/yoast.com\/wordpress\/plugins\/seo\/ -->\n<title>API Portail D\u00e9veloppeur - Comment \u00c7a Marche<\/title>\n<meta name=\"robots\" content=\"index, follow, max-snippet:-1, max-image-preview:large, max-video-preview:-1\" \/>\n<link rel=\"canonical\" href=\"https:\/\/ushiplearnsubd.wpengine.com\/fr\/partenariats\/api-portail-developpeur\/\" \/>\n<meta property=\"og:locale\" content=\"fr_FR\" \/>\n<meta property=\"og:type\" content=\"article\" \/>\n<meta property=\"og:title\" content=\"API Portail D\u00e9veloppeur - Comment \u00c7a Marche\" \/>\n<meta property=\"og:url\" content=\"https:\/\/ushiplearnsubd.wpengine.com\/fr\/partenariats\/api-portail-developpeur\/\" \/>\n<meta property=\"og:site_name\" content=\"Comment \u00c7a Marche\" \/>\n<meta property=\"article:modified_time\" content=\"2017-01-17T22:05:59+00:00\" \/>\n<meta name=\"twitter:card\" content=\"summary_large_image\" \/>\n<script type=\"application\/ld+json\" class=\"yoast-schema-graph\">{\"@context\":\"https:\/\/schema.org\",\"@graph\":[{\"@type\":\"WebPage\",\"@id\":\"https:\/\/ushiplearnsubd.wpengine.com\/fr\/partenariats\/api-portail-developpeur\/\",\"url\":\"https:\/\/ushiplearnsubd.wpengine.com\/fr\/partenariats\/api-portail-developpeur\/\",\"name\":\"API Portail D\u00e9veloppeur - Comment \u00c7a Marche\",\"isPartOf\":{\"@id\":\"https:\/\/ushiplearnsubd.wpengine.com\/fr\/#website\"},\"datePublished\":\"2017-01-17T20:07:28+00:00\",\"dateModified\":\"2017-01-17T22:05:59+00:00\",\"breadcrumb\":{\"@id\":\"https:\/\/ushiplearnsubd.wpengine.com\/fr\/partenariats\/api-portail-developpeur\/#breadcrumb\"},\"inLanguage\":\"fr-FR\",\"potentialAction\":[{\"@type\":\"ReadAction\",\"target\":[\"https:\/\/ushiplearnsubd.wpengine.com\/fr\/partenariats\/api-portail-developpeur\/\"]}]},{\"@type\":\"BreadcrumbList\",\"@id\":\"https:\/\/ushiplearnsubd.wpengine.com\/fr\/partenariats\/api-portail-developpeur\/#breadcrumb\",\"itemListElement\":[{\"@type\":\"ListItem\",\"position\":1,\"name\":\"Home\",\"item\":\"https:\/\/ushiplearnsubd.wpengine.com\/fr\/\"},{\"@type\":\"ListItem\",\"position\":2,\"name\":\"Partenariats\",\"item\":\"https:\/\/ushiplearnsubd.wpengine.com\/fr\/partenariats\/\"},{\"@type\":\"ListItem\",\"position\":3,\"name\":\"API Portail D\u00e9veloppeur\"}]},{\"@type\":\"WebSite\",\"@id\":\"https:\/\/ushiplearnsubd.wpengine.com\/fr\/#website\",\"url\":\"https:\/\/ushiplearnsubd.wpengine.com\/fr\/\",\"name\":\"Comment \u00c7a Marche\",\"description\":\"\",\"potentialAction\":[{\"@type\":\"SearchAction\",\"target\":{\"@type\":\"EntryPoint\",\"urlTemplate\":\"https:\/\/ushiplearnsubd.wpengine.com\/fr\/?s={search_term_string}\"},\"query-input\":\"required name=search_term_string\"}],\"inLanguage\":\"fr-FR\"}]}<\/script>\n<!-- \/ Yoast SEO plugin. -->","yoast_head_json":{"title":"API Portail D\u00e9veloppeur - Comment \u00c7a Marche","robots":{"index":"index","follow":"follow","max-snippet":"max-snippet:-1","max-image-preview":"max-image-preview:large","max-video-preview":"max-video-preview:-1"},"canonical":"https:\/\/ushiplearnsubd.wpengine.com\/fr\/partenariats\/api-portail-developpeur\/","og_locale":"fr_FR","og_type":"article","og_title":"API Portail D\u00e9veloppeur - Comment \u00c7a Marche","og_url":"https:\/\/ushiplearnsubd.wpengine.com\/fr\/partenariats\/api-portail-developpeur\/","og_site_name":"Comment \u00c7a Marche","article_modified_time":"2017-01-17T22:05:59+00:00","twitter_card":"summary_large_image","schema":{"@context":"https:\/\/schema.org","@graph":[{"@type":"WebPage","@id":"https:\/\/ushiplearnsubd.wpengine.com\/fr\/partenariats\/api-portail-developpeur\/","url":"https:\/\/ushiplearnsubd.wpengine.com\/fr\/partenariats\/api-portail-developpeur\/","name":"API Portail D\u00e9veloppeur - Comment \u00c7a Marche","isPartOf":{"@id":"https:\/\/ushiplearnsubd.wpengine.com\/fr\/#website"},"datePublished":"2017-01-17T20:07:28+00:00","dateModified":"2017-01-17T22:05:59+00:00","breadcrumb":{"@id":"https:\/\/ushiplearnsubd.wpengine.com\/fr\/partenariats\/api-portail-developpeur\/#breadcrumb"},"inLanguage":"fr-FR","potentialAction":[{"@type":"ReadAction","target":["https:\/\/ushiplearnsubd.wpengine.com\/fr\/partenariats\/api-portail-developpeur\/"]}]},{"@type":"BreadcrumbList","@id":"https:\/\/ushiplearnsubd.wpengine.com\/fr\/partenariats\/api-portail-developpeur\/#breadcrumb","itemListElement":[{"@type":"ListItem","position":1,"name":"Home","item":"https:\/\/ushiplearnsubd.wpengine.com\/fr\/"},{"@type":"ListItem","position":2,"name":"Partenariats","item":"https:\/\/ushiplearnsubd.wpengine.com\/fr\/partenariats\/"},{"@type":"ListItem","position":3,"name":"API Portail D\u00e9veloppeur"}]},{"@type":"WebSite","@id":"https:\/\/ushiplearnsubd.wpengine.com\/fr\/#website","url":"https:\/\/ushiplearnsubd.wpengine.com\/fr\/","name":"Comment \u00c7a Marche","description":"","potentialAction":[{"@type":"SearchAction","target":{"@type":"EntryPoint","urlTemplate":"https:\/\/ushiplearnsubd.wpengine.com\/fr\/?s={search_term_string}"},"query-input":"required name=search_term_string"}],"inLanguage":"fr-FR"}]}},"fixed_price_tool_customer_success":{"image":false,"telephone":false,"email":false},"_links":{"self":[{"href":"https:\/\/ushiplearnsubd.wpengine.com\/fr\/wp-json\/wp\/v2\/pages\/5303","targetHints":{"allow":["GET"]}}],"collection":[{"href":"https:\/\/ushiplearnsubd.wpengine.com\/fr\/wp-json\/wp\/v2\/pages"}],"about":[{"href":"https:\/\/ushiplearnsubd.wpengine.com\/fr\/wp-json\/wp\/v2\/types\/page"}],"author":[{"embeddable":true,"href":"https:\/\/ushiplearnsubd.wpengine.com\/fr\/wp-json\/wp\/v2\/users\/2"}],"replies":[{"embeddable":true,"href":"https:\/\/ushiplearnsubd.wpengine.com\/fr\/wp-json\/wp\/v2\/comments?post=5303"}],"version-history":[{"count":0,"href":"https:\/\/ushiplearnsubd.wpengine.com\/fr\/wp-json\/wp\/v2\/pages\/5303\/revisions"}],"up":[{"embeddable":true,"href":"https:\/\/ushiplearnsubd.wpengine.com\/fr\/wp-json\/wp\/v2\/pages\/1323"}],"wp:attachment":[{"href":"https:\/\/ushiplearnsubd.wpengine.com\/fr\/wp-json\/wp\/v2\/media?parent=5303"}],"curies":[{"name":"wp","href":"https:\/\/api.w.org\/{rel}","templated":true}]}}