{"id":5299,"date":"2017-01-17T20:05:59","date_gmt":"2017-01-17T20:05:59","guid":{"rendered":"https:\/\/ushiplearnsubd.wpengine.com\/fr\/?page_id=5299"},"modified":"2017-01-17T22:01:24","modified_gmt":"2017-01-17T22:01:24","slug":"partenaires-de-transport","status":"publish","type":"page","link":"https:\/\/ushiplearnsubd.wpengine.com\/fr\/partenariats\/partenaires-de-transport\/","title":{"rendered":"Partenaires de Transport"},"content":{"rendered":"","protected":false},"excerpt":{"rendered":"","protected":false},"author":2,"featured_media":0,"parent":1323,"menu_order":0,"comment_status":"closed","ping_status":"closed","template":"tabbed-page-v2-child.php","meta":{"_acf_changed":false,"footnotes":""},"class_list":["post-5299","page","type-page","status-publish","hentry"],"acf":{"header_footer_type":false,"body_content":[{"acf_fc_layout":"intro_slide","intro_slide_id":"","intro_slide_head":"GR\u00c2CE \u00c0 L'API D'USHIP, AUTOMATISEZ VOS TRANSPORTS","intro_slide_subhead":"Utilisez l'API uShip pour int\u00e9grer une solution de transport automatique \u00e0 votre service, que vous soyez commissionnaire, agent de transport ou une grosse soci\u00e9t\u00e9 de transport. Concr\u00e8tement, vous pourrez int\u00e9grer une estimation de prix, r\u00e9ferrez des transporteurs \u00e0 uShip et publier facilement des annonces sur notre plateforme.","intro_slide_cta":null,"intro_slide_slide":[{"intro_slide_slide_image":5218}]},{"acf_fc_layout":"slanted_map","slanted_map_id":"","slanted_map_bg_color":"mapBackgroundGrey","slanted_map_bg_position":"mapBackgroundRight","slanted_map_map_feature":"none","slanted_map_video_poster_image":null,"slanted_map_youtube_id":"","slanted_map_image":1680,"slanted_map_image_vertical_alignment":"alignmentMiddle","slanted_map_image_horizontal_alignment":"alignmentCenter","slanted_map_copy_intro":"DEVIS INSTANTAN\u00c9S","slanted_map_copy_block_text":"Nos partenaires ABD et Carrier Soft utilisent notre API pour envoyer leurs devis aux utilisateurs uShip qui souhaitent faire transporter des v\u00e9hicules.","slanted_map_copy_cta":null,"slanted_map_trustpilot_widget":false},{"acf_fc_layout":"slanted_map","slanted_map_id":"","slanted_map_bg_color":"mapBackgroundWhite","slanted_map_bg_position":"mapBackgroundLeft","slanted_map_map_feature":"none","slanted_map_video_poster_image":null,"slanted_map_youtube_id":"","slanted_map_image":1681,"slanted_map_image_vertical_alignment":"alignmentMiddle","slanted_map_image_horizontal_alignment":"alignmentCenter","slanted_map_copy_intro":"R\u00c9PARTITION DES CHARGEMENTS","slanted_map_copy_block_text":"Les sites de fret utilise l'API uShip pour afficher directement sur leurs plateformes les chargements uShip, augmentant ainsi leur volume et cr\u00e9ant des opportunit\u00e9s de croissance.","slanted_map_copy_cta":null,"slanted_map_trustpilot_widget":false},{"acf_fc_layout":"slanted_map","slanted_map_id":"","slanted_map_bg_color":"mapBackgroundGrey","slanted_map_bg_position":"mapBackgroundRight","slanted_map_map_feature":"none","slanted_map_video_poster_image":null,"slanted_map_youtube_id":"","slanted_map_image":1682,"slanted_map_image_vertical_alignment":"alignmentMiddle","slanted_map_image_horizontal_alignment":"alignmentCenter","slanted_map_copy_intro":"R\u00c9SERVATIONS DE TRANSPORT PLUS RAPIDES","slanted_map_copy_block_text":"Un certain nombre de soci\u00e9t\u00e9s de transport utilisent l'API uShip pour consulter les annonces uShip directement depuis leur propre syst\u00e8me, o\u00f9 ils peuvent soumettre leurs devis, ce qui leur permet de ne pas quitter leur interface habituelle.","slanted_map_copy_cta":null,"slanted_map_trustpilot_widget":false},{"acf_fc_layout":"slanted_map","slanted_map_id":"","slanted_map_bg_color":"mapBackgroundWhite","slanted_map_bg_position":"mapBackgroundLeft","slanted_map_map_feature":"none","slanted_map_video_poster_image":null,"slanted_map_youtube_id":"","slanted_map_image":1683,"slanted_map_image_vertical_alignment":"alignmentMiddle","slanted_map_image_horizontal_alignment":"alignmentCenter","slanted_map_copy_intro":"PARTENAIRES TIERS","slanted_map_copy_block_text":"Nous avons aussi nou\u00e9 des partenariats avec des tierces parties, dont les produits et\/ou les services ajoutent de la valeur \u00e0 l'exp\u00e9rience uShip. Nos partenaires tiers comprennent des services de cartographie, de tra\u00e7age kilom\u00e9triques, ou de saisie de dimensions.","slanted_map_copy_cta":null,"slanted_map_trustpilot_widget":false}],"bottom_content":[{"acf_fc_layout":"bookend","bookend_content_type":"text","bookend_intro":"INT\u00c9RESS\u00c9 ?","bookend_intro_sub":"","bookend_image":null,"bookend_cta_text":"Contacter uShip","bookend_cta_url":"mailto:partners@uship.com","bookend_cta_onclick":"","bookend_cta_open_in_new_tab":[],"bookend_previous_content":[{"bookend_previous_url":5297,"bookend_previous_text":"Autres<br>Partenaires"}],"bookend_next_content":[{"bookend_next_url":5301,"bookend_next_text":"Affili\u00e9s"}]}]},"yoast_head":"<!-- This site is optimized with the Yoast SEO plugin v22.2 - https:\/\/yoast.com\/wordpress\/plugins\/seo\/ -->\n<title>Partenaires de Transport - Comment \u00c7a Marche<\/title>\n<meta name=\"robots\" content=\"index, follow, max-snippet:-1, max-image-preview:large, max-video-preview:-1\" \/>\n<link rel=\"canonical\" href=\"https:\/\/ushiplearnsubd.wpengine.com\/fr\/partenariats\/partenaires-de-transport\/\" \/>\n<meta property=\"og:locale\" content=\"fr_FR\" \/>\n<meta property=\"og:type\" content=\"article\" \/>\n<meta property=\"og:title\" content=\"Partenaires de Transport - Comment \u00c7a Marche\" \/>\n<meta property=\"og:url\" content=\"https:\/\/ushiplearnsubd.wpengine.com\/fr\/partenariats\/partenaires-de-transport\/\" \/>\n<meta property=\"og:site_name\" content=\"Comment \u00c7a Marche\" \/>\n<meta property=\"article:modified_time\" content=\"2017-01-17T22:01:24+00:00\" \/>\n<meta name=\"twitter:card\" content=\"summary_large_image\" \/>\n<script type=\"application\/ld+json\" class=\"yoast-schema-graph\">{\"@context\":\"https:\/\/schema.org\",\"@graph\":[{\"@type\":\"WebPage\",\"@id\":\"https:\/\/ushiplearnsubd.wpengine.com\/fr\/partenariats\/partenaires-de-transport\/\",\"url\":\"https:\/\/ushiplearnsubd.wpengine.com\/fr\/partenariats\/partenaires-de-transport\/\",\"name\":\"Partenaires de Transport - Comment \u00c7a Marche\",\"isPartOf\":{\"@id\":\"https:\/\/ushiplearnsubd.wpengine.com\/fr\/#website\"},\"datePublished\":\"2017-01-17T20:05:59+00:00\",\"dateModified\":\"2017-01-17T22:01:24+00:00\",\"breadcrumb\":{\"@id\":\"https:\/\/ushiplearnsubd.wpengine.com\/fr\/partenariats\/partenaires-de-transport\/#breadcrumb\"},\"inLanguage\":\"fr-FR\",\"potentialAction\":[{\"@type\":\"ReadAction\",\"target\":[\"https:\/\/ushiplearnsubd.wpengine.com\/fr\/partenariats\/partenaires-de-transport\/\"]}]},{\"@type\":\"BreadcrumbList\",\"@id\":\"https:\/\/ushiplearnsubd.wpengine.com\/fr\/partenariats\/partenaires-de-transport\/#breadcrumb\",\"itemListElement\":[{\"@type\":\"ListItem\",\"position\":1,\"name\":\"Home\",\"item\":\"https:\/\/ushiplearnsubd.wpengine.com\/fr\/\"},{\"@type\":\"ListItem\",\"position\":2,\"name\":\"Partenariats\",\"item\":\"https:\/\/ushiplearnsubd.wpengine.com\/fr\/partenariats\/\"},{\"@type\":\"ListItem\",\"position\":3,\"name\":\"Partenaires de Transport\"}]},{\"@type\":\"WebSite\",\"@id\":\"https:\/\/ushiplearnsubd.wpengine.com\/fr\/#website\",\"url\":\"https:\/\/ushiplearnsubd.wpengine.com\/fr\/\",\"name\":\"Comment \u00c7a Marche\",\"description\":\"\",\"potentialAction\":[{\"@type\":\"SearchAction\",\"target\":{\"@type\":\"EntryPoint\",\"urlTemplate\":\"https:\/\/ushiplearnsubd.wpengine.com\/fr\/?s={search_term_string}\"},\"query-input\":\"required name=search_term_string\"}],\"inLanguage\":\"fr-FR\"}]}<\/script>\n<!-- \/ Yoast SEO plugin. -->","yoast_head_json":{"title":"Partenaires de Transport - Comment \u00c7a Marche","robots":{"index":"index","follow":"follow","max-snippet":"max-snippet:-1","max-image-preview":"max-image-preview:large","max-video-preview":"max-video-preview:-1"},"canonical":"https:\/\/ushiplearnsubd.wpengine.com\/fr\/partenariats\/partenaires-de-transport\/","og_locale":"fr_FR","og_type":"article","og_title":"Partenaires de Transport - Comment \u00c7a Marche","og_url":"https:\/\/ushiplearnsubd.wpengine.com\/fr\/partenariats\/partenaires-de-transport\/","og_site_name":"Comment \u00c7a Marche","article_modified_time":"2017-01-17T22:01:24+00:00","twitter_card":"summary_large_image","schema":{"@context":"https:\/\/schema.org","@graph":[{"@type":"WebPage","@id":"https:\/\/ushiplearnsubd.wpengine.com\/fr\/partenariats\/partenaires-de-transport\/","url":"https:\/\/ushiplearnsubd.wpengine.com\/fr\/partenariats\/partenaires-de-transport\/","name":"Partenaires de Transport - Comment \u00c7a Marche","isPartOf":{"@id":"https:\/\/ushiplearnsubd.wpengine.com\/fr\/#website"},"datePublished":"2017-01-17T20:05:59+00:00","dateModified":"2017-01-17T22:01:24+00:00","breadcrumb":{"@id":"https:\/\/ushiplearnsubd.wpengine.com\/fr\/partenariats\/partenaires-de-transport\/#breadcrumb"},"inLanguage":"fr-FR","potentialAction":[{"@type":"ReadAction","target":["https:\/\/ushiplearnsubd.wpengine.com\/fr\/partenariats\/partenaires-de-transport\/"]}]},{"@type":"BreadcrumbList","@id":"https:\/\/ushiplearnsubd.wpengine.com\/fr\/partenariats\/partenaires-de-transport\/#breadcrumb","itemListElement":[{"@type":"ListItem","position":1,"name":"Home","item":"https:\/\/ushiplearnsubd.wpengine.com\/fr\/"},{"@type":"ListItem","position":2,"name":"Partenariats","item":"https:\/\/ushiplearnsubd.wpengine.com\/fr\/partenariats\/"},{"@type":"ListItem","position":3,"name":"Partenaires de Transport"}]},{"@type":"WebSite","@id":"https:\/\/ushiplearnsubd.wpengine.com\/fr\/#website","url":"https:\/\/ushiplearnsubd.wpengine.com\/fr\/","name":"Comment \u00c7a Marche","description":"","potentialAction":[{"@type":"SearchAction","target":{"@type":"EntryPoint","urlTemplate":"https:\/\/ushiplearnsubd.wpengine.com\/fr\/?s={search_term_string}"},"query-input":"required name=search_term_string"}],"inLanguage":"fr-FR"}]}},"fixed_price_tool_customer_success":{"image":false,"telephone":false,"email":false},"_links":{"self":[{"href":"https:\/\/ushiplearnsubd.wpengine.com\/fr\/wp-json\/wp\/v2\/pages\/5299","targetHints":{"allow":["GET"]}}],"collection":[{"href":"https:\/\/ushiplearnsubd.wpengine.com\/fr\/wp-json\/wp\/v2\/pages"}],"about":[{"href":"https:\/\/ushiplearnsubd.wpengine.com\/fr\/wp-json\/wp\/v2\/types\/page"}],"author":[{"embeddable":true,"href":"https:\/\/ushiplearnsubd.wpengine.com\/fr\/wp-json\/wp\/v2\/users\/2"}],"replies":[{"embeddable":true,"href":"https:\/\/ushiplearnsubd.wpengine.com\/fr\/wp-json\/wp\/v2\/comments?post=5299"}],"version-history":[{"count":0,"href":"https:\/\/ushiplearnsubd.wpengine.com\/fr\/wp-json\/wp\/v2\/pages\/5299\/revisions"}],"up":[{"embeddable":true,"href":"https:\/\/ushiplearnsubd.wpengine.com\/fr\/wp-json\/wp\/v2\/pages\/1323"}],"wp:attachment":[{"href":"https:\/\/ushiplearnsubd.wpengine.com\/fr\/wp-json\/wp\/v2\/media?parent=5299"}],"curies":[{"name":"wp","href":"https:\/\/api.w.org\/{rel}","templated":true}]}}