{"id":5297,"date":"2017-01-17T20:05:29","date_gmt":"2017-01-17T20:05:29","guid":{"rendered":"https:\/\/ushiplearnsubd.wpengine.com\/fr\/?page_id=5297"},"modified":"2017-01-17T21:57:21","modified_gmt":"2017-01-17T21:57:21","slug":"autres-partenaires","status":"publish","type":"page","link":"https:\/\/ushiplearnsubd.wpengine.com\/fr\/partenariats\/autres-partenaires\/","title":{"rendered":"Autres Partenaires"},"content":{"rendered":"","protected":false},"excerpt":{"rendered":"","protected":false},"author":2,"featured_media":0,"parent":1323,"menu_order":0,"comment_status":"closed","ping_status":"closed","template":"tabbed-page-v2-child.php","meta":{"_acf_changed":false,"footnotes":""},"class_list":["post-5297","page","type-page","status-publish","hentry"],"acf":{"header_footer_type":false,"body_content":[{"acf_fc_layout":"intro_slide","intro_slide_id":"","intro_slide_head":"ACC\u00c8S DIRECT AU PLUS GRAND R\u00c9SEAU DE TRANSPORTEURS AU MONDE","intro_slide_subhead":"\u00c9pargnez vos clients des probl\u00e8mes de transport d'objets encombrants en leur permettant d'obtenir rapidement des estimations de frais de transport, directement sur votre site ou sur le n\u00f4tre. Des dizaines de soci\u00e9t\u00e9s ont int\u00e9gr\u00e9 uShip \u00e0 leur service afin de convertir leurs visiteurs en utilisateurs.","intro_slide_cta":null,"intro_slide_slide":[{"intro_slide_slide_image":5203}]},{"acf_fc_layout":"icon_bullet_points","icon_bullet_points_id":"","icon_bullet_points_row":[{"icon_bullet_points_row_icon":"icon_wheel","icon_bullet_points_row_title":"EBAY","icon_bullet_points_row_text":"En tant que solution officielle de transport d'objets encombrants pour eBay, uShip est pr\u00e9sent sur les annonces eBay de certaines cat\u00e9gories pour permettre aux utilisateurs d'obtenir des estimations de frais de transport rapidement avant de passer \u00e0 l'achat."},{"icon_bullet_points_row_icon":"icon_gavel","icon_bullet_points_row_title":"RITCHIE BROS.","icon_bullet_points_row_text":"En tant que partenaire de transport exclusif pour Ritchie Bros., uShip est solidement int\u00e9gr\u00e9 aux annonces d'\u00e9quipements lourds sur rbauction.com. Les utilisateurs peuvent obtenir rapidement des estimations des frais de transport directement sur le site. Si ces derniers d\u00e9cident de concr\u00e9tiser le tout sur uShip.com, toutes les donn\u00e9es du mat\u00e9riel d\u00e9sir\u00e9 sont automatiquement transf\u00e9r\u00e9es sur uShip, \u00e9vitant ainsi la saisie de nombreux chiffres pour publier la demande de transport."},{"icon_bullet_points_row_icon":"icon_boat","icon_bullet_points_row_title":"BOATS.COM, YACHTWORLD, BOATTRADER","icon_bullet_points_row_text":"Gr\u00e2ce \u00e0 notre partenariat avec Dominion Marine Media, les amateurs de bateaux peuvent obtenir des estimations de frais de transport avant de passer \u00e0 l'achat. Nous proposons d'ailleurs une solution de transport facile lors de la r\u00e9servation d'un bateau."}]},{"acf_fc_layout":"logo_pile","logo_pile_id":"","logo_pile_intro":"AUTRES PARTENAIRES","logo_pile_image":2596}],"bottom_content":[{"acf_fc_layout":"bookend","bookend_content_type":"text","bookend_intro":"INT\u00c9RESS\u00c9 ?","bookend_intro_sub":"","bookend_image":null,"bookend_cta_text":"Contacter uShip","bookend_cta_url":"mailto:partners@uship.com","bookend_cta_onclick":"","bookend_cta_open_in_new_tab":[],"bookend_previous_content":[{"bookend_previous_url":5295,"bookend_previous_text":"Partenaires<br>Principaux"}],"bookend_next_content":[{"bookend_next_url":5299,"bookend_next_text":"Partenaires<br>de Transport"}]}]},"yoast_head":"<!-- This site is optimized with the Yoast SEO plugin v22.2 - https:\/\/yoast.com\/wordpress\/plugins\/seo\/ -->\n<title>Autres Partenaires - Comment \u00c7a Marche<\/title>\n<meta name=\"robots\" content=\"index, follow, max-snippet:-1, max-image-preview:large, max-video-preview:-1\" \/>\n<link rel=\"canonical\" href=\"https:\/\/ushiplearnsubd.wpengine.com\/fr\/partenariats\/autres-partenaires\/\" \/>\n<meta property=\"og:locale\" content=\"fr_FR\" \/>\n<meta property=\"og:type\" content=\"article\" \/>\n<meta property=\"og:title\" content=\"Autres Partenaires - Comment \u00c7a Marche\" \/>\n<meta property=\"og:url\" content=\"https:\/\/ushiplearnsubd.wpengine.com\/fr\/partenariats\/autres-partenaires\/\" \/>\n<meta property=\"og:site_name\" content=\"Comment \u00c7a Marche\" \/>\n<meta property=\"article:modified_time\" content=\"2017-01-17T21:57:21+00:00\" \/>\n<meta name=\"twitter:card\" content=\"summary_large_image\" \/>\n<script type=\"application\/ld+json\" class=\"yoast-schema-graph\">{\"@context\":\"https:\/\/schema.org\",\"@graph\":[{\"@type\":\"WebPage\",\"@id\":\"https:\/\/ushiplearnsubd.wpengine.com\/fr\/partenariats\/autres-partenaires\/\",\"url\":\"https:\/\/ushiplearnsubd.wpengine.com\/fr\/partenariats\/autres-partenaires\/\",\"name\":\"Autres Partenaires - Comment \u00c7a Marche\",\"isPartOf\":{\"@id\":\"https:\/\/ushiplearnsubd.wpengine.com\/fr\/#website\"},\"datePublished\":\"2017-01-17T20:05:29+00:00\",\"dateModified\":\"2017-01-17T21:57:21+00:00\",\"breadcrumb\":{\"@id\":\"https:\/\/ushiplearnsubd.wpengine.com\/fr\/partenariats\/autres-partenaires\/#breadcrumb\"},\"inLanguage\":\"fr-FR\",\"potentialAction\":[{\"@type\":\"ReadAction\",\"target\":[\"https:\/\/ushiplearnsubd.wpengine.com\/fr\/partenariats\/autres-partenaires\/\"]}]},{\"@type\":\"BreadcrumbList\",\"@id\":\"https:\/\/ushiplearnsubd.wpengine.com\/fr\/partenariats\/autres-partenaires\/#breadcrumb\",\"itemListElement\":[{\"@type\":\"ListItem\",\"position\":1,\"name\":\"Home\",\"item\":\"https:\/\/ushiplearnsubd.wpengine.com\/fr\/\"},{\"@type\":\"ListItem\",\"position\":2,\"name\":\"Partenariats\",\"item\":\"https:\/\/ushiplearnsubd.wpengine.com\/fr\/partenariats\/\"},{\"@type\":\"ListItem\",\"position\":3,\"name\":\"Autres Partenaires\"}]},{\"@type\":\"WebSite\",\"@id\":\"https:\/\/ushiplearnsubd.wpengine.com\/fr\/#website\",\"url\":\"https:\/\/ushiplearnsubd.wpengine.com\/fr\/\",\"name\":\"Comment \u00c7a Marche\",\"description\":\"\",\"potentialAction\":[{\"@type\":\"SearchAction\",\"target\":{\"@type\":\"EntryPoint\",\"urlTemplate\":\"https:\/\/ushiplearnsubd.wpengine.com\/fr\/?s={search_term_string}\"},\"query-input\":\"required name=search_term_string\"}],\"inLanguage\":\"fr-FR\"}]}<\/script>\n<!-- \/ Yoast SEO plugin. -->","yoast_head_json":{"title":"Autres Partenaires - Comment \u00c7a Marche","robots":{"index":"index","follow":"follow","max-snippet":"max-snippet:-1","max-image-preview":"max-image-preview:large","max-video-preview":"max-video-preview:-1"},"canonical":"https:\/\/ushiplearnsubd.wpengine.com\/fr\/partenariats\/autres-partenaires\/","og_locale":"fr_FR","og_type":"article","og_title":"Autres Partenaires - Comment \u00c7a Marche","og_url":"https:\/\/ushiplearnsubd.wpengine.com\/fr\/partenariats\/autres-partenaires\/","og_site_name":"Comment \u00c7a Marche","article_modified_time":"2017-01-17T21:57:21+00:00","twitter_card":"summary_large_image","schema":{"@context":"https:\/\/schema.org","@graph":[{"@type":"WebPage","@id":"https:\/\/ushiplearnsubd.wpengine.com\/fr\/partenariats\/autres-partenaires\/","url":"https:\/\/ushiplearnsubd.wpengine.com\/fr\/partenariats\/autres-partenaires\/","name":"Autres Partenaires - Comment \u00c7a Marche","isPartOf":{"@id":"https:\/\/ushiplearnsubd.wpengine.com\/fr\/#website"},"datePublished":"2017-01-17T20:05:29+00:00","dateModified":"2017-01-17T21:57:21+00:00","breadcrumb":{"@id":"https:\/\/ushiplearnsubd.wpengine.com\/fr\/partenariats\/autres-partenaires\/#breadcrumb"},"inLanguage":"fr-FR","potentialAction":[{"@type":"ReadAction","target":["https:\/\/ushiplearnsubd.wpengine.com\/fr\/partenariats\/autres-partenaires\/"]}]},{"@type":"BreadcrumbList","@id":"https:\/\/ushiplearnsubd.wpengine.com\/fr\/partenariats\/autres-partenaires\/#breadcrumb","itemListElement":[{"@type":"ListItem","position":1,"name":"Home","item":"https:\/\/ushiplearnsubd.wpengine.com\/fr\/"},{"@type":"ListItem","position":2,"name":"Partenariats","item":"https:\/\/ushiplearnsubd.wpengine.com\/fr\/partenariats\/"},{"@type":"ListItem","position":3,"name":"Autres Partenaires"}]},{"@type":"WebSite","@id":"https:\/\/ushiplearnsubd.wpengine.com\/fr\/#website","url":"https:\/\/ushiplearnsubd.wpengine.com\/fr\/","name":"Comment \u00c7a Marche","description":"","potentialAction":[{"@type":"SearchAction","target":{"@type":"EntryPoint","urlTemplate":"https:\/\/ushiplearnsubd.wpengine.com\/fr\/?s={search_term_string}"},"query-input":"required name=search_term_string"}],"inLanguage":"fr-FR"}]}},"fixed_price_tool_customer_success":{"image":false,"telephone":false,"email":false},"_links":{"self":[{"href":"https:\/\/ushiplearnsubd.wpengine.com\/fr\/wp-json\/wp\/v2\/pages\/5297","targetHints":{"allow":["GET"]}}],"collection":[{"href":"https:\/\/ushiplearnsubd.wpengine.com\/fr\/wp-json\/wp\/v2\/pages"}],"about":[{"href":"https:\/\/ushiplearnsubd.wpengine.com\/fr\/wp-json\/wp\/v2\/types\/page"}],"author":[{"embeddable":true,"href":"https:\/\/ushiplearnsubd.wpengine.com\/fr\/wp-json\/wp\/v2\/users\/2"}],"replies":[{"embeddable":true,"href":"https:\/\/ushiplearnsubd.wpengine.com\/fr\/wp-json\/wp\/v2\/comments?post=5297"}],"version-history":[{"count":0,"href":"https:\/\/ushiplearnsubd.wpengine.com\/fr\/wp-json\/wp\/v2\/pages\/5297\/revisions"}],"up":[{"embeddable":true,"href":"https:\/\/ushiplearnsubd.wpengine.com\/fr\/wp-json\/wp\/v2\/pages\/1323"}],"wp:attachment":[{"href":"https:\/\/ushiplearnsubd.wpengine.com\/fr\/wp-json\/wp\/v2\/media?parent=5297"}],"curies":[{"name":"wp","href":"https:\/\/api.w.org\/{rel}","templated":true}]}}