{"id":5276,"date":"2017-01-17T19:45:13","date_gmt":"2017-01-17T19:45:13","guid":{"rendered":"https:\/\/ushiplearnsubd.wpengine.com\/fr\/?page_id=5276"},"modified":"2017-01-17T21:27:21","modified_gmt":"2017-01-17T21:27:21","slug":"trouver-des-transporteurs","status":"publish","type":"page","link":"https:\/\/ushiplearnsubd.wpengine.com\/fr\/expediteurs-professionnels\/trouver-des-transporteurs\/","title":{"rendered":"Trouver des Transporteurs"},"content":{"rendered":"","protected":false},"excerpt":{"rendered":"","protected":false},"author":2,"featured_media":0,"parent":1298,"menu_order":0,"comment_status":"closed","ping_status":"closed","template":"tabbed-page-v2-child.php","meta":{"_acf_changed":false,"footnotes":""},"class_list":["post-5276","page","type-page","status-publish","hentry"],"acf":{"header_footer_type":false,"body_content":[{"acf_fc_layout":"intro_slide","intro_slide_id":"","intro_slide_head":"PAS DE MISSION IMPOSSIBLE","intro_slide_subhead":"Depuis 2004, 6 millions d'annonces ont \u00e9t\u00e9 publi\u00e9es sur notre plateforme. V\u00e9hicules, motos, meubles, bateaux, d\u00e9m\u00e9nagements, animaux, palettes... Tout y est pass\u00e9 : m\u00eame une r\u00e9plique d'un vaisseau Star Wars et une grue de 67 tonnes.","intro_slide_cta":null,"intro_slide_slide":[{"intro_slide_slide_image":2599}]},{"acf_fc_layout":"icon_bullet_points","icon_bullet_points_id":"","icon_bullet_points_row":[{"icon_bullet_points_row_icon":"icon_insights","icon_bullet_points_row_title":"OBTENIR LE MEILLEUR DEAL","icon_bullet_points_row_text":"Comment savez-vous si le prix propos\u00e9 par votre transporteur habituel est raisonnable ? Sur uShip, les transporteurs sont mis en concurrence de fa\u00e7on \u00e0 ce que vous receviez les meilleurs prix du march\u00e9."},{"icon_bullet_points_row_icon":"icon_truck","icon_bullet_points_row_title":"SATISFAIRE UN BESOIN PONCTUEL","icon_bullet_points_row_text":"Votre transporteur habituel ne peut assurer votre demande du jour ? M\u00eame s'il s'agit d'une urgence, vous trouverez toujours une solution \u00e0 votre probl\u00e8me sur uShip."},{"icon_bullet_points_row_icon":"icon_reach","icon_bullet_points_row_title":"ALLER DE L'AVANT","icon_bullet_points_row_text":"Ne craignez pas que les frais de transport vous emp\u00eachent de d\u00e9velopper votre soci\u00e9t\u00e9. Les dirigeants d'entreprise ou les vendeurs eBay qui ont essay\u00e9 uShip nous confirment que nous leur avons permis de voir plus loin et d'augmenter leur chiffre d'affaires, gr\u00e2ce aux prix int\u00e9ressants des transporteurs qui souhaitent compl\u00e9ter leurs plannings."},{"icon_bullet_points_row_icon":"icon_carriercard","icon_bullet_points_row_title":"CHOISIR UN TRANSPORTEUR","icon_bullet_points_row_text":"Bien que uShip mette \u00e0 votre disposition des outils utiles tels que le syst\u00e8me d'\u00e9valuations et de commentaires sur les profils des transporteurs, vous devez entretenir le m\u00eame niveau de vigilance que vous auriez n'importe o\u00f9 ailleurs lors du choix d'un prestataire de service."}]}],"bottom_content":[{"acf_fc_layout":"bookend","bookend_content_type":"text","bookend_intro":"FIN PR\u00caT ?","bookend_intro_sub":"","bookend_image":null,"bookend_cta_text":"Recevoir un devis","bookend_cta_url":"https:\/\/www.uship.com\/ship","bookend_cta_onclick":"","bookend_cta_open_in_new_tab":[],"bookend_previous_content":[{"bookend_previous_url":5274,"bookend_previous_text":"La diff\u00e9rence<br>uShip"}],"bookend_next_content":[{"bookend_next_url":5278,"bookend_next_text":"Nos 2 <br>Solutions"}]}]},"yoast_head":"<!-- This site is optimized with the Yoast SEO plugin v22.2 - https:\/\/yoast.com\/wordpress\/plugins\/seo\/ -->\n<title>Trouver des Transporteurs - Comment \u00c7a Marche<\/title>\n<meta name=\"robots\" content=\"index, follow, max-snippet:-1, max-image-preview:large, max-video-preview:-1\" \/>\n<link rel=\"canonical\" href=\"https:\/\/ushiplearnsubd.wpengine.com\/fr\/expediteurs-professionnels\/trouver-des-transporteurs\/\" \/>\n<meta property=\"og:locale\" content=\"fr_FR\" \/>\n<meta property=\"og:type\" content=\"article\" \/>\n<meta property=\"og:title\" content=\"Trouver des Transporteurs - Comment \u00c7a Marche\" \/>\n<meta property=\"og:url\" content=\"https:\/\/ushiplearnsubd.wpengine.com\/fr\/expediteurs-professionnels\/trouver-des-transporteurs\/\" \/>\n<meta property=\"og:site_name\" content=\"Comment \u00c7a Marche\" \/>\n<meta property=\"article:modified_time\" content=\"2017-01-17T21:27:21+00:00\" \/>\n<meta name=\"twitter:card\" content=\"summary_large_image\" \/>\n<script type=\"application\/ld+json\" class=\"yoast-schema-graph\">{\"@context\":\"https:\/\/schema.org\",\"@graph\":[{\"@type\":\"WebPage\",\"@id\":\"https:\/\/ushiplearnsubd.wpengine.com\/fr\/expediteurs-professionnels\/trouver-des-transporteurs\/\",\"url\":\"https:\/\/ushiplearnsubd.wpengine.com\/fr\/expediteurs-professionnels\/trouver-des-transporteurs\/\",\"name\":\"Trouver des Transporteurs - Comment \u00c7a Marche\",\"isPartOf\":{\"@id\":\"https:\/\/ushiplearnsubd.wpengine.com\/fr\/#website\"},\"datePublished\":\"2017-01-17T19:45:13+00:00\",\"dateModified\":\"2017-01-17T21:27:21+00:00\",\"breadcrumb\":{\"@id\":\"https:\/\/ushiplearnsubd.wpengine.com\/fr\/expediteurs-professionnels\/trouver-des-transporteurs\/#breadcrumb\"},\"inLanguage\":\"fr-FR\",\"potentialAction\":[{\"@type\":\"ReadAction\",\"target\":[\"https:\/\/ushiplearnsubd.wpengine.com\/fr\/expediteurs-professionnels\/trouver-des-transporteurs\/\"]}]},{\"@type\":\"BreadcrumbList\",\"@id\":\"https:\/\/ushiplearnsubd.wpengine.com\/fr\/expediteurs-professionnels\/trouver-des-transporteurs\/#breadcrumb\",\"itemListElement\":[{\"@type\":\"ListItem\",\"position\":1,\"name\":\"Home\",\"item\":\"https:\/\/ushiplearnsubd.wpengine.com\/fr\/\"},{\"@type\":\"ListItem\",\"position\":2,\"name\":\"Expediteurs Professionnels\",\"item\":\"https:\/\/ushiplearnsubd.wpengine.com\/fr\/expediteurs-professionnels\/\"},{\"@type\":\"ListItem\",\"position\":3,\"name\":\"Trouver des Transporteurs\"}]},{\"@type\":\"WebSite\",\"@id\":\"https:\/\/ushiplearnsubd.wpengine.com\/fr\/#website\",\"url\":\"https:\/\/ushiplearnsubd.wpengine.com\/fr\/\",\"name\":\"Comment \u00c7a Marche\",\"description\":\"\",\"potentialAction\":[{\"@type\":\"SearchAction\",\"target\":{\"@type\":\"EntryPoint\",\"urlTemplate\":\"https:\/\/ushiplearnsubd.wpengine.com\/fr\/?s={search_term_string}\"},\"query-input\":\"required name=search_term_string\"}],\"inLanguage\":\"fr-FR\"}]}<\/script>\n<!-- \/ Yoast SEO plugin. -->","yoast_head_json":{"title":"Trouver des Transporteurs - Comment \u00c7a Marche","robots":{"index":"index","follow":"follow","max-snippet":"max-snippet:-1","max-image-preview":"max-image-preview:large","max-video-preview":"max-video-preview:-1"},"canonical":"https:\/\/ushiplearnsubd.wpengine.com\/fr\/expediteurs-professionnels\/trouver-des-transporteurs\/","og_locale":"fr_FR","og_type":"article","og_title":"Trouver des Transporteurs - Comment \u00c7a Marche","og_url":"https:\/\/ushiplearnsubd.wpengine.com\/fr\/expediteurs-professionnels\/trouver-des-transporteurs\/","og_site_name":"Comment \u00c7a Marche","article_modified_time":"2017-01-17T21:27:21+00:00","twitter_card":"summary_large_image","schema":{"@context":"https:\/\/schema.org","@graph":[{"@type":"WebPage","@id":"https:\/\/ushiplearnsubd.wpengine.com\/fr\/expediteurs-professionnels\/trouver-des-transporteurs\/","url":"https:\/\/ushiplearnsubd.wpengine.com\/fr\/expediteurs-professionnels\/trouver-des-transporteurs\/","name":"Trouver des Transporteurs - Comment \u00c7a Marche","isPartOf":{"@id":"https:\/\/ushiplearnsubd.wpengine.com\/fr\/#website"},"datePublished":"2017-01-17T19:45:13+00:00","dateModified":"2017-01-17T21:27:21+00:00","breadcrumb":{"@id":"https:\/\/ushiplearnsubd.wpengine.com\/fr\/expediteurs-professionnels\/trouver-des-transporteurs\/#breadcrumb"},"inLanguage":"fr-FR","potentialAction":[{"@type":"ReadAction","target":["https:\/\/ushiplearnsubd.wpengine.com\/fr\/expediteurs-professionnels\/trouver-des-transporteurs\/"]}]},{"@type":"BreadcrumbList","@id":"https:\/\/ushiplearnsubd.wpengine.com\/fr\/expediteurs-professionnels\/trouver-des-transporteurs\/#breadcrumb","itemListElement":[{"@type":"ListItem","position":1,"name":"Home","item":"https:\/\/ushiplearnsubd.wpengine.com\/fr\/"},{"@type":"ListItem","position":2,"name":"Expediteurs Professionnels","item":"https:\/\/ushiplearnsubd.wpengine.com\/fr\/expediteurs-professionnels\/"},{"@type":"ListItem","position":3,"name":"Trouver des Transporteurs"}]},{"@type":"WebSite","@id":"https:\/\/ushiplearnsubd.wpengine.com\/fr\/#website","url":"https:\/\/ushiplearnsubd.wpengine.com\/fr\/","name":"Comment \u00c7a Marche","description":"","potentialAction":[{"@type":"SearchAction","target":{"@type":"EntryPoint","urlTemplate":"https:\/\/ushiplearnsubd.wpengine.com\/fr\/?s={search_term_string}"},"query-input":"required name=search_term_string"}],"inLanguage":"fr-FR"}]}},"fixed_price_tool_customer_success":{"image":false,"telephone":false,"email":false},"_links":{"self":[{"href":"https:\/\/ushiplearnsubd.wpengine.com\/fr\/wp-json\/wp\/v2\/pages\/5276","targetHints":{"allow":["GET"]}}],"collection":[{"href":"https:\/\/ushiplearnsubd.wpengine.com\/fr\/wp-json\/wp\/v2\/pages"}],"about":[{"href":"https:\/\/ushiplearnsubd.wpengine.com\/fr\/wp-json\/wp\/v2\/types\/page"}],"author":[{"embeddable":true,"href":"https:\/\/ushiplearnsubd.wpengine.com\/fr\/wp-json\/wp\/v2\/users\/2"}],"replies":[{"embeddable":true,"href":"https:\/\/ushiplearnsubd.wpengine.com\/fr\/wp-json\/wp\/v2\/comments?post=5276"}],"version-history":[{"count":0,"href":"https:\/\/ushiplearnsubd.wpengine.com\/fr\/wp-json\/wp\/v2\/pages\/5276\/revisions"}],"up":[{"embeddable":true,"href":"https:\/\/ushiplearnsubd.wpengine.com\/fr\/wp-json\/wp\/v2\/pages\/1298"}],"wp:attachment":[{"href":"https:\/\/ushiplearnsubd.wpengine.com\/fr\/wp-json\/wp\/v2\/media?parent=5276"}],"curies":[{"name":"wp","href":"https:\/\/api.w.org\/{rel}","templated":true}]}}