{"id":5255,"date":"2017-01-17T19:26:33","date_gmt":"2017-01-17T19:26:33","guid":{"rendered":"https:\/\/ushiplearnsubd.wpengine.com\/fr\/?page_id=5255"},"modified":"2017-01-17T20:54:58","modified_gmt":"2017-01-17T20:54:58","slug":"premiers-pas","status":"publish","type":"page","link":"https:\/\/ushiplearnsubd.wpengine.com\/fr\/transporteurs\/premiers-pas\/","title":{"rendered":"Premiers Pas"},"content":{"rendered":"","protected":false},"excerpt":{"rendered":"","protected":false},"author":2,"featured_media":0,"parent":4,"menu_order":0,"comment_status":"closed","ping_status":"closed","template":"tabbed-page-v2-child.php","meta":{"_acf_changed":false,"footnotes":""},"class_list":["post-5255","page","type-page","status-publish","hentry"],"acf":{"header_footer_type":false,"body_content":[{"acf_fc_layout":"intro_slide","intro_slide_id":"","intro_slide_head":"HEUREUX DE VOUS VOIR ICI","intro_slide_subhead":"uShip est une plateforme de transport en ligne qui a pour but de vous aider \u00e0 obtenir de nouveaux clients et \u00e0 d\u00e9velopper votre activit\u00e9. Avec des nouvelles annonces publi\u00e9es chaque minute, vous trouverez forc\u00e9ment de nouveaux clients, que vous effectuiez des d\u00e9m\u00e9nagements ou transportiez des v\u00e9hicules, des motos, des bateaux, des meubles, ou des animaux.\r\n\r\n&nbsp;\r\n\r\nL'inscription sur uShip est gratuite ! <a href=\"https:\/\/help.uship.com\/hc\/fr\/articles\/205778818\">Cliquez ici<\/a> pour en savoir plus. Nous vous fournissons tous les outils n\u00e9cessaires pour <a href=\"https:\/\/help.uship.com\/hc\/fr\/articles\/206495527\">cr\u00e9er votre profil<\/a>, <a href=\"http:\/\/www.uship.com\/find\">trouver des clients<\/a>, poser des questions, <a href=\"https:\/\/help.uship.com\/hc\/fr\/articles\/206495947\">soumettre des devis<\/a>, accepter des prix propos\u00e9s et faire des affaires. Avec uShip, <a href=\"https:\/\/help.uship.com\/hc\/fr\/articles\/206462817\">vous \u00eates pay\u00e9s \u00e0 la livraison<\/a>, et nous sommes transparents au sujet de nos <a href=\"https:\/\/help.uship.com\/hc\/fr\/articles\/206462827\">frais<\/a>.\r\n\r\n&nbsp;\r\n\r\nN'importe quel transporteur peut avoir besoin de uShip \u00e0 un moment ou \u00e0 un autre. Voici quelques conseils pour prendre une longueur d'avance sur vos concurrents :","intro_slide_cta":null,"intro_slide_slide":[{"intro_slide_slide_image":1054},{"intro_slide_slide_image":1055},{"intro_slide_slide_image":1056}]},{"acf_fc_layout":"strip_data_callout","strip_data_callout_id":"","strip_data_callout_content":[{"strip_data_callout_block_value":"3.5","strip_data_callout_block_caption":"millions de clients <br>exp\u00e9diteurs"},{"strip_data_callout_block_value":"788.000","strip_data_callout_block_caption":"transporteurs"},{"strip_data_callout_block_value":"5.7","strip_data_callout_block_caption":"millions <br>d'annonces"}]},{"acf_fc_layout":"icon_bullet_points","icon_bullet_points_id":"","icon_bullet_points_row":[{"icon_bullet_points_row_icon":"icon_profile","icon_bullet_points_row_title":"COMPL\u00c9TEZ RIGOUREUSEMENT VOTRE PROFIL","icon_bullet_points_row_text":"La qualit\u00e9 et la pr\u00e9sentation de votre profil uShip sont tr\u00e8s importantes puisque c'est ce qui va permettre aux clients de vous faire confiance ou non. Votre profil est votre vitrine sur uShip. <a href=\"https:\/\/help.uship.com\/hc\/fr\/articles\/206495527\">Vendez-vous bien<\/a> ! Ajoutez des photos de vos v\u00e9hicules. Expliquez pourquoi vous faites du transport et depuis combien de temps c'est votre passion. D\u00e9taillez pourquoi vous \u00eates quelqu'un de confiance et d'honn\u00eate, et indiquez quelles sont les licences et autorisations que vous poss\u00e9dez."},{"icon_bullet_points_row_icon":"icon_check","icon_bullet_points_row_title":"ANTICIPEZ LES PROBL\u00c8MES","icon_bullet_points_row_text":"Un profil duement rempli vous aidera tr\u00e8s certainement \u00e0 trouver de nouveaux clients. Aussi, lorsque vos devis sont accept\u00e9s, veillez \u00e0 communiquer efficacement avec vos clients, de mani\u00e8re r\u00e9guli\u00e8re, en les pr\u00e9venant \u00e0 l'avance de vos conditions de transport. Contactez-les directement, n'attendez pas forc\u00e9ment qu'ils le fassent d'eux-m\u00eames, et indiquez leur exactement comment vous fonctionnez, pour que tout se passe bien."},{"icon_bullet_points_row_icon":"icon_phone","icon_bullet_points_row_title":"PROFITEZ DE L'APPLI USHIP","icon_bullet_points_row_text":"Vous savez mieux que quiconque qu'il n'est pas toujours \u00e9vident de maintenir le contact lorsque vous \u00eates sur la route. Alors utilisez l'appli uShip, pour g\u00e9rer vos transports en cours et soumettre vos nouveaux devis."},{"icon_bullet_points_row_icon":"icon_location","icon_bullet_points_row_title":"PARTAGEZ VOTRE G\u00c9OLOCALISATION","icon_bullet_points_row_text":"Il n'est pas question de vous espionner ! Simplement de permettre \u00e0 vos clients de vous suivre sur la route, afin de r\u00e9duire le nombre d'appels et de messages. Cela nous permettra aussi de vous envoyer en priorit\u00e9 de nouvelles annonces qui sont sur votre route."},{"icon_bullet_points_row_icon":"icon_circlestar","icon_bullet_points_row_title":"TROUVEZ DES CLIENTS FACILEMENT","icon_bullet_points_row_text":"\u00c9vitez les recherches fastidieuses et recevez directement les annonces qui vous int\u00e9ressent, en param\u00e9trant vos <a href=\"https:\/\/help.uship.com\/hc\/fr\/articles\/206495377\">alertes personnalis\u00e9es<\/a>."}]}],"bottom_content":[{"acf_fc_layout":"bookend","bookend_content_type":"text","bookend_intro":"JE SUIS FIN PR\u00caT","bookend_intro_sub":"","bookend_image":null,"bookend_cta_text":"Inscription","bookend_cta_url":"https:\/\/www.uship.com\/register\/?tid=2","bookend_cta_onclick":"","bookend_cta_open_in_new_tab":[],"bookend_previous_content":[{"bookend_previous_url":5263,"bookend_previous_text":"Programme<br>Transporteurs VIP"}],"bookend_next_content":[{"bookend_next_url":5257,"bookend_next_text":"Outils<br>uShip"}]},{"acf_fc_layout":"tertiary_callout","tertiary_callout_title":"Vous souhaitez d\u00e9velopper un partenariat avec uShip ?","tertiary_callout_link_url":"\/fr\/partenariats","tertiary_callout_link_text":"Plus d'informations","tertiary_callout_link_onclick":"","tertiary_callout_open_in_new_tab":[]}]},"yoast_head":"<!-- This site is optimized with the Yoast SEO plugin v22.2 - https:\/\/yoast.com\/wordpress\/plugins\/seo\/ -->\n<title>Premiers Pas - Comment \u00c7a Marche<\/title>\n<meta name=\"robots\" content=\"index, follow, max-snippet:-1, max-image-preview:large, max-video-preview:-1\" \/>\n<link rel=\"canonical\" href=\"https:\/\/ushiplearnsubd.wpengine.com\/fr\/transporteurs\/premiers-pas\/\" \/>\n<meta property=\"og:locale\" content=\"fr_FR\" \/>\n<meta property=\"og:type\" content=\"article\" \/>\n<meta property=\"og:title\" content=\"Premiers Pas - Comment \u00c7a Marche\" \/>\n<meta property=\"og:url\" content=\"https:\/\/ushiplearnsubd.wpengine.com\/fr\/transporteurs\/premiers-pas\/\" \/>\n<meta property=\"og:site_name\" content=\"Comment \u00c7a Marche\" \/>\n<meta property=\"article:modified_time\" content=\"2017-01-17T20:54:58+00:00\" \/>\n<meta name=\"twitter:card\" content=\"summary_large_image\" \/>\n<script type=\"application\/ld+json\" class=\"yoast-schema-graph\">{\"@context\":\"https:\/\/schema.org\",\"@graph\":[{\"@type\":\"WebPage\",\"@id\":\"https:\/\/ushiplearnsubd.wpengine.com\/fr\/transporteurs\/premiers-pas\/\",\"url\":\"https:\/\/ushiplearnsubd.wpengine.com\/fr\/transporteurs\/premiers-pas\/\",\"name\":\"Premiers Pas - Comment \u00c7a Marche\",\"isPartOf\":{\"@id\":\"https:\/\/ushiplearnsubd.wpengine.com\/fr\/#website\"},\"datePublished\":\"2017-01-17T19:26:33+00:00\",\"dateModified\":\"2017-01-17T20:54:58+00:00\",\"breadcrumb\":{\"@id\":\"https:\/\/ushiplearnsubd.wpengine.com\/fr\/transporteurs\/premiers-pas\/#breadcrumb\"},\"inLanguage\":\"fr-FR\",\"potentialAction\":[{\"@type\":\"ReadAction\",\"target\":[\"https:\/\/ushiplearnsubd.wpengine.com\/fr\/transporteurs\/premiers-pas\/\"]}]},{\"@type\":\"BreadcrumbList\",\"@id\":\"https:\/\/ushiplearnsubd.wpengine.com\/fr\/transporteurs\/premiers-pas\/#breadcrumb\",\"itemListElement\":[{\"@type\":\"ListItem\",\"position\":1,\"name\":\"Home\",\"item\":\"https:\/\/ushiplearnsubd.wpengine.com\/fr\/\"},{\"@type\":\"ListItem\",\"position\":2,\"name\":\"Transporteurs\",\"item\":\"https:\/\/ushiplearnsubd.wpengine.com\/fr\/transporteurs\/\"},{\"@type\":\"ListItem\",\"position\":3,\"name\":\"Premiers Pas\"}]},{\"@type\":\"WebSite\",\"@id\":\"https:\/\/ushiplearnsubd.wpengine.com\/fr\/#website\",\"url\":\"https:\/\/ushiplearnsubd.wpengine.com\/fr\/\",\"name\":\"Comment \u00c7a Marche\",\"description\":\"\",\"potentialAction\":[{\"@type\":\"SearchAction\",\"target\":{\"@type\":\"EntryPoint\",\"urlTemplate\":\"https:\/\/ushiplearnsubd.wpengine.com\/fr\/?s={search_term_string}\"},\"query-input\":\"required name=search_term_string\"}],\"inLanguage\":\"fr-FR\"}]}<\/script>\n<!-- \/ Yoast SEO plugin. -->","yoast_head_json":{"title":"Premiers Pas - Comment \u00c7a Marche","robots":{"index":"index","follow":"follow","max-snippet":"max-snippet:-1","max-image-preview":"max-image-preview:large","max-video-preview":"max-video-preview:-1"},"canonical":"https:\/\/ushiplearnsubd.wpengine.com\/fr\/transporteurs\/premiers-pas\/","og_locale":"fr_FR","og_type":"article","og_title":"Premiers Pas - Comment \u00c7a Marche","og_url":"https:\/\/ushiplearnsubd.wpengine.com\/fr\/transporteurs\/premiers-pas\/","og_site_name":"Comment \u00c7a Marche","article_modified_time":"2017-01-17T20:54:58+00:00","twitter_card":"summary_large_image","schema":{"@context":"https:\/\/schema.org","@graph":[{"@type":"WebPage","@id":"https:\/\/ushiplearnsubd.wpengine.com\/fr\/transporteurs\/premiers-pas\/","url":"https:\/\/ushiplearnsubd.wpengine.com\/fr\/transporteurs\/premiers-pas\/","name":"Premiers Pas - Comment \u00c7a Marche","isPartOf":{"@id":"https:\/\/ushiplearnsubd.wpengine.com\/fr\/#website"},"datePublished":"2017-01-17T19:26:33+00:00","dateModified":"2017-01-17T20:54:58+00:00","breadcrumb":{"@id":"https:\/\/ushiplearnsubd.wpengine.com\/fr\/transporteurs\/premiers-pas\/#breadcrumb"},"inLanguage":"fr-FR","potentialAction":[{"@type":"ReadAction","target":["https:\/\/ushiplearnsubd.wpengine.com\/fr\/transporteurs\/premiers-pas\/"]}]},{"@type":"BreadcrumbList","@id":"https:\/\/ushiplearnsubd.wpengine.com\/fr\/transporteurs\/premiers-pas\/#breadcrumb","itemListElement":[{"@type":"ListItem","position":1,"name":"Home","item":"https:\/\/ushiplearnsubd.wpengine.com\/fr\/"},{"@type":"ListItem","position":2,"name":"Transporteurs","item":"https:\/\/ushiplearnsubd.wpengine.com\/fr\/transporteurs\/"},{"@type":"ListItem","position":3,"name":"Premiers Pas"}]},{"@type":"WebSite","@id":"https:\/\/ushiplearnsubd.wpengine.com\/fr\/#website","url":"https:\/\/ushiplearnsubd.wpengine.com\/fr\/","name":"Comment \u00c7a Marche","description":"","potentialAction":[{"@type":"SearchAction","target":{"@type":"EntryPoint","urlTemplate":"https:\/\/ushiplearnsubd.wpengine.com\/fr\/?s={search_term_string}"},"query-input":"required name=search_term_string"}],"inLanguage":"fr-FR"}]}},"fixed_price_tool_customer_success":{"image":false,"telephone":false,"email":false},"_links":{"self":[{"href":"https:\/\/ushiplearnsubd.wpengine.com\/fr\/wp-json\/wp\/v2\/pages\/5255","targetHints":{"allow":["GET"]}}],"collection":[{"href":"https:\/\/ushiplearnsubd.wpengine.com\/fr\/wp-json\/wp\/v2\/pages"}],"about":[{"href":"https:\/\/ushiplearnsubd.wpengine.com\/fr\/wp-json\/wp\/v2\/types\/page"}],"author":[{"embeddable":true,"href":"https:\/\/ushiplearnsubd.wpengine.com\/fr\/wp-json\/wp\/v2\/users\/2"}],"replies":[{"embeddable":true,"href":"https:\/\/ushiplearnsubd.wpengine.com\/fr\/wp-json\/wp\/v2\/comments?post=5255"}],"version-history":[{"count":0,"href":"https:\/\/ushiplearnsubd.wpengine.com\/fr\/wp-json\/wp\/v2\/pages\/5255\/revisions"}],"up":[{"embeddable":true,"href":"https:\/\/ushiplearnsubd.wpengine.com\/fr\/wp-json\/wp\/v2\/pages\/4"}],"wp:attachment":[{"href":"https:\/\/ushiplearnsubd.wpengine.com\/fr\/wp-json\/wp\/v2\/media?parent=5255"}],"curies":[{"name":"wp","href":"https:\/\/api.w.org\/{rel}","templated":true}]}}