{"id":5246,"date":"2017-01-17T19:12:53","date_gmt":"2017-01-17T19:12:53","guid":{"rendered":"https:\/\/ushiplearnsubd.wpengine.com\/fr\/?page_id=5246"},"modified":"2017-01-17T20:50:02","modified_gmt":"2017-01-17T20:50:02","slug":"garantie-reclamations","status":"publish","type":"page","link":"https:\/\/ushiplearnsubd.wpengine.com\/fr\/clients\/garantie-reclamations\/","title":{"rendered":"Garantie &#038; R\u00e9clamations"},"content":{"rendered":"","protected":false},"excerpt":{"rendered":"","protected":false},"author":2,"featured_media":0,"parent":5,"menu_order":0,"comment_status":"closed","ping_status":"closed","template":"tabbed-page-v2-child.php","meta":{"_acf_changed":false,"footnotes":""},"class_list":["post-5246","page","type-page","status-publish","hentry"],"acf":{"header_footer_type":false,"body_content":[{"acf_fc_layout":"intro_slide","intro_slide_id":"","intro_slide_head":"TRANSPORTEZ EN TOUTE CONFIANCE","intro_slide_subhead":"Nous vous offrons les outils n\u00e9cessaires tout au long de votre exp\u00e9rience de transport pour vous rassurer, que vous soyez un exp\u00e9diteur du dimanche ou un v\u00e9t\u00e9ran de la logisitique.","intro_slide_cta":null,"intro_slide_slide":[{"intro_slide_slide_image":5205}]},{"acf_fc_layout":"slanted_map","slanted_map_id":"","slanted_map_bg_color":"mapBackgroundGrey","slanted_map_bg_position":"mapBackgroundLeft","slanted_map_map_feature":"none","slanted_map_video_poster_image":null,"slanted_map_youtube_id":"","slanted_map_image":5070,"slanted_map_image_vertical_alignment":"alignmentMiddle","slanted_map_image_horizontal_alignment":"alignmentLeft","slanted_map_copy_intro":"GARANTIE \"EXP\u00c9DIEZ EN TOUTE CONFIANCE\"","slanted_map_copy_block_text":"<h6>AU CAS O\u00d9...<\/h6>\r\n&nbsp;\r\nNotre garantie \"Exp\u00e9diez en toute confiance\" peut vous permettre d'\u00eatre d\u00e9dommag\u00e9 \u00e0 hauteur de 200\u20ac* maximum, dans le cas o\u00f9 vous avez pay\u00e9 le transporteur mais que la prestation n'a pas eu lieu et qu'il ne vous rembourse pas. Cette garantie a \u00e9t\u00e9 mise en place pour la raison suivante : nous savons \u00e0 quel point vos biens sont importants. Notre \u00e9quipe peut aussi intervenir aupr\u00e8s de l'autre partie pour vous aider \u00e0 r\u00e9soudre des probl\u00e8mes de timing, de communication, ou de paiement.\r\n\r\n&nbsp;\r\nPlus de d\u00e9tails sur la garantie uShip \"Exp\u00e9diez en toute confiance\" <a href=\"https:\/\/help.uship.com\/hc\/fr\/articles\/207061137\">ici<\/a>.\r\n\r\n&nbsp;\r\n<span style=\"display: block; color: #999999; line-height: 20px; font-size: 14px;\">* La garantie uShip \"Exp\u00e9diez en toute confiance\" ne couvre que les transports r\u00e9serv\u00e9s sur uShip. Nous vous recommandons \u00e9galement de bien suivre le <a href=\"https:\/\/help.uship.com\/hc\/fr\/articles\/222804547\">Guide pour un transport s\u00e9curis\u00e9<\/a> afin d'anticiper tout probl\u00e8me et d'\u00eatre \u00e9ligible \u00e0 la garantie uShip.<\/span>","slanted_map_copy_cta":null,"slanted_map_trustpilot_widget":false}],"bottom_content":[{"acf_fc_layout":"bookend","bookend_content_type":"text","bookend_intro":"JE SUIS FIN PR\u00caT","bookend_intro_sub":"","bookend_image":null,"bookend_cta_text":"Publier mon annonce","bookend_cta_url":"https:\/\/www.uship.com\/ship","bookend_cta_onclick":"","bookend_cta_open_in_new_tab":[],"bookend_previous_content":[{"bookend_previous_url":5244,"bookend_previous_text":"Paiements<br>S\u00e9curis\u00e9s"}],"bookend_next_content":[{"bookend_next_url":5236,"bookend_next_text":"Premiers<br>Pas"}]},{"acf_fc_layout":"tertiary_callout","tertiary_callout_title":"Utiliser uShip pour mon entreprise","tertiary_callout_link_url":"\/fr\/expediteurs-professionnels\/","tertiary_callout_link_text":"Plus d'informations","tertiary_callout_link_onclick":"","tertiary_callout_open_in_new_tab":[]}]},"yoast_head":"<!-- This site is optimized with the Yoast SEO plugin v22.2 - https:\/\/yoast.com\/wordpress\/plugins\/seo\/ -->\n<title>Garantie &amp; R\u00e9clamations - Comment \u00c7a Marche<\/title>\n<meta name=\"robots\" content=\"index, follow, max-snippet:-1, max-image-preview:large, max-video-preview:-1\" \/>\n<link rel=\"canonical\" href=\"https:\/\/ushiplearnsubd.wpengine.com\/fr\/clients\/garantie-reclamations\/\" \/>\n<meta property=\"og:locale\" content=\"fr_FR\" \/>\n<meta property=\"og:type\" content=\"article\" \/>\n<meta property=\"og:title\" content=\"Garantie &amp; R\u00e9clamations - Comment \u00c7a Marche\" \/>\n<meta property=\"og:url\" content=\"https:\/\/ushiplearnsubd.wpengine.com\/fr\/clients\/garantie-reclamations\/\" \/>\n<meta property=\"og:site_name\" content=\"Comment \u00c7a Marche\" \/>\n<meta property=\"article:modified_time\" content=\"2017-01-17T20:50:02+00:00\" \/>\n<meta name=\"twitter:card\" content=\"summary_large_image\" \/>\n<script type=\"application\/ld+json\" class=\"yoast-schema-graph\">{\"@context\":\"https:\/\/schema.org\",\"@graph\":[{\"@type\":\"WebPage\",\"@id\":\"https:\/\/ushiplearnsubd.wpengine.com\/fr\/clients\/garantie-reclamations\/\",\"url\":\"https:\/\/ushiplearnsubd.wpengine.com\/fr\/clients\/garantie-reclamations\/\",\"name\":\"Garantie & R\u00e9clamations - Comment \u00c7a Marche\",\"isPartOf\":{\"@id\":\"https:\/\/ushiplearnsubd.wpengine.com\/fr\/#website\"},\"datePublished\":\"2017-01-17T19:12:53+00:00\",\"dateModified\":\"2017-01-17T20:50:02+00:00\",\"breadcrumb\":{\"@id\":\"https:\/\/ushiplearnsubd.wpengine.com\/fr\/clients\/garantie-reclamations\/#breadcrumb\"},\"inLanguage\":\"fr-FR\",\"potentialAction\":[{\"@type\":\"ReadAction\",\"target\":[\"https:\/\/ushiplearnsubd.wpengine.com\/fr\/clients\/garantie-reclamations\/\"]}]},{\"@type\":\"BreadcrumbList\",\"@id\":\"https:\/\/ushiplearnsubd.wpengine.com\/fr\/clients\/garantie-reclamations\/#breadcrumb\",\"itemListElement\":[{\"@type\":\"ListItem\",\"position\":1,\"name\":\"Home\",\"item\":\"https:\/\/ushiplearnsubd.wpengine.com\/fr\/\"},{\"@type\":\"ListItem\",\"position\":2,\"name\":\"Clients\",\"item\":\"https:\/\/ushiplearnsubd.wpengine.com\/fr\/clients\/\"},{\"@type\":\"ListItem\",\"position\":3,\"name\":\"Garantie &#038; R\u00e9clamations\"}]},{\"@type\":\"WebSite\",\"@id\":\"https:\/\/ushiplearnsubd.wpengine.com\/fr\/#website\",\"url\":\"https:\/\/ushiplearnsubd.wpengine.com\/fr\/\",\"name\":\"Comment \u00c7a Marche\",\"description\":\"\",\"potentialAction\":[{\"@type\":\"SearchAction\",\"target\":{\"@type\":\"EntryPoint\",\"urlTemplate\":\"https:\/\/ushiplearnsubd.wpengine.com\/fr\/?s={search_term_string}\"},\"query-input\":\"required name=search_term_string\"}],\"inLanguage\":\"fr-FR\"}]}<\/script>\n<!-- \/ Yoast SEO plugin. -->","yoast_head_json":{"title":"Garantie & R\u00e9clamations - Comment \u00c7a Marche","robots":{"index":"index","follow":"follow","max-snippet":"max-snippet:-1","max-image-preview":"max-image-preview:large","max-video-preview":"max-video-preview:-1"},"canonical":"https:\/\/ushiplearnsubd.wpengine.com\/fr\/clients\/garantie-reclamations\/","og_locale":"fr_FR","og_type":"article","og_title":"Garantie & R\u00e9clamations - Comment \u00c7a Marche","og_url":"https:\/\/ushiplearnsubd.wpengine.com\/fr\/clients\/garantie-reclamations\/","og_site_name":"Comment \u00c7a Marche","article_modified_time":"2017-01-17T20:50:02+00:00","twitter_card":"summary_large_image","schema":{"@context":"https:\/\/schema.org","@graph":[{"@type":"WebPage","@id":"https:\/\/ushiplearnsubd.wpengine.com\/fr\/clients\/garantie-reclamations\/","url":"https:\/\/ushiplearnsubd.wpengine.com\/fr\/clients\/garantie-reclamations\/","name":"Garantie & R\u00e9clamations - Comment \u00c7a Marche","isPartOf":{"@id":"https:\/\/ushiplearnsubd.wpengine.com\/fr\/#website"},"datePublished":"2017-01-17T19:12:53+00:00","dateModified":"2017-01-17T20:50:02+00:00","breadcrumb":{"@id":"https:\/\/ushiplearnsubd.wpengine.com\/fr\/clients\/garantie-reclamations\/#breadcrumb"},"inLanguage":"fr-FR","potentialAction":[{"@type":"ReadAction","target":["https:\/\/ushiplearnsubd.wpengine.com\/fr\/clients\/garantie-reclamations\/"]}]},{"@type":"BreadcrumbList","@id":"https:\/\/ushiplearnsubd.wpengine.com\/fr\/clients\/garantie-reclamations\/#breadcrumb","itemListElement":[{"@type":"ListItem","position":1,"name":"Home","item":"https:\/\/ushiplearnsubd.wpengine.com\/fr\/"},{"@type":"ListItem","position":2,"name":"Clients","item":"https:\/\/ushiplearnsubd.wpengine.com\/fr\/clients\/"},{"@type":"ListItem","position":3,"name":"Garantie &#038; R\u00e9clamations"}]},{"@type":"WebSite","@id":"https:\/\/ushiplearnsubd.wpengine.com\/fr\/#website","url":"https:\/\/ushiplearnsubd.wpengine.com\/fr\/","name":"Comment \u00c7a Marche","description":"","potentialAction":[{"@type":"SearchAction","target":{"@type":"EntryPoint","urlTemplate":"https:\/\/ushiplearnsubd.wpengine.com\/fr\/?s={search_term_string}"},"query-input":"required name=search_term_string"}],"inLanguage":"fr-FR"}]}},"fixed_price_tool_customer_success":{"image":false,"telephone":false,"email":false},"_links":{"self":[{"href":"https:\/\/ushiplearnsubd.wpengine.com\/fr\/wp-json\/wp\/v2\/pages\/5246","targetHints":{"allow":["GET"]}}],"collection":[{"href":"https:\/\/ushiplearnsubd.wpengine.com\/fr\/wp-json\/wp\/v2\/pages"}],"about":[{"href":"https:\/\/ushiplearnsubd.wpengine.com\/fr\/wp-json\/wp\/v2\/types\/page"}],"author":[{"embeddable":true,"href":"https:\/\/ushiplearnsubd.wpengine.com\/fr\/wp-json\/wp\/v2\/users\/2"}],"replies":[{"embeddable":true,"href":"https:\/\/ushiplearnsubd.wpengine.com\/fr\/wp-json\/wp\/v2\/comments?post=5246"}],"version-history":[{"count":0,"href":"https:\/\/ushiplearnsubd.wpengine.com\/fr\/wp-json\/wp\/v2\/pages\/5246\/revisions"}],"up":[{"embeddable":true,"href":"https:\/\/ushiplearnsubd.wpengine.com\/fr\/wp-json\/wp\/v2\/pages\/5"}],"wp:attachment":[{"href":"https:\/\/ushiplearnsubd.wpengine.com\/fr\/wp-json\/wp\/v2\/media?parent=5246"}],"curies":[{"name":"wp","href":"https:\/\/api.w.org\/{rel}","templated":true}]}}