{"id":5236,"date":"2017-01-17T19:09:50","date_gmt":"2017-01-17T19:09:50","guid":{"rendered":"https:\/\/ushiplearnsubd.wpengine.com\/fr\/?page_id=5236"},"modified":"2017-01-17T20:35:22","modified_gmt":"2017-01-17T20:35:22","slug":"premiers-pas","status":"publish","type":"page","link":"https:\/\/ushiplearnsubd.wpengine.com\/fr\/clients\/premiers-pas\/","title":{"rendered":"Premiers Pas"},"content":{"rendered":"","protected":false},"excerpt":{"rendered":"","protected":false},"author":2,"featured_media":0,"parent":5,"menu_order":0,"comment_status":"closed","ping_status":"closed","template":"tabbed-page-v2-child.php","meta":{"_acf_changed":false,"footnotes":""},"class_list":["post-5236","page","type-page","status-publish","hentry"],"acf":{"header_footer_type":false,"body_content":[{"acf_fc_layout":"intro_slide","intro_slide_id":"","intro_slide_head":"VOUS \u00caTES AU BON ENDROIT","intro_slide_subhead":"Peu importe ce que vous avez \u00e0 transporter - votre voiture, la nouvelle moto de votre fils, l'\u00e9norme armoire de votre belle-m\u00e8re, ou m\u00eame la vache de votre fr\u00e8re un peu farfelu - vous trouverez ici un transporteur qui pourra vous aider.","intro_slide_cta":null,"intro_slide_slide":[{"intro_slide_slide_image":681},{"intro_slide_slide_image":682},{"intro_slide_slide_image":2612}]},{"acf_fc_layout":"strip_data_callout","strip_data_callout_id":"","strip_data_callout_content":[{"strip_data_callout_block_value":"3.5","strip_data_callout_block_caption":"millions de clients <br>exp\u00e9diteurs"},{"strip_data_callout_block_value":"788.000","strip_data_callout_block_caption":"transporteurs"},{"strip_data_callout_block_value":"5.7","strip_data_callout_block_caption":"millions <br>d'annonces"}]},{"acf_fc_layout":"icon_bullet_points","icon_bullet_points_id":"","icon_bullet_points_row":[{"icon_bullet_points_row_icon":"icon_4stars","icon_bullet_points_row_title":"VOUS AVEZ LE CONTR\u00d4LE","icon_bullet_points_row_text":"uShip est une plateforme de transport en ligne qui vous met en relation avec des transporteurs \u00e9valu\u00e9s. Vous pouvez bien s\u00fbr poser des questions aux transporteurs sur votre annonce si vous le souhaitez, ou contacter notre <a href=\"https:\/\/help.uship.com\/hc\/fr\">Service Client<\/a> si besoin."},{"icon_bullet_points_row_icon":"icon_camera","icon_bullet_points_row_title":"SOYEZ PR\u00c9CIS","icon_bullet_points_row_text":"Les devis que vous recevez sont affin\u00e9s par les transporteurs en fonction des d\u00e9tails que vous leur fournissez. Plus vous \u00eates pr\u00e9cis, et plus les devis seront justes. Chaque d\u00e9tail (dimensions, poids, \u00e9tages, accessibilit\u00e9 des lieux, etc) a son importance."},{"icon_bullet_points_row_icon":"icon_phone","icon_bullet_points_row_title":"ESSAYEZ L'APPLICATION","icon_bullet_points_row_text":"Les transactions uShip sont plus faciles \u00e0 g\u00e9rer via l'application. Communiquez facilement avec votre transporteur, et suivez l'avanc\u00e9e de votre transport en toute tranquillit\u00e9."},{"icon_bullet_points_row_icon":"icon_creditcard","icon_bullet_points_row_title":"PAYEZ EN DEUX FOIS","icon_bullet_points_row_text":"Lorsque vous acceptez un devis, <a href=\"https:\/\/help.uship.com\/hc\/fr\/articles\/205735238\">vous payez un acompte en ligne pour confirmer la r\u00e9servation<\/a>. Le solde restant est d\u00fb au transporteur directement suite \u00e0 la livraison, et selon ses modes de paiement accept\u00e9s. Le Paiement uShip, notre syst\u00e8me de paiement en ligne s\u00e9curis\u00e9, est seulement disponible dans certains pays pour le moment : un logo dor\u00e9 apparait \u00e0 c\u00f4t\u00e9 des prix re\u00e7us dans ce cas l\u00e0."}]}],"bottom_content":[{"acf_fc_layout":"bookend","bookend_content_type":"text","bookend_intro":"JE SUIS FIN PR\u00caT","bookend_intro_sub":"","bookend_image":null,"bookend_cta_text":"Publier mon annonce","bookend_cta_url":"https:\/\/www.uship.com\/ship","bookend_cta_onclick":"","bookend_cta_open_in_new_tab":[],"bookend_previous_content":[{"bookend_previous_url":5246,"bookend_previous_text":"Garantie &<br>R\u00e9clamations"}],"bookend_next_content":[{"bookend_next_url":5238,"bookend_next_text":"Outils<br>uShip"}]},{"acf_fc_layout":"tertiary_callout","tertiary_callout_title":"Utiliser uShip pour mon entreprise","tertiary_callout_link_url":"\/fr\/expediteurs-professionnels\/","tertiary_callout_link_text":"Plus d'informations","tertiary_callout_link_onclick":"","tertiary_callout_open_in_new_tab":[]}]},"yoast_head":"<!-- This site is optimized with the Yoast SEO plugin v22.2 - https:\/\/yoast.com\/wordpress\/plugins\/seo\/ -->\n<title>Premiers Pas - Comment \u00c7a Marche<\/title>\n<meta name=\"robots\" content=\"index, follow, max-snippet:-1, max-image-preview:large, max-video-preview:-1\" \/>\n<link rel=\"canonical\" href=\"https:\/\/ushiplearnsubd.wpengine.com\/fr\/clients\/premiers-pas\/\" \/>\n<meta property=\"og:locale\" content=\"fr_FR\" \/>\n<meta property=\"og:type\" content=\"article\" \/>\n<meta property=\"og:title\" content=\"Premiers Pas - Comment \u00c7a Marche\" \/>\n<meta property=\"og:url\" content=\"https:\/\/ushiplearnsubd.wpengine.com\/fr\/clients\/premiers-pas\/\" \/>\n<meta property=\"og:site_name\" content=\"Comment \u00c7a Marche\" \/>\n<meta property=\"article:modified_time\" content=\"2017-01-17T20:35:22+00:00\" \/>\n<meta name=\"twitter:card\" content=\"summary_large_image\" \/>\n<script type=\"application\/ld+json\" class=\"yoast-schema-graph\">{\"@context\":\"https:\/\/schema.org\",\"@graph\":[{\"@type\":\"WebPage\",\"@id\":\"https:\/\/ushiplearnsubd.wpengine.com\/fr\/clients\/premiers-pas\/\",\"url\":\"https:\/\/ushiplearnsubd.wpengine.com\/fr\/clients\/premiers-pas\/\",\"name\":\"Premiers Pas - Comment \u00c7a Marche\",\"isPartOf\":{\"@id\":\"https:\/\/ushiplearnsubd.wpengine.com\/fr\/#website\"},\"datePublished\":\"2017-01-17T19:09:50+00:00\",\"dateModified\":\"2017-01-17T20:35:22+00:00\",\"breadcrumb\":{\"@id\":\"https:\/\/ushiplearnsubd.wpengine.com\/fr\/clients\/premiers-pas\/#breadcrumb\"},\"inLanguage\":\"fr-FR\",\"potentialAction\":[{\"@type\":\"ReadAction\",\"target\":[\"https:\/\/ushiplearnsubd.wpengine.com\/fr\/clients\/premiers-pas\/\"]}]},{\"@type\":\"BreadcrumbList\",\"@id\":\"https:\/\/ushiplearnsubd.wpengine.com\/fr\/clients\/premiers-pas\/#breadcrumb\",\"itemListElement\":[{\"@type\":\"ListItem\",\"position\":1,\"name\":\"Home\",\"item\":\"https:\/\/ushiplearnsubd.wpengine.com\/fr\/\"},{\"@type\":\"ListItem\",\"position\":2,\"name\":\"Clients\",\"item\":\"https:\/\/ushiplearnsubd.wpengine.com\/fr\/clients\/\"},{\"@type\":\"ListItem\",\"position\":3,\"name\":\"Premiers Pas\"}]},{\"@type\":\"WebSite\",\"@id\":\"https:\/\/ushiplearnsubd.wpengine.com\/fr\/#website\",\"url\":\"https:\/\/ushiplearnsubd.wpengine.com\/fr\/\",\"name\":\"Comment \u00c7a Marche\",\"description\":\"\",\"potentialAction\":[{\"@type\":\"SearchAction\",\"target\":{\"@type\":\"EntryPoint\",\"urlTemplate\":\"https:\/\/ushiplearnsubd.wpengine.com\/fr\/?s={search_term_string}\"},\"query-input\":\"required name=search_term_string\"}],\"inLanguage\":\"fr-FR\"}]}<\/script>\n<!-- \/ Yoast SEO plugin. -->","yoast_head_json":{"title":"Premiers Pas - Comment \u00c7a Marche","robots":{"index":"index","follow":"follow","max-snippet":"max-snippet:-1","max-image-preview":"max-image-preview:large","max-video-preview":"max-video-preview:-1"},"canonical":"https:\/\/ushiplearnsubd.wpengine.com\/fr\/clients\/premiers-pas\/","og_locale":"fr_FR","og_type":"article","og_title":"Premiers Pas - Comment \u00c7a Marche","og_url":"https:\/\/ushiplearnsubd.wpengine.com\/fr\/clients\/premiers-pas\/","og_site_name":"Comment \u00c7a Marche","article_modified_time":"2017-01-17T20:35:22+00:00","twitter_card":"summary_large_image","schema":{"@context":"https:\/\/schema.org","@graph":[{"@type":"WebPage","@id":"https:\/\/ushiplearnsubd.wpengine.com\/fr\/clients\/premiers-pas\/","url":"https:\/\/ushiplearnsubd.wpengine.com\/fr\/clients\/premiers-pas\/","name":"Premiers Pas - Comment \u00c7a Marche","isPartOf":{"@id":"https:\/\/ushiplearnsubd.wpengine.com\/fr\/#website"},"datePublished":"2017-01-17T19:09:50+00:00","dateModified":"2017-01-17T20:35:22+00:00","breadcrumb":{"@id":"https:\/\/ushiplearnsubd.wpengine.com\/fr\/clients\/premiers-pas\/#breadcrumb"},"inLanguage":"fr-FR","potentialAction":[{"@type":"ReadAction","target":["https:\/\/ushiplearnsubd.wpengine.com\/fr\/clients\/premiers-pas\/"]}]},{"@type":"BreadcrumbList","@id":"https:\/\/ushiplearnsubd.wpengine.com\/fr\/clients\/premiers-pas\/#breadcrumb","itemListElement":[{"@type":"ListItem","position":1,"name":"Home","item":"https:\/\/ushiplearnsubd.wpengine.com\/fr\/"},{"@type":"ListItem","position":2,"name":"Clients","item":"https:\/\/ushiplearnsubd.wpengine.com\/fr\/clients\/"},{"@type":"ListItem","position":3,"name":"Premiers Pas"}]},{"@type":"WebSite","@id":"https:\/\/ushiplearnsubd.wpengine.com\/fr\/#website","url":"https:\/\/ushiplearnsubd.wpengine.com\/fr\/","name":"Comment \u00c7a Marche","description":"","potentialAction":[{"@type":"SearchAction","target":{"@type":"EntryPoint","urlTemplate":"https:\/\/ushiplearnsubd.wpengine.com\/fr\/?s={search_term_string}"},"query-input":"required name=search_term_string"}],"inLanguage":"fr-FR"}]}},"fixed_price_tool_customer_success":{"image":false,"telephone":false,"email":false},"_links":{"self":[{"href":"https:\/\/ushiplearnsubd.wpengine.com\/fr\/wp-json\/wp\/v2\/pages\/5236","targetHints":{"allow":["GET"]}}],"collection":[{"href":"https:\/\/ushiplearnsubd.wpengine.com\/fr\/wp-json\/wp\/v2\/pages"}],"about":[{"href":"https:\/\/ushiplearnsubd.wpengine.com\/fr\/wp-json\/wp\/v2\/types\/page"}],"author":[{"embeddable":true,"href":"https:\/\/ushiplearnsubd.wpengine.com\/fr\/wp-json\/wp\/v2\/users\/2"}],"replies":[{"embeddable":true,"href":"https:\/\/ushiplearnsubd.wpengine.com\/fr\/wp-json\/wp\/v2\/comments?post=5236"}],"version-history":[{"count":0,"href":"https:\/\/ushiplearnsubd.wpengine.com\/fr\/wp-json\/wp\/v2\/pages\/5236\/revisions"}],"up":[{"embeddable":true,"href":"https:\/\/ushiplearnsubd.wpengine.com\/fr\/wp-json\/wp\/v2\/pages\/5"}],"wp:attachment":[{"href":"https:\/\/ushiplearnsubd.wpengine.com\/fr\/wp-json\/wp\/v2\/media?parent=5236"}],"curies":[{"name":"wp","href":"https:\/\/api.w.org\/{rel}","templated":true}]}}