{"id":5,"date":"2016-02-02T16:09:33","date_gmt":"2016-02-02T16:09:33","guid":{"rendered":"http:\/\/ushiplearn.wpengine.com\/?page_id=5"},"modified":"2019-06-04T18:58:39","modified_gmt":"2019-06-04T18:58:39","slug":"clients","status":"publish","type":"page","link":"https:\/\/ushiplearnsubd.wpengine.com\/fr\/clients\/","title":{"rendered":"Clients"},"content":{"rendered":"","protected":false},"excerpt":{"rendered":"","protected":false},"author":2,"featured_media":0,"parent":0,"menu_order":0,"comment_status":"closed","ping_status":"closed","template":"tabbed-page-v2.php","meta":{"_acf_changed":false,"footnotes":""},"class_list":["post-5","page","type-page","status-publish","hentry"],"acf":{"header_footer_type":"full","top_content":[{"acf_fc_layout":"hero","hero_size":"heroLarge","hero_image":5106,"hero_headline":"LE TRANSPORT EN TOUTE S\u00c9R\u00c9NIT\u00c9","hero_subheadline":"Nous rendons le transport facile et abordable en mettant en relation clients exp\u00e9diteurs et transporteurs","hero_cta":[{"hero_cta_url":"https:\/\/www.uship.com\/ship","hero_cta_text":"Publier mon annonce","hero_cta_onclick":"","hero_cta_open_in_new_tab":""}],"hero_cta_secondary":null,"hero_video_modal_primary":null,"hero_form_modal_primary":null,"hero_video_modal_secondary":[{"hero_video_modal_secondary_iframe":"<iframe src=\"https:\/\/player.vimeo.com\/video\/165180480\" frameborder=\"0\" webkitallowfullscreen mozallowfullscreen allowfullscreen><\/iframe>","hero_video_modal_secondary_text":"Lancer la vid\u00e9o","hero_video_modal_secondary_onclick":""}],"hero_form_modal_secondary":null,"hero_tertiary_callout":null,"hero_cobranded_strip":null,"include_hubspot_form":"","hero_form_header":"","hero_hubspot_embed":""}]},"yoast_head":"<!-- This site is optimized with the Yoast SEO plugin v22.2 - https:\/\/yoast.com\/wordpress\/plugins\/seo\/ -->\n<title>Comment \u00c7a Marche - Clients<\/title>\n<meta name=\"description\" content=\"uShip vous permet de transporter des biens encombrants \u00e0 un co\u00fbt abordable en vous mettant en relation avec des transporteurs disponibles. Choisissez celui qui vous propose le meilleur compromis.\" \/>\n<meta name=\"robots\" content=\"index, follow, max-snippet:-1, max-image-preview:large, max-video-preview:-1\" \/>\n<link rel=\"canonical\" href=\"https:\/\/ushiplearnsubd.wpengine.com\/fr\/clients\/\" \/>\n<meta property=\"og:locale\" content=\"fr_FR\" \/>\n<meta property=\"og:type\" content=\"article\" \/>\n<meta property=\"og:title\" content=\"Comment \u00c7a Marche - Clients\" \/>\n<meta property=\"og:description\" content=\"uShip vous permet de transporter des biens encombrants \u00e0 un co\u00fbt abordable en vous mettant en relation avec des transporteurs disponibles. Choisissez celui qui vous propose le meilleur compromis.\" \/>\n<meta property=\"og:url\" content=\"https:\/\/ushiplearnsubd.wpengine.com\/fr\/clients\/\" \/>\n<meta property=\"og:site_name\" content=\"Comment \u00c7a Marche\" \/>\n<meta property=\"article:modified_time\" content=\"2019-06-04T18:58:39+00:00\" \/>\n<meta name=\"twitter:card\" content=\"summary_large_image\" \/>\n<script type=\"application\/ld+json\" class=\"yoast-schema-graph\">{\"@context\":\"https:\/\/schema.org\",\"@graph\":[{\"@type\":\"WebPage\",\"@id\":\"https:\/\/ushiplearnsubd.wpengine.com\/fr\/clients\/\",\"url\":\"https:\/\/ushiplearnsubd.wpengine.com\/fr\/clients\/\",\"name\":\"Comment \u00c7a Marche - Clients\",\"isPartOf\":{\"@id\":\"https:\/\/ushiplearnsubd.wpengine.com\/fr\/#website\"},\"datePublished\":\"2016-02-02T16:09:33+00:00\",\"dateModified\":\"2019-06-04T18:58:39+00:00\",\"description\":\"uShip vous permet de transporter des biens encombrants \u00e0 un co\u00fbt abordable en vous mettant en relation avec des transporteurs disponibles. Choisissez celui qui vous propose le meilleur compromis.\",\"breadcrumb\":{\"@id\":\"https:\/\/ushiplearnsubd.wpengine.com\/fr\/clients\/#breadcrumb\"},\"inLanguage\":\"fr-FR\",\"potentialAction\":[{\"@type\":\"ReadAction\",\"target\":[\"https:\/\/ushiplearnsubd.wpengine.com\/fr\/clients\/\"]}]},{\"@type\":\"BreadcrumbList\",\"@id\":\"https:\/\/ushiplearnsubd.wpengine.com\/fr\/clients\/#breadcrumb\",\"itemListElement\":[{\"@type\":\"ListItem\",\"position\":1,\"name\":\"Home\",\"item\":\"https:\/\/ushiplearnsubd.wpengine.com\/fr\/\"},{\"@type\":\"ListItem\",\"position\":2,\"name\":\"Clients\"}]},{\"@type\":\"WebSite\",\"@id\":\"https:\/\/ushiplearnsubd.wpengine.com\/fr\/#website\",\"url\":\"https:\/\/ushiplearnsubd.wpengine.com\/fr\/\",\"name\":\"Comment \u00c7a Marche\",\"description\":\"\",\"potentialAction\":[{\"@type\":\"SearchAction\",\"target\":{\"@type\":\"EntryPoint\",\"urlTemplate\":\"https:\/\/ushiplearnsubd.wpengine.com\/fr\/?s={search_term_string}\"},\"query-input\":\"required name=search_term_string\"}],\"inLanguage\":\"fr-FR\"}]}<\/script>\n<!-- \/ Yoast SEO plugin. -->","yoast_head_json":{"title":"Comment \u00c7a Marche - Clients","description":"uShip vous permet de transporter des biens encombrants \u00e0 un co\u00fbt abordable en vous mettant en relation avec des transporteurs disponibles. Choisissez celui qui vous propose le meilleur compromis.","robots":{"index":"index","follow":"follow","max-snippet":"max-snippet:-1","max-image-preview":"max-image-preview:large","max-video-preview":"max-video-preview:-1"},"canonical":"https:\/\/ushiplearnsubd.wpengine.com\/fr\/clients\/","og_locale":"fr_FR","og_type":"article","og_title":"Comment \u00c7a Marche - Clients","og_description":"uShip vous permet de transporter des biens encombrants \u00e0 un co\u00fbt abordable en vous mettant en relation avec des transporteurs disponibles. Choisissez celui qui vous propose le meilleur compromis.","og_url":"https:\/\/ushiplearnsubd.wpengine.com\/fr\/clients\/","og_site_name":"Comment \u00c7a Marche","article_modified_time":"2019-06-04T18:58:39+00:00","twitter_card":"summary_large_image","schema":{"@context":"https:\/\/schema.org","@graph":[{"@type":"WebPage","@id":"https:\/\/ushiplearnsubd.wpengine.com\/fr\/clients\/","url":"https:\/\/ushiplearnsubd.wpengine.com\/fr\/clients\/","name":"Comment \u00c7a Marche - Clients","isPartOf":{"@id":"https:\/\/ushiplearnsubd.wpengine.com\/fr\/#website"},"datePublished":"2016-02-02T16:09:33+00:00","dateModified":"2019-06-04T18:58:39+00:00","description":"uShip vous permet de transporter des biens encombrants \u00e0 un co\u00fbt abordable en vous mettant en relation avec des transporteurs disponibles. Choisissez celui qui vous propose le meilleur compromis.","breadcrumb":{"@id":"https:\/\/ushiplearnsubd.wpengine.com\/fr\/clients\/#breadcrumb"},"inLanguage":"fr-FR","potentialAction":[{"@type":"ReadAction","target":["https:\/\/ushiplearnsubd.wpengine.com\/fr\/clients\/"]}]},{"@type":"BreadcrumbList","@id":"https:\/\/ushiplearnsubd.wpengine.com\/fr\/clients\/#breadcrumb","itemListElement":[{"@type":"ListItem","position":1,"name":"Home","item":"https:\/\/ushiplearnsubd.wpengine.com\/fr\/"},{"@type":"ListItem","position":2,"name":"Clients"}]},{"@type":"WebSite","@id":"https:\/\/ushiplearnsubd.wpengine.com\/fr\/#website","url":"https:\/\/ushiplearnsubd.wpengine.com\/fr\/","name":"Comment \u00c7a Marche","description":"","potentialAction":[{"@type":"SearchAction","target":{"@type":"EntryPoint","urlTemplate":"https:\/\/ushiplearnsubd.wpengine.com\/fr\/?s={search_term_string}"},"query-input":"required name=search_term_string"}],"inLanguage":"fr-FR"}]}},"fixed_price_tool_customer_success":false,"_links":{"self":[{"href":"https:\/\/ushiplearnsubd.wpengine.com\/fr\/wp-json\/wp\/v2\/pages\/5","targetHints":{"allow":["GET"]}}],"collection":[{"href":"https:\/\/ushiplearnsubd.wpengine.com\/fr\/wp-json\/wp\/v2\/pages"}],"about":[{"href":"https:\/\/ushiplearnsubd.wpengine.com\/fr\/wp-json\/wp\/v2\/types\/page"}],"author":[{"embeddable":true,"href":"https:\/\/ushiplearnsubd.wpengine.com\/fr\/wp-json\/wp\/v2\/users\/2"}],"replies":[{"embeddable":true,"href":"https:\/\/ushiplearnsubd.wpengine.com\/fr\/wp-json\/wp\/v2\/comments?post=5"}],"version-history":[{"count":0,"href":"https:\/\/ushiplearnsubd.wpengine.com\/fr\/wp-json\/wp\/v2\/pages\/5\/revisions"}],"wp:attachment":[{"href":"https:\/\/ushiplearnsubd.wpengine.com\/fr\/wp-json\/wp\/v2\/media?parent=5"}],"curies":[{"name":"wp","href":"https:\/\/api.w.org\/{rel}","templated":true}]}}