{"id":1323,"date":"2016-04-06T15:13:52","date_gmt":"2016-04-06T15:13:52","guid":{"rendered":"http:\/\/ushiplearnsubd.wpengine.com\/fr\/?page_id=1323"},"modified":"2019-06-04T20:53:56","modified_gmt":"2019-06-04T20:53:56","slug":"partenariats","status":"publish","type":"page","link":"https:\/\/ushiplearnsubd.wpengine.com\/fr\/partenariats\/","title":{"rendered":"Partenariats"},"content":{"rendered":"","protected":false},"excerpt":{"rendered":"","protected":false},"author":2,"featured_media":0,"parent":0,"menu_order":0,"comment_status":"closed","ping_status":"closed","template":"tabbed-page-v2.php","meta":{"_acf_changed":false,"footnotes":""},"class_list":["post-1323","page","type-page","status-publish","hentry"],"acf":{"header_footer_type":"full","top_content":[{"acf_fc_layout":"hero","hero_size":"heroLarge","hero_image":1324,"hero_headline":"LES PARTENARIATS QUI MARCHENT","hero_subheadline":"Nous avons finalis\u00e9 des contrats avec des partenaires de renom dans le but de cr\u00e9er des opportunit\u00e9s de d\u00e9veloppement et de croissance.","hero_cta":[{"hero_cta_url":"mailto:partners@uship.com","hero_cta_text":"Contacter uShip","hero_cta_onclick":"","hero_cta_open_in_new_tab":""}],"hero_cta_secondary":null,"hero_video_modal_primary":null,"hero_form_modal_primary":null,"hero_video_modal_secondary":null,"hero_form_modal_secondary":null,"hero_tertiary_callout":null,"hero_cobranded_strip":null,"include_hubspot_form":"","hero_form_header":"","hero_hubspot_embed":""}]},"yoast_head":"<!-- This site is optimized with the Yoast SEO plugin v22.2 - https:\/\/yoast.com\/wordpress\/plugins\/seo\/ -->\n<title>Comment \u00c7a Marche - Partenariats<\/title>\n<meta name=\"description\" content=\"Gagnez du temps et de l&#039;argent en b\u00e9n\u00e9ficiant de la force de frappe de uShip via une int\u00e9gration personnalis\u00e9e. D\u00e9couvrez nos partenariats actuels et voyez si cette option peut aussi vous int\u00e9resser.\" \/>\n<meta name=\"robots\" content=\"index, follow, max-snippet:-1, max-image-preview:large, max-video-preview:-1\" \/>\n<link rel=\"canonical\" href=\"https:\/\/ushiplearnsubd.wpengine.com\/fr\/partenariats\/\" \/>\n<meta property=\"og:locale\" content=\"fr_FR\" \/>\n<meta property=\"og:type\" content=\"article\" \/>\n<meta property=\"og:title\" content=\"Comment \u00c7a Marche - Partenariats\" \/>\n<meta property=\"og:description\" content=\"Gagnez du temps et de l&#039;argent en b\u00e9n\u00e9ficiant de la force de frappe de uShip via une int\u00e9gration personnalis\u00e9e. D\u00e9couvrez nos partenariats actuels et voyez si cette option peut aussi vous int\u00e9resser.\" \/>\n<meta property=\"og:url\" content=\"https:\/\/ushiplearnsubd.wpengine.com\/fr\/partenariats\/\" \/>\n<meta property=\"og:site_name\" content=\"Comment \u00c7a Marche\" \/>\n<meta property=\"article:modified_time\" content=\"2019-06-04T20:53:56+00:00\" \/>\n<meta name=\"twitter:card\" content=\"summary_large_image\" \/>\n<script type=\"application\/ld+json\" class=\"yoast-schema-graph\">{\"@context\":\"https:\/\/schema.org\",\"@graph\":[{\"@type\":\"WebPage\",\"@id\":\"https:\/\/ushiplearnsubd.wpengine.com\/fr\/partenariats\/\",\"url\":\"https:\/\/ushiplearnsubd.wpengine.com\/fr\/partenariats\/\",\"name\":\"Comment \u00c7a Marche - Partenariats\",\"isPartOf\":{\"@id\":\"https:\/\/ushiplearnsubd.wpengine.com\/fr\/#website\"},\"datePublished\":\"2016-04-06T15:13:52+00:00\",\"dateModified\":\"2019-06-04T20:53:56+00:00\",\"description\":\"Gagnez du temps et de l'argent en b\u00e9n\u00e9ficiant de la force de frappe de uShip via une int\u00e9gration personnalis\u00e9e. D\u00e9couvrez nos partenariats actuels et voyez si cette option peut aussi vous int\u00e9resser.\",\"breadcrumb\":{\"@id\":\"https:\/\/ushiplearnsubd.wpengine.com\/fr\/partenariats\/#breadcrumb\"},\"inLanguage\":\"fr-FR\",\"potentialAction\":[{\"@type\":\"ReadAction\",\"target\":[\"https:\/\/ushiplearnsubd.wpengine.com\/fr\/partenariats\/\"]}]},{\"@type\":\"BreadcrumbList\",\"@id\":\"https:\/\/ushiplearnsubd.wpengine.com\/fr\/partenariats\/#breadcrumb\",\"itemListElement\":[{\"@type\":\"ListItem\",\"position\":1,\"name\":\"Home\",\"item\":\"https:\/\/ushiplearnsubd.wpengine.com\/fr\/\"},{\"@type\":\"ListItem\",\"position\":2,\"name\":\"Partenariats\"}]},{\"@type\":\"WebSite\",\"@id\":\"https:\/\/ushiplearnsubd.wpengine.com\/fr\/#website\",\"url\":\"https:\/\/ushiplearnsubd.wpengine.com\/fr\/\",\"name\":\"Comment \u00c7a Marche\",\"description\":\"\",\"potentialAction\":[{\"@type\":\"SearchAction\",\"target\":{\"@type\":\"EntryPoint\",\"urlTemplate\":\"https:\/\/ushiplearnsubd.wpengine.com\/fr\/?s={search_term_string}\"},\"query-input\":\"required name=search_term_string\"}],\"inLanguage\":\"fr-FR\"}]}<\/script>\n<!-- \/ Yoast SEO plugin. -->","yoast_head_json":{"title":"Comment \u00c7a Marche - Partenariats","description":"Gagnez du temps et de l'argent en b\u00e9n\u00e9ficiant de la force de frappe de uShip via une int\u00e9gration personnalis\u00e9e. D\u00e9couvrez nos partenariats actuels et voyez si cette option peut aussi vous int\u00e9resser.","robots":{"index":"index","follow":"follow","max-snippet":"max-snippet:-1","max-image-preview":"max-image-preview:large","max-video-preview":"max-video-preview:-1"},"canonical":"https:\/\/ushiplearnsubd.wpengine.com\/fr\/partenariats\/","og_locale":"fr_FR","og_type":"article","og_title":"Comment \u00c7a Marche - Partenariats","og_description":"Gagnez du temps et de l'argent en b\u00e9n\u00e9ficiant de la force de frappe de uShip via une int\u00e9gration personnalis\u00e9e. D\u00e9couvrez nos partenariats actuels et voyez si cette option peut aussi vous int\u00e9resser.","og_url":"https:\/\/ushiplearnsubd.wpengine.com\/fr\/partenariats\/","og_site_name":"Comment \u00c7a Marche","article_modified_time":"2019-06-04T20:53:56+00:00","twitter_card":"summary_large_image","schema":{"@context":"https:\/\/schema.org","@graph":[{"@type":"WebPage","@id":"https:\/\/ushiplearnsubd.wpengine.com\/fr\/partenariats\/","url":"https:\/\/ushiplearnsubd.wpengine.com\/fr\/partenariats\/","name":"Comment \u00c7a Marche - Partenariats","isPartOf":{"@id":"https:\/\/ushiplearnsubd.wpengine.com\/fr\/#website"},"datePublished":"2016-04-06T15:13:52+00:00","dateModified":"2019-06-04T20:53:56+00:00","description":"Gagnez du temps et de l'argent en b\u00e9n\u00e9ficiant de la force de frappe de uShip via une int\u00e9gration personnalis\u00e9e. D\u00e9couvrez nos partenariats actuels et voyez si cette option peut aussi vous int\u00e9resser.","breadcrumb":{"@id":"https:\/\/ushiplearnsubd.wpengine.com\/fr\/partenariats\/#breadcrumb"},"inLanguage":"fr-FR","potentialAction":[{"@type":"ReadAction","target":["https:\/\/ushiplearnsubd.wpengine.com\/fr\/partenariats\/"]}]},{"@type":"BreadcrumbList","@id":"https:\/\/ushiplearnsubd.wpengine.com\/fr\/partenariats\/#breadcrumb","itemListElement":[{"@type":"ListItem","position":1,"name":"Home","item":"https:\/\/ushiplearnsubd.wpengine.com\/fr\/"},{"@type":"ListItem","position":2,"name":"Partenariats"}]},{"@type":"WebSite","@id":"https:\/\/ushiplearnsubd.wpengine.com\/fr\/#website","url":"https:\/\/ushiplearnsubd.wpengine.com\/fr\/","name":"Comment \u00c7a Marche","description":"","potentialAction":[{"@type":"SearchAction","target":{"@type":"EntryPoint","urlTemplate":"https:\/\/ushiplearnsubd.wpengine.com\/fr\/?s={search_term_string}"},"query-input":"required name=search_term_string"}],"inLanguage":"fr-FR"}]}},"fixed_price_tool_customer_success":false,"_links":{"self":[{"href":"https:\/\/ushiplearnsubd.wpengine.com\/fr\/wp-json\/wp\/v2\/pages\/1323","targetHints":{"allow":["GET"]}}],"collection":[{"href":"https:\/\/ushiplearnsubd.wpengine.com\/fr\/wp-json\/wp\/v2\/pages"}],"about":[{"href":"https:\/\/ushiplearnsubd.wpengine.com\/fr\/wp-json\/wp\/v2\/types\/page"}],"author":[{"embeddable":true,"href":"https:\/\/ushiplearnsubd.wpengine.com\/fr\/wp-json\/wp\/v2\/users\/2"}],"replies":[{"embeddable":true,"href":"https:\/\/ushiplearnsubd.wpengine.com\/fr\/wp-json\/wp\/v2\/comments?post=1323"}],"version-history":[{"count":0,"href":"https:\/\/ushiplearnsubd.wpengine.com\/fr\/wp-json\/wp\/v2\/pages\/1323\/revisions"}],"wp:attachment":[{"href":"https:\/\/ushiplearnsubd.wpengine.com\/fr\/wp-json\/wp\/v2\/media?parent=1323"}],"curies":[{"name":"wp","href":"https:\/\/api.w.org\/{rel}","templated":true}]}}