{"id":5246,"date":"2017-01-04T20:01:14","date_gmt":"2017-01-04T20:01:14","guid":{"rendered":"https:\/\/ushiplearnsubd.wpengine.com\/mx\/?page_id=5246"},"modified":"2017-01-04T20:01:14","modified_gmt":"2017-01-04T20:01:14","slug":"rastreo-facil","status":"publish","type":"page","link":"https:\/\/ushiplearnsubd.wpengine.com\/es\/clientes\/rastreo-facil\/","title":{"rendered":"Rastreo F\u00e1cil"},"content":{"rendered":"","protected":false},"excerpt":{"rendered":"","protected":false},"author":2,"featured_media":0,"parent":5,"menu_order":0,"comment_status":"closed","ping_status":"closed","template":"tabbed-page-v2-child.php","meta":{"_acf_changed":false,"footnotes":""},"class_list":["post-5246","page","type-page","status-publish","hentry"],"acf":{"header_footer_type":false,"body_content":[{"acf_fc_layout":"intro_slide","intro_slide_id":"","intro_slide_head":"MANTENGA LA VISTA EN SU TRANSPORTE","intro_slide_subhead":"La funci\u00f3n del rastreo m\u00f3vil de uShip es similar a un rastreador de vuelos para sus cosas. Actualizaciones de estado y el compartir de ubicaci\u00f3n le permiten seguir su valiosa carga mientras que viaja por montes y valles.","intro_slide_cta":null,"intro_slide_slide":[{"intro_slide_slide_image":1049}]},{"acf_fc_layout":"slanted_map","slanted_map_id":"","slanted_map_bg_color":"mapBackgroundGrey","slanted_map_bg_position":"mapBackgroundRight","slanted_map_map_feature":"none","slanted_map_video_poster_image":null,"slanted_map_youtube_id":"","slanted_map_image":5226,"slanted_map_image_vertical_alignment":"alignmentMiddle","slanted_map_image_horizontal_alignment":"alignmentCenter","slanted_map_copy_intro":"NOTIFICACIONES","slanted_map_copy_block_text":"Aunque se puede comprobar la ubicaci\u00f3n del cami\u00f3n en cualquier momento durante el viaje, podr\u00e1s recibir notificaciones en dos etapas importantes:\n\n&nbsp;\n<ol>\n \t<li>\n<h6>RECOGIDA<\/h6>\nCuando su transportista ha recogido sus art\u00edculos y estan al punto de irse para el destino. <\/li>\n \t<li>\n<h6>ENTREGA<\/h6>\nCuando su transportista ha entregado su env\u00edo seguramente. <\/li>\n<\/ol>\n&nbsp;\n\n<b>NOTA:<\/b> Para usar esta funci\u00f3n, asegurese que su transportista ha activado la opci\u00f3n para \"Compartir Localizaci\u00f3n\" en su m\u00f3vil antes de hacer su reserva. ","slanted_map_copy_cta":null,"slanted_map_trustpilot_widget":false}],"bottom_content":[{"acf_fc_layout":"bookend","bookend_content_type":"text","bookend_intro":"AHORA ESTOY LISTO","bookend_intro_sub":"","bookend_image":null,"bookend_cta_text":"Anunciar Mi Env\u00edo","bookend_cta_url":"https:\/\/www.uship.com\/ship","bookend_cta_onclick":"","bookend_cta_open_in_new_tab":[],"bookend_previous_content":[{"bookend_previous_url":5244,"bookend_previous_text":"Enviar<br>Inteligentemente"}],"bookend_next_content":[{"bookend_next_url":5248,"bookend_next_text":"Pagos<br>Seguros"}]},{"acf_fc_layout":"tertiary_callout","tertiary_callout_title":"\u00bfInteresado en usar a uShip para su empresa?","tertiary_callout_link_url":"\/mx\/transporte-comercial\/","tertiary_callout_link_text":"Saber M\u00e1s","tertiary_callout_link_onclick":"","tertiary_callout_open_in_new_tab":[]}]},"yoast_head":"<!-- This site is optimized with the Yoast SEO plugin v22.2 - https:\/\/yoast.com\/wordpress\/plugins\/seo\/ -->\n<title>Rastreo F\u00e1cil - C\u00f3mo Funciona<\/title>\n<meta name=\"robots\" content=\"index, follow, max-snippet:-1, max-image-preview:large, max-video-preview:-1\" \/>\n<link rel=\"canonical\" href=\"https:\/\/ushiplearnsubd.wpengine.com\/es\/clientes\/rastreo-facil\/\" \/>\n<meta property=\"og:locale\" content=\"es_ES\" \/>\n<meta property=\"og:type\" content=\"article\" \/>\n<meta property=\"og:title\" content=\"Rastreo F\u00e1cil - C\u00f3mo Funciona\" \/>\n<meta property=\"og:url\" content=\"https:\/\/ushiplearnsubd.wpengine.com\/es\/clientes\/rastreo-facil\/\" \/>\n<meta property=\"og:site_name\" content=\"C\u00f3mo Funciona\" \/>\n<meta name=\"twitter:card\" content=\"summary_large_image\" \/>\n<script type=\"application\/ld+json\" class=\"yoast-schema-graph\">{\"@context\":\"https:\/\/schema.org\",\"@graph\":[{\"@type\":\"WebPage\",\"@id\":\"https:\/\/ushiplearnsubd.wpengine.com\/es\/clientes\/rastreo-facil\/\",\"url\":\"https:\/\/ushiplearnsubd.wpengine.com\/es\/clientes\/rastreo-facil\/\",\"name\":\"Rastreo F\u00e1cil - C\u00f3mo Funciona\",\"isPartOf\":{\"@id\":\"https:\/\/ushiplearnsubd.wpengine.com\/es\/#website\"},\"datePublished\":\"2017-01-04T20:01:14+00:00\",\"dateModified\":\"2017-01-04T20:01:14+00:00\",\"breadcrumb\":{\"@id\":\"https:\/\/ushiplearnsubd.wpengine.com\/es\/clientes\/rastreo-facil\/#breadcrumb\"},\"inLanguage\":\"es\",\"potentialAction\":[{\"@type\":\"ReadAction\",\"target\":[\"https:\/\/ushiplearnsubd.wpengine.com\/es\/clientes\/rastreo-facil\/\"]}]},{\"@type\":\"BreadcrumbList\",\"@id\":\"https:\/\/ushiplearnsubd.wpengine.com\/es\/clientes\/rastreo-facil\/#breadcrumb\",\"itemListElement\":[{\"@type\":\"ListItem\",\"position\":1,\"name\":\"Home\",\"item\":\"https:\/\/ushiplearnsubd.wpengine.com\/es\/\"},{\"@type\":\"ListItem\",\"position\":2,\"name\":\"Clientes\",\"item\":\"https:\/\/ushiplearnsubd.wpengine.com\/es\/clientes\/\"},{\"@type\":\"ListItem\",\"position\":3,\"name\":\"Rastreo F\u00e1cil\"}]},{\"@type\":\"WebSite\",\"@id\":\"https:\/\/ushiplearnsubd.wpengine.com\/es\/#website\",\"url\":\"https:\/\/ushiplearnsubd.wpengine.com\/es\/\",\"name\":\"C\u00f3mo Funciona\",\"description\":\"\",\"potentialAction\":[{\"@type\":\"SearchAction\",\"target\":{\"@type\":\"EntryPoint\",\"urlTemplate\":\"https:\/\/ushiplearnsubd.wpengine.com\/es\/?s={search_term_string}\"},\"query-input\":\"required name=search_term_string\"}],\"inLanguage\":\"es\"}]}<\/script>\n<!-- \/ Yoast SEO plugin. -->","yoast_head_json":{"title":"Rastreo F\u00e1cil - C\u00f3mo Funciona","robots":{"index":"index","follow":"follow","max-snippet":"max-snippet:-1","max-image-preview":"max-image-preview:large","max-video-preview":"max-video-preview:-1"},"canonical":"https:\/\/ushiplearnsubd.wpengine.com\/es\/clientes\/rastreo-facil\/","og_locale":"es_ES","og_type":"article","og_title":"Rastreo F\u00e1cil - C\u00f3mo Funciona","og_url":"https:\/\/ushiplearnsubd.wpengine.com\/es\/clientes\/rastreo-facil\/","og_site_name":"C\u00f3mo Funciona","twitter_card":"summary_large_image","schema":{"@context":"https:\/\/schema.org","@graph":[{"@type":"WebPage","@id":"https:\/\/ushiplearnsubd.wpengine.com\/es\/clientes\/rastreo-facil\/","url":"https:\/\/ushiplearnsubd.wpengine.com\/es\/clientes\/rastreo-facil\/","name":"Rastreo F\u00e1cil - C\u00f3mo Funciona","isPartOf":{"@id":"https:\/\/ushiplearnsubd.wpengine.com\/es\/#website"},"datePublished":"2017-01-04T20:01:14+00:00","dateModified":"2017-01-04T20:01:14+00:00","breadcrumb":{"@id":"https:\/\/ushiplearnsubd.wpengine.com\/es\/clientes\/rastreo-facil\/#breadcrumb"},"inLanguage":"es","potentialAction":[{"@type":"ReadAction","target":["https:\/\/ushiplearnsubd.wpengine.com\/es\/clientes\/rastreo-facil\/"]}]},{"@type":"BreadcrumbList","@id":"https:\/\/ushiplearnsubd.wpengine.com\/es\/clientes\/rastreo-facil\/#breadcrumb","itemListElement":[{"@type":"ListItem","position":1,"name":"Home","item":"https:\/\/ushiplearnsubd.wpengine.com\/es\/"},{"@type":"ListItem","position":2,"name":"Clientes","item":"https:\/\/ushiplearnsubd.wpengine.com\/es\/clientes\/"},{"@type":"ListItem","position":3,"name":"Rastreo F\u00e1cil"}]},{"@type":"WebSite","@id":"https:\/\/ushiplearnsubd.wpengine.com\/es\/#website","url":"https:\/\/ushiplearnsubd.wpengine.com\/es\/","name":"C\u00f3mo Funciona","description":"","potentialAction":[{"@type":"SearchAction","target":{"@type":"EntryPoint","urlTemplate":"https:\/\/ushiplearnsubd.wpengine.com\/es\/?s={search_term_string}"},"query-input":"required name=search_term_string"}],"inLanguage":"es"}]}},"fixed_price_tool_customer_success":{"image":false,"telephone":false,"email":false},"_links":{"self":[{"href":"https:\/\/ushiplearnsubd.wpengine.com\/es\/wp-json\/wp\/v2\/pages\/5246","targetHints":{"allow":["GET"]}}],"collection":[{"href":"https:\/\/ushiplearnsubd.wpengine.com\/es\/wp-json\/wp\/v2\/pages"}],"about":[{"href":"https:\/\/ushiplearnsubd.wpengine.com\/es\/wp-json\/wp\/v2\/types\/page"}],"author":[{"embeddable":true,"href":"https:\/\/ushiplearnsubd.wpengine.com\/es\/wp-json\/wp\/v2\/users\/2"}],"replies":[{"embeddable":true,"href":"https:\/\/ushiplearnsubd.wpengine.com\/es\/wp-json\/wp\/v2\/comments?post=5246"}],"version-history":[{"count":0,"href":"https:\/\/ushiplearnsubd.wpengine.com\/es\/wp-json\/wp\/v2\/pages\/5246\/revisions"}],"up":[{"embeddable":true,"href":"https:\/\/ushiplearnsubd.wpengine.com\/es\/wp-json\/wp\/v2\/pages\/5"}],"wp:attachment":[{"href":"https:\/\/ushiplearnsubd.wpengine.com\/es\/wp-json\/wp\/v2\/media?parent=5246"}],"curies":[{"name":"wp","href":"https:\/\/api.w.org\/{rel}","templated":true}]}}