{"id":5244,"date":"2017-01-04T20:00:42","date_gmt":"2017-01-04T20:00:42","guid":{"rendered":"https:\/\/ushiplearnsubd.wpengine.com\/mx\/?page_id=5244"},"modified":"2017-01-04T20:00:42","modified_gmt":"2017-01-04T20:00:42","slug":"enviar-inteligentemente","status":"publish","type":"page","link":"https:\/\/ushiplearnsubd.wpengine.com\/es\/clientes\/enviar-inteligentemente\/","title":{"rendered":"Enviar Inteligentemente"},"content":{"rendered":"","protected":false},"excerpt":{"rendered":"","protected":false},"author":2,"featured_media":0,"parent":5,"menu_order":0,"comment_status":"closed","ping_status":"closed","template":"tabbed-page-v2-child.php","meta":{"_acf_changed":false,"footnotes":""},"class_list":["post-5244","page","type-page","status-publish","hentry"],"acf":{"header_footer_type":false,"body_content":[{"acf_fc_layout":"intro_slide","intro_slide_id":"","intro_slide_head":"PRACTIQUE TRANSPORTE INTELIGENTE","intro_slide_subhead":"Aunque uShip es una de las maneras mas seguras para su transporte en l\u00ednea, uno nunca puede ser demasiado cuidadoso. Siguiendo estas gu\u00edas b\u00e1sicas lo ayudar\u00e1 asegurar una experiencia tranquila y segura.","intro_slide_cta":null,"intro_slide_slide":[{"intro_slide_slide_image":5216}]},{"acf_fc_layout":"icon_bullet_points","icon_bullet_points_id":"","icon_bullet_points_row":[{"icon_bullet_points_row_icon":"icon_trustshield","icon_bullet_points_row_title":"ELIGIENDO SU TRANSPORTISTA","icon_bullet_points_row_text":"Para ayudarle hacer una buena decisi\u00f3n, hemos creado un perfil p\u00fablico para cada transportista registrado en uShip. Contiene experiencia, rese\u00f1as de clientes, clasificaciones, historial completo de servicio, fotos, y m\u00e1s. Recomendamos tomar su tiempo y revisar esta informaci\u00f3n antes de elegir un transportista."},{"icon_bullet_points_row_icon":"icon_signature","icon_bullet_points_row_title":"OBT\u00c9NGALO POR ESCRITO","icon_bullet_points_row_text":"Despues de hacer una reserva con un transportista, usted debe de especificar los detalles de su acuerdo y los dos pueden firmarlo. Esto puede ser muy \u00fatil en caso de una disputa."},{"icon_bullet_points_row_icon":"icon_creditcard","icon_bullet_points_row_title":"PAGE SABIAMENTE","icon_bullet_points_row_text":"Pagos uShip, tarjetas de cr\u00e9dito, dinero en efectivo, y transferencias bancarias directas son las maneras mas seguras de pagar. uShip recomendamos sumamente que usted no utilize transferencias en efectivo al instante como Western Union. De hecho, es una violaci\u00f3n de nuestra politza porque ellos no ofrecen un recurso en caso de fraude o de una disputa.\n\n&nbsp;\n\nPara resumir: haga preguntas, asegure que todo esta escrito, revise las credenciales, pague con seguridad, y siempre siga sus institos."}]}],"bottom_content":[{"acf_fc_layout":"bookend","bookend_content_type":"text","bookend_intro":"AHORA ESTOY LISTO","bookend_intro_sub":"","bookend_image":null,"bookend_cta_text":"Anunciar Mi Env\u00edo","bookend_cta_url":"https:\/\/www.uship.com\/ship","bookend_cta_onclick":"","bookend_cta_open_in_new_tab":[],"bookend_previous_content":[{"bookend_previous_url":5242,"bookend_previous_text":"Herramienta<br>de Envios"}],"bookend_next_content":[{"bookend_next_url":5246,"bookend_next_text":"Rastreo<br>F\u00e1cil"}]},{"acf_fc_layout":"tertiary_callout","tertiary_callout_title":"\u00bfInteresado en usar a uShip para su empresa?","tertiary_callout_link_url":"\/mx\/transporte-comercial\/","tertiary_callout_link_text":"Saber M\u00e1s","tertiary_callout_link_onclick":"","tertiary_callout_open_in_new_tab":[]}]},"yoast_head":"<!-- This site is optimized with the Yoast SEO plugin v22.2 - https:\/\/yoast.com\/wordpress\/plugins\/seo\/ -->\n<title>Enviar Inteligentemente - C\u00f3mo Funciona<\/title>\n<meta name=\"robots\" content=\"index, follow, max-snippet:-1, max-image-preview:large, max-video-preview:-1\" \/>\n<link rel=\"canonical\" href=\"https:\/\/ushiplearnsubd.wpengine.com\/es\/clientes\/enviar-inteligentemente\/\" \/>\n<meta property=\"og:locale\" content=\"es_ES\" \/>\n<meta property=\"og:type\" content=\"article\" \/>\n<meta property=\"og:title\" content=\"Enviar Inteligentemente - C\u00f3mo Funciona\" \/>\n<meta property=\"og:url\" content=\"https:\/\/ushiplearnsubd.wpengine.com\/es\/clientes\/enviar-inteligentemente\/\" \/>\n<meta property=\"og:site_name\" content=\"C\u00f3mo Funciona\" \/>\n<meta name=\"twitter:card\" content=\"summary_large_image\" \/>\n<script type=\"application\/ld+json\" class=\"yoast-schema-graph\">{\"@context\":\"https:\/\/schema.org\",\"@graph\":[{\"@type\":\"WebPage\",\"@id\":\"https:\/\/ushiplearnsubd.wpengine.com\/es\/clientes\/enviar-inteligentemente\/\",\"url\":\"https:\/\/ushiplearnsubd.wpengine.com\/es\/clientes\/enviar-inteligentemente\/\",\"name\":\"Enviar Inteligentemente - C\u00f3mo Funciona\",\"isPartOf\":{\"@id\":\"https:\/\/ushiplearnsubd.wpengine.com\/es\/#website\"},\"datePublished\":\"2017-01-04T20:00:42+00:00\",\"dateModified\":\"2017-01-04T20:00:42+00:00\",\"breadcrumb\":{\"@id\":\"https:\/\/ushiplearnsubd.wpengine.com\/es\/clientes\/enviar-inteligentemente\/#breadcrumb\"},\"inLanguage\":\"es\",\"potentialAction\":[{\"@type\":\"ReadAction\",\"target\":[\"https:\/\/ushiplearnsubd.wpengine.com\/es\/clientes\/enviar-inteligentemente\/\"]}]},{\"@type\":\"BreadcrumbList\",\"@id\":\"https:\/\/ushiplearnsubd.wpengine.com\/es\/clientes\/enviar-inteligentemente\/#breadcrumb\",\"itemListElement\":[{\"@type\":\"ListItem\",\"position\":1,\"name\":\"Home\",\"item\":\"https:\/\/ushiplearnsubd.wpengine.com\/es\/\"},{\"@type\":\"ListItem\",\"position\":2,\"name\":\"Clientes\",\"item\":\"https:\/\/ushiplearnsubd.wpengine.com\/es\/clientes\/\"},{\"@type\":\"ListItem\",\"position\":3,\"name\":\"Enviar Inteligentemente\"}]},{\"@type\":\"WebSite\",\"@id\":\"https:\/\/ushiplearnsubd.wpengine.com\/es\/#website\",\"url\":\"https:\/\/ushiplearnsubd.wpengine.com\/es\/\",\"name\":\"C\u00f3mo Funciona\",\"description\":\"\",\"potentialAction\":[{\"@type\":\"SearchAction\",\"target\":{\"@type\":\"EntryPoint\",\"urlTemplate\":\"https:\/\/ushiplearnsubd.wpengine.com\/es\/?s={search_term_string}\"},\"query-input\":\"required name=search_term_string\"}],\"inLanguage\":\"es\"}]}<\/script>\n<!-- \/ Yoast SEO plugin. -->","yoast_head_json":{"title":"Enviar Inteligentemente - C\u00f3mo Funciona","robots":{"index":"index","follow":"follow","max-snippet":"max-snippet:-1","max-image-preview":"max-image-preview:large","max-video-preview":"max-video-preview:-1"},"canonical":"https:\/\/ushiplearnsubd.wpengine.com\/es\/clientes\/enviar-inteligentemente\/","og_locale":"es_ES","og_type":"article","og_title":"Enviar Inteligentemente - C\u00f3mo Funciona","og_url":"https:\/\/ushiplearnsubd.wpengine.com\/es\/clientes\/enviar-inteligentemente\/","og_site_name":"C\u00f3mo Funciona","twitter_card":"summary_large_image","schema":{"@context":"https:\/\/schema.org","@graph":[{"@type":"WebPage","@id":"https:\/\/ushiplearnsubd.wpengine.com\/es\/clientes\/enviar-inteligentemente\/","url":"https:\/\/ushiplearnsubd.wpengine.com\/es\/clientes\/enviar-inteligentemente\/","name":"Enviar Inteligentemente - C\u00f3mo Funciona","isPartOf":{"@id":"https:\/\/ushiplearnsubd.wpengine.com\/es\/#website"},"datePublished":"2017-01-04T20:00:42+00:00","dateModified":"2017-01-04T20:00:42+00:00","breadcrumb":{"@id":"https:\/\/ushiplearnsubd.wpengine.com\/es\/clientes\/enviar-inteligentemente\/#breadcrumb"},"inLanguage":"es","potentialAction":[{"@type":"ReadAction","target":["https:\/\/ushiplearnsubd.wpengine.com\/es\/clientes\/enviar-inteligentemente\/"]}]},{"@type":"BreadcrumbList","@id":"https:\/\/ushiplearnsubd.wpengine.com\/es\/clientes\/enviar-inteligentemente\/#breadcrumb","itemListElement":[{"@type":"ListItem","position":1,"name":"Home","item":"https:\/\/ushiplearnsubd.wpengine.com\/es\/"},{"@type":"ListItem","position":2,"name":"Clientes","item":"https:\/\/ushiplearnsubd.wpengine.com\/es\/clientes\/"},{"@type":"ListItem","position":3,"name":"Enviar Inteligentemente"}]},{"@type":"WebSite","@id":"https:\/\/ushiplearnsubd.wpengine.com\/es\/#website","url":"https:\/\/ushiplearnsubd.wpengine.com\/es\/","name":"C\u00f3mo Funciona","description":"","potentialAction":[{"@type":"SearchAction","target":{"@type":"EntryPoint","urlTemplate":"https:\/\/ushiplearnsubd.wpengine.com\/es\/?s={search_term_string}"},"query-input":"required name=search_term_string"}],"inLanguage":"es"}]}},"fixed_price_tool_customer_success":{"image":false,"telephone":false,"email":false},"_links":{"self":[{"href":"https:\/\/ushiplearnsubd.wpengine.com\/es\/wp-json\/wp\/v2\/pages\/5244","targetHints":{"allow":["GET"]}}],"collection":[{"href":"https:\/\/ushiplearnsubd.wpengine.com\/es\/wp-json\/wp\/v2\/pages"}],"about":[{"href":"https:\/\/ushiplearnsubd.wpengine.com\/es\/wp-json\/wp\/v2\/types\/page"}],"author":[{"embeddable":true,"href":"https:\/\/ushiplearnsubd.wpengine.com\/es\/wp-json\/wp\/v2\/users\/2"}],"replies":[{"embeddable":true,"href":"https:\/\/ushiplearnsubd.wpengine.com\/es\/wp-json\/wp\/v2\/comments?post=5244"}],"version-history":[{"count":0,"href":"https:\/\/ushiplearnsubd.wpengine.com\/es\/wp-json\/wp\/v2\/pages\/5244\/revisions"}],"up":[{"embeddable":true,"href":"https:\/\/ushiplearnsubd.wpengine.com\/es\/wp-json\/wp\/v2\/pages\/5"}],"wp:attachment":[{"href":"https:\/\/ushiplearnsubd.wpengine.com\/es\/wp-json\/wp\/v2\/media?parent=5244"}],"curies":[{"name":"wp","href":"https:\/\/api.w.org\/{rel}","templated":true}]}}