{"id":5313,"date":"2017-01-13T16:02:07","date_gmt":"2017-01-13T16:02:07","guid":{"rendered":"https:\/\/ushiplearnsubd.wpengine.com\/de\/?page_id=5313"},"modified":"2017-01-13T21:50:11","modified_gmt":"2017-01-13T21:50:11","slug":"vertragspartner","status":"publish","type":"page","link":"https:\/\/ushiplearnsubd.wpengine.com\/de\/partnerschaften\/vertragspartner\/","title":{"rendered":"Vertragspartner"},"content":{"rendered":"","protected":false},"excerpt":{"rendered":"","protected":false},"author":2,"featured_media":0,"parent":1323,"menu_order":0,"comment_status":"closed","ping_status":"closed","template":"tabbed-page-v2-child.php","meta":{"_acf_changed":false,"footnotes":""},"class_list":["post-5313","page","type-page","status-publish","hentry"],"acf":{"header_footer_type":false,"body_content":[{"acf_fc_layout":"intro_slide","intro_slide_id":"","intro_slide_head":"PROFITIEREN SIE SELBST INDEM SIE USHIP IHREN KUNDEN ANBIETEN","intro_slide_subhead":"Unsere Marketing Tools erm\u00f6glichen es Ihnen Ihren eigenen Kunden Transportm\u00f6glichkeiten \u00fcber uShip anzubieten und bieten zus\u00e4tzlich Zugriff auf unser gro\u00dfes Netzwerk von Transportdienstleistern.","intro_slide_cta":[{"intro_slide_cta_url":"http:\/\/www.uship.com\/signin.aspx?from_affiliate_join=1&ref=\/referral_program.aspx?showform=1","intro_slide_cta_text":"Jetzt Registrieren","intro_slide_cta_onclick":""}],"intro_slide_slide":[{"intro_slide_slide_image":1685}]},{"acf_fc_layout":"link_row","link_row_id":"","link_row_background_color":"sectionGrey","link_row_intro":"INTEGRATIONSTOOLS","link_row_intro_sub":"Bieten Sie uShip ganz einfach und m\u00fchelos Ihren Kunden an, mit Hilfe von unseren Integrationstools. Machen Sie 30% Umsatz von jedem neuen Auftrag und 20% von jedem neu-registrierten Transportdienstleister.","link_row_content":[{"link_row_content_title":"EBAY WIDGET","link_row_content_url":"http:\/\/www.uship.com\/ebay\/widgets.aspx","link_row_content_text":"eBay Widget erstellen","link_row_content_onclick":""},{"link_row_content_title":"BANNER","link_row_content_url":"http:\/\/www.uship.com\/my_affiliateBanners.aspx","link_row_content_text":"Beispiel Einblenden","link_row_content_onclick":""}]},{"acf_fc_layout":"slanted_map","slanted_map_id":"","slanted_map_bg_color":"mapBackgroundWhite","slanted_map_bg_position":"mapBackgroundLeft","slanted_map_map_feature":"none","slanted_map_video_poster_image":null,"slanted_map_youtube_id":"","slanted_map_image":1686,"slanted_map_image_vertical_alignment":"alignmentMiddle","slanted_map_image_horizontal_alignment":"alignmentCenter","slanted_map_copy_intro":"WIR MACHEN ES IHNEN EINFACH","slanted_map_copy_block_text":"Umsatz als uShip's Vertragspartner zu machen war nie leichter. Ihre Tools und Widgets sind direkt mit Ihrer einzigartigen Partner-ID verlinkt. So k\u00f6nnen Sie t\u00e4gliche Leistungsberichte einsehen. Ihr Umsatz wird von uShip automatisch am Montagsanfang per PayPal an Sie \u00fcberwiesen.","slanted_map_copy_cta":null,"slanted_map_trustpilot_widget":false}],"bottom_content":[{"acf_fc_layout":"bookend","bookend_content_type":"text","bookend_intro":"Sind Sie bereit?","bookend_intro_sub":"","bookend_image":null,"bookend_cta_text":"Jetzt Registrieren","bookend_cta_url":"http:\/\/www.uship.com\/signin.aspx?from_affiliate_join=1&ref=\/referral_program.aspx?showform=1","bookend_cta_onclick":"","bookend_cta_open_in_new_tab":[],"bookend_previous_content":[{"bookend_previous_url":5311,"bookend_previous_text":"Transport<br>Partner"}],"bookend_next_content":[{"bookend_next_url":5315,"bookend_next_text":"API\/Developer<br>Portal"}]}]},"yoast_head":"<!-- This site is optimized with the Yoast SEO plugin v22.2 - https:\/\/yoast.com\/wordpress\/plugins\/seo\/ -->\n<title>Vertragspartner - So Funktionierts<\/title>\n<meta name=\"robots\" content=\"index, follow, max-snippet:-1, max-image-preview:large, max-video-preview:-1\" \/>\n<link rel=\"canonical\" href=\"https:\/\/ushiplearnsubd.wpengine.com\/de\/partnerschaften\/vertragspartner\/\" \/>\n<meta property=\"og:locale\" content=\"de_DE\" \/>\n<meta property=\"og:type\" content=\"article\" \/>\n<meta property=\"og:title\" content=\"Vertragspartner - So Funktionierts\" \/>\n<meta property=\"og:url\" content=\"https:\/\/ushiplearnsubd.wpengine.com\/de\/partnerschaften\/vertragspartner\/\" \/>\n<meta property=\"og:site_name\" content=\"So Funktionierts\" \/>\n<meta property=\"article:modified_time\" content=\"2017-01-13T21:50:11+00:00\" \/>\n<meta name=\"twitter:card\" content=\"summary_large_image\" \/>\n<script type=\"application\/ld+json\" class=\"yoast-schema-graph\">{\"@context\":\"https:\/\/schema.org\",\"@graph\":[{\"@type\":\"WebPage\",\"@id\":\"https:\/\/ushiplearnsubd.wpengine.com\/de\/partnerschaften\/vertragspartner\/\",\"url\":\"https:\/\/ushiplearnsubd.wpengine.com\/de\/partnerschaften\/vertragspartner\/\",\"name\":\"Vertragspartner - So Funktionierts\",\"isPartOf\":{\"@id\":\"https:\/\/ushiplearnsubd.wpengine.com\/de\/#website\"},\"datePublished\":\"2017-01-13T16:02:07+00:00\",\"dateModified\":\"2017-01-13T21:50:11+00:00\",\"breadcrumb\":{\"@id\":\"https:\/\/ushiplearnsubd.wpengine.com\/de\/partnerschaften\/vertragspartner\/#breadcrumb\"},\"inLanguage\":\"de-DE\",\"potentialAction\":[{\"@type\":\"ReadAction\",\"target\":[\"https:\/\/ushiplearnsubd.wpengine.com\/de\/partnerschaften\/vertragspartner\/\"]}]},{\"@type\":\"BreadcrumbList\",\"@id\":\"https:\/\/ushiplearnsubd.wpengine.com\/de\/partnerschaften\/vertragspartner\/#breadcrumb\",\"itemListElement\":[{\"@type\":\"ListItem\",\"position\":1,\"name\":\"Home\",\"item\":\"https:\/\/ushiplearnsubd.wpengine.com\/de\/\"},{\"@type\":\"ListItem\",\"position\":2,\"name\":\"Partnerschaften\",\"item\":\"https:\/\/ushiplearnsubd.wpengine.com\/de\/partnerschaften\/\"},{\"@type\":\"ListItem\",\"position\":3,\"name\":\"Vertragspartner\"}]},{\"@type\":\"WebSite\",\"@id\":\"https:\/\/ushiplearnsubd.wpengine.com\/de\/#website\",\"url\":\"https:\/\/ushiplearnsubd.wpengine.com\/de\/\",\"name\":\"So Funktionierts\",\"description\":\"\",\"potentialAction\":[{\"@type\":\"SearchAction\",\"target\":{\"@type\":\"EntryPoint\",\"urlTemplate\":\"https:\/\/ushiplearnsubd.wpengine.com\/de\/?s={search_term_string}\"},\"query-input\":\"required name=search_term_string\"}],\"inLanguage\":\"de-DE\"}]}<\/script>\n<!-- \/ Yoast SEO plugin. -->","yoast_head_json":{"title":"Vertragspartner - So Funktionierts","robots":{"index":"index","follow":"follow","max-snippet":"max-snippet:-1","max-image-preview":"max-image-preview:large","max-video-preview":"max-video-preview:-1"},"canonical":"https:\/\/ushiplearnsubd.wpengine.com\/de\/partnerschaften\/vertragspartner\/","og_locale":"de_DE","og_type":"article","og_title":"Vertragspartner - So Funktionierts","og_url":"https:\/\/ushiplearnsubd.wpengine.com\/de\/partnerschaften\/vertragspartner\/","og_site_name":"So Funktionierts","article_modified_time":"2017-01-13T21:50:11+00:00","twitter_card":"summary_large_image","schema":{"@context":"https:\/\/schema.org","@graph":[{"@type":"WebPage","@id":"https:\/\/ushiplearnsubd.wpengine.com\/de\/partnerschaften\/vertragspartner\/","url":"https:\/\/ushiplearnsubd.wpengine.com\/de\/partnerschaften\/vertragspartner\/","name":"Vertragspartner - So Funktionierts","isPartOf":{"@id":"https:\/\/ushiplearnsubd.wpengine.com\/de\/#website"},"datePublished":"2017-01-13T16:02:07+00:00","dateModified":"2017-01-13T21:50:11+00:00","breadcrumb":{"@id":"https:\/\/ushiplearnsubd.wpengine.com\/de\/partnerschaften\/vertragspartner\/#breadcrumb"},"inLanguage":"de-DE","potentialAction":[{"@type":"ReadAction","target":["https:\/\/ushiplearnsubd.wpengine.com\/de\/partnerschaften\/vertragspartner\/"]}]},{"@type":"BreadcrumbList","@id":"https:\/\/ushiplearnsubd.wpengine.com\/de\/partnerschaften\/vertragspartner\/#breadcrumb","itemListElement":[{"@type":"ListItem","position":1,"name":"Home","item":"https:\/\/ushiplearnsubd.wpengine.com\/de\/"},{"@type":"ListItem","position":2,"name":"Partnerschaften","item":"https:\/\/ushiplearnsubd.wpengine.com\/de\/partnerschaften\/"},{"@type":"ListItem","position":3,"name":"Vertragspartner"}]},{"@type":"WebSite","@id":"https:\/\/ushiplearnsubd.wpengine.com\/de\/#website","url":"https:\/\/ushiplearnsubd.wpengine.com\/de\/","name":"So Funktionierts","description":"","potentialAction":[{"@type":"SearchAction","target":{"@type":"EntryPoint","urlTemplate":"https:\/\/ushiplearnsubd.wpengine.com\/de\/?s={search_term_string}"},"query-input":"required name=search_term_string"}],"inLanguage":"de-DE"}]}},"fixed_price_tool_customer_success":{"image":false,"telephone":false,"email":false},"_links":{"self":[{"href":"https:\/\/ushiplearnsubd.wpengine.com\/de\/wp-json\/wp\/v2\/pages\/5313","targetHints":{"allow":["GET"]}}],"collection":[{"href":"https:\/\/ushiplearnsubd.wpengine.com\/de\/wp-json\/wp\/v2\/pages"}],"about":[{"href":"https:\/\/ushiplearnsubd.wpengine.com\/de\/wp-json\/wp\/v2\/types\/page"}],"author":[{"embeddable":true,"href":"https:\/\/ushiplearnsubd.wpengine.com\/de\/wp-json\/wp\/v2\/users\/2"}],"replies":[{"embeddable":true,"href":"https:\/\/ushiplearnsubd.wpengine.com\/de\/wp-json\/wp\/v2\/comments?post=5313"}],"version-history":[{"count":0,"href":"https:\/\/ushiplearnsubd.wpengine.com\/de\/wp-json\/wp\/v2\/pages\/5313\/revisions"}],"up":[{"embeddable":true,"href":"https:\/\/ushiplearnsubd.wpengine.com\/de\/wp-json\/wp\/v2\/pages\/1323"}],"wp:attachment":[{"href":"https:\/\/ushiplearnsubd.wpengine.com\/de\/wp-json\/wp\/v2\/media?parent=5313"}],"curies":[{"name":"wp","href":"https:\/\/api.w.org\/{rel}","templated":true}]}}