{"id":5309,"date":"2017-01-13T16:01:00","date_gmt":"2017-01-13T16:01:00","guid":{"rendered":"https:\/\/ushiplearnsubd.wpengine.com\/de\/?page_id=5309"},"modified":"2017-01-13T21:39:40","modified_gmt":"2017-01-13T21:39:40","slug":"marktplatz-partner","status":"publish","type":"page","link":"https:\/\/ushiplearnsubd.wpengine.com\/de\/partnerschaften\/marktplatz-partner\/","title":{"rendered":"Marktplatz Partner"},"content":{"rendered":"","protected":false},"excerpt":{"rendered":"","protected":false},"author":2,"featured_media":0,"parent":1323,"menu_order":0,"comment_status":"closed","ping_status":"closed","template":"tabbed-page-v2-child.php","meta":{"_acf_changed":false,"footnotes":""},"class_list":["post-5309","page","type-page","status-publish","hentry"],"acf":{"header_footer_type":false,"body_content":[{"acf_fc_layout":"intro_slide","intro_slide_id":"","intro_slide_head":"DIREKTER ZUGRIFF AUF DAS WELTWEIT GR\u00d6\u00dfTE NETZWERK AN TRANSPORTDIENSTLEISTERN","intro_slide_subhead":"Keine Frustration mit LTP (larger-than-parcel) Ladungen f\u00fcr Ihrer Kunden mehr. uShip bietet sofortige Transportangebote innerhalb Ihrer Internetseite an und erm\u00f6glicht direkten Zugriff auf uShip's Netzwerk an Transportdienstleistern. Machen Sie mit Hilfe von uShip Schaufensterbummler zu Eink\u00e4ufern.","intro_slide_cta":null,"intro_slide_slide":[{"intro_slide_slide_image":5229}]},{"acf_fc_layout":"icon_bullet_points","icon_bullet_points_id":"","icon_bullet_points_row":[{"icon_bullet_points_row_icon":"icon_wheel","icon_bullet_points_row_title":"EBAY","icon_bullet_points_row_text":"uShip ist eBay's offizieller LTP (larger-than-parcel) Partner. uShip bietet auf vielen eBay Angeboten einen Transportkosten Rechner an, den die Kunden nutzen k\u00f6nnen und hat auch direkte Angebote von Speditionen f\u00fcr den Transport von Fahrzeugen verf\u00fcgbar. So kann der Kauf als auch der Transport in einem erledigt werden."},{"icon_bullet_points_row_icon":"icon_gavel","icon_bullet_points_row_title":"RITCHIE BROS.","icon_bullet_points_row_text":"Als exklusiver Online Partner von Ritchie Bros. ist uShip fest auf der Homepage von Ritchie Bros., rbauction.com, integriert und bietet Transportkosten Berechnungen als auch kostenlose Gebote f\u00fcr Schwertransport-Ladungen, Lkws, Baumaterial oder f\u00fcr verschiedenste Bauteile an. Die Errechnung der Transportkosten und die Ermittlung von Geboten geht schnell und ist kostenfrei. uShip's API integriert die Ritchie Bros. LOT-Nummer als auch die Dimensionen und das Gewicht der Ritchie Bros. Ladung und f\u00fcgt diese dem uShip Auftrag automatisch zu. "},{"icon_bullet_points_row_icon":"icon_boat","icon_bullet_points_row_title":"BOATS.COM, YACHTWORLD, BOATTRADER","icon_bullet_points_row_text":"Dank unserer Partnerschaft mit Dominion Marine Media, k\u00f6nnen Kunden ganz einfach und kostenlos Transportkosten Auskunft erhalten und vor dem eigentlichen Kauf des Bootes einen Kostenvorschlag erhalten."}]},{"acf_fc_layout":"logo_pile","logo_pile_id":"","logo_pile_intro":"UNSERE MARKTPLATZ PARTNER","logo_pile_image":2596}],"bottom_content":[{"acf_fc_layout":"bookend","bookend_content_type":"text","bookend_intro":"SIND SIE BEREIT F\u00dcR DIE INTEGRATION?","bookend_intro_sub":"","bookend_image":null,"bookend_cta_text":"uShip Kontaktieren","bookend_cta_url":"mailto:partners@uship.com","bookend_cta_onclick":"","bookend_cta_open_in_new_tab":[],"bookend_previous_content":[{"bookend_previous_url":5307,"bookend_previous_text":"Nennenswerte<br>Partner"}],"bookend_next_content":[{"bookend_next_url":5311,"bookend_next_text":"Transport<br>Partner"}]}]},"yoast_head":"<!-- This site is optimized with the Yoast SEO plugin v22.2 - https:\/\/yoast.com\/wordpress\/plugins\/seo\/ -->\n<title>Marktplatz Partner - So Funktionierts<\/title>\n<meta name=\"robots\" content=\"index, follow, max-snippet:-1, max-image-preview:large, max-video-preview:-1\" \/>\n<link rel=\"canonical\" href=\"https:\/\/ushiplearnsubd.wpengine.com\/de\/partnerschaften\/marktplatz-partner\/\" \/>\n<meta property=\"og:locale\" content=\"de_DE\" \/>\n<meta property=\"og:type\" content=\"article\" \/>\n<meta property=\"og:title\" content=\"Marktplatz Partner - So Funktionierts\" \/>\n<meta property=\"og:url\" content=\"https:\/\/ushiplearnsubd.wpengine.com\/de\/partnerschaften\/marktplatz-partner\/\" \/>\n<meta property=\"og:site_name\" content=\"So Funktionierts\" \/>\n<meta property=\"article:modified_time\" content=\"2017-01-13T21:39:40+00:00\" \/>\n<meta name=\"twitter:card\" content=\"summary_large_image\" \/>\n<script type=\"application\/ld+json\" class=\"yoast-schema-graph\">{\"@context\":\"https:\/\/schema.org\",\"@graph\":[{\"@type\":\"WebPage\",\"@id\":\"https:\/\/ushiplearnsubd.wpengine.com\/de\/partnerschaften\/marktplatz-partner\/\",\"url\":\"https:\/\/ushiplearnsubd.wpengine.com\/de\/partnerschaften\/marktplatz-partner\/\",\"name\":\"Marktplatz Partner - So Funktionierts\",\"isPartOf\":{\"@id\":\"https:\/\/ushiplearnsubd.wpengine.com\/de\/#website\"},\"datePublished\":\"2017-01-13T16:01:00+00:00\",\"dateModified\":\"2017-01-13T21:39:40+00:00\",\"breadcrumb\":{\"@id\":\"https:\/\/ushiplearnsubd.wpengine.com\/de\/partnerschaften\/marktplatz-partner\/#breadcrumb\"},\"inLanguage\":\"de-DE\",\"potentialAction\":[{\"@type\":\"ReadAction\",\"target\":[\"https:\/\/ushiplearnsubd.wpengine.com\/de\/partnerschaften\/marktplatz-partner\/\"]}]},{\"@type\":\"BreadcrumbList\",\"@id\":\"https:\/\/ushiplearnsubd.wpengine.com\/de\/partnerschaften\/marktplatz-partner\/#breadcrumb\",\"itemListElement\":[{\"@type\":\"ListItem\",\"position\":1,\"name\":\"Home\",\"item\":\"https:\/\/ushiplearnsubd.wpengine.com\/de\/\"},{\"@type\":\"ListItem\",\"position\":2,\"name\":\"Partnerschaften\",\"item\":\"https:\/\/ushiplearnsubd.wpengine.com\/de\/partnerschaften\/\"},{\"@type\":\"ListItem\",\"position\":3,\"name\":\"Marktplatz Partner\"}]},{\"@type\":\"WebSite\",\"@id\":\"https:\/\/ushiplearnsubd.wpengine.com\/de\/#website\",\"url\":\"https:\/\/ushiplearnsubd.wpengine.com\/de\/\",\"name\":\"So Funktionierts\",\"description\":\"\",\"potentialAction\":[{\"@type\":\"SearchAction\",\"target\":{\"@type\":\"EntryPoint\",\"urlTemplate\":\"https:\/\/ushiplearnsubd.wpengine.com\/de\/?s={search_term_string}\"},\"query-input\":\"required name=search_term_string\"}],\"inLanguage\":\"de-DE\"}]}<\/script>\n<!-- \/ Yoast SEO plugin. -->","yoast_head_json":{"title":"Marktplatz Partner - So Funktionierts","robots":{"index":"index","follow":"follow","max-snippet":"max-snippet:-1","max-image-preview":"max-image-preview:large","max-video-preview":"max-video-preview:-1"},"canonical":"https:\/\/ushiplearnsubd.wpengine.com\/de\/partnerschaften\/marktplatz-partner\/","og_locale":"de_DE","og_type":"article","og_title":"Marktplatz Partner - So Funktionierts","og_url":"https:\/\/ushiplearnsubd.wpengine.com\/de\/partnerschaften\/marktplatz-partner\/","og_site_name":"So Funktionierts","article_modified_time":"2017-01-13T21:39:40+00:00","twitter_card":"summary_large_image","schema":{"@context":"https:\/\/schema.org","@graph":[{"@type":"WebPage","@id":"https:\/\/ushiplearnsubd.wpengine.com\/de\/partnerschaften\/marktplatz-partner\/","url":"https:\/\/ushiplearnsubd.wpengine.com\/de\/partnerschaften\/marktplatz-partner\/","name":"Marktplatz Partner - So Funktionierts","isPartOf":{"@id":"https:\/\/ushiplearnsubd.wpengine.com\/de\/#website"},"datePublished":"2017-01-13T16:01:00+00:00","dateModified":"2017-01-13T21:39:40+00:00","breadcrumb":{"@id":"https:\/\/ushiplearnsubd.wpengine.com\/de\/partnerschaften\/marktplatz-partner\/#breadcrumb"},"inLanguage":"de-DE","potentialAction":[{"@type":"ReadAction","target":["https:\/\/ushiplearnsubd.wpengine.com\/de\/partnerschaften\/marktplatz-partner\/"]}]},{"@type":"BreadcrumbList","@id":"https:\/\/ushiplearnsubd.wpengine.com\/de\/partnerschaften\/marktplatz-partner\/#breadcrumb","itemListElement":[{"@type":"ListItem","position":1,"name":"Home","item":"https:\/\/ushiplearnsubd.wpengine.com\/de\/"},{"@type":"ListItem","position":2,"name":"Partnerschaften","item":"https:\/\/ushiplearnsubd.wpengine.com\/de\/partnerschaften\/"},{"@type":"ListItem","position":3,"name":"Marktplatz Partner"}]},{"@type":"WebSite","@id":"https:\/\/ushiplearnsubd.wpengine.com\/de\/#website","url":"https:\/\/ushiplearnsubd.wpengine.com\/de\/","name":"So Funktionierts","description":"","potentialAction":[{"@type":"SearchAction","target":{"@type":"EntryPoint","urlTemplate":"https:\/\/ushiplearnsubd.wpengine.com\/de\/?s={search_term_string}"},"query-input":"required name=search_term_string"}],"inLanguage":"de-DE"}]}},"fixed_price_tool_customer_success":{"image":false,"telephone":false,"email":false},"_links":{"self":[{"href":"https:\/\/ushiplearnsubd.wpengine.com\/de\/wp-json\/wp\/v2\/pages\/5309","targetHints":{"allow":["GET"]}}],"collection":[{"href":"https:\/\/ushiplearnsubd.wpengine.com\/de\/wp-json\/wp\/v2\/pages"}],"about":[{"href":"https:\/\/ushiplearnsubd.wpengine.com\/de\/wp-json\/wp\/v2\/types\/page"}],"author":[{"embeddable":true,"href":"https:\/\/ushiplearnsubd.wpengine.com\/de\/wp-json\/wp\/v2\/users\/2"}],"replies":[{"embeddable":true,"href":"https:\/\/ushiplearnsubd.wpengine.com\/de\/wp-json\/wp\/v2\/comments?post=5309"}],"version-history":[{"count":0,"href":"https:\/\/ushiplearnsubd.wpengine.com\/de\/wp-json\/wp\/v2\/pages\/5309\/revisions"}],"up":[{"embeddable":true,"href":"https:\/\/ushiplearnsubd.wpengine.com\/de\/wp-json\/wp\/v2\/pages\/1323"}],"wp:attachment":[{"href":"https:\/\/ushiplearnsubd.wpengine.com\/de\/wp-json\/wp\/v2\/media?parent=5309"}],"curies":[{"name":"wp","href":"https:\/\/api.w.org\/{rel}","templated":true}]}}