{"id":5307,"date":"2017-01-13T16:00:13","date_gmt":"2017-01-13T16:00:13","guid":{"rendered":"https:\/\/ushiplearnsubd.wpengine.com\/de\/?page_id=5307"},"modified":"2017-01-19T23:09:09","modified_gmt":"2017-01-19T23:09:09","slug":"nennenswerte-partner","status":"publish","type":"page","link":"https:\/\/ushiplearnsubd.wpengine.com\/de\/partnerschaften\/nennenswerte-partner\/","title":{"rendered":"Nennenswerte Partner"},"content":{"rendered":"","protected":false},"excerpt":{"rendered":"","protected":false},"author":2,"featured_media":0,"parent":1323,"menu_order":0,"comment_status":"closed","ping_status":"closed","template":"tabbed-page-v2-child.php","meta":{"_acf_changed":false,"footnotes":""},"class_list":["post-5307","page","type-page","status-publish","hentry"],"acf":{"header_footer_type":false,"body_content":[{"acf_fc_layout":"intro_slide","intro_slide_id":"","intro_slide_head":"LERNEN SIE UNSERE WICHTIGSTEN PARTNER KENNEN","intro_slide_subhead":"Zwei unserer wichtigsten Partner - eBay und Ritchie Bros. Auctioneers - haben mit Hilfe von uShip ihren Kunden Millionen von Euros gespart indem Sie auf uShip's Marktplatz f\u00fcr den Transport zur\u00fcck griffen. Beide Integrationen sind zwar anders, aber das Ergebnis ist gleich: einen wertvollen Vorteil f\u00fcr Kunden anbieten, die LTP (larger-than-parcel) Ladungen haben und einen Transport suchen, egal ob einen Traktor von Ritchie Bros. oder einen Pkw von eBay. Finden Sie heraus wie wir auch Ihnen helfen k\u00f6nnen.","intro_slide_cta":null,"intro_slide_slide":[{"intro_slide_slide_image":2607},{"intro_slide_slide_image":2608},{"intro_slide_slide_image":1675}]},{"acf_fc_layout":"strip_data_callout","strip_data_callout_id":"","strip_data_callout_content":[{"strip_data_callout_block_value":"3,5","strip_data_callout_block_caption":"Millionnen <br>Kunden"},{"strip_data_callout_block_value":"788.000","strip_data_callout_block_caption":"Spediteure"},{"strip_data_callout_block_value":"5,7","strip_data_callout_block_caption":"Millionen <br>Transportauftr\u00e4ge"}]},{"acf_fc_layout":"slanted_map","slanted_map_id":"","slanted_map_bg_color":"mapBackgroundGrey","slanted_map_bg_position":"mapBackgroundLeft","slanted_map_map_feature":"none","slanted_map_video_poster_image":null,"slanted_map_youtube_id":"","slanted_map_image":1676,"slanted_map_image_vertical_alignment":"alignmentMiddle","slanted_map_image_horizontal_alignment":"alignmentCenter","slanted_map_copy_intro":"eBay","slanted_map_copy_block_text":"eBay, Inc. ist einer der gr\u00f6\u00dften Online Markplt\u00e4tze f\u00fcr den Kauf und Verkauf von allen m\u00f6glichen Sachen, von Pkw bis zu M\u00f6beln oder auch Motorr\u00e4dern. Es werden jedes Jahr \u00fcber 3 Millionen LTP (less-than-parcel) Ladungen \u00fcber eBay gekauft und verkauft.\r\n\r\n&nbsp;\r\n\r\nAls offizieller LTP Partner von eBay, hilft uShip sowohl eBay's K\u00e4ufern, als auch den Verk\u00e4ufern bei der Suche nach dem richtigen Spediteur und dem besten Preis. Mit Hilfe von Bannern, Widgets und unserer API sind wir die beste und bequemste L\u00f6sung f\u00fcr eBay Kunden. uShip hat seit 2004 eBay Kunden \u00fcber 20 Millionen Euro an Transportkonsten gespart.","slanted_map_copy_cta":null,"slanted_map_trustpilot_widget":false},{"acf_fc_layout":"video","video_id":"","video_intro":"Red Rooster Antiquit\u00e4ten","video_intro_sub":"Sehen Sie sich hier an wie ein eBay K\u00e4ufer und Verk\u00e4ufer uShip nutzt, um sein Gesch\u00e4ft zu verbessern","video_poster":2594,"youtube_id":"xwEJ5XeEqgI","video_cta":null},{"acf_fc_layout":"slanted_map","slanted_map_id":"","slanted_map_bg_color":"mapBackgroundGrey","slanted_map_bg_position":"mapBackgroundRight","slanted_map_map_feature":"none","slanted_map_video_poster_image":null,"slanted_map_youtube_id":"","slanted_map_image":1677,"slanted_map_image_vertical_alignment":"alignmentMiddle","slanted_map_image_horizontal_alignment":"alignmentCenter","slanted_map_copy_intro":"Ritchie Brothers","slanted_map_copy_block_text":"Ritchie Bros. Auctioneers gibt es seit 1958 und sie verkaufen weltweit die meisten neuen und gebrauchten Schwertransportladungen. Ihren Hauptsitz haben Sie zwar in Vancouver, Kanada aber auf der ganzen Welt gibt es \u00fcber 110 Ritchie Bros. Filialen - eine davon befindet sich sogar in Deutschland. Die Kunden von Ritchie Bros. variieren und mit ihnen auch die Transportanforderungen.\r\n\r\n&nbsp;\r\n\r\nMit uShip als Partner und mit der Integration von uShip's API, haben die Kunden von Ritchie Bros. mehr als 10 Millionen Euro an Transportkosten gespart. uShip l\u00f6st nicht nur das \"Wie\" und \"F\u00fcr wieviel\", sondern garantiert auch die niedrigsten Preise. F\u00fcr die Auktion\u00e4re und die K\u00e4ufer ist das Rechnen einfach:\r\n<div style=\"margin-left: 30px;\">Komfort und mehr Stellenwert f\u00fcr Ritchie Bros. Kunden + Umsatzbeteiligung f\u00fcr Ritchie Bros. f\u00fcr uShip Transkationen = Eine Partnerschaft, die Sinn macht und Umsatz bringt.<\/div>","slanted_map_copy_cta":null,"slanted_map_trustpilot_widget":false},{"acf_fc_layout":"video","video_id":"","video_intro":"Ritchie Brothers","video_intro_sub":"Sehen Sie hier wie die Ritchie Bros. - uShip Partnershaft und unsere API Integration Kunden viel Geld an Transportkosten spart","video_poster":2595,"youtube_id":"pietKe0Hzu4","video_cta":null}],"bottom_content":[{"acf_fc_layout":"bookend","bookend_content_type":"text","bookend_intro":"M\u00d6CHTEN SIE MEHR ERFAHREN?","bookend_intro_sub":"","bookend_image":null,"bookend_cta_text":"uShip Kontaktieren","bookend_cta_url":"mailto:partners@uship.com","bookend_cta_onclick":"","bookend_cta_open_in_new_tab":[],"bookend_previous_content":[{"bookend_previous_url":5315,"bookend_previous_text":"API\/Developer<br>Portal"}],"bookend_next_content":[{"bookend_next_url":5309,"bookend_next_text":"Marktplatz<br>Partner"}]}]},"yoast_head":"<!-- This site is optimized with the Yoast SEO plugin v22.2 - https:\/\/yoast.com\/wordpress\/plugins\/seo\/ -->\n<title>Nennenswerte Partner - So Funktionierts<\/title>\n<meta name=\"robots\" content=\"index, follow, max-snippet:-1, max-image-preview:large, max-video-preview:-1\" \/>\n<link rel=\"canonical\" href=\"https:\/\/ushiplearnsubd.wpengine.com\/de\/partnerschaften\/nennenswerte-partner\/\" \/>\n<meta property=\"og:locale\" content=\"de_DE\" \/>\n<meta property=\"og:type\" content=\"article\" \/>\n<meta property=\"og:title\" content=\"Nennenswerte Partner - So Funktionierts\" \/>\n<meta property=\"og:url\" content=\"https:\/\/ushiplearnsubd.wpengine.com\/de\/partnerschaften\/nennenswerte-partner\/\" \/>\n<meta property=\"og:site_name\" content=\"So Funktionierts\" \/>\n<meta property=\"article:modified_time\" content=\"2017-01-19T23:09:09+00:00\" \/>\n<meta name=\"twitter:card\" content=\"summary_large_image\" \/>\n<script type=\"application\/ld+json\" class=\"yoast-schema-graph\">{\"@context\":\"https:\/\/schema.org\",\"@graph\":[{\"@type\":\"WebPage\",\"@id\":\"https:\/\/ushiplearnsubd.wpengine.com\/de\/partnerschaften\/nennenswerte-partner\/\",\"url\":\"https:\/\/ushiplearnsubd.wpengine.com\/de\/partnerschaften\/nennenswerte-partner\/\",\"name\":\"Nennenswerte Partner - So Funktionierts\",\"isPartOf\":{\"@id\":\"https:\/\/ushiplearnsubd.wpengine.com\/de\/#website\"},\"datePublished\":\"2017-01-13T16:00:13+00:00\",\"dateModified\":\"2017-01-19T23:09:09+00:00\",\"breadcrumb\":{\"@id\":\"https:\/\/ushiplearnsubd.wpengine.com\/de\/partnerschaften\/nennenswerte-partner\/#breadcrumb\"},\"inLanguage\":\"de-DE\",\"potentialAction\":[{\"@type\":\"ReadAction\",\"target\":[\"https:\/\/ushiplearnsubd.wpengine.com\/de\/partnerschaften\/nennenswerte-partner\/\"]}]},{\"@type\":\"BreadcrumbList\",\"@id\":\"https:\/\/ushiplearnsubd.wpengine.com\/de\/partnerschaften\/nennenswerte-partner\/#breadcrumb\",\"itemListElement\":[{\"@type\":\"ListItem\",\"position\":1,\"name\":\"Home\",\"item\":\"https:\/\/ushiplearnsubd.wpengine.com\/de\/\"},{\"@type\":\"ListItem\",\"position\":2,\"name\":\"Partnerschaften\",\"item\":\"https:\/\/ushiplearnsubd.wpengine.com\/de\/partnerschaften\/\"},{\"@type\":\"ListItem\",\"position\":3,\"name\":\"Nennenswerte Partner\"}]},{\"@type\":\"WebSite\",\"@id\":\"https:\/\/ushiplearnsubd.wpengine.com\/de\/#website\",\"url\":\"https:\/\/ushiplearnsubd.wpengine.com\/de\/\",\"name\":\"So Funktionierts\",\"description\":\"\",\"potentialAction\":[{\"@type\":\"SearchAction\",\"target\":{\"@type\":\"EntryPoint\",\"urlTemplate\":\"https:\/\/ushiplearnsubd.wpengine.com\/de\/?s={search_term_string}\"},\"query-input\":\"required name=search_term_string\"}],\"inLanguage\":\"de-DE\"}]}<\/script>\n<!-- \/ Yoast SEO plugin. -->","yoast_head_json":{"title":"Nennenswerte Partner - So Funktionierts","robots":{"index":"index","follow":"follow","max-snippet":"max-snippet:-1","max-image-preview":"max-image-preview:large","max-video-preview":"max-video-preview:-1"},"canonical":"https:\/\/ushiplearnsubd.wpengine.com\/de\/partnerschaften\/nennenswerte-partner\/","og_locale":"de_DE","og_type":"article","og_title":"Nennenswerte Partner - So Funktionierts","og_url":"https:\/\/ushiplearnsubd.wpengine.com\/de\/partnerschaften\/nennenswerte-partner\/","og_site_name":"So Funktionierts","article_modified_time":"2017-01-19T23:09:09+00:00","twitter_card":"summary_large_image","schema":{"@context":"https:\/\/schema.org","@graph":[{"@type":"WebPage","@id":"https:\/\/ushiplearnsubd.wpengine.com\/de\/partnerschaften\/nennenswerte-partner\/","url":"https:\/\/ushiplearnsubd.wpengine.com\/de\/partnerschaften\/nennenswerte-partner\/","name":"Nennenswerte Partner - So Funktionierts","isPartOf":{"@id":"https:\/\/ushiplearnsubd.wpengine.com\/de\/#website"},"datePublished":"2017-01-13T16:00:13+00:00","dateModified":"2017-01-19T23:09:09+00:00","breadcrumb":{"@id":"https:\/\/ushiplearnsubd.wpengine.com\/de\/partnerschaften\/nennenswerte-partner\/#breadcrumb"},"inLanguage":"de-DE","potentialAction":[{"@type":"ReadAction","target":["https:\/\/ushiplearnsubd.wpengine.com\/de\/partnerschaften\/nennenswerte-partner\/"]}]},{"@type":"BreadcrumbList","@id":"https:\/\/ushiplearnsubd.wpengine.com\/de\/partnerschaften\/nennenswerte-partner\/#breadcrumb","itemListElement":[{"@type":"ListItem","position":1,"name":"Home","item":"https:\/\/ushiplearnsubd.wpengine.com\/de\/"},{"@type":"ListItem","position":2,"name":"Partnerschaften","item":"https:\/\/ushiplearnsubd.wpengine.com\/de\/partnerschaften\/"},{"@type":"ListItem","position":3,"name":"Nennenswerte Partner"}]},{"@type":"WebSite","@id":"https:\/\/ushiplearnsubd.wpengine.com\/de\/#website","url":"https:\/\/ushiplearnsubd.wpengine.com\/de\/","name":"So Funktionierts","description":"","potentialAction":[{"@type":"SearchAction","target":{"@type":"EntryPoint","urlTemplate":"https:\/\/ushiplearnsubd.wpengine.com\/de\/?s={search_term_string}"},"query-input":"required name=search_term_string"}],"inLanguage":"de-DE"}]}},"fixed_price_tool_customer_success":{"image":false,"telephone":false,"email":false},"_links":{"self":[{"href":"https:\/\/ushiplearnsubd.wpengine.com\/de\/wp-json\/wp\/v2\/pages\/5307","targetHints":{"allow":["GET"]}}],"collection":[{"href":"https:\/\/ushiplearnsubd.wpengine.com\/de\/wp-json\/wp\/v2\/pages"}],"about":[{"href":"https:\/\/ushiplearnsubd.wpengine.com\/de\/wp-json\/wp\/v2\/types\/page"}],"author":[{"embeddable":true,"href":"https:\/\/ushiplearnsubd.wpengine.com\/de\/wp-json\/wp\/v2\/users\/2"}],"replies":[{"embeddable":true,"href":"https:\/\/ushiplearnsubd.wpengine.com\/de\/wp-json\/wp\/v2\/comments?post=5307"}],"version-history":[{"count":0,"href":"https:\/\/ushiplearnsubd.wpengine.com\/de\/wp-json\/wp\/v2\/pages\/5307\/revisions"}],"up":[{"embeddable":true,"href":"https:\/\/ushiplearnsubd.wpengine.com\/de\/wp-json\/wp\/v2\/pages\/1323"}],"wp:attachment":[{"href":"https:\/\/ushiplearnsubd.wpengine.com\/de\/wp-json\/wp\/v2\/media?parent=5307"}],"curies":[{"name":"wp","href":"https:\/\/api.w.org\/{rel}","templated":true}]}}