{"id":5250,"date":"2017-01-12T21:14:20","date_gmt":"2017-01-12T21:14:20","guid":{"rendered":"https:\/\/ushiplearnsubd.wpengine.com\/de\/?page_id=5250"},"modified":"2017-01-18T23:44:09","modified_gmt":"2017-01-18T23:44:09","slug":"schlauer-transportieren","status":"publish","type":"page","link":"https:\/\/ushiplearnsubd.wpengine.com\/de\/versandkunde-geschaftlich\/schlauer-transportieren\/","title":{"rendered":"Schlauer Transportieren"},"content":{"rendered":"","protected":false},"excerpt":{"rendered":"","protected":false},"author":2,"featured_media":0,"parent":5,"menu_order":0,"comment_status":"closed","ping_status":"closed","template":"tabbed-page-v2-child.php","meta":{"_acf_changed":false,"footnotes":""},"class_list":["post-5250","page","type-page","status-publish","hentry"],"acf":{"header_footer_type":false,"body_content":[{"acf_fc_layout":"intro_slide","intro_slide_id":"","intro_slide_head":"SCHLAUER TRANSPORTIEREN \u00dcBEN","intro_slide_subhead":"Obwohl uShip einer der sichersten Online Auktionsplattformen ist mit der Sie eine Spedition finden k\u00f6nnen, kann man nie vorsichtig genug sein.","intro_slide_cta":null,"intro_slide_slide":[{"intro_slide_slide_image":5229}]},{"acf_fc_layout":"icon_bullet_points","icon_bullet_points_id":"","icon_bullet_points_row":[{"icon_bullet_points_row_icon":"icon_trustshield","icon_bullet_points_row_title":"TRANSPORTDIENSTLEISTER W\u00c4HLEN","icon_bullet_points_row_text":"Um Ihre Auswahl sicherer zu machen, hat jeder bei uShip registrierte Transportdienstleister ein \u00f6ffentliches Profil auf uShip. Es beinhaltet sowohl die Erfahrung, Kundenbewertungen und Auflistung aller uShip Auftr\u00e4ge des Transportdienstleisters als auch Bilder und vieles mehr. Schauen Sie sich diese Informationen bitte genau an, bevor Sie buchen."},{"icon_bullet_points_row_icon":"icon_signature","icon_bullet_points_row_title":"FORDERN SIE DOKUMENTE","icon_bullet_points_row_text":"Sie sollten einen schriftlichen Vertrag, der die Details Ihrer Zusammenarbeit mit dem Transportdienstleister auflistet, erstellen und diesen auch beide vor Abholung unterschreiben. Dies und weitere Dokumente k\u00f6nnen gegebenenfalls sehr wichtig werden."},{"icon_bullet_points_row_icon":"icon_creditcard","icon_bullet_points_row_title":"WEISE BEZAHLEN","icon_bullet_points_row_text":"uShip Zahlungen, Kreditkarten der weltweit gr\u00f6\u00dften Anbieter, Barzahlungen und Bank\u00fcberweisungen sind die sichersten Formen Ihren Spediteur zu bezahlen. Es ist ein Versto\u00df gegen uShip's AGB Geldtransferunternehmen wie Western Union oder MoneyGram zu benutzen weil man keine Ausgleichsbuchung beantragen kann sobald die \u00dcberweisung statt gefunden hat.\r\n\r\nUm es zusammen zu fassen: Stellen Sie Fragen, fordern Sie Dokumente, \u00fcberpr\u00fcfen Sie Referenzen, bezahlen Sie mit sicheren Mitteln und verlassen Sie sich immer auf Ihren ersten Instinkt. Wenn etwas nicht stimmt, dann stimmt meistens etwas auch nicht."}]}],"bottom_content":[{"acf_fc_layout":"bookend","bookend_content_type":"text","bookend_intro":"ICH BIN STARTKLAR","bookend_intro_sub":"","bookend_image":null,"bookend_cta_text":"Auftrag Einstellen","bookend_cta_url":"https:\/\/www.uship.com\/ship","bookend_cta_onclick":"","bookend_cta_open_in_new_tab":[],"bookend_previous_content":[{"bookend_previous_url":5248,"bookend_previous_text":"Transport<br>Tools"}],"bookend_next_content":[{"bookend_next_url":5252,"bookend_next_text":"Tracking Leicht<br>Gemacht"}]},{"acf_fc_layout":"tertiary_callout","tertiary_callout_title":"Nutzen Sie uShip f\u00fcr Ihr Gesch\u00e4ft","tertiary_callout_link_url":"\/de\/geschaeftskunden","tertiary_callout_link_text":"Mehr Erfahren","tertiary_callout_link_onclick":"","tertiary_callout_open_in_new_tab":[]}]},"yoast_head":"<!-- This site is optimized with the Yoast SEO plugin v22.2 - https:\/\/yoast.com\/wordpress\/plugins\/seo\/ -->\n<title>Schlauer Transportieren - So Funktionierts<\/title>\n<meta name=\"robots\" content=\"index, follow, max-snippet:-1, max-image-preview:large, max-video-preview:-1\" \/>\n<link rel=\"canonical\" href=\"https:\/\/ushiplearnsubd.wpengine.com\/de\/versandkunde-geschaftlich\/schlauer-transportieren\/\" \/>\n<meta property=\"og:locale\" content=\"de_DE\" \/>\n<meta property=\"og:type\" content=\"article\" \/>\n<meta property=\"og:title\" content=\"Schlauer Transportieren - So Funktionierts\" \/>\n<meta property=\"og:url\" content=\"https:\/\/ushiplearnsubd.wpengine.com\/de\/versandkunde-geschaftlich\/schlauer-transportieren\/\" \/>\n<meta property=\"og:site_name\" content=\"So Funktionierts\" \/>\n<meta property=\"article:modified_time\" content=\"2017-01-18T23:44:09+00:00\" \/>\n<meta name=\"twitter:card\" content=\"summary_large_image\" \/>\n<script type=\"application\/ld+json\" class=\"yoast-schema-graph\">{\"@context\":\"https:\/\/schema.org\",\"@graph\":[{\"@type\":\"WebPage\",\"@id\":\"https:\/\/ushiplearnsubd.wpengine.com\/de\/versandkunde-geschaftlich\/schlauer-transportieren\/\",\"url\":\"https:\/\/ushiplearnsubd.wpengine.com\/de\/versandkunde-geschaftlich\/schlauer-transportieren\/\",\"name\":\"Schlauer Transportieren - So Funktionierts\",\"isPartOf\":{\"@id\":\"https:\/\/ushiplearnsubd.wpengine.com\/de\/#website\"},\"datePublished\":\"2017-01-12T21:14:20+00:00\",\"dateModified\":\"2017-01-18T23:44:09+00:00\",\"breadcrumb\":{\"@id\":\"https:\/\/ushiplearnsubd.wpengine.com\/de\/versandkunde-geschaftlich\/schlauer-transportieren\/#breadcrumb\"},\"inLanguage\":\"de-DE\",\"potentialAction\":[{\"@type\":\"ReadAction\",\"target\":[\"https:\/\/ushiplearnsubd.wpengine.com\/de\/versandkunde-geschaftlich\/schlauer-transportieren\/\"]}]},{\"@type\":\"BreadcrumbList\",\"@id\":\"https:\/\/ushiplearnsubd.wpengine.com\/de\/versandkunde-geschaftlich\/schlauer-transportieren\/#breadcrumb\",\"itemListElement\":[{\"@type\":\"ListItem\",\"position\":1,\"name\":\"Home\",\"item\":\"https:\/\/ushiplearnsubd.wpengine.com\/de\/\"},{\"@type\":\"ListItem\",\"position\":2,\"name\":\"Versandkunden Geschaftlich\",\"item\":\"https:\/\/ushiplearnsubd.wpengine.com\/de\/versandkunde-geschaftlich\/\"},{\"@type\":\"ListItem\",\"position\":3,\"name\":\"Schlauer Transportieren\"}]},{\"@type\":\"WebSite\",\"@id\":\"https:\/\/ushiplearnsubd.wpengine.com\/de\/#website\",\"url\":\"https:\/\/ushiplearnsubd.wpengine.com\/de\/\",\"name\":\"So Funktionierts\",\"description\":\"\",\"potentialAction\":[{\"@type\":\"SearchAction\",\"target\":{\"@type\":\"EntryPoint\",\"urlTemplate\":\"https:\/\/ushiplearnsubd.wpengine.com\/de\/?s={search_term_string}\"},\"query-input\":\"required name=search_term_string\"}],\"inLanguage\":\"de-DE\"}]}<\/script>\n<!-- \/ Yoast SEO plugin. -->","yoast_head_json":{"title":"Schlauer Transportieren - So Funktionierts","robots":{"index":"index","follow":"follow","max-snippet":"max-snippet:-1","max-image-preview":"max-image-preview:large","max-video-preview":"max-video-preview:-1"},"canonical":"https:\/\/ushiplearnsubd.wpengine.com\/de\/versandkunde-geschaftlich\/schlauer-transportieren\/","og_locale":"de_DE","og_type":"article","og_title":"Schlauer Transportieren - So Funktionierts","og_url":"https:\/\/ushiplearnsubd.wpengine.com\/de\/versandkunde-geschaftlich\/schlauer-transportieren\/","og_site_name":"So Funktionierts","article_modified_time":"2017-01-18T23:44:09+00:00","twitter_card":"summary_large_image","schema":{"@context":"https:\/\/schema.org","@graph":[{"@type":"WebPage","@id":"https:\/\/ushiplearnsubd.wpengine.com\/de\/versandkunde-geschaftlich\/schlauer-transportieren\/","url":"https:\/\/ushiplearnsubd.wpengine.com\/de\/versandkunde-geschaftlich\/schlauer-transportieren\/","name":"Schlauer Transportieren - So Funktionierts","isPartOf":{"@id":"https:\/\/ushiplearnsubd.wpengine.com\/de\/#website"},"datePublished":"2017-01-12T21:14:20+00:00","dateModified":"2017-01-18T23:44:09+00:00","breadcrumb":{"@id":"https:\/\/ushiplearnsubd.wpengine.com\/de\/versandkunde-geschaftlich\/schlauer-transportieren\/#breadcrumb"},"inLanguage":"de-DE","potentialAction":[{"@type":"ReadAction","target":["https:\/\/ushiplearnsubd.wpengine.com\/de\/versandkunde-geschaftlich\/schlauer-transportieren\/"]}]},{"@type":"BreadcrumbList","@id":"https:\/\/ushiplearnsubd.wpengine.com\/de\/versandkunde-geschaftlich\/schlauer-transportieren\/#breadcrumb","itemListElement":[{"@type":"ListItem","position":1,"name":"Home","item":"https:\/\/ushiplearnsubd.wpengine.com\/de\/"},{"@type":"ListItem","position":2,"name":"Versandkunden Geschaftlich","item":"https:\/\/ushiplearnsubd.wpengine.com\/de\/versandkunde-geschaftlich\/"},{"@type":"ListItem","position":3,"name":"Schlauer Transportieren"}]},{"@type":"WebSite","@id":"https:\/\/ushiplearnsubd.wpengine.com\/de\/#website","url":"https:\/\/ushiplearnsubd.wpengine.com\/de\/","name":"So Funktionierts","description":"","potentialAction":[{"@type":"SearchAction","target":{"@type":"EntryPoint","urlTemplate":"https:\/\/ushiplearnsubd.wpengine.com\/de\/?s={search_term_string}"},"query-input":"required name=search_term_string"}],"inLanguage":"de-DE"}]}},"fixed_price_tool_customer_success":{"image":false,"telephone":false,"email":false},"_links":{"self":[{"href":"https:\/\/ushiplearnsubd.wpengine.com\/de\/wp-json\/wp\/v2\/pages\/5250","targetHints":{"allow":["GET"]}}],"collection":[{"href":"https:\/\/ushiplearnsubd.wpengine.com\/de\/wp-json\/wp\/v2\/pages"}],"about":[{"href":"https:\/\/ushiplearnsubd.wpengine.com\/de\/wp-json\/wp\/v2\/types\/page"}],"author":[{"embeddable":true,"href":"https:\/\/ushiplearnsubd.wpengine.com\/de\/wp-json\/wp\/v2\/users\/2"}],"replies":[{"embeddable":true,"href":"https:\/\/ushiplearnsubd.wpengine.com\/de\/wp-json\/wp\/v2\/comments?post=5250"}],"version-history":[{"count":0,"href":"https:\/\/ushiplearnsubd.wpengine.com\/de\/wp-json\/wp\/v2\/pages\/5250\/revisions"}],"up":[{"embeddable":true,"href":"https:\/\/ushiplearnsubd.wpengine.com\/de\/wp-json\/wp\/v2\/pages\/5"}],"wp:attachment":[{"href":"https:\/\/ushiplearnsubd.wpengine.com\/de\/wp-json\/wp\/v2\/media?parent=5250"}],"curies":[{"name":"wp","href":"https:\/\/api.w.org\/{rel}","templated":true}]}}