{"id":5246,"date":"2017-01-12T21:13:03","date_gmt":"2017-01-12T21:13:03","guid":{"rendered":"https:\/\/ushiplearnsubd.wpengine.com\/de\/?page_id=5246"},"modified":"2017-01-18T23:31:29","modified_gmt":"2017-01-18T23:31:29","slug":"anfangen","status":"publish","type":"page","link":"https:\/\/ushiplearnsubd.wpengine.com\/de\/versandkunde-geschaftlich\/anfangen\/","title":{"rendered":"Anfangen"},"content":{"rendered":"","protected":false},"excerpt":{"rendered":"","protected":false},"author":2,"featured_media":0,"parent":5,"menu_order":0,"comment_status":"closed","ping_status":"closed","template":"tabbed-page-v2-child.php","meta":{"_acf_changed":false,"footnotes":""},"class_list":["post-5246","page","type-page","status-publish","hentry"],"acf":{"header_footer_type":false,"body_content":[{"acf_fc_layout":"intro_slide","intro_slide_id":"","intro_slide_head":"HIER SIND SIE RICHTIG","intro_slide_subhead":"Egal was Sie transportieren - ein Auto, ein Boot, das Klavier Ihrer Mutter, Ihre Schallplattensammlung oder die Kuh Ihres Onkels - wir helfen Ihnen die passende Spedition zu finden.","intro_slide_cta":null,"intro_slide_slide":[{"intro_slide_slide_image":681},{"intro_slide_slide_image":682},{"intro_slide_slide_image":2612}]},{"acf_fc_layout":"strip_data_callout","strip_data_callout_id":"","strip_data_callout_content":[{"strip_data_callout_block_value":"3,5","strip_data_callout_block_caption":"Millionnen <br>Kunden"},{"strip_data_callout_block_value":"788.000","strip_data_callout_block_caption":"Spediteure"},{"strip_data_callout_block_value":"5,7","strip_data_callout_block_caption":"Millionen <br>Transportauftr\u00e4ge"}]},{"acf_fc_layout":"icon_bullet_points","icon_bullet_points_id":"","icon_bullet_points_row":[{"icon_bullet_points_row_icon":"icon_4stars","icon_bullet_points_row_title":"ALLES UNTER KONTROLLE","icon_bullet_points_row_text":"uShip ist eine Online Auktionsplattform f\u00fcr Transportauftr\u00e4ge, die Ihnen hilft die passende Kundenbewertete Spedition zu finden. Falls Ihnen das nicht reicht, k\u00f6nnen Sie die Spediteure vor Buchung sowie uShip's <a href=\"https:\/\/help.uship.com\/hc\/de\">Kundenbetreuung<\/a> kontaktieren."},{"icon_bullet_points_row_icon":"icon_camera","icon_bullet_points_row_title":"DETAILS SIND WICHTIG","icon_bullet_points_row_text":"Die Gebote, die Sie von Spediteuren erhalten, sind nur akkurat, wenn die Informationen \u00fcber Ihren Auftrag korrekt sind. F\u00fcgen Sie Fotos hinzu, geben Sie eine ausf\u00fchrliche Beschreibung und die richtigen Ma\u00dfe an - alle Details die f\u00fcr die Spediteure wichtig sein k\u00f6nnten."},{"icon_bullet_points_row_icon":"icon_phone","icon_bullet_points_row_title":"WERDEN SIE MOBIL","icon_bullet_points_row_text":"Jeder Transport ist noch besser und einfacher mit Hilfe der uShip App. Einfacher mit Ihrem Spediteur kommunizieren, Updates \u00fcber Ihren Auftrag erhalten, Zahlungen bequem und schnell nach Zustellung durchf\u00fchren und viel mehr."},{"icon_bullet_points_row_icon":"icon_creditcard","icon_bullet_points_row_title":"SICHER BEZAHLEN","icon_bullet_points_row_text":"Sie werden aufgefordert eine <a href=\"https:\/\/help.uship.com\/hc\/de\/articles\/205735238\">Anzahlung<\/a> an uShip zu leisten, bevor Ihre Buchung abgeschlossen werden kann. Den Restbetrag zahlen Sie dann bei Zustellung direkt an den Spediteur, mit Hilfe von der Zahlungsart, die dieser auf seinem Gebot angegeben hat. Eine uShip Zahlung ist nur verf\u00fcgbar, wenn Sie ein goldenes Schild neben der Gebotssumme eines Spediteurs sehen."}]}],"bottom_content":[{"acf_fc_layout":"bookend","bookend_content_type":"text","bookend_intro":"ICH BIN STARTKLAR","bookend_intro_sub":"","bookend_image":null,"bookend_cta_text":"Auftrag Einstellen","bookend_cta_url":"https:\/\/www.uship.com\/ship","bookend_cta_onclick":"","bookend_cta_open_in_new_tab":[],"bookend_previous_content":[{"bookend_previous_url":5256,"bookend_previous_text":"Garantien und<br>Reklamationen"}],"bookend_next_content":[{"bookend_next_url":5248,"bookend_next_text":"Transport<br>Tools"}]},{"acf_fc_layout":"tertiary_callout","tertiary_callout_title":"Nutzen Sie uShip f\u00fcr Ihr Gesch\u00e4ft","tertiary_callout_link_url":"\/de\/geschaeftskunden","tertiary_callout_link_text":"Mehr Erfahren","tertiary_callout_link_onclick":"","tertiary_callout_open_in_new_tab":[]}]},"yoast_head":"<!-- This site is optimized with the Yoast SEO plugin v22.2 - https:\/\/yoast.com\/wordpress\/plugins\/seo\/ -->\n<title>Anfangen - So Funktionierts<\/title>\n<meta name=\"robots\" content=\"index, follow, max-snippet:-1, max-image-preview:large, max-video-preview:-1\" \/>\n<link rel=\"canonical\" href=\"https:\/\/ushiplearnsubd.wpengine.com\/de\/versandkunde-geschaftlich\/anfangen\/\" \/>\n<meta property=\"og:locale\" content=\"de_DE\" \/>\n<meta property=\"og:type\" content=\"article\" \/>\n<meta property=\"og:title\" content=\"Anfangen - So Funktionierts\" \/>\n<meta property=\"og:url\" content=\"https:\/\/ushiplearnsubd.wpengine.com\/de\/versandkunde-geschaftlich\/anfangen\/\" \/>\n<meta property=\"og:site_name\" content=\"So Funktionierts\" \/>\n<meta property=\"article:modified_time\" content=\"2017-01-18T23:31:29+00:00\" \/>\n<meta name=\"twitter:card\" content=\"summary_large_image\" \/>\n<script type=\"application\/ld+json\" class=\"yoast-schema-graph\">{\"@context\":\"https:\/\/schema.org\",\"@graph\":[{\"@type\":\"WebPage\",\"@id\":\"https:\/\/ushiplearnsubd.wpengine.com\/de\/versandkunde-geschaftlich\/anfangen\/\",\"url\":\"https:\/\/ushiplearnsubd.wpengine.com\/de\/versandkunde-geschaftlich\/anfangen\/\",\"name\":\"Anfangen - So Funktionierts\",\"isPartOf\":{\"@id\":\"https:\/\/ushiplearnsubd.wpengine.com\/de\/#website\"},\"datePublished\":\"2017-01-12T21:13:03+00:00\",\"dateModified\":\"2017-01-18T23:31:29+00:00\",\"breadcrumb\":{\"@id\":\"https:\/\/ushiplearnsubd.wpengine.com\/de\/versandkunde-geschaftlich\/anfangen\/#breadcrumb\"},\"inLanguage\":\"de-DE\",\"potentialAction\":[{\"@type\":\"ReadAction\",\"target\":[\"https:\/\/ushiplearnsubd.wpengine.com\/de\/versandkunde-geschaftlich\/anfangen\/\"]}]},{\"@type\":\"BreadcrumbList\",\"@id\":\"https:\/\/ushiplearnsubd.wpengine.com\/de\/versandkunde-geschaftlich\/anfangen\/#breadcrumb\",\"itemListElement\":[{\"@type\":\"ListItem\",\"position\":1,\"name\":\"Home\",\"item\":\"https:\/\/ushiplearnsubd.wpengine.com\/de\/\"},{\"@type\":\"ListItem\",\"position\":2,\"name\":\"Versandkunden Geschaftlich\",\"item\":\"https:\/\/ushiplearnsubd.wpengine.com\/de\/versandkunde-geschaftlich\/\"},{\"@type\":\"ListItem\",\"position\":3,\"name\":\"Anfangen\"}]},{\"@type\":\"WebSite\",\"@id\":\"https:\/\/ushiplearnsubd.wpengine.com\/de\/#website\",\"url\":\"https:\/\/ushiplearnsubd.wpengine.com\/de\/\",\"name\":\"So Funktionierts\",\"description\":\"\",\"potentialAction\":[{\"@type\":\"SearchAction\",\"target\":{\"@type\":\"EntryPoint\",\"urlTemplate\":\"https:\/\/ushiplearnsubd.wpengine.com\/de\/?s={search_term_string}\"},\"query-input\":\"required name=search_term_string\"}],\"inLanguage\":\"de-DE\"}]}<\/script>\n<!-- \/ Yoast SEO plugin. -->","yoast_head_json":{"title":"Anfangen - So Funktionierts","robots":{"index":"index","follow":"follow","max-snippet":"max-snippet:-1","max-image-preview":"max-image-preview:large","max-video-preview":"max-video-preview:-1"},"canonical":"https:\/\/ushiplearnsubd.wpengine.com\/de\/versandkunde-geschaftlich\/anfangen\/","og_locale":"de_DE","og_type":"article","og_title":"Anfangen - So Funktionierts","og_url":"https:\/\/ushiplearnsubd.wpengine.com\/de\/versandkunde-geschaftlich\/anfangen\/","og_site_name":"So Funktionierts","article_modified_time":"2017-01-18T23:31:29+00:00","twitter_card":"summary_large_image","schema":{"@context":"https:\/\/schema.org","@graph":[{"@type":"WebPage","@id":"https:\/\/ushiplearnsubd.wpengine.com\/de\/versandkunde-geschaftlich\/anfangen\/","url":"https:\/\/ushiplearnsubd.wpengine.com\/de\/versandkunde-geschaftlich\/anfangen\/","name":"Anfangen - So Funktionierts","isPartOf":{"@id":"https:\/\/ushiplearnsubd.wpengine.com\/de\/#website"},"datePublished":"2017-01-12T21:13:03+00:00","dateModified":"2017-01-18T23:31:29+00:00","breadcrumb":{"@id":"https:\/\/ushiplearnsubd.wpengine.com\/de\/versandkunde-geschaftlich\/anfangen\/#breadcrumb"},"inLanguage":"de-DE","potentialAction":[{"@type":"ReadAction","target":["https:\/\/ushiplearnsubd.wpengine.com\/de\/versandkunde-geschaftlich\/anfangen\/"]}]},{"@type":"BreadcrumbList","@id":"https:\/\/ushiplearnsubd.wpengine.com\/de\/versandkunde-geschaftlich\/anfangen\/#breadcrumb","itemListElement":[{"@type":"ListItem","position":1,"name":"Home","item":"https:\/\/ushiplearnsubd.wpengine.com\/de\/"},{"@type":"ListItem","position":2,"name":"Versandkunden Geschaftlich","item":"https:\/\/ushiplearnsubd.wpengine.com\/de\/versandkunde-geschaftlich\/"},{"@type":"ListItem","position":3,"name":"Anfangen"}]},{"@type":"WebSite","@id":"https:\/\/ushiplearnsubd.wpengine.com\/de\/#website","url":"https:\/\/ushiplearnsubd.wpengine.com\/de\/","name":"So Funktionierts","description":"","potentialAction":[{"@type":"SearchAction","target":{"@type":"EntryPoint","urlTemplate":"https:\/\/ushiplearnsubd.wpengine.com\/de\/?s={search_term_string}"},"query-input":"required name=search_term_string"}],"inLanguage":"de-DE"}]}},"fixed_price_tool_customer_success":{"image":false,"telephone":false,"email":false},"_links":{"self":[{"href":"https:\/\/ushiplearnsubd.wpengine.com\/de\/wp-json\/wp\/v2\/pages\/5246","targetHints":{"allow":["GET"]}}],"collection":[{"href":"https:\/\/ushiplearnsubd.wpengine.com\/de\/wp-json\/wp\/v2\/pages"}],"about":[{"href":"https:\/\/ushiplearnsubd.wpengine.com\/de\/wp-json\/wp\/v2\/types\/page"}],"author":[{"embeddable":true,"href":"https:\/\/ushiplearnsubd.wpengine.com\/de\/wp-json\/wp\/v2\/users\/2"}],"replies":[{"embeddable":true,"href":"https:\/\/ushiplearnsubd.wpengine.com\/de\/wp-json\/wp\/v2\/comments?post=5246"}],"version-history":[{"count":0,"href":"https:\/\/ushiplearnsubd.wpengine.com\/de\/wp-json\/wp\/v2\/pages\/5246\/revisions"}],"up":[{"embeddable":true,"href":"https:\/\/ushiplearnsubd.wpengine.com\/de\/wp-json\/wp\/v2\/pages\/5"}],"wp:attachment":[{"href":"https:\/\/ushiplearnsubd.wpengine.com\/de\/wp-json\/wp\/v2\/media?parent=5246"}],"curies":[{"name":"wp","href":"https:\/\/api.w.org\/{rel}","templated":true}]}}