{"id":1323,"date":"2016-04-06T15:13:52","date_gmt":"2016-04-06T15:13:52","guid":{"rendered":"http:\/\/ushiplearnsubd.wpengine.com\/de\/?page_id=1323"},"modified":"2019-05-23T21:03:27","modified_gmt":"2019-05-23T21:03:27","slug":"partnerschaften","status":"publish","type":"page","link":"https:\/\/ushiplearnsubd.wpengine.com\/de\/partnerschaften\/","title":{"rendered":"Partnerschaften"},"content":{"rendered":"","protected":false},"excerpt":{"rendered":"","protected":false},"author":2,"featured_media":0,"parent":0,"menu_order":0,"comment_status":"closed","ping_status":"closed","template":"tabbed-page-v2.php","meta":{"_acf_changed":false,"footnotes":""},"class_list":["post-1323","page","type-page","status-publish","hentry"],"acf":{"header_footer_type":"full","top_content":[{"acf_fc_layout":"hero","hero_size":"heroLarge","hero_image":1324,"hero_headline":"EINE PARTNERSCHAFT DIE SINN MACHT UND UMSATZ BRINGT","hero_subheadline":"uShip bildet verschiedenste Partnerschaften, die nicht nur M\u00f6glichkeiten darstellen, h\u00f6heren Umsatz zu machen, sondern auch direkten Zugriff auf unser Netzwerk an Transportdienstleistern erm\u00f6glichen.","hero_cta":[{"hero_cta_url":"mailto:partners@uship.com","hero_cta_text":"uShip Kontaktieren","hero_cta_onclick":"","hero_cta_open_in_new_tab":""}],"hero_cta_secondary":null,"hero_video_modal_primary":null,"hero_form_modal_primary":null,"hero_video_modal_secondary":null,"hero_form_modal_secondary":null,"hero_tertiary_callout":null,"hero_cobranded_strip":null,"include_hubspot_form":"","hero_form_header":"","hero_hubspot_embed":""}]},"yoast_head":"<!-- This site is optimized with the Yoast SEO plugin v22.2 - https:\/\/yoast.com\/wordpress\/plugins\/seo\/ -->\n<title>So Funktionierts - Partnerschaften<\/title>\n<meta name=\"description\" content=\"Sparen Sie Ihren Kunden Geld und Zeit, indem Sie die Leistungsf\u00e4higkeit des uShip Marktplatzes durch Ihre eigene personalisierte Integration nutzen. Partnerschaften mit uShip machen es Ihren Kunden leichter. Erfahren Sie mehr \u00fcber unsere aktuellen Partnerschaften in Deutschland und ob diese Option f\u00fcr Sie in Frage kommt.\" \/>\n<meta name=\"robots\" content=\"index, follow, max-snippet:-1, max-image-preview:large, max-video-preview:-1\" \/>\n<link rel=\"canonical\" href=\"https:\/\/ushiplearnsubd.wpengine.com\/de\/partnerschaften\/\" \/>\n<meta property=\"og:locale\" content=\"de_DE\" \/>\n<meta property=\"og:type\" content=\"article\" \/>\n<meta property=\"og:title\" content=\"So Funktionierts - Partnerschaften\" \/>\n<meta property=\"og:description\" content=\"Sparen Sie Ihren Kunden Geld und Zeit, indem Sie die Leistungsf\u00e4higkeit des uShip Marktplatzes durch Ihre eigene personalisierte Integration nutzen. Partnerschaften mit uShip machen es Ihren Kunden leichter. Erfahren Sie mehr \u00fcber unsere aktuellen Partnerschaften in Deutschland und ob diese Option f\u00fcr Sie in Frage kommt.\" \/>\n<meta property=\"og:url\" content=\"https:\/\/ushiplearnsubd.wpengine.com\/de\/partnerschaften\/\" \/>\n<meta property=\"og:site_name\" content=\"So Funktionierts\" \/>\n<meta property=\"article:modified_time\" content=\"2019-05-23T21:03:27+00:00\" \/>\n<meta name=\"twitter:card\" content=\"summary_large_image\" \/>\n<script type=\"application\/ld+json\" class=\"yoast-schema-graph\">{\"@context\":\"https:\/\/schema.org\",\"@graph\":[{\"@type\":\"WebPage\",\"@id\":\"https:\/\/ushiplearnsubd.wpengine.com\/de\/partnerschaften\/\",\"url\":\"https:\/\/ushiplearnsubd.wpengine.com\/de\/partnerschaften\/\",\"name\":\"So Funktionierts - Partnerschaften\",\"isPartOf\":{\"@id\":\"https:\/\/ushiplearnsubd.wpengine.com\/de\/#website\"},\"datePublished\":\"2016-04-06T15:13:52+00:00\",\"dateModified\":\"2019-05-23T21:03:27+00:00\",\"description\":\"Sparen Sie Ihren Kunden Geld und Zeit, indem Sie die Leistungsf\u00e4higkeit des uShip Marktplatzes durch Ihre eigene personalisierte Integration nutzen. Partnerschaften mit uShip machen es Ihren Kunden leichter. Erfahren Sie mehr \u00fcber unsere aktuellen Partnerschaften in Deutschland und ob diese Option f\u00fcr Sie in Frage kommt.\",\"breadcrumb\":{\"@id\":\"https:\/\/ushiplearnsubd.wpengine.com\/de\/partnerschaften\/#breadcrumb\"},\"inLanguage\":\"de-DE\",\"potentialAction\":[{\"@type\":\"ReadAction\",\"target\":[\"https:\/\/ushiplearnsubd.wpengine.com\/de\/partnerschaften\/\"]}]},{\"@type\":\"BreadcrumbList\",\"@id\":\"https:\/\/ushiplearnsubd.wpengine.com\/de\/partnerschaften\/#breadcrumb\",\"itemListElement\":[{\"@type\":\"ListItem\",\"position\":1,\"name\":\"Home\",\"item\":\"https:\/\/ushiplearnsubd.wpengine.com\/de\/\"},{\"@type\":\"ListItem\",\"position\":2,\"name\":\"Partnerschaften\"}]},{\"@type\":\"WebSite\",\"@id\":\"https:\/\/ushiplearnsubd.wpengine.com\/de\/#website\",\"url\":\"https:\/\/ushiplearnsubd.wpengine.com\/de\/\",\"name\":\"So Funktionierts\",\"description\":\"\",\"potentialAction\":[{\"@type\":\"SearchAction\",\"target\":{\"@type\":\"EntryPoint\",\"urlTemplate\":\"https:\/\/ushiplearnsubd.wpengine.com\/de\/?s={search_term_string}\"},\"query-input\":\"required name=search_term_string\"}],\"inLanguage\":\"de-DE\"}]}<\/script>\n<!-- \/ Yoast SEO plugin. -->","yoast_head_json":{"title":"So Funktionierts - Partnerschaften","description":"Sparen Sie Ihren Kunden Geld und Zeit, indem Sie die Leistungsf\u00e4higkeit des uShip Marktplatzes durch Ihre eigene personalisierte Integration nutzen. Partnerschaften mit uShip machen es Ihren Kunden leichter. Erfahren Sie mehr \u00fcber unsere aktuellen Partnerschaften in Deutschland und ob diese Option f\u00fcr Sie in Frage kommt.","robots":{"index":"index","follow":"follow","max-snippet":"max-snippet:-1","max-image-preview":"max-image-preview:large","max-video-preview":"max-video-preview:-1"},"canonical":"https:\/\/ushiplearnsubd.wpengine.com\/de\/partnerschaften\/","og_locale":"de_DE","og_type":"article","og_title":"So Funktionierts - Partnerschaften","og_description":"Sparen Sie Ihren Kunden Geld und Zeit, indem Sie die Leistungsf\u00e4higkeit des uShip Marktplatzes durch Ihre eigene personalisierte Integration nutzen. Partnerschaften mit uShip machen es Ihren Kunden leichter. Erfahren Sie mehr \u00fcber unsere aktuellen Partnerschaften in Deutschland und ob diese Option f\u00fcr Sie in Frage kommt.","og_url":"https:\/\/ushiplearnsubd.wpengine.com\/de\/partnerschaften\/","og_site_name":"So Funktionierts","article_modified_time":"2019-05-23T21:03:27+00:00","twitter_card":"summary_large_image","schema":{"@context":"https:\/\/schema.org","@graph":[{"@type":"WebPage","@id":"https:\/\/ushiplearnsubd.wpengine.com\/de\/partnerschaften\/","url":"https:\/\/ushiplearnsubd.wpengine.com\/de\/partnerschaften\/","name":"So Funktionierts - Partnerschaften","isPartOf":{"@id":"https:\/\/ushiplearnsubd.wpengine.com\/de\/#website"},"datePublished":"2016-04-06T15:13:52+00:00","dateModified":"2019-05-23T21:03:27+00:00","description":"Sparen Sie Ihren Kunden Geld und Zeit, indem Sie die Leistungsf\u00e4higkeit des uShip Marktplatzes durch Ihre eigene personalisierte Integration nutzen. Partnerschaften mit uShip machen es Ihren Kunden leichter. Erfahren Sie mehr \u00fcber unsere aktuellen Partnerschaften in Deutschland und ob diese Option f\u00fcr Sie in Frage kommt.","breadcrumb":{"@id":"https:\/\/ushiplearnsubd.wpengine.com\/de\/partnerschaften\/#breadcrumb"},"inLanguage":"de-DE","potentialAction":[{"@type":"ReadAction","target":["https:\/\/ushiplearnsubd.wpengine.com\/de\/partnerschaften\/"]}]},{"@type":"BreadcrumbList","@id":"https:\/\/ushiplearnsubd.wpengine.com\/de\/partnerschaften\/#breadcrumb","itemListElement":[{"@type":"ListItem","position":1,"name":"Home","item":"https:\/\/ushiplearnsubd.wpengine.com\/de\/"},{"@type":"ListItem","position":2,"name":"Partnerschaften"}]},{"@type":"WebSite","@id":"https:\/\/ushiplearnsubd.wpengine.com\/de\/#website","url":"https:\/\/ushiplearnsubd.wpengine.com\/de\/","name":"So Funktionierts","description":"","potentialAction":[{"@type":"SearchAction","target":{"@type":"EntryPoint","urlTemplate":"https:\/\/ushiplearnsubd.wpengine.com\/de\/?s={search_term_string}"},"query-input":"required name=search_term_string"}],"inLanguage":"de-DE"}]}},"fixed_price_tool_customer_success":false,"_links":{"self":[{"href":"https:\/\/ushiplearnsubd.wpengine.com\/de\/wp-json\/wp\/v2\/pages\/1323","targetHints":{"allow":["GET"]}}],"collection":[{"href":"https:\/\/ushiplearnsubd.wpengine.com\/de\/wp-json\/wp\/v2\/pages"}],"about":[{"href":"https:\/\/ushiplearnsubd.wpengine.com\/de\/wp-json\/wp\/v2\/types\/page"}],"author":[{"embeddable":true,"href":"https:\/\/ushiplearnsubd.wpengine.com\/de\/wp-json\/wp\/v2\/users\/2"}],"replies":[{"embeddable":true,"href":"https:\/\/ushiplearnsubd.wpengine.com\/de\/wp-json\/wp\/v2\/comments?post=1323"}],"version-history":[{"count":0,"href":"https:\/\/ushiplearnsubd.wpengine.com\/de\/wp-json\/wp\/v2\/pages\/1323\/revisions"}],"wp:attachment":[{"href":"https:\/\/ushiplearnsubd.wpengine.com\/de\/wp-json\/wp\/v2\/media?parent=1323"}],"curies":[{"name":"wp","href":"https:\/\/api.w.org\/{rel}","templated":true}]}}