{"id":1298,"date":"2016-04-05T19:25:20","date_gmt":"2016-04-05T19:25:20","guid":{"rendered":"http:\/\/ushiplearnsubd.wpengine.com\/de\/?page_id=1298"},"modified":"2019-05-23T21:05:14","modified_gmt":"2019-05-23T21:05:14","slug":"geschaeftskunden","status":"publish","type":"page","link":"https:\/\/ushiplearnsubd.wpengine.com\/de\/geschaeftskunden\/","title":{"rendered":"Geschaeftskunden"},"content":{"rendered":"","protected":false},"excerpt":{"rendered":"","protected":false},"author":2,"featured_media":0,"parent":0,"menu_order":0,"comment_status":"closed","ping_status":"closed","template":"tabbed-page-v2.php","meta":{"_acf_changed":false,"footnotes":""},"class_list":["post-1298","page","type-page","status-publish","hentry"],"acf":{"header_footer_type":"full","top_content":[{"acf_fc_layout":"hero","hero_size":"heroLarge","hero_image":5164,"hero_headline":"GESCH\u00c4FTLICH TRANSPORTIEREN REVOLUTIONIERT","hero_subheadline":"Transportieren Sie Ihre Fracht schneller, einfacher und preiswerter mit \"uShip f\u00fcr Unternehmen\"","hero_cta":[{"hero_cta_url":"https:\/\/www.uship.com\/ship","hero_cta_text":"Angebot Erhalten","hero_cta_onclick":"","hero_cta_open_in_new_tab":""}],"hero_cta_secondary":null,"hero_video_modal_primary":null,"hero_form_modal_primary":null,"hero_video_modal_secondary":null,"hero_form_modal_secondary":null,"hero_tertiary_callout":null,"hero_cobranded_strip":null,"include_hubspot_form":"","hero_form_header":"","hero_hubspot_embed":""}]},"yoast_head":"<!-- This site is optimized with the Yoast SEO plugin v22.2 - https:\/\/yoast.com\/wordpress\/plugins\/seo\/ -->\n<title>So Funktionierts - Geschaeftskunden<\/title>\n<meta name=\"description\" content=\"Schneller, einfacher und g\u00fcnstiger Frachttransport mit uShip f\u00fcr Business f\u00fcr Deutschland. uShip erm\u00f6glicht es Transportdienstleistern Ihnen konkurrierende Gebote f\u00fcr Ihren Transport zu unterbreiten.\" \/>\n<meta name=\"robots\" content=\"index, follow, max-snippet:-1, max-image-preview:large, max-video-preview:-1\" \/>\n<link rel=\"canonical\" href=\"https:\/\/ushiplearnsubd.wpengine.com\/de\/geschaeftskunden\/\" \/>\n<meta property=\"og:locale\" content=\"de_DE\" \/>\n<meta property=\"og:type\" content=\"article\" \/>\n<meta property=\"og:title\" content=\"So Funktionierts - Geschaeftskunden\" \/>\n<meta property=\"og:description\" content=\"Schneller, einfacher und g\u00fcnstiger Frachttransport mit uShip f\u00fcr Business f\u00fcr Deutschland. uShip erm\u00f6glicht es Transportdienstleistern Ihnen konkurrierende Gebote f\u00fcr Ihren Transport zu unterbreiten.\" \/>\n<meta property=\"og:url\" content=\"https:\/\/ushiplearnsubd.wpengine.com\/de\/geschaeftskunden\/\" \/>\n<meta property=\"og:site_name\" content=\"So Funktionierts\" \/>\n<meta property=\"article:modified_time\" content=\"2019-05-23T21:05:14+00:00\" \/>\n<meta name=\"twitter:card\" content=\"summary_large_image\" \/>\n<script type=\"application\/ld+json\" class=\"yoast-schema-graph\">{\"@context\":\"https:\/\/schema.org\",\"@graph\":[{\"@type\":\"WebPage\",\"@id\":\"https:\/\/ushiplearnsubd.wpengine.com\/de\/geschaeftskunden\/\",\"url\":\"https:\/\/ushiplearnsubd.wpengine.com\/de\/geschaeftskunden\/\",\"name\":\"So Funktionierts - Geschaeftskunden\",\"isPartOf\":{\"@id\":\"https:\/\/ushiplearnsubd.wpengine.com\/de\/#website\"},\"datePublished\":\"2016-04-05T19:25:20+00:00\",\"dateModified\":\"2019-05-23T21:05:14+00:00\",\"description\":\"Schneller, einfacher und g\u00fcnstiger Frachttransport mit uShip f\u00fcr Business f\u00fcr Deutschland. uShip erm\u00f6glicht es Transportdienstleistern Ihnen konkurrierende Gebote f\u00fcr Ihren Transport zu unterbreiten.\",\"breadcrumb\":{\"@id\":\"https:\/\/ushiplearnsubd.wpengine.com\/de\/geschaeftskunden\/#breadcrumb\"},\"inLanguage\":\"de-DE\",\"potentialAction\":[{\"@type\":\"ReadAction\",\"target\":[\"https:\/\/ushiplearnsubd.wpengine.com\/de\/geschaeftskunden\/\"]}]},{\"@type\":\"BreadcrumbList\",\"@id\":\"https:\/\/ushiplearnsubd.wpengine.com\/de\/geschaeftskunden\/#breadcrumb\",\"itemListElement\":[{\"@type\":\"ListItem\",\"position\":1,\"name\":\"Home\",\"item\":\"https:\/\/ushiplearnsubd.wpengine.com\/de\/\"},{\"@type\":\"ListItem\",\"position\":2,\"name\":\"Geschaeftskunden\"}]},{\"@type\":\"WebSite\",\"@id\":\"https:\/\/ushiplearnsubd.wpengine.com\/de\/#website\",\"url\":\"https:\/\/ushiplearnsubd.wpengine.com\/de\/\",\"name\":\"So Funktionierts\",\"description\":\"\",\"potentialAction\":[{\"@type\":\"SearchAction\",\"target\":{\"@type\":\"EntryPoint\",\"urlTemplate\":\"https:\/\/ushiplearnsubd.wpengine.com\/de\/?s={search_term_string}\"},\"query-input\":\"required name=search_term_string\"}],\"inLanguage\":\"de-DE\"}]}<\/script>\n<!-- \/ Yoast SEO plugin. -->","yoast_head_json":{"title":"So Funktionierts - Geschaeftskunden","description":"Schneller, einfacher und g\u00fcnstiger Frachttransport mit uShip f\u00fcr Business f\u00fcr Deutschland. uShip erm\u00f6glicht es Transportdienstleistern Ihnen konkurrierende Gebote f\u00fcr Ihren Transport zu unterbreiten.","robots":{"index":"index","follow":"follow","max-snippet":"max-snippet:-1","max-image-preview":"max-image-preview:large","max-video-preview":"max-video-preview:-1"},"canonical":"https:\/\/ushiplearnsubd.wpengine.com\/de\/geschaeftskunden\/","og_locale":"de_DE","og_type":"article","og_title":"So Funktionierts - Geschaeftskunden","og_description":"Schneller, einfacher und g\u00fcnstiger Frachttransport mit uShip f\u00fcr Business f\u00fcr Deutschland. uShip erm\u00f6glicht es Transportdienstleistern Ihnen konkurrierende Gebote f\u00fcr Ihren Transport zu unterbreiten.","og_url":"https:\/\/ushiplearnsubd.wpengine.com\/de\/geschaeftskunden\/","og_site_name":"So Funktionierts","article_modified_time":"2019-05-23T21:05:14+00:00","twitter_card":"summary_large_image","schema":{"@context":"https:\/\/schema.org","@graph":[{"@type":"WebPage","@id":"https:\/\/ushiplearnsubd.wpengine.com\/de\/geschaeftskunden\/","url":"https:\/\/ushiplearnsubd.wpengine.com\/de\/geschaeftskunden\/","name":"So Funktionierts - Geschaeftskunden","isPartOf":{"@id":"https:\/\/ushiplearnsubd.wpengine.com\/de\/#website"},"datePublished":"2016-04-05T19:25:20+00:00","dateModified":"2019-05-23T21:05:14+00:00","description":"Schneller, einfacher und g\u00fcnstiger Frachttransport mit uShip f\u00fcr Business f\u00fcr Deutschland. uShip erm\u00f6glicht es Transportdienstleistern Ihnen konkurrierende Gebote f\u00fcr Ihren Transport zu unterbreiten.","breadcrumb":{"@id":"https:\/\/ushiplearnsubd.wpengine.com\/de\/geschaeftskunden\/#breadcrumb"},"inLanguage":"de-DE","potentialAction":[{"@type":"ReadAction","target":["https:\/\/ushiplearnsubd.wpengine.com\/de\/geschaeftskunden\/"]}]},{"@type":"BreadcrumbList","@id":"https:\/\/ushiplearnsubd.wpengine.com\/de\/geschaeftskunden\/#breadcrumb","itemListElement":[{"@type":"ListItem","position":1,"name":"Home","item":"https:\/\/ushiplearnsubd.wpengine.com\/de\/"},{"@type":"ListItem","position":2,"name":"Geschaeftskunden"}]},{"@type":"WebSite","@id":"https:\/\/ushiplearnsubd.wpengine.com\/de\/#website","url":"https:\/\/ushiplearnsubd.wpengine.com\/de\/","name":"So Funktionierts","description":"","potentialAction":[{"@type":"SearchAction","target":{"@type":"EntryPoint","urlTemplate":"https:\/\/ushiplearnsubd.wpengine.com\/de\/?s={search_term_string}"},"query-input":"required name=search_term_string"}],"inLanguage":"de-DE"}]}},"fixed_price_tool_customer_success":false,"_links":{"self":[{"href":"https:\/\/ushiplearnsubd.wpengine.com\/de\/wp-json\/wp\/v2\/pages\/1298","targetHints":{"allow":["GET"]}}],"collection":[{"href":"https:\/\/ushiplearnsubd.wpengine.com\/de\/wp-json\/wp\/v2\/pages"}],"about":[{"href":"https:\/\/ushiplearnsubd.wpengine.com\/de\/wp-json\/wp\/v2\/types\/page"}],"author":[{"embeddable":true,"href":"https:\/\/ushiplearnsubd.wpengine.com\/de\/wp-json\/wp\/v2\/users\/2"}],"replies":[{"embeddable":true,"href":"https:\/\/ushiplearnsubd.wpengine.com\/de\/wp-json\/wp\/v2\/comments?post=1298"}],"version-history":[{"count":0,"href":"https:\/\/ushiplearnsubd.wpengine.com\/de\/wp-json\/wp\/v2\/pages\/1298\/revisions"}],"wp:attachment":[{"href":"https:\/\/ushiplearnsubd.wpengine.com\/de\/wp-json\/wp\/v2\/media?parent=1298"}],"curies":[{"name":"wp","href":"https:\/\/api.w.org\/{rel}","templated":true}]}}