{"id":5255,"date":"2017-01-04T20:09:36","date_gmt":"2017-01-04T20:09:36","guid":{"rendered":"https:\/\/ushiplearnsubd.wpengine.com\/mx\/?page_id=5255"},"modified":"2017-01-04T20:09:36","modified_gmt":"2017-01-04T20:09:36","slug":"herramientas-de-transportista","status":"publish","type":"page","link":"https:\/\/ushiplearnsubd.wpengine.com\/co\/transportistas\/herramientas-de-transportista\/","title":{"rendered":"Herramientas de Transportista"},"content":{"rendered":"","protected":false},"excerpt":{"rendered":"","protected":false},"author":2,"featured_media":0,"parent":4,"menu_order":0,"comment_status":"closed","ping_status":"closed","template":"tabbed-page-v2-child.php","meta":{"_acf_changed":false,"footnotes":""},"class_list":["post-5255","page","type-page","status-publish","hentry"],"acf":{"header_footer_type":false,"body_content":[{"acf_fc_layout":"intro_slide","intro_slide_id":"","intro_slide_head":"SU HERRAMIENTAS PARA EL \u00c9XITO","intro_slide_subhead":"Ya sea que est\u00e9 buscando envios, viajes de regreso, o algo intermedio, te damos todas las herramientas que necesitas para encontrar, configurar, y hacer un buen trabajo.","intro_slide_cta":null,"intro_slide_slide":[{"intro_slide_slide_image":5232}]},{"acf_fc_layout":"slanted_map","slanted_map_id":"","slanted_map_bg_color":"mapBackgroundGrey","slanted_map_bg_position":"mapBackgroundLeft","slanted_map_map_feature":"none","slanted_map_video_poster_image":null,"slanted_map_youtube_id":"","slanted_map_image":1058,"slanted_map_image_vertical_alignment":"alignmentMiddle","slanted_map_image_horizontal_alignment":"alignmentLeft","slanted_map_copy_intro":"HERRAMIENTAS DE MERCADO","slanted_map_copy_block_text":"<h6>CENTRO DE MENSAJES<\/h6>\nAqu\u00ed es donde sucede toda la magia de comunicaci\u00f3n. Puede organizar todo su negocio de env\u00edo en un centro f\u00e1cil de usar. Mantenga sus mensajes eficientemente con filtros que permiten ver sus mensajes por tipo, fecha, vistas, y mucho m\u00e1s.\n\n&nbsp;\n<h6>ENCUENTRE ENV\u00cdOS<\/h6>\nVa querer utilizar un marcador para <a href=\"http:\/\/www.uship.com\/find\">esta p\u00e1gina<\/a>. Aqui es donde puede buscar env\u00edos en uShip, y filtrarlos por localidad, precio, y categor\u00eda.\n\n&nbsp;\n<h6>ALERTOS DE ENV\u00cdOS<\/h6>\nAlertos de Env\u00edos le permite que filtre por categor\u00eda, ubicaci\u00f3n, y tipo de anuncio. Cuando un env\u00edo esta anunciado en uShip que corresponde a su criterio, usted ser\u00e1 notificado inmediatamente por correo electr\u00f3nico. ","slanted_map_copy_cta":null,"slanted_map_trustpilot_widget":false},{"acf_fc_layout":"slanted_map","slanted_map_id":"","slanted_map_bg_color":"mapBackgroundWhite","slanted_map_bg_position":"mapBackgroundRight","slanted_map_map_feature":"none","slanted_map_video_poster_image":null,"slanted_map_youtube_id":"","slanted_map_image":1059,"slanted_map_image_vertical_alignment":"alignmentMiddle","slanted_map_image_horizontal_alignment":"alignmentRight","slanted_map_copy_intro":"HERRAMIENTAS DE M\u00d3VIL","slanted_map_copy_block_text":"<h6>APLICACI\u00d3N USHIP<\/h6>\nNuestra aplicaci\u00f3n m\u00f3vil es todo lo que necesita, cuando lo necesite, en sus manos. Encuentre, reserve, y mantenga env\u00edos eficientemente. Comparte su ubicaci\u00f3n para que sus clientes tengan notificaciones en despacho, recogida, y entrega. \n\n&nbsp;\n<h6>ALERTAS DE ENV\u00cdOS CERCANOS<\/h6>\nIdeal para viajes de regreso de \u00faltimo minuto, esta funci\u00f3n lo alerta a env\u00edos en su localidad, precio incluido. Solo permita que su ubicaci\u00f3n se comparta en su m\u00f3vil. ","slanted_map_copy_cta":null,"slanted_map_trustpilot_widget":false},{"acf_fc_layout":"slanted_map","slanted_map_id":"","slanted_map_bg_color":"mapBackgroundGrey","slanted_map_bg_position":"mapBackgroundLeft","slanted_map_map_feature":"none","slanted_map_video_poster_image":null,"slanted_map_youtube_id":"","slanted_map_image":1060,"slanted_map_image_vertical_alignment":"alignmentMiddle","slanted_map_image_horizontal_alignment":"alignmentLeft","slanted_map_copy_intro":"HERRAMIENTAS PARA OFERTAR","slanted_map_copy_block_text":"<h6>OFERTA M\u00c1S BAJA AUTOM\u00c1TICA<\/h6>\nAsegurese que nadie gane su ofertas. Entre para ofrecer un precio m\u00e1s bajo que su competidores hasta que se realice su oferta final. Ofertar automaticamente le ayuda ser competitivo, mientras esta conduciendo o haciendo otras cosas. \n\n&nbsp;\n<h6>ALERTAS DE OFERTA<\/h6>\nSer\u00e1 notificado por correo electr\u00f3nico, la aplicaci\u00f3n, textos, o nuestro Centro de Mensajes, cuando otro transportista haga una oferta mas alta. Marque esta opci\u00f3n para obtener los env\u00edos que quiere. \n\n&nbsp;\n<h6>OFERTAS EN GRUPO<\/h6>\nEnv\u00edos de grupo lo ayudan a maximizar su capacidad sin el riesgo de incurrir en exceso de reservas y cancelaciones. Oferte en m\u00faltiples env\u00edo dentro de un grupo y establezca un l\u00edmite de cu\u00e1ntos env\u00edos de los que est\u00e1n en el grupo son capaces de realizar.","slanted_map_copy_cta":null,"slanted_map_trustpilot_widget":false},{"acf_fc_layout":"slanted_map","slanted_map_id":"","slanted_map_bg_color":"mapBackgroundWhite","slanted_map_bg_position":"mapBackgroundRight","slanted_map_map_feature":"none","slanted_map_video_poster_image":null,"slanted_map_youtube_id":"","slanted_map_image":1061,"slanted_map_image_vertical_alignment":"alignmentMiddle","slanted_map_image_horizontal_alignment":"alignmentRight","slanted_map_copy_intro":"HERRAMIENTAS SUPERIORES","slanted_map_copy_block_text":"<h6>GESTIONAR DIFERENTES CONDUCTORES<\/h6>\nDirija sus conductores como un profesional. Puede a\u00f1adir a cada uno de sus conductores a su cuenta bajo la secci\u00f3n de <a href=\"http:\/\/www.uship.com\/driver_network.aspx\">Mi Conductores<\/a> y asignarles env\u00edos. Cuando activa la funci\u00f3n de compartir su ubicaci\u00f3n, podr\u00e1s aprovechar al m\u00e1ximo su potencial de rendimiento colectivo.\n\n&nbsp;\n<h6>KILOMETRAJE Y ENRUTAMIENTO PC*MILER<\/h6>\nUsando el est\u00e1ndar de la industria para el kilometraje y el enrutamiento, nos hemos asociado con PC*MILER para proporcionar las direcciones y c\u00e1lculos de kilometraje m\u00e1s precisas que puede obtener. Vea cualquier anuncio para verlo en acci\u00f3n!","slanted_map_copy_cta":null,"slanted_map_trustpilot_widget":false}],"bottom_content":[{"acf_fc_layout":"bookend","bookend_content_type":"text","bookend_intro":"\u00bfESTAS LISTO?","bookend_intro_sub":"","bookend_image":null,"bookend_cta_text":"Registrese C\u00f3mo Transportista","bookend_cta_url":"https:\/\/www.uship.com\/register\/?tid=2","bookend_cta_onclick":"","bookend_cta_open_in_new_tab":[],"bookend_previous_content":[{"bookend_previous_url":5253,"bookend_previous_text":"Comenzando"}],"bookend_next_content":[{"bookend_next_url":5257,"bookend_next_text":"Pagos<br>Seguros"}]},{"acf_fc_layout":"tertiary_callout","tertiary_callout_title":"\u00bfInteresado en asociarse con uShip?","tertiary_callout_link_url":"\/mx\/asociaciones","tertiary_callout_link_text":"M\u00e1s informaci\u00f3n","tertiary_callout_link_onclick":"","tertiary_callout_open_in_new_tab":[]}]},"yoast_head":"<!-- This site is optimized with the Yoast SEO plugin v22.2 - https:\/\/yoast.com\/wordpress\/plugins\/seo\/ -->\n<title>Herramientas de Transportista - C\u00f3mo Funciona<\/title>\n<meta name=\"robots\" content=\"index, follow, max-snippet:-1, max-image-preview:large, max-video-preview:-1\" \/>\n<link rel=\"canonical\" href=\"https:\/\/ushiplearnsubd.wpengine.com\/co\/transportistas\/herramientas-de-transportista\/\" \/>\n<meta property=\"og:locale\" content=\"es_ES\" \/>\n<meta property=\"og:type\" content=\"article\" \/>\n<meta property=\"og:title\" content=\"Herramientas de Transportista - C\u00f3mo Funciona\" \/>\n<meta property=\"og:url\" content=\"https:\/\/ushiplearnsubd.wpengine.com\/co\/transportistas\/herramientas-de-transportista\/\" \/>\n<meta property=\"og:site_name\" content=\"C\u00f3mo Funciona\" \/>\n<meta name=\"twitter:card\" content=\"summary_large_image\" \/>\n<script type=\"application\/ld+json\" class=\"yoast-schema-graph\">{\"@context\":\"https:\/\/schema.org\",\"@graph\":[{\"@type\":\"WebPage\",\"@id\":\"https:\/\/ushiplearnsubd.wpengine.com\/co\/transportistas\/herramientas-de-transportista\/\",\"url\":\"https:\/\/ushiplearnsubd.wpengine.com\/co\/transportistas\/herramientas-de-transportista\/\",\"name\":\"Herramientas de Transportista - C\u00f3mo Funciona\",\"isPartOf\":{\"@id\":\"https:\/\/ushiplearnsubd.wpengine.com\/co\/#website\"},\"datePublished\":\"2017-01-04T20:09:36+00:00\",\"dateModified\":\"2017-01-04T20:09:36+00:00\",\"breadcrumb\":{\"@id\":\"https:\/\/ushiplearnsubd.wpengine.com\/co\/transportistas\/herramientas-de-transportista\/#breadcrumb\"},\"inLanguage\":\"es-CO\",\"potentialAction\":[{\"@type\":\"ReadAction\",\"target\":[\"https:\/\/ushiplearnsubd.wpengine.com\/co\/transportistas\/herramientas-de-transportista\/\"]}]},{\"@type\":\"BreadcrumbList\",\"@id\":\"https:\/\/ushiplearnsubd.wpengine.com\/co\/transportistas\/herramientas-de-transportista\/#breadcrumb\",\"itemListElement\":[{\"@type\":\"ListItem\",\"position\":1,\"name\":\"Home\",\"item\":\"https:\/\/ushiplearnsubd.wpengine.com\/co\/\"},{\"@type\":\"ListItem\",\"position\":2,\"name\":\"Transportistas\",\"item\":\"https:\/\/ushiplearnsubd.wpengine.com\/co\/transportistas\/\"},{\"@type\":\"ListItem\",\"position\":3,\"name\":\"Herramientas de Transportista\"}]},{\"@type\":\"WebSite\",\"@id\":\"https:\/\/ushiplearnsubd.wpengine.com\/co\/#website\",\"url\":\"https:\/\/ushiplearnsubd.wpengine.com\/co\/\",\"name\":\"C\u00f3mo Funciona\",\"description\":\"\",\"potentialAction\":[{\"@type\":\"SearchAction\",\"target\":{\"@type\":\"EntryPoint\",\"urlTemplate\":\"https:\/\/ushiplearnsubd.wpengine.com\/co\/?s={search_term_string}\"},\"query-input\":\"required name=search_term_string\"}],\"inLanguage\":\"es-CO\"}]}<\/script>\n<!-- \/ Yoast SEO plugin. -->","yoast_head_json":{"title":"Herramientas de Transportista - C\u00f3mo Funciona","robots":{"index":"index","follow":"follow","max-snippet":"max-snippet:-1","max-image-preview":"max-image-preview:large","max-video-preview":"max-video-preview:-1"},"canonical":"https:\/\/ushiplearnsubd.wpengine.com\/co\/transportistas\/herramientas-de-transportista\/","og_locale":"es_ES","og_type":"article","og_title":"Herramientas de Transportista - C\u00f3mo Funciona","og_url":"https:\/\/ushiplearnsubd.wpengine.com\/co\/transportistas\/herramientas-de-transportista\/","og_site_name":"C\u00f3mo Funciona","twitter_card":"summary_large_image","schema":{"@context":"https:\/\/schema.org","@graph":[{"@type":"WebPage","@id":"https:\/\/ushiplearnsubd.wpengine.com\/co\/transportistas\/herramientas-de-transportista\/","url":"https:\/\/ushiplearnsubd.wpengine.com\/co\/transportistas\/herramientas-de-transportista\/","name":"Herramientas de Transportista - C\u00f3mo Funciona","isPartOf":{"@id":"https:\/\/ushiplearnsubd.wpengine.com\/co\/#website"},"datePublished":"2017-01-04T20:09:36+00:00","dateModified":"2017-01-04T20:09:36+00:00","breadcrumb":{"@id":"https:\/\/ushiplearnsubd.wpengine.com\/co\/transportistas\/herramientas-de-transportista\/#breadcrumb"},"inLanguage":"es-CO","potentialAction":[{"@type":"ReadAction","target":["https:\/\/ushiplearnsubd.wpengine.com\/co\/transportistas\/herramientas-de-transportista\/"]}]},{"@type":"BreadcrumbList","@id":"https:\/\/ushiplearnsubd.wpengine.com\/co\/transportistas\/herramientas-de-transportista\/#breadcrumb","itemListElement":[{"@type":"ListItem","position":1,"name":"Home","item":"https:\/\/ushiplearnsubd.wpengine.com\/co\/"},{"@type":"ListItem","position":2,"name":"Transportistas","item":"https:\/\/ushiplearnsubd.wpengine.com\/co\/transportistas\/"},{"@type":"ListItem","position":3,"name":"Herramientas de Transportista"}]},{"@type":"WebSite","@id":"https:\/\/ushiplearnsubd.wpengine.com\/co\/#website","url":"https:\/\/ushiplearnsubd.wpengine.com\/co\/","name":"C\u00f3mo Funciona","description":"","potentialAction":[{"@type":"SearchAction","target":{"@type":"EntryPoint","urlTemplate":"https:\/\/ushiplearnsubd.wpengine.com\/co\/?s={search_term_string}"},"query-input":"required name=search_term_string"}],"inLanguage":"es-CO"}]}},"fixed_price_tool_customer_success":{"image":false,"telephone":false,"email":false},"_links":{"self":[{"href":"https:\/\/ushiplearnsubd.wpengine.com\/co\/wp-json\/wp\/v2\/pages\/5255","targetHints":{"allow":["GET"]}}],"collection":[{"href":"https:\/\/ushiplearnsubd.wpengine.com\/co\/wp-json\/wp\/v2\/pages"}],"about":[{"href":"https:\/\/ushiplearnsubd.wpengine.com\/co\/wp-json\/wp\/v2\/types\/page"}],"author":[{"embeddable":true,"href":"https:\/\/ushiplearnsubd.wpengine.com\/co\/wp-json\/wp\/v2\/users\/2"}],"replies":[{"embeddable":true,"href":"https:\/\/ushiplearnsubd.wpengine.com\/co\/wp-json\/wp\/v2\/comments?post=5255"}],"version-history":[{"count":0,"href":"https:\/\/ushiplearnsubd.wpengine.com\/co\/wp-json\/wp\/v2\/pages\/5255\/revisions"}],"up":[{"embeddable":true,"href":"https:\/\/ushiplearnsubd.wpengine.com\/co\/wp-json\/wp\/v2\/pages\/4"}],"wp:attachment":[{"href":"https:\/\/ushiplearnsubd.wpengine.com\/co\/wp-json\/wp\/v2\/media?parent=5255"}],"curies":[{"name":"wp","href":"https:\/\/api.w.org\/{rel}","templated":true}]}}