{"id":1298,"date":"2016-04-05T19:25:20","date_gmt":"2016-04-05T19:25:20","guid":{"rendered":"http:\/\/ushiplearnsubd.wpengine.com\/mx\/?page_id=1298"},"modified":"2019-06-04T21:05:12","modified_gmt":"2019-06-04T21:05:12","slug":"transporte-comercial","status":"publish","type":"page","link":"https:\/\/ushiplearnsubd.wpengine.com\/co\/transporte-comercial\/","title":{"rendered":"Flete Para Empresas"},"content":{"rendered":"","protected":false},"excerpt":{"rendered":"","protected":false},"author":2,"featured_media":0,"parent":0,"menu_order":0,"comment_status":"closed","ping_status":"closed","template":"tabbed-page-v2.php","meta":{"_acf_changed":false,"footnotes":""},"class_list":["post-1298","page","type-page","status-publish","hentry"],"acf":{"header_footer_type":"full","top_content":[{"acf_fc_layout":"hero","hero_size":"heroLarge","hero_image":5164,"hero_headline":"REINVENTANDO ENV\u00cdOS DE EMPRESAS","hero_subheadline":"Transporte su carga m\u00e1s r\u00e1pido, f\u00e1cil, y barato en uShip para Empresas","hero_cta":[{"hero_cta_url":"https:\/\/www.uship.com\/ship","hero_cta_text":"Consiga una cotizaci\u00f3n","hero_cta_onclick":"","hero_cta_open_in_new_tab":""}],"hero_cta_secondary":null,"hero_video_modal_primary":null,"hero_form_modal_primary":null,"hero_video_modal_secondary":null,"hero_form_modal_secondary":null,"hero_tertiary_callout":null,"hero_cobranded_strip":null,"include_hubspot_form":"","hero_form_header":"","hero_hubspot_embed":""}]},"yoast_head":"<!-- This site is optimized with the Yoast SEO plugin v22.2 - https:\/\/yoast.com\/wordpress\/plugins\/seo\/ -->\n<title>C\u00f3mo Funciona - Flete Para Empresas<\/title>\n<meta name=\"description\" content=\"Mueva su carga m\u00e1s r\u00e1pido, m\u00e1s f\u00e1cil y m\u00e1s barato con uShip para Negocio. uShip permite que los transportistas le proporcionen presupuestos competitivos para las necesidades de env\u00edo de su negocio en Colombia.\" \/>\n<meta name=\"robots\" content=\"index, follow, max-snippet:-1, max-image-preview:large, max-video-preview:-1\" \/>\n<link rel=\"canonical\" href=\"https:\/\/ushiplearnsubd.wpengine.com\/co\/transporte-comercial\/\" \/>\n<meta property=\"og:locale\" content=\"es_ES\" \/>\n<meta property=\"og:type\" content=\"article\" \/>\n<meta property=\"og:title\" content=\"C\u00f3mo Funciona - Flete Para Empresas\" \/>\n<meta property=\"og:description\" content=\"Mueva su carga m\u00e1s r\u00e1pido, m\u00e1s f\u00e1cil y m\u00e1s barato con uShip para Negocio. uShip permite que los transportistas le proporcionen presupuestos competitivos para las necesidades de env\u00edo de su negocio en Colombia.\" \/>\n<meta property=\"og:url\" content=\"https:\/\/ushiplearnsubd.wpengine.com\/co\/transporte-comercial\/\" \/>\n<meta property=\"og:site_name\" content=\"C\u00f3mo Funciona\" \/>\n<meta property=\"article:modified_time\" content=\"2019-06-04T21:05:12+00:00\" \/>\n<meta name=\"twitter:card\" content=\"summary_large_image\" \/>\n<script type=\"application\/ld+json\" class=\"yoast-schema-graph\">{\"@context\":\"https:\/\/schema.org\",\"@graph\":[{\"@type\":\"WebPage\",\"@id\":\"https:\/\/ushiplearnsubd.wpengine.com\/co\/transporte-comercial\/\",\"url\":\"https:\/\/ushiplearnsubd.wpengine.com\/co\/transporte-comercial\/\",\"name\":\"C\u00f3mo Funciona - Flete Para Empresas\",\"isPartOf\":{\"@id\":\"https:\/\/ushiplearnsubd.wpengine.com\/co\/#website\"},\"datePublished\":\"2016-04-05T19:25:20+00:00\",\"dateModified\":\"2019-06-04T21:05:12+00:00\",\"description\":\"Mueva su carga m\u00e1s r\u00e1pido, m\u00e1s f\u00e1cil y m\u00e1s barato con uShip para Negocio. uShip permite que los transportistas le proporcionen presupuestos competitivos para las necesidades de env\u00edo de su negocio en Colombia.\",\"breadcrumb\":{\"@id\":\"https:\/\/ushiplearnsubd.wpengine.com\/co\/transporte-comercial\/#breadcrumb\"},\"inLanguage\":\"es-CO\",\"potentialAction\":[{\"@type\":\"ReadAction\",\"target\":[\"https:\/\/ushiplearnsubd.wpengine.com\/co\/transporte-comercial\/\"]}]},{\"@type\":\"BreadcrumbList\",\"@id\":\"https:\/\/ushiplearnsubd.wpengine.com\/co\/transporte-comercial\/#breadcrumb\",\"itemListElement\":[{\"@type\":\"ListItem\",\"position\":1,\"name\":\"Home\",\"item\":\"https:\/\/ushiplearnsubd.wpengine.com\/co\/\"},{\"@type\":\"ListItem\",\"position\":2,\"name\":\"Flete Para Empresas\"}]},{\"@type\":\"WebSite\",\"@id\":\"https:\/\/ushiplearnsubd.wpengine.com\/co\/#website\",\"url\":\"https:\/\/ushiplearnsubd.wpengine.com\/co\/\",\"name\":\"C\u00f3mo Funciona\",\"description\":\"\",\"potentialAction\":[{\"@type\":\"SearchAction\",\"target\":{\"@type\":\"EntryPoint\",\"urlTemplate\":\"https:\/\/ushiplearnsubd.wpengine.com\/co\/?s={search_term_string}\"},\"query-input\":\"required name=search_term_string\"}],\"inLanguage\":\"es-CO\"}]}<\/script>\n<!-- \/ Yoast SEO plugin. -->","yoast_head_json":{"title":"C\u00f3mo Funciona - Flete Para Empresas","description":"Mueva su carga m\u00e1s r\u00e1pido, m\u00e1s f\u00e1cil y m\u00e1s barato con uShip para Negocio. uShip permite que los transportistas le proporcionen presupuestos competitivos para las necesidades de env\u00edo de su negocio en Colombia.","robots":{"index":"index","follow":"follow","max-snippet":"max-snippet:-1","max-image-preview":"max-image-preview:large","max-video-preview":"max-video-preview:-1"},"canonical":"https:\/\/ushiplearnsubd.wpengine.com\/co\/transporte-comercial\/","og_locale":"es_ES","og_type":"article","og_title":"C\u00f3mo Funciona - Flete Para Empresas","og_description":"Mueva su carga m\u00e1s r\u00e1pido, m\u00e1s f\u00e1cil y m\u00e1s barato con uShip para Negocio. uShip permite que los transportistas le proporcionen presupuestos competitivos para las necesidades de env\u00edo de su negocio en Colombia.","og_url":"https:\/\/ushiplearnsubd.wpengine.com\/co\/transporte-comercial\/","og_site_name":"C\u00f3mo Funciona","article_modified_time":"2019-06-04T21:05:12+00:00","twitter_card":"summary_large_image","schema":{"@context":"https:\/\/schema.org","@graph":[{"@type":"WebPage","@id":"https:\/\/ushiplearnsubd.wpengine.com\/co\/transporte-comercial\/","url":"https:\/\/ushiplearnsubd.wpengine.com\/co\/transporte-comercial\/","name":"C\u00f3mo Funciona - Flete Para Empresas","isPartOf":{"@id":"https:\/\/ushiplearnsubd.wpengine.com\/co\/#website"},"datePublished":"2016-04-05T19:25:20+00:00","dateModified":"2019-06-04T21:05:12+00:00","description":"Mueva su carga m\u00e1s r\u00e1pido, m\u00e1s f\u00e1cil y m\u00e1s barato con uShip para Negocio. uShip permite que los transportistas le proporcionen presupuestos competitivos para las necesidades de env\u00edo de su negocio en Colombia.","breadcrumb":{"@id":"https:\/\/ushiplearnsubd.wpengine.com\/co\/transporte-comercial\/#breadcrumb"},"inLanguage":"es-CO","potentialAction":[{"@type":"ReadAction","target":["https:\/\/ushiplearnsubd.wpengine.com\/co\/transporte-comercial\/"]}]},{"@type":"BreadcrumbList","@id":"https:\/\/ushiplearnsubd.wpengine.com\/co\/transporte-comercial\/#breadcrumb","itemListElement":[{"@type":"ListItem","position":1,"name":"Home","item":"https:\/\/ushiplearnsubd.wpengine.com\/co\/"},{"@type":"ListItem","position":2,"name":"Flete Para Empresas"}]},{"@type":"WebSite","@id":"https:\/\/ushiplearnsubd.wpengine.com\/co\/#website","url":"https:\/\/ushiplearnsubd.wpengine.com\/co\/","name":"C\u00f3mo Funciona","description":"","potentialAction":[{"@type":"SearchAction","target":{"@type":"EntryPoint","urlTemplate":"https:\/\/ushiplearnsubd.wpengine.com\/co\/?s={search_term_string}"},"query-input":"required name=search_term_string"}],"inLanguage":"es-CO"}]}},"fixed_price_tool_customer_success":false,"_links":{"self":[{"href":"https:\/\/ushiplearnsubd.wpengine.com\/co\/wp-json\/wp\/v2\/pages\/1298","targetHints":{"allow":["GET"]}}],"collection":[{"href":"https:\/\/ushiplearnsubd.wpengine.com\/co\/wp-json\/wp\/v2\/pages"}],"about":[{"href":"https:\/\/ushiplearnsubd.wpengine.com\/co\/wp-json\/wp\/v2\/types\/page"}],"author":[{"embeddable":true,"href":"https:\/\/ushiplearnsubd.wpengine.com\/co\/wp-json\/wp\/v2\/users\/2"}],"replies":[{"embeddable":true,"href":"https:\/\/ushiplearnsubd.wpengine.com\/co\/wp-json\/wp\/v2\/comments?post=1298"}],"version-history":[{"count":0,"href":"https:\/\/ushiplearnsubd.wpengine.com\/co\/wp-json\/wp\/v2\/pages\/1298\/revisions"}],"wp:attachment":[{"href":"https:\/\/ushiplearnsubd.wpengine.com\/co\/wp-json\/wp\/v2\/media?parent=1298"}],"curies":[{"name":"wp","href":"https:\/\/api.w.org\/{rel}","templated":true}]}}