{"id":5242,"date":"2017-01-04T20:00:07","date_gmt":"2017-01-04T20:00:07","guid":{"rendered":"https:\/\/ushiplearnsubd.wpengine.com\/mx\/?page_id=5242"},"modified":"2017-01-04T20:00:07","modified_gmt":"2017-01-04T20:00:07","slug":"herramienta-de-envios","status":"publish","type":"page","link":"https:\/\/ushiplearnsubd.wpengine.com\/cl\/clientes\/herramienta-de-envios\/","title":{"rendered":"Herramienta de Envios"},"content":{"rendered":"","protected":false},"excerpt":{"rendered":"","protected":false},"author":2,"featured_media":0,"parent":5,"menu_order":0,"comment_status":"closed","ping_status":"closed","template":"tabbed-page-v2-child.php","meta":{"_acf_changed":false,"footnotes":""},"class_list":["post-5242","page","type-page","status-publish","hentry"],"acf":{"header_footer_type":false,"body_content":[{"acf_fc_layout":"intro_slide","intro_slide_id":"","intro_slide_head":"LAS HERRAMIENTAS PARA TRIUNFAR","intro_slide_subhead":"En uShip, el \u00e9xito no es s\u00f3lo sus art\u00edculos llegando sin da\u00f1os y a tiempo. Tambi\u00e9n debe tener la confianza, la seguridad, y estar c\u00f3modo desde la reserva hasta la entrega. Estas herramientas ayudan a hacer precisamente eso.","intro_slide_cta":null,"intro_slide_slide":[{"intro_slide_slide_image":5221}]},{"acf_fc_layout":"slanted_map","slanted_map_id":"","slanted_map_bg_color":"mapBackgroundGrey","slanted_map_bg_position":"mapBackgroundLeft","slanted_map_map_feature":"none","slanted_map_video_poster_image":null,"slanted_map_youtube_id":"","slanted_map_image":686,"slanted_map_image_vertical_alignment":"alignmentMiddle","slanted_map_image_horizontal_alignment":"alignmentLeft","slanted_map_copy_intro":"HERRAMIENTAS M\u00d3VILES","slanted_map_copy_block_text":"<h6>El APP DE USHIP<\/h6>\nF\u00e1cilmente puede saber todo de su env\u00edo, incluyendo ofertas, reservas, y actualizaciones de estado. Con las notificaci\u00f3nes en su m\u00f3vil, nunca se va perder nada.\n\n&nbsp;\n<h6>RASTREO<\/h6>\nPreg\u00fantele a su transportador que active los servicios de ubicaci\u00f3n en su tel\u00e9fono m\u00f3vil para que usted pueda rastrear la localidad aproximada mientras est\u00e1n en el camino y haciendo su entrega. <a href=\"https:\/\/help.uship.com\/hc\/es-419\/articles\/206464307\">Obtenga m\u00e1s detalles de rastreo<\/a>.","slanted_map_copy_cta":null,"slanted_map_trustpilot_widget":false},{"acf_fc_layout":"slanted_map","slanted_map_id":"","slanted_map_bg_color":"mapBackgroundWhite","slanted_map_bg_position":"mapBackgroundRight","slanted_map_map_feature":"none","slanted_map_video_poster_image":null,"slanted_map_youtube_id":"","slanted_map_image":687,"slanted_map_image_vertical_alignment":"alignmentMiddle","slanted_map_image_horizontal_alignment":"alignmentCenter","slanted_map_copy_intro":"HERRAMIENTAS DE MERCADO","slanted_map_copy_block_text":"<h6>CENTRO DE MENSAJES<\/h6>\nAqu\u00ed es donde sucede toda la magia de comunicaci\u00f3n. Puede organizar todo su negocio de env\u00edo en un centro f\u00e1cil de usar y que filtra sus mensajes de manera eficiente por tipo, fecha, vistas, y mucho m\u00e1s.","slanted_map_copy_cta":null,"slanted_map_trustpilot_widget":false}],"bottom_content":[{"acf_fc_layout":"bookend","bookend_content_type":"text","bookend_intro":"AHORA ESTOY LISTO","bookend_intro_sub":"","bookend_image":null,"bookend_cta_text":"Anunciar Mi Env\u00edo","bookend_cta_url":"https:\/\/www.uship.com\/ship","bookend_cta_onclick":"","bookend_cta_open_in_new_tab":[],"bookend_previous_content":[{"bookend_previous_url":5240,"bookend_previous_text":"Comenzando"}],"bookend_next_content":[{"bookend_next_url":5244,"bookend_next_text":"Enviar<br>Inteligentemente"}]},{"acf_fc_layout":"tertiary_callout","tertiary_callout_title":"\u00bfInteresado en usar a uShip para su empresa?","tertiary_callout_link_url":"\/mx\/transporte-comercial\/","tertiary_callout_link_text":"Saber M\u00e1s","tertiary_callout_link_onclick":"","tertiary_callout_open_in_new_tab":[]}]},"yoast_head":"<!-- This site is optimized with the Yoast SEO plugin v22.2 - https:\/\/yoast.com\/wordpress\/plugins\/seo\/ -->\n<title>Herramienta de Envios - C\u00f3mo Funciona<\/title>\n<meta name=\"robots\" content=\"index, follow, max-snippet:-1, max-image-preview:large, max-video-preview:-1\" \/>\n<link rel=\"canonical\" href=\"https:\/\/ushiplearnsubd.wpengine.com\/cl\/clientes\/herramienta-de-envios\/\" \/>\n<meta property=\"og:locale\" content=\"es_ES\" \/>\n<meta property=\"og:type\" content=\"article\" \/>\n<meta property=\"og:title\" content=\"Herramienta de Envios - C\u00f3mo Funciona\" \/>\n<meta property=\"og:url\" content=\"https:\/\/ushiplearnsubd.wpengine.com\/cl\/clientes\/herramienta-de-envios\/\" \/>\n<meta property=\"og:site_name\" content=\"C\u00f3mo Funciona\" \/>\n<meta name=\"twitter:card\" content=\"summary_large_image\" \/>\n<script type=\"application\/ld+json\" class=\"yoast-schema-graph\">{\"@context\":\"https:\/\/schema.org\",\"@graph\":[{\"@type\":\"WebPage\",\"@id\":\"https:\/\/ushiplearnsubd.wpengine.com\/cl\/clientes\/herramienta-de-envios\/\",\"url\":\"https:\/\/ushiplearnsubd.wpengine.com\/cl\/clientes\/herramienta-de-envios\/\",\"name\":\"Herramienta de Envios - C\u00f3mo Funciona\",\"isPartOf\":{\"@id\":\"https:\/\/ushiplearnsubd.wpengine.com\/cl\/#website\"},\"datePublished\":\"2017-01-04T20:00:07+00:00\",\"dateModified\":\"2017-01-04T20:00:07+00:00\",\"breadcrumb\":{\"@id\":\"https:\/\/ushiplearnsubd.wpengine.com\/cl\/clientes\/herramienta-de-envios\/#breadcrumb\"},\"inLanguage\":\"es-CL\",\"potentialAction\":[{\"@type\":\"ReadAction\",\"target\":[\"https:\/\/ushiplearnsubd.wpengine.com\/cl\/clientes\/herramienta-de-envios\/\"]}]},{\"@type\":\"BreadcrumbList\",\"@id\":\"https:\/\/ushiplearnsubd.wpengine.com\/cl\/clientes\/herramienta-de-envios\/#breadcrumb\",\"itemListElement\":[{\"@type\":\"ListItem\",\"position\":1,\"name\":\"Home\",\"item\":\"https:\/\/ushiplearnsubd.wpengine.com\/cl\/\"},{\"@type\":\"ListItem\",\"position\":2,\"name\":\"Clientes\",\"item\":\"https:\/\/ushiplearnsubd.wpengine.com\/cl\/clientes\/\"},{\"@type\":\"ListItem\",\"position\":3,\"name\":\"Herramienta de Envios\"}]},{\"@type\":\"WebSite\",\"@id\":\"https:\/\/ushiplearnsubd.wpengine.com\/cl\/#website\",\"url\":\"https:\/\/ushiplearnsubd.wpengine.com\/cl\/\",\"name\":\"C\u00f3mo Funciona\",\"description\":\"\",\"potentialAction\":[{\"@type\":\"SearchAction\",\"target\":{\"@type\":\"EntryPoint\",\"urlTemplate\":\"https:\/\/ushiplearnsubd.wpengine.com\/cl\/?s={search_term_string}\"},\"query-input\":\"required name=search_term_string\"}],\"inLanguage\":\"es-CL\"}]}<\/script>\n<!-- \/ Yoast SEO plugin. -->","yoast_head_json":{"title":"Herramienta de Envios - C\u00f3mo Funciona","robots":{"index":"index","follow":"follow","max-snippet":"max-snippet:-1","max-image-preview":"max-image-preview:large","max-video-preview":"max-video-preview:-1"},"canonical":"https:\/\/ushiplearnsubd.wpengine.com\/cl\/clientes\/herramienta-de-envios\/","og_locale":"es_ES","og_type":"article","og_title":"Herramienta de Envios - C\u00f3mo Funciona","og_url":"https:\/\/ushiplearnsubd.wpengine.com\/cl\/clientes\/herramienta-de-envios\/","og_site_name":"C\u00f3mo Funciona","twitter_card":"summary_large_image","schema":{"@context":"https:\/\/schema.org","@graph":[{"@type":"WebPage","@id":"https:\/\/ushiplearnsubd.wpengine.com\/cl\/clientes\/herramienta-de-envios\/","url":"https:\/\/ushiplearnsubd.wpengine.com\/cl\/clientes\/herramienta-de-envios\/","name":"Herramienta de Envios - C\u00f3mo Funciona","isPartOf":{"@id":"https:\/\/ushiplearnsubd.wpengine.com\/cl\/#website"},"datePublished":"2017-01-04T20:00:07+00:00","dateModified":"2017-01-04T20:00:07+00:00","breadcrumb":{"@id":"https:\/\/ushiplearnsubd.wpengine.com\/cl\/clientes\/herramienta-de-envios\/#breadcrumb"},"inLanguage":"es-CL","potentialAction":[{"@type":"ReadAction","target":["https:\/\/ushiplearnsubd.wpengine.com\/cl\/clientes\/herramienta-de-envios\/"]}]},{"@type":"BreadcrumbList","@id":"https:\/\/ushiplearnsubd.wpengine.com\/cl\/clientes\/herramienta-de-envios\/#breadcrumb","itemListElement":[{"@type":"ListItem","position":1,"name":"Home","item":"https:\/\/ushiplearnsubd.wpengine.com\/cl\/"},{"@type":"ListItem","position":2,"name":"Clientes","item":"https:\/\/ushiplearnsubd.wpengine.com\/cl\/clientes\/"},{"@type":"ListItem","position":3,"name":"Herramienta de Envios"}]},{"@type":"WebSite","@id":"https:\/\/ushiplearnsubd.wpengine.com\/cl\/#website","url":"https:\/\/ushiplearnsubd.wpengine.com\/cl\/","name":"C\u00f3mo Funciona","description":"","potentialAction":[{"@type":"SearchAction","target":{"@type":"EntryPoint","urlTemplate":"https:\/\/ushiplearnsubd.wpengine.com\/cl\/?s={search_term_string}"},"query-input":"required name=search_term_string"}],"inLanguage":"es-CL"}]}},"fixed_price_tool_customer_success":{"image":false,"telephone":false,"email":false},"_links":{"self":[{"href":"https:\/\/ushiplearnsubd.wpengine.com\/cl\/wp-json\/wp\/v2\/pages\/5242","targetHints":{"allow":["GET"]}}],"collection":[{"href":"https:\/\/ushiplearnsubd.wpengine.com\/cl\/wp-json\/wp\/v2\/pages"}],"about":[{"href":"https:\/\/ushiplearnsubd.wpengine.com\/cl\/wp-json\/wp\/v2\/types\/page"}],"author":[{"embeddable":true,"href":"https:\/\/ushiplearnsubd.wpengine.com\/cl\/wp-json\/wp\/v2\/users\/2"}],"replies":[{"embeddable":true,"href":"https:\/\/ushiplearnsubd.wpengine.com\/cl\/wp-json\/wp\/v2\/comments?post=5242"}],"version-history":[{"count":0,"href":"https:\/\/ushiplearnsubd.wpengine.com\/cl\/wp-json\/wp\/v2\/pages\/5242\/revisions"}],"up":[{"embeddable":true,"href":"https:\/\/ushiplearnsubd.wpengine.com\/cl\/wp-json\/wp\/v2\/pages\/5"}],"wp:attachment":[{"href":"https:\/\/ushiplearnsubd.wpengine.com\/cl\/wp-json\/wp\/v2\/media?parent=5242"}],"curies":[{"name":"wp","href":"https:\/\/api.w.org\/{rel}","templated":true}]}}