{"id":5280,"date":"2017-01-18T18:22:59","date_gmt":"2017-01-18T18:22:59","guid":{"rendered":"https:\/\/ushiplearnsubd.wpengine.com\/br\/?page_id=5280"},"modified":"2019-05-03T19:12:37","modified_gmt":"2019-05-03T19:12:37","slug":"diferenca-da-uship","status":"publish","type":"page","link":"https:\/\/ushiplearnsubd.wpengine.com\/br\/frete-empresas\/diferenca-da-uship\/","title":{"rendered":"A Diferen\u00e7a da uShip"},"content":{"rendered":"","protected":false},"excerpt":{"rendered":"","protected":false},"author":2,"featured_media":0,"parent":1298,"menu_order":0,"comment_status":"closed","ping_status":"closed","template":"tabbed-page-v2-child.php","meta":{"_acf_changed":false,"footnotes":""},"class_list":["post-5280","page","type-page","status-publish","hentry"],"acf":{"header_footer_type":"full","body_content":[{"acf_fc_layout":"intro_slide","intro_slide_id":"","intro_slide_head":"CORRIGINDO FALHAS DE TRANSPORTE","intro_slide_subhead":"O gerenciamento de transporte, como conhecemos hoje em dia, n\u00e3o funciona. Hoje, 1 em cada 4 caminh\u00f5es est\u00e1 vazio na estrada, resultando em um desperd\u00edcio de 188 bilh\u00f5es de d\u00f3lares. Desde 2004, o mercado da uShip vem fazendo a sua parte para resolver as inefici\u00eancias do transporte.","intro_slide_cta":null,"intro_slide_slide":[{"intro_slide_slide_image":1063}]},{"acf_fc_layout":"slanted_map","slanted_map_id":"","slanted_map_bg_color":"mapBackgroundGrey","slanted_map_bg_position":"mapBackgroundRight","slanted_map_map_feature":"image","slanted_map_video_poster_image":null,"slanted_map_youtube_id":"","slanted_map_image":1302,"slanted_map_image_vertical_alignment":"alignmentMiddle","slanted_map_image_horizontal_alignment":"alignmentRight","slanted_map_copy_intro":"O MERCADO DE FRETES DA USHIP","slanted_map_copy_block_text":"Simplificando, a uShip \u00e9 para o transporte e log\u00edstica o que o eBay \u00e9 para o com\u00e9rcio eletr\u00f4nico, Airbnb \u00e9 para a hospitalidade, e Decolar \u00e9 para viagens. N\u00f3s fornecemos um mercado online onde o cliente e transportador podem se conectar e fazer neg\u00f3cios em um ambiente seguro e confi\u00e1vel.","slanted_map_copy_cta":null,"slanted_map_trustpilot_widget":false},{"acf_fc_layout":"slanted_map","slanted_map_id":"","slanted_map_bg_color":"mapBackgroundWhite","slanted_map_bg_position":"mapBackgroundLeft","slanted_map_map_feature":"image","slanted_map_video_poster_image":null,"slanted_map_youtube_id":"","slanted_map_image":1303,"slanted_map_image_vertical_alignment":"alignmentMiddle","slanted_map_image_horizontal_alignment":"alignmentCenter","slanted_map_copy_intro":"COMPETINDO PELO SEU NEG\u00d3CIO","slanted_map_copy_block_text":"Ao contr\u00e1rio de agentes de cargas e operadores log\u00edsticos, a uShip n\u00e3o define o pre\u00e7o do transporte. Deixamos o mercado aberto--nossa marketplace--cuidar disso com base nas condi\u00e7\u00f5es atuais do mercado, como a lei da oferta e da procura. Isto lhe d\u00e1 a seguran\u00e7a de que os pre\u00e7os s\u00e3o compat\u00edveis com o mercado ou menores, e n\u00e3o s\u00e3o baseados em algum algoritmo que gera n\u00fameros aleat\u00f3rios.","slanted_map_copy_cta":null,"slanted_map_trustpilot_widget":false},{"acf_fc_layout":"slanted_map","slanted_map_id":"","slanted_map_bg_color":"mapBackgroundGrey","slanted_map_bg_position":"mapBackgroundRight","slanted_map_map_feature":"image","slanted_map_video_poster_image":null,"slanted_map_youtube_id":"","slanted_map_image":1304,"slanted_map_image_vertical_alignment":"alignmentMiddle","slanted_map_image_horizontal_alignment":"alignmentRight","slanted_map_copy_intro":"CAPACIDADE IN\u00c9DITA","slanted_map_copy_block_text":"Na uShip, uma coisa que os transportadores tem em comum \u00e9 que eles s\u00e3o todos diferentes. Sendo uma grande transportadora de porte nacional, uma pequena frota regional de caminh\u00f5es, um transportador aut\u00f4nomo com uma picape, ou um carreto local com uma van, pessoas em viagens rodovi\u00e1rias. Cada um possui avalia\u00e7\u00f5es p\u00fablicas de clientes anteriores, como o TripAdvisor, mas para caminhoneiros.","slanted_map_copy_cta":null,"slanted_map_trustpilot_widget":false}],"bottom_content":[{"acf_fc_layout":"bookend","bookend_content_type":"text","bookend_intro":"PRONTO PARA TRANSPORTAR?","bookend_intro_sub":"","bookend_image":null,"bookend_cta_text":"Receber Cota\u00e7\u00f5es","bookend_cta_url":"https:\/\/www.uship.com\/ship","bookend_cta_onclick":"","bookend_cta_open_in_new_tab":"","bookend_previous_content":[{"bookend_previous_url":5278,"bookend_previous_text":"Come\u00e7ando"}],"bookend_next_content":[{"bookend_next_url":5282,"bookend_next_text":"Encontrando<br>Transportadoras"}]}]},"yoast_head":"<!-- This site is optimized with the Yoast SEO plugin v22.2 - https:\/\/yoast.com\/wordpress\/plugins\/seo\/ -->\n<title>A Diferen\u00e7a da uShip - Como Funciona<\/title>\n<meta name=\"robots\" content=\"index, follow, max-snippet:-1, max-image-preview:large, max-video-preview:-1\" \/>\n<link rel=\"canonical\" href=\"https:\/\/ushiplearnsubd.wpengine.com\/br\/frete-empresas\/diferenca-da-uship\/\" \/>\n<meta property=\"og:locale\" content=\"pt_BR\" \/>\n<meta property=\"og:type\" content=\"article\" \/>\n<meta property=\"og:title\" content=\"A Diferen\u00e7a da uShip - Como Funciona\" \/>\n<meta property=\"og:url\" content=\"https:\/\/ushiplearnsubd.wpengine.com\/br\/frete-empresas\/diferenca-da-uship\/\" \/>\n<meta property=\"og:site_name\" content=\"Como Funciona\" \/>\n<meta property=\"article:modified_time\" content=\"2019-05-03T19:12:37+00:00\" \/>\n<meta name=\"twitter:card\" content=\"summary_large_image\" \/>\n<script type=\"application\/ld+json\" class=\"yoast-schema-graph\">{\"@context\":\"https:\/\/schema.org\",\"@graph\":[{\"@type\":\"WebPage\",\"@id\":\"https:\/\/ushiplearnsubd.wpengine.com\/br\/frete-empresas\/diferenca-da-uship\/\",\"url\":\"https:\/\/ushiplearnsubd.wpengine.com\/br\/frete-empresas\/diferenca-da-uship\/\",\"name\":\"A Diferen\u00e7a da uShip - Como Funciona\",\"isPartOf\":{\"@id\":\"https:\/\/ushiplearnsubd.wpengine.com\/br\/#website\"},\"datePublished\":\"2017-01-18T18:22:59+00:00\",\"dateModified\":\"2019-05-03T19:12:37+00:00\",\"breadcrumb\":{\"@id\":\"https:\/\/ushiplearnsubd.wpengine.com\/br\/frete-empresas\/diferenca-da-uship\/#breadcrumb\"},\"inLanguage\":\"pt-BR\",\"potentialAction\":[{\"@type\":\"ReadAction\",\"target\":[\"https:\/\/ushiplearnsubd.wpengine.com\/br\/frete-empresas\/diferenca-da-uship\/\"]}]},{\"@type\":\"BreadcrumbList\",\"@id\":\"https:\/\/ushiplearnsubd.wpengine.com\/br\/frete-empresas\/diferenca-da-uship\/#breadcrumb\",\"itemListElement\":[{\"@type\":\"ListItem\",\"position\":1,\"name\":\"Home\",\"item\":\"https:\/\/ushiplearnsubd.wpengine.com\/br\/\"},{\"@type\":\"ListItem\",\"position\":2,\"name\":\"Frete para Empresas\",\"item\":\"https:\/\/ushiplearnsubd.wpengine.com\/br\/frete-empresas\/\"},{\"@type\":\"ListItem\",\"position\":3,\"name\":\"A Diferen\u00e7a da uShip\"}]},{\"@type\":\"WebSite\",\"@id\":\"https:\/\/ushiplearnsubd.wpengine.com\/br\/#website\",\"url\":\"https:\/\/ushiplearnsubd.wpengine.com\/br\/\",\"name\":\"Como Funciona\",\"description\":\"\",\"potentialAction\":[{\"@type\":\"SearchAction\",\"target\":{\"@type\":\"EntryPoint\",\"urlTemplate\":\"https:\/\/ushiplearnsubd.wpengine.com\/br\/?s={search_term_string}\"},\"query-input\":\"required name=search_term_string\"}],\"inLanguage\":\"pt-BR\"}]}<\/script>\n<!-- \/ Yoast SEO plugin. -->","yoast_head_json":{"title":"A Diferen\u00e7a da uShip - Como Funciona","robots":{"index":"index","follow":"follow","max-snippet":"max-snippet:-1","max-image-preview":"max-image-preview:large","max-video-preview":"max-video-preview:-1"},"canonical":"https:\/\/ushiplearnsubd.wpengine.com\/br\/frete-empresas\/diferenca-da-uship\/","og_locale":"pt_BR","og_type":"article","og_title":"A Diferen\u00e7a da uShip - Como Funciona","og_url":"https:\/\/ushiplearnsubd.wpengine.com\/br\/frete-empresas\/diferenca-da-uship\/","og_site_name":"Como Funciona","article_modified_time":"2019-05-03T19:12:37+00:00","twitter_card":"summary_large_image","schema":{"@context":"https:\/\/schema.org","@graph":[{"@type":"WebPage","@id":"https:\/\/ushiplearnsubd.wpengine.com\/br\/frete-empresas\/diferenca-da-uship\/","url":"https:\/\/ushiplearnsubd.wpengine.com\/br\/frete-empresas\/diferenca-da-uship\/","name":"A Diferen\u00e7a da uShip - Como Funciona","isPartOf":{"@id":"https:\/\/ushiplearnsubd.wpengine.com\/br\/#website"},"datePublished":"2017-01-18T18:22:59+00:00","dateModified":"2019-05-03T19:12:37+00:00","breadcrumb":{"@id":"https:\/\/ushiplearnsubd.wpengine.com\/br\/frete-empresas\/diferenca-da-uship\/#breadcrumb"},"inLanguage":"pt-BR","potentialAction":[{"@type":"ReadAction","target":["https:\/\/ushiplearnsubd.wpengine.com\/br\/frete-empresas\/diferenca-da-uship\/"]}]},{"@type":"BreadcrumbList","@id":"https:\/\/ushiplearnsubd.wpengine.com\/br\/frete-empresas\/diferenca-da-uship\/#breadcrumb","itemListElement":[{"@type":"ListItem","position":1,"name":"Home","item":"https:\/\/ushiplearnsubd.wpengine.com\/br\/"},{"@type":"ListItem","position":2,"name":"Frete para Empresas","item":"https:\/\/ushiplearnsubd.wpengine.com\/br\/frete-empresas\/"},{"@type":"ListItem","position":3,"name":"A Diferen\u00e7a da uShip"}]},{"@type":"WebSite","@id":"https:\/\/ushiplearnsubd.wpengine.com\/br\/#website","url":"https:\/\/ushiplearnsubd.wpengine.com\/br\/","name":"Como Funciona","description":"","potentialAction":[{"@type":"SearchAction","target":{"@type":"EntryPoint","urlTemplate":"https:\/\/ushiplearnsubd.wpengine.com\/br\/?s={search_term_string}"},"query-input":"required name=search_term_string"}],"inLanguage":"pt-BR"}]}},"fixed_price_tool_customer_success":{"image":false,"telephone":false,"email":false},"_links":{"self":[{"href":"https:\/\/ushiplearnsubd.wpengine.com\/br\/wp-json\/wp\/v2\/pages\/5280","targetHints":{"allow":["GET"]}}],"collection":[{"href":"https:\/\/ushiplearnsubd.wpengine.com\/br\/wp-json\/wp\/v2\/pages"}],"about":[{"href":"https:\/\/ushiplearnsubd.wpengine.com\/br\/wp-json\/wp\/v2\/types\/page"}],"author":[{"embeddable":true,"href":"https:\/\/ushiplearnsubd.wpengine.com\/br\/wp-json\/wp\/v2\/users\/2"}],"replies":[{"embeddable":true,"href":"https:\/\/ushiplearnsubd.wpengine.com\/br\/wp-json\/wp\/v2\/comments?post=5280"}],"version-history":[{"count":0,"href":"https:\/\/ushiplearnsubd.wpengine.com\/br\/wp-json\/wp\/v2\/pages\/5280\/revisions"}],"up":[{"embeddable":true,"href":"https:\/\/ushiplearnsubd.wpengine.com\/br\/wp-json\/wp\/v2\/pages\/1298"}],"wp:attachment":[{"href":"https:\/\/ushiplearnsubd.wpengine.com\/br\/wp-json\/wp\/v2\/media?parent=5280"}],"curies":[{"name":"wp","href":"https:\/\/api.w.org\/{rel}","templated":true}]}}