{"id":5267,"date":"2017-01-18T17:49:34","date_gmt":"2017-01-18T17:49:34","guid":{"rendered":"https:\/\/ushiplearnsubd.wpengine.com\/br\/?page_id=5267"},"modified":"2017-01-18T22:23:35","modified_gmt":"2017-01-18T22:23:35","slug":"comecando","status":"publish","type":"page","link":"https:\/\/ushiplearnsubd.wpengine.com\/br\/transportadores\/comecando\/","title":{"rendered":"Come\u00e7ando"},"content":{"rendered":"","protected":false},"excerpt":{"rendered":"","protected":false},"author":2,"featured_media":0,"parent":4,"menu_order":0,"comment_status":"closed","ping_status":"closed","template":"tabbed-page-v2-child.php","meta":{"_acf_changed":false,"footnotes":""},"class_list":["post-5267","page","type-page","status-publish","hentry"],"acf":{"header_footer_type":false,"body_content":[{"acf_fc_layout":"intro_slide","intro_slide_id":"","intro_slide_head":"ESTAMOS FELIZES EM TER VOC\u00ca AQUI","intro_slide_subhead":"A uShip \u00e9 um mercado de transporte que ajuda voc\u00ea a gerar novos neg\u00f3cios, oferecendo suas cota\u00e7\u00f5es competitivas em forma de lances, ou aceitando ofertas de clientes para seus fretes. Com um novo frete publicado a cada 30 segundos na uShip, n\u00e3o lhe faltar\u00e1 oportunidades de transportar ve\u00edculos, m\u00f3veis, mudan\u00e7as, cargas, animais, motos, m\u00e1quinas pesadas, e mais.\r\n\r\n&nbsp;\r\n\r\n\u00c9 gr\u00e1tis se cadastrar e <a href=\"https:\/\/help.uship.com\/hc\/pt-br\/articles\/205778818\">come\u00e7ar <\/a>na uShip. N\u00f3s oferecemos todas as ferramentas que voc\u00ea precisa para <a href=\"https:\/\/help.uship.com\/hc\/pt-br\/articles\/206495527\">criar o seu perfil<\/a>, <a href=\"http:\/\/www.uship.com\/find\">achar cargas<\/a>, fazer perguntas, <a href=\"https:\/\/help.uship.com\/hc\/pt-br\/articles\/206495947\">oferecer lances<\/a>, aceitar ofertas e ganhar fretes. Com a uShip, <a href=\"https:\/\/help.uship.com\/hc\/pt-br\/articles\/206462817\">voc\u00ea \u00e9 pago<\/a> na entrega e somos totalmente transparentes sobre nossas <a href=\"https:\/\/help.uship.com\/hc\/pt-br\/articles\/206462827\">taxas<\/a>.\r\n\r\n&nbsp;\r\n\r\nTransportadores de todos os tipos dependem da uShip para manter seus caminh\u00f5es cheios. Aqui est\u00e3o algumas dicas para ficar \u00e0 frente da concorr\u00eancia:","intro_slide_cta":null,"intro_slide_slide":[{"intro_slide_slide_image":1054},{"intro_slide_slide_image":1055},{"intro_slide_slide_image":1056}]},{"acf_fc_layout":"strip_data_callout","strip_data_callout_id":"","strip_data_callout_content":[{"strip_data_callout_block_value":"3,5","strip_data_callout_block_caption":"Milh\u00f5es<br>de Clientes"},{"strip_data_callout_block_value":"788.000","strip_data_callout_block_caption":"Transportadores"},{"strip_data_callout_block_value":"5,7","strip_data_callout_block_caption":"Milh\u00f5es<br>de An\u00fancios de Frete"}]},{"acf_fc_layout":"icon_bullet_points","icon_bullet_points_id":"","icon_bullet_points_row":[{"icon_bullet_points_row_icon":"icon_profile","icon_bullet_points_row_title":"APERFEI\u00c7OE SEU PERFIL","icon_bullet_points_row_text":"A maneira como voc\u00ea se apresenta na uShip como transportador \u00e9 super importante. Seu perfil \u00e9 o espa\u00e7o de <a href=\"https:\/\/help.uship.com\/hc\/pt-br\/articles\/206495527\">construir a sua reputa\u00e7\u00e3o<\/a>. Adicione fotos amig\u00e1veis de sua empresa e equipamentos. Seja minucioso sobre a sua filosofia e experi\u00eancia. Inclua informa\u00e7\u00f5es que mostra que voc\u00ea \u00e9 confi\u00e1vel, h\u00e1bil, e de bom car\u00e1ter."},{"icon_bullet_points_row_icon":"icon_check","icon_bullet_points_row_title":"ESTABELE\u00c7A EXPECTATIVAS","icon_bullet_points_row_text":"Um bom perfil ajuda a ganhar mais clientes. Uma boa comunica\u00e7\u00e3o ajuda a mant\u00ea-los (e \u00e9 a chave para boas avalia\u00e7\u00f5es). Lembre-se de avisar os seus clientes exatamente o que esperar sobre o transporte, como prazo de entrega, dep\u00f3sito, cobertura do seguro, e sempre responda suas d\u00favidas prontamente."},{"icon_bullet_points_row_icon":"icon_phone","icon_bullet_points_row_title":"NOSSO APLICATIVO \u00c9 O SEU MELHOR AMIGO","icon_bullet_points_row_text":"Voc\u00ea sabe que quando est\u00e1 na estrada, atrasos podem acontecer. Nosso app o mant\u00e9m atualizado, voc\u00ea pode oferecer lances em novos fretes e gerenciar os transportes atuais, onde quer que voc\u00ea esteja."},{"icon_bullet_points_row_icon":"icon_location","icon_bullet_points_row_title":"COMPARTILHE SUA LOCALIZA\u00c7\u00c3O","icon_bullet_points_row_text":"N\u00e3o, n\u00f3s n\u00e3o queremos espionar voc\u00ea. Saber a sua localiza\u00e7\u00e3o nos ajuda a lhe notificar sobre fretes no seu caminho. Tamb\u00e9m serve para atualizar o status do frete e ajudar a reduzir as liga\u00e7\u00f5es, mensagens de texto e e-mails de clientes que querem saber onde voc\u00ea est\u00e1."},{"icon_bullet_points_row_icon":"icon_circlestar","icon_bullet_points_row_title":"ENCONTRE AS CARGAS CERTAS FACILMENTE","icon_bullet_points_row_text":"Evite desordens e deixe que as cargas encontrem voc\u00ea. Configure seus <a href=\"https:\/\/help.uship.com\/hc\/pt-br\/articles\/206495377\">Alertas de Cargas<\/a> para que voc\u00ea seja notificado imediatamente quando fretes do seu interesse forem anunciados."}]}],"bottom_content":[{"acf_fc_layout":"bookend","bookend_content_type":"text","bookend_intro":"PRONTO PARA TRANSPORTAR?","bookend_intro_sub":"","bookend_image":null,"bookend_cta_text":"Tornar-se Transportador","bookend_cta_url":"https:\/\/www.uship.com\/register\/?tid=2","bookend_cta_onclick":"","bookend_cta_open_in_new_tab":[],"bookend_previous_content":[{"bookend_previous_url":5275,"bookend_previous_text":"Programa<br>Transportador VIP"}],"bookend_next_content":[{"bookend_next_url":5269,"bookend_next_text":"Ferramentas<br>do Transportador"}]},{"acf_fc_layout":"tertiary_callout","tertiary_callout_title":"Interessado em fazer uma parceria com a uShip?","tertiary_callout_link_url":"\/br\/parcerias","tertiary_callout_link_text":"Saiba Mais","tertiary_callout_link_onclick":"","tertiary_callout_open_in_new_tab":[]}]},"yoast_head":"<!-- This site is optimized with the Yoast SEO plugin v22.2 - https:\/\/yoast.com\/wordpress\/plugins\/seo\/ -->\n<title>Come\u00e7ando - Como Funciona<\/title>\n<meta name=\"robots\" content=\"index, follow, max-snippet:-1, max-image-preview:large, max-video-preview:-1\" \/>\n<link rel=\"canonical\" href=\"https:\/\/ushiplearnsubd.wpengine.com\/br\/transportadores\/comecando\/\" \/>\n<meta property=\"og:locale\" content=\"pt_BR\" \/>\n<meta property=\"og:type\" content=\"article\" \/>\n<meta property=\"og:title\" content=\"Come\u00e7ando - Como Funciona\" \/>\n<meta property=\"og:url\" content=\"https:\/\/ushiplearnsubd.wpengine.com\/br\/transportadores\/comecando\/\" \/>\n<meta property=\"og:site_name\" content=\"Como Funciona\" \/>\n<meta property=\"article:modified_time\" content=\"2017-01-18T22:23:35+00:00\" \/>\n<meta name=\"twitter:card\" content=\"summary_large_image\" \/>\n<script type=\"application\/ld+json\" class=\"yoast-schema-graph\">{\"@context\":\"https:\/\/schema.org\",\"@graph\":[{\"@type\":\"WebPage\",\"@id\":\"https:\/\/ushiplearnsubd.wpengine.com\/br\/transportadores\/comecando\/\",\"url\":\"https:\/\/ushiplearnsubd.wpengine.com\/br\/transportadores\/comecando\/\",\"name\":\"Come\u00e7ando - Como Funciona\",\"isPartOf\":{\"@id\":\"https:\/\/ushiplearnsubd.wpengine.com\/br\/#website\"},\"datePublished\":\"2017-01-18T17:49:34+00:00\",\"dateModified\":\"2017-01-18T22:23:35+00:00\",\"breadcrumb\":{\"@id\":\"https:\/\/ushiplearnsubd.wpengine.com\/br\/transportadores\/comecando\/#breadcrumb\"},\"inLanguage\":\"pt-BR\",\"potentialAction\":[{\"@type\":\"ReadAction\",\"target\":[\"https:\/\/ushiplearnsubd.wpengine.com\/br\/transportadores\/comecando\/\"]}]},{\"@type\":\"BreadcrumbList\",\"@id\":\"https:\/\/ushiplearnsubd.wpengine.com\/br\/transportadores\/comecando\/#breadcrumb\",\"itemListElement\":[{\"@type\":\"ListItem\",\"position\":1,\"name\":\"Home\",\"item\":\"https:\/\/ushiplearnsubd.wpengine.com\/br\/\"},{\"@type\":\"ListItem\",\"position\":2,\"name\":\"Transportadores\",\"item\":\"https:\/\/ushiplearnsubd.wpengine.com\/br\/transportadores\/\"},{\"@type\":\"ListItem\",\"position\":3,\"name\":\"Come\u00e7ando\"}]},{\"@type\":\"WebSite\",\"@id\":\"https:\/\/ushiplearnsubd.wpengine.com\/br\/#website\",\"url\":\"https:\/\/ushiplearnsubd.wpengine.com\/br\/\",\"name\":\"Como Funciona\",\"description\":\"\",\"potentialAction\":[{\"@type\":\"SearchAction\",\"target\":{\"@type\":\"EntryPoint\",\"urlTemplate\":\"https:\/\/ushiplearnsubd.wpengine.com\/br\/?s={search_term_string}\"},\"query-input\":\"required name=search_term_string\"}],\"inLanguage\":\"pt-BR\"}]}<\/script>\n<!-- \/ Yoast SEO plugin. -->","yoast_head_json":{"title":"Come\u00e7ando - Como Funciona","robots":{"index":"index","follow":"follow","max-snippet":"max-snippet:-1","max-image-preview":"max-image-preview:large","max-video-preview":"max-video-preview:-1"},"canonical":"https:\/\/ushiplearnsubd.wpengine.com\/br\/transportadores\/comecando\/","og_locale":"pt_BR","og_type":"article","og_title":"Come\u00e7ando - Como Funciona","og_url":"https:\/\/ushiplearnsubd.wpengine.com\/br\/transportadores\/comecando\/","og_site_name":"Como Funciona","article_modified_time":"2017-01-18T22:23:35+00:00","twitter_card":"summary_large_image","schema":{"@context":"https:\/\/schema.org","@graph":[{"@type":"WebPage","@id":"https:\/\/ushiplearnsubd.wpengine.com\/br\/transportadores\/comecando\/","url":"https:\/\/ushiplearnsubd.wpengine.com\/br\/transportadores\/comecando\/","name":"Come\u00e7ando - Como Funciona","isPartOf":{"@id":"https:\/\/ushiplearnsubd.wpengine.com\/br\/#website"},"datePublished":"2017-01-18T17:49:34+00:00","dateModified":"2017-01-18T22:23:35+00:00","breadcrumb":{"@id":"https:\/\/ushiplearnsubd.wpengine.com\/br\/transportadores\/comecando\/#breadcrumb"},"inLanguage":"pt-BR","potentialAction":[{"@type":"ReadAction","target":["https:\/\/ushiplearnsubd.wpengine.com\/br\/transportadores\/comecando\/"]}]},{"@type":"BreadcrumbList","@id":"https:\/\/ushiplearnsubd.wpengine.com\/br\/transportadores\/comecando\/#breadcrumb","itemListElement":[{"@type":"ListItem","position":1,"name":"Home","item":"https:\/\/ushiplearnsubd.wpengine.com\/br\/"},{"@type":"ListItem","position":2,"name":"Transportadores","item":"https:\/\/ushiplearnsubd.wpengine.com\/br\/transportadores\/"},{"@type":"ListItem","position":3,"name":"Come\u00e7ando"}]},{"@type":"WebSite","@id":"https:\/\/ushiplearnsubd.wpengine.com\/br\/#website","url":"https:\/\/ushiplearnsubd.wpengine.com\/br\/","name":"Como Funciona","description":"","potentialAction":[{"@type":"SearchAction","target":{"@type":"EntryPoint","urlTemplate":"https:\/\/ushiplearnsubd.wpengine.com\/br\/?s={search_term_string}"},"query-input":"required name=search_term_string"}],"inLanguage":"pt-BR"}]}},"fixed_price_tool_customer_success":{"image":false,"telephone":false,"email":false},"_links":{"self":[{"href":"https:\/\/ushiplearnsubd.wpengine.com\/br\/wp-json\/wp\/v2\/pages\/5267","targetHints":{"allow":["GET"]}}],"collection":[{"href":"https:\/\/ushiplearnsubd.wpengine.com\/br\/wp-json\/wp\/v2\/pages"}],"about":[{"href":"https:\/\/ushiplearnsubd.wpengine.com\/br\/wp-json\/wp\/v2\/types\/page"}],"author":[{"embeddable":true,"href":"https:\/\/ushiplearnsubd.wpengine.com\/br\/wp-json\/wp\/v2\/users\/2"}],"replies":[{"embeddable":true,"href":"https:\/\/ushiplearnsubd.wpengine.com\/br\/wp-json\/wp\/v2\/comments?post=5267"}],"version-history":[{"count":0,"href":"https:\/\/ushiplearnsubd.wpengine.com\/br\/wp-json\/wp\/v2\/pages\/5267\/revisions"}],"up":[{"embeddable":true,"href":"https:\/\/ushiplearnsubd.wpengine.com\/br\/wp-json\/wp\/v2\/pages\/4"}],"wp:attachment":[{"href":"https:\/\/ushiplearnsubd.wpengine.com\/br\/wp-json\/wp\/v2\/media?parent=5267"}],"curies":[{"name":"wp","href":"https:\/\/api.w.org\/{rel}","templated":true}]}}