{"id":5264,"date":"2017-01-18T17:45:27","date_gmt":"2017-01-18T17:45:27","guid":{"rendered":"https:\/\/ushiplearnsubd.wpengine.com\/br\/?page_id=5264"},"modified":"2019-05-03T19:23:12","modified_gmt":"2019-05-03T19:23:12","slug":"garantia-uship","status":"publish","type":"page","link":"https:\/\/ushiplearnsubd.wpengine.com\/br\/clientes\/garantia-uship\/","title":{"rendered":"Garantia uShip"},"content":{"rendered":"","protected":false},"excerpt":{"rendered":"","protected":false},"author":2,"featured_media":0,"parent":5,"menu_order":0,"comment_status":"closed","ping_status":"closed","template":"tabbed-page-v2-child.php","meta":{"_acf_changed":false,"footnotes":""},"class_list":["post-5264","page","type-page","status-publish","hentry"],"acf":{"header_footer_type":"full","body_content":[{"acf_fc_layout":"intro_slide","intro_slide_id":"","intro_slide_head":"AJUDAMOS VOC\u00ca A TRANSPORTAR COM SEGURAN\u00c7A","intro_slide_subhead":"Oferecemos as ferramentas e apoio durante todo o processo de frete para lhe proporcionar tranq\u00fcilidade, seja voc\u00ea um cliente de transporte de primeira viagem ou um veterano experiente de log\u00edstica.","intro_slide_cta":null,"intro_slide_slide":[{"intro_slide_slide_image":5363}]},{"acf_fc_layout":"slanted_map","slanted_map_id":"","slanted_map_bg_color":"mapBackgroundGrey","slanted_map_bg_position":"mapBackgroundLeft","slanted_map_map_feature":"image","slanted_map_video_poster_image":null,"slanted_map_youtube_id":"","slanted_map_image":5070,"slanted_map_image_vertical_alignment":"alignmentMiddle","slanted_map_image_horizontal_alignment":"alignmentLeft","slanted_map_copy_intro":"TRANSPORTE COM GARANTIA E CONFIAN\u00c7A","slanted_map_copy_block_text":"<h6>ESTAMOS AQUI \u2014 CASO VOC\u00ca PRECISAR<\/h6>\r\n&nbsp;\r\nEnquanto voc\u00ea reserva fretes atrav\u00e9s da uShip, tenha a certeza de que voc\u00ea est\u00e1 sendo apoiado pela nossa Garantia do 'Transporte com Seguran\u00e7a', que lhe recompensa em at\u00e9 R$ 1000* no raro caso de perda. Estamos colocando nosso dinheiro no seu bolso porque sabemos o quanto sua mercadoria \u00e9 importante para voc\u00ea. Simples assim. Nossa equipe de atendimento tamb\u00e9m pode mediar qualquer problema n\u00e3o relacionado com perdas, como danos, atrasos no prazo de entrega, comunica\u00e7\u00e3o com o transportador, quest\u00f5es de pagamento, entre outros.\r\n\r\n&nbsp;\r\nVeja mais detalhes sobre a <a href=\"https:\/\/help.uship.com\/hc\/pt-br\/articles\/207061137\">Garantia do 'Transporte com Seguran\u00e7a'<\/a>.\r\n\r\n&nbsp;\r\n<span style=\"display: block; color: #999999; line-height: 20px; font-size: 14px;\">* A Garantia do 'Transporte com Seguran\u00e7a' cobre apenas os itens que est\u00e3o sendo transportados e pagos atrav\u00e9s da uShip, e voc\u00ea deve seguir o nosso <a href=\"https:\/\/help.uship.com\/hc\/pt-br\/articles\/222804547\">Guia do Frete Seguro<\/a> para ser eleg\u00edvel.<\/span>","slanted_map_copy_cta":null,"slanted_map_trustpilot_widget":false}],"bottom_content":[{"acf_fc_layout":"bookend","bookend_content_type":"text","bookend_intro":"PRONTO PARA TRANSPORTAR?","bookend_intro_sub":"","bookend_image":null,"bookend_cta_text":"Anunciar Frete","bookend_cta_url":"https:\/\/www.uship.com\/ship","bookend_cta_onclick":"","bookend_cta_open_in_new_tab":"","bookend_previous_content":[{"bookend_previous_url":5262,"bookend_previous_text":"Pagamento<br>Seguro"}],"bookend_next_content":[{"bookend_next_url":5254,"bookend_next_text":"Come\u00e7ando"}]},{"acf_fc_layout":"tertiary_callout","tertiary_callout_title":"Interessado em usar a uShip para a sua empresa?","tertiary_callout_link_url":"\/br\/frete-empresas","tertiary_callout_link_text":"Saiba Mais","tertiary_callout_link_onclick":"","tertiary_callout_open_in_new_tab":""}]},"yoast_head":"<!-- This site is optimized with the Yoast SEO plugin v22.2 - https:\/\/yoast.com\/wordpress\/plugins\/seo\/ -->\n<title>Garantia uShip - Como Funciona<\/title>\n<meta name=\"robots\" content=\"index, follow, max-snippet:-1, max-image-preview:large, max-video-preview:-1\" \/>\n<link rel=\"canonical\" href=\"https:\/\/ushiplearnsubd.wpengine.com\/br\/clientes\/garantia-uship\/\" \/>\n<meta property=\"og:locale\" content=\"pt_BR\" \/>\n<meta property=\"og:type\" content=\"article\" \/>\n<meta property=\"og:title\" content=\"Garantia uShip - Como Funciona\" \/>\n<meta property=\"og:url\" content=\"https:\/\/ushiplearnsubd.wpengine.com\/br\/clientes\/garantia-uship\/\" \/>\n<meta property=\"og:site_name\" content=\"Como Funciona\" \/>\n<meta property=\"article:modified_time\" content=\"2019-05-03T19:23:12+00:00\" \/>\n<meta name=\"twitter:card\" content=\"summary_large_image\" \/>\n<script type=\"application\/ld+json\" class=\"yoast-schema-graph\">{\"@context\":\"https:\/\/schema.org\",\"@graph\":[{\"@type\":\"WebPage\",\"@id\":\"https:\/\/ushiplearnsubd.wpengine.com\/br\/clientes\/garantia-uship\/\",\"url\":\"https:\/\/ushiplearnsubd.wpengine.com\/br\/clientes\/garantia-uship\/\",\"name\":\"Garantia uShip - Como Funciona\",\"isPartOf\":{\"@id\":\"https:\/\/ushiplearnsubd.wpengine.com\/br\/#website\"},\"datePublished\":\"2017-01-18T17:45:27+00:00\",\"dateModified\":\"2019-05-03T19:23:12+00:00\",\"breadcrumb\":{\"@id\":\"https:\/\/ushiplearnsubd.wpengine.com\/br\/clientes\/garantia-uship\/#breadcrumb\"},\"inLanguage\":\"pt-BR\",\"potentialAction\":[{\"@type\":\"ReadAction\",\"target\":[\"https:\/\/ushiplearnsubd.wpengine.com\/br\/clientes\/garantia-uship\/\"]}]},{\"@type\":\"BreadcrumbList\",\"@id\":\"https:\/\/ushiplearnsubd.wpengine.com\/br\/clientes\/garantia-uship\/#breadcrumb\",\"itemListElement\":[{\"@type\":\"ListItem\",\"position\":1,\"name\":\"Home\",\"item\":\"https:\/\/ushiplearnsubd.wpengine.com\/br\/\"},{\"@type\":\"ListItem\",\"position\":2,\"name\":\"Clientes\",\"item\":\"https:\/\/ushiplearnsubd.wpengine.com\/br\/clientes\/\"},{\"@type\":\"ListItem\",\"position\":3,\"name\":\"Garantia uShip\"}]},{\"@type\":\"WebSite\",\"@id\":\"https:\/\/ushiplearnsubd.wpengine.com\/br\/#website\",\"url\":\"https:\/\/ushiplearnsubd.wpengine.com\/br\/\",\"name\":\"Como Funciona\",\"description\":\"\",\"potentialAction\":[{\"@type\":\"SearchAction\",\"target\":{\"@type\":\"EntryPoint\",\"urlTemplate\":\"https:\/\/ushiplearnsubd.wpengine.com\/br\/?s={search_term_string}\"},\"query-input\":\"required name=search_term_string\"}],\"inLanguage\":\"pt-BR\"}]}<\/script>\n<!-- \/ Yoast SEO plugin. -->","yoast_head_json":{"title":"Garantia uShip - Como Funciona","robots":{"index":"index","follow":"follow","max-snippet":"max-snippet:-1","max-image-preview":"max-image-preview:large","max-video-preview":"max-video-preview:-1"},"canonical":"https:\/\/ushiplearnsubd.wpengine.com\/br\/clientes\/garantia-uship\/","og_locale":"pt_BR","og_type":"article","og_title":"Garantia uShip - Como Funciona","og_url":"https:\/\/ushiplearnsubd.wpengine.com\/br\/clientes\/garantia-uship\/","og_site_name":"Como Funciona","article_modified_time":"2019-05-03T19:23:12+00:00","twitter_card":"summary_large_image","schema":{"@context":"https:\/\/schema.org","@graph":[{"@type":"WebPage","@id":"https:\/\/ushiplearnsubd.wpengine.com\/br\/clientes\/garantia-uship\/","url":"https:\/\/ushiplearnsubd.wpengine.com\/br\/clientes\/garantia-uship\/","name":"Garantia uShip - Como Funciona","isPartOf":{"@id":"https:\/\/ushiplearnsubd.wpengine.com\/br\/#website"},"datePublished":"2017-01-18T17:45:27+00:00","dateModified":"2019-05-03T19:23:12+00:00","breadcrumb":{"@id":"https:\/\/ushiplearnsubd.wpengine.com\/br\/clientes\/garantia-uship\/#breadcrumb"},"inLanguage":"pt-BR","potentialAction":[{"@type":"ReadAction","target":["https:\/\/ushiplearnsubd.wpengine.com\/br\/clientes\/garantia-uship\/"]}]},{"@type":"BreadcrumbList","@id":"https:\/\/ushiplearnsubd.wpengine.com\/br\/clientes\/garantia-uship\/#breadcrumb","itemListElement":[{"@type":"ListItem","position":1,"name":"Home","item":"https:\/\/ushiplearnsubd.wpengine.com\/br\/"},{"@type":"ListItem","position":2,"name":"Clientes","item":"https:\/\/ushiplearnsubd.wpengine.com\/br\/clientes\/"},{"@type":"ListItem","position":3,"name":"Garantia uShip"}]},{"@type":"WebSite","@id":"https:\/\/ushiplearnsubd.wpengine.com\/br\/#website","url":"https:\/\/ushiplearnsubd.wpengine.com\/br\/","name":"Como Funciona","description":"","potentialAction":[{"@type":"SearchAction","target":{"@type":"EntryPoint","urlTemplate":"https:\/\/ushiplearnsubd.wpengine.com\/br\/?s={search_term_string}"},"query-input":"required name=search_term_string"}],"inLanguage":"pt-BR"}]}},"fixed_price_tool_customer_success":{"image":false,"telephone":false,"email":false},"_links":{"self":[{"href":"https:\/\/ushiplearnsubd.wpengine.com\/br\/wp-json\/wp\/v2\/pages\/5264","targetHints":{"allow":["GET"]}}],"collection":[{"href":"https:\/\/ushiplearnsubd.wpengine.com\/br\/wp-json\/wp\/v2\/pages"}],"about":[{"href":"https:\/\/ushiplearnsubd.wpengine.com\/br\/wp-json\/wp\/v2\/types\/page"}],"author":[{"embeddable":true,"href":"https:\/\/ushiplearnsubd.wpengine.com\/br\/wp-json\/wp\/v2\/users\/2"}],"replies":[{"embeddable":true,"href":"https:\/\/ushiplearnsubd.wpengine.com\/br\/wp-json\/wp\/v2\/comments?post=5264"}],"version-history":[{"count":0,"href":"https:\/\/ushiplearnsubd.wpengine.com\/br\/wp-json\/wp\/v2\/pages\/5264\/revisions"}],"up":[{"embeddable":true,"href":"https:\/\/ushiplearnsubd.wpengine.com\/br\/wp-json\/wp\/v2\/pages\/5"}],"wp:attachment":[{"href":"https:\/\/ushiplearnsubd.wpengine.com\/br\/wp-json\/wp\/v2\/media?parent=5264"}],"curies":[{"name":"wp","href":"https:\/\/api.w.org\/{rel}","templated":true}]}}