{"id":1298,"date":"2016-04-05T19:25:20","date_gmt":"2016-04-05T19:25:20","guid":{"rendered":"http:\/\/ushiplearnsubd.wpengine.com\/br\/?page_id=1298"},"modified":"2019-06-04T19:04:43","modified_gmt":"2019-06-04T19:04:43","slug":"frete-empresas","status":"publish","type":"page","link":"https:\/\/ushiplearnsubd.wpengine.com\/br\/frete-empresas\/","title":{"rendered":"Frete para Empresas"},"content":{"rendered":"","protected":false},"excerpt":{"rendered":"","protected":false},"author":2,"featured_media":0,"parent":0,"menu_order":0,"comment_status":"closed","ping_status":"closed","template":"tabbed-page-v2.php","meta":{"_acf_changed":false,"footnotes":""},"class_list":["post-1298","page","type-page","status-publish","hentry"],"acf":{"header_footer_type":"full","top_content":[{"acf_fc_layout":"hero","hero_size":"heroLarge","hero_image":5164,"hero_headline":"REINVENTANDO O FRETE PARA EMPRESAS","hero_subheadline":"Transporte sua carga de maneira mais eficiente e econ\u00f4mica atrav\u00e9s da uShip para Empresas","hero_cta":[{"hero_cta_url":"https:\/\/www.uship.com\/ship","hero_cta_text":"Receber Cota\u00e7\u00f5es","hero_cta_onclick":"","hero_cta_open_in_new_tab":""}],"hero_cta_secondary":null,"hero_video_modal_primary":null,"hero_form_modal_primary":null,"hero_video_modal_secondary":null,"hero_form_modal_secondary":null,"hero_tertiary_callout":null,"hero_cobranded_strip":null,"include_hubspot_form":"","hero_form_header":"","hero_hubspot_embed":""}]},"yoast_head":"<!-- This site is optimized with the Yoast SEO plugin v22.2 - https:\/\/yoast.com\/wordpress\/plugins\/seo\/ -->\n<title>Como Funciona - Frete para Empresas | uShip Brasil<\/title>\n<meta name=\"description\" content=\"Transporte as cargas da sua empresa de forma econ\u00f4mica e r\u00e1pida com a uShip. Permita que transportadoras ofere\u00e7am pre\u00e7os para o seu transporte de neg\u00f3cios.\" \/>\n<meta name=\"robots\" content=\"index, follow, max-snippet:-1, max-image-preview:large, max-video-preview:-1\" \/>\n<link rel=\"canonical\" href=\"https:\/\/ushiplearnsubd.wpengine.com\/br\/frete-empresas\/\" \/>\n<meta property=\"og:locale\" content=\"pt_BR\" \/>\n<meta property=\"og:type\" content=\"article\" \/>\n<meta property=\"og:title\" content=\"Como Funciona - Frete para Empresas | uShip Brasil\" \/>\n<meta property=\"og:description\" content=\"Transporte as cargas da sua empresa de forma econ\u00f4mica e r\u00e1pida com a uShip. Permita que transportadoras ofere\u00e7am pre\u00e7os para o seu transporte de neg\u00f3cios.\" \/>\n<meta property=\"og:url\" content=\"https:\/\/ushiplearnsubd.wpengine.com\/br\/frete-empresas\/\" \/>\n<meta property=\"og:site_name\" content=\"Como Funciona\" \/>\n<meta property=\"article:modified_time\" content=\"2019-06-04T19:04:43+00:00\" \/>\n<meta name=\"twitter:card\" content=\"summary_large_image\" \/>\n<script type=\"application\/ld+json\" class=\"yoast-schema-graph\">{\"@context\":\"https:\/\/schema.org\",\"@graph\":[{\"@type\":\"WebPage\",\"@id\":\"https:\/\/ushiplearnsubd.wpengine.com\/br\/frete-empresas\/\",\"url\":\"https:\/\/ushiplearnsubd.wpengine.com\/br\/frete-empresas\/\",\"name\":\"Como Funciona - Frete para Empresas | uShip Brasil\",\"isPartOf\":{\"@id\":\"https:\/\/ushiplearnsubd.wpengine.com\/br\/#website\"},\"datePublished\":\"2016-04-05T19:25:20+00:00\",\"dateModified\":\"2019-06-04T19:04:43+00:00\",\"description\":\"Transporte as cargas da sua empresa de forma econ\u00f4mica e r\u00e1pida com a uShip. Permita que transportadoras ofere\u00e7am pre\u00e7os para o seu transporte de neg\u00f3cios.\",\"breadcrumb\":{\"@id\":\"https:\/\/ushiplearnsubd.wpengine.com\/br\/frete-empresas\/#breadcrumb\"},\"inLanguage\":\"pt-BR\",\"potentialAction\":[{\"@type\":\"ReadAction\",\"target\":[\"https:\/\/ushiplearnsubd.wpengine.com\/br\/frete-empresas\/\"]}]},{\"@type\":\"BreadcrumbList\",\"@id\":\"https:\/\/ushiplearnsubd.wpengine.com\/br\/frete-empresas\/#breadcrumb\",\"itemListElement\":[{\"@type\":\"ListItem\",\"position\":1,\"name\":\"Home\",\"item\":\"https:\/\/ushiplearnsubd.wpengine.com\/br\/\"},{\"@type\":\"ListItem\",\"position\":2,\"name\":\"Frete para Empresas\"}]},{\"@type\":\"WebSite\",\"@id\":\"https:\/\/ushiplearnsubd.wpengine.com\/br\/#website\",\"url\":\"https:\/\/ushiplearnsubd.wpengine.com\/br\/\",\"name\":\"Como Funciona\",\"description\":\"\",\"potentialAction\":[{\"@type\":\"SearchAction\",\"target\":{\"@type\":\"EntryPoint\",\"urlTemplate\":\"https:\/\/ushiplearnsubd.wpengine.com\/br\/?s={search_term_string}\"},\"query-input\":\"required name=search_term_string\"}],\"inLanguage\":\"pt-BR\"}]}<\/script>\n<!-- \/ Yoast SEO plugin. -->","yoast_head_json":{"title":"Como Funciona - Frete para Empresas | uShip Brasil","description":"Transporte as cargas da sua empresa de forma econ\u00f4mica e r\u00e1pida com a uShip. Permita que transportadoras ofere\u00e7am pre\u00e7os para o seu transporte de neg\u00f3cios.","robots":{"index":"index","follow":"follow","max-snippet":"max-snippet:-1","max-image-preview":"max-image-preview:large","max-video-preview":"max-video-preview:-1"},"canonical":"https:\/\/ushiplearnsubd.wpengine.com\/br\/frete-empresas\/","og_locale":"pt_BR","og_type":"article","og_title":"Como Funciona - Frete para Empresas | uShip Brasil","og_description":"Transporte as cargas da sua empresa de forma econ\u00f4mica e r\u00e1pida com a uShip. Permita que transportadoras ofere\u00e7am pre\u00e7os para o seu transporte de neg\u00f3cios.","og_url":"https:\/\/ushiplearnsubd.wpengine.com\/br\/frete-empresas\/","og_site_name":"Como Funciona","article_modified_time":"2019-06-04T19:04:43+00:00","twitter_card":"summary_large_image","schema":{"@context":"https:\/\/schema.org","@graph":[{"@type":"WebPage","@id":"https:\/\/ushiplearnsubd.wpengine.com\/br\/frete-empresas\/","url":"https:\/\/ushiplearnsubd.wpengine.com\/br\/frete-empresas\/","name":"Como Funciona - Frete para Empresas | uShip Brasil","isPartOf":{"@id":"https:\/\/ushiplearnsubd.wpengine.com\/br\/#website"},"datePublished":"2016-04-05T19:25:20+00:00","dateModified":"2019-06-04T19:04:43+00:00","description":"Transporte as cargas da sua empresa de forma econ\u00f4mica e r\u00e1pida com a uShip. Permita que transportadoras ofere\u00e7am pre\u00e7os para o seu transporte de neg\u00f3cios.","breadcrumb":{"@id":"https:\/\/ushiplearnsubd.wpengine.com\/br\/frete-empresas\/#breadcrumb"},"inLanguage":"pt-BR","potentialAction":[{"@type":"ReadAction","target":["https:\/\/ushiplearnsubd.wpengine.com\/br\/frete-empresas\/"]}]},{"@type":"BreadcrumbList","@id":"https:\/\/ushiplearnsubd.wpengine.com\/br\/frete-empresas\/#breadcrumb","itemListElement":[{"@type":"ListItem","position":1,"name":"Home","item":"https:\/\/ushiplearnsubd.wpengine.com\/br\/"},{"@type":"ListItem","position":2,"name":"Frete para Empresas"}]},{"@type":"WebSite","@id":"https:\/\/ushiplearnsubd.wpengine.com\/br\/#website","url":"https:\/\/ushiplearnsubd.wpengine.com\/br\/","name":"Como Funciona","description":"","potentialAction":[{"@type":"SearchAction","target":{"@type":"EntryPoint","urlTemplate":"https:\/\/ushiplearnsubd.wpengine.com\/br\/?s={search_term_string}"},"query-input":"required name=search_term_string"}],"inLanguage":"pt-BR"}]}},"fixed_price_tool_customer_success":false,"_links":{"self":[{"href":"https:\/\/ushiplearnsubd.wpengine.com\/br\/wp-json\/wp\/v2\/pages\/1298","targetHints":{"allow":["GET"]}}],"collection":[{"href":"https:\/\/ushiplearnsubd.wpengine.com\/br\/wp-json\/wp\/v2\/pages"}],"about":[{"href":"https:\/\/ushiplearnsubd.wpengine.com\/br\/wp-json\/wp\/v2\/types\/page"}],"author":[{"embeddable":true,"href":"https:\/\/ushiplearnsubd.wpengine.com\/br\/wp-json\/wp\/v2\/users\/2"}],"replies":[{"embeddable":true,"href":"https:\/\/ushiplearnsubd.wpengine.com\/br\/wp-json\/wp\/v2\/comments?post=1298"}],"version-history":[{"count":0,"href":"https:\/\/ushiplearnsubd.wpengine.com\/br\/wp-json\/wp\/v2\/pages\/1298\/revisions"}],"wp:attachment":[{"href":"https:\/\/ushiplearnsubd.wpengine.com\/br\/wp-json\/wp\/v2\/media?parent=1298"}],"curies":[{"name":"wp","href":"https:\/\/api.w.org\/{rel}","templated":true}]}}