{"id":5287,"date":"2017-01-13T15:38:44","date_gmt":"2017-01-13T15:38:44","guid":{"rendered":"https:\/\/ushiplearnsubd.wpengine.com\/de\/?page_id=5287"},"modified":"2017-01-13T15:38:44","modified_gmt":"2017-01-13T15:38:44","slug":"uship-macht-den-unterschied","status":"publish","type":"page","link":"https:\/\/ushiplearnsubd.wpengine.com\/at\/geschaeftskunden\/uship-macht-den-unterschied\/","title":{"rendered":"uShip Macht den Unterschied"},"content":{"rendered":"","protected":false},"excerpt":{"rendered":"","protected":false},"author":2,"featured_media":0,"parent":1298,"menu_order":0,"comment_status":"closed","ping_status":"closed","template":"tabbed-page-v2-child.php","meta":{"_acf_changed":false,"footnotes":""},"class_list":["post-5287","page","type-page","status-publish","hentry"],"acf":{"header_footer_type":false,"body_content":[{"acf_fc_layout":"intro_slide","intro_slide_id":"","intro_slide_head":"TRADITIONELLE TRANSPORT PROBLEME ENTFERNEN","intro_slide_subhead":"Traditionelles Transport Management ist gestern denn einer von vier Frachttransportern f\u00e4hrt n\u00e4mlich unbeladen durch die Gegend - d.h. ein finanzieller Verlu\u00dft von $188 Millionen. Seit den Jahr 2004 hilft uShip's Marktplatz solch einen Verlu\u00dft zu minimalisieren.","intro_slide_cta":null,"intro_slide_slide":[{"intro_slide_slide_image":1063}]},{"acf_fc_layout":"slanted_map","slanted_map_id":"","slanted_map_bg_color":"mapBackgroundGrey","slanted_map_bg_position":"mapBackgroundRight","slanted_map_map_feature":"none","slanted_map_video_poster_image":null,"slanted_map_youtube_id":"","slanted_map_image":1302,"slanted_map_image_vertical_alignment":"alignmentMiddle","slanted_map_image_horizontal_alignment":"alignmentRight","slanted_map_copy_intro":"USHIP'S ONLINE MARKTPLATZ","slanted_map_copy_block_text":"Einfacher gesagt, uShip ist f\u00fcr Transportauftr\u00e4ge und Logistik wie eBay f\u00fcr eCommerce, Airbnb f\u00fcr Unterk\u00fcnfte oder Expedia f\u00fcr Urlaub. Wir bieten eine Online Auktionsplattform f\u00fcr Transportauftr\u00e4ge an auf der sich Unternehmen, Versandkunden und Spediteure, auf einer sicheren und vertraulichen Plattform, treffen.","slanted_map_copy_cta":null,"slanted_map_trustpilot_widget":false},{"acf_fc_layout":"slanted_map","slanted_map_id":"","slanted_map_bg_color":"mapBackgroundWhite","slanted_map_bg_position":"mapBackgroundLeft","slanted_map_map_feature":"none","slanted_map_video_poster_image":null,"slanted_map_youtube_id":"","slanted_map_image":1303,"slanted_map_image_vertical_alignment":"alignmentMiddle","slanted_map_image_horizontal_alignment":"alignmentCenter","slanted_map_copy_intro":"WETTKAMPF UM IHR UNTERNEHMEN","slanted_map_copy_block_text":"Im Gegensatz zu Vermittlern und 3PLs setzt uShip keine Frachtrate. Bei uns - auf unserem Online Marktplatz - herrschen die Regel des freien Marktes. Kontrolliert werden die Preise von Angebot und Nachfrage. So versichern wir Preisangebote die dem Markt entsprechen oder sogar niedriger sind.","slanted_map_copy_cta":null,"slanted_map_trustpilot_widget":false},{"acf_fc_layout":"slanted_map","slanted_map_id":"","slanted_map_bg_color":"mapBackgroundGrey","slanted_map_bg_position":"mapBackgroundRight","slanted_map_map_feature":"none","slanted_map_video_poster_image":null,"slanted_map_youtube_id":"","slanted_map_image":1304,"slanted_map_image_vertical_alignment":"alignmentMiddle","slanted_map_image_horizontal_alignment":"alignmentRight","slanted_map_copy_intro":"BISHER NIE DAGEWESENES VOLUMEN","slanted_map_copy_block_text":"Das einzige was Transportdienstleister auf uShip gemeinsam haben ist, dass sie alle anders sind. Regionale Marktf\u00fchrer, Internationale Logistikunternehmen, einzelne Frachtf\u00fchrer oder jemand, der einfach viel Unterwegs ist und seine Dienste anbietet - Sie alle sind bei uShip. Jeder von ihnen wird f\u00fcr einen Auftrag vom Versandkunden bewertet.","slanted_map_copy_cta":null,"slanted_map_trustpilot_widget":false}],"bottom_content":[{"acf_fc_layout":"bookend","bookend_content_type":"text","bookend_intro":"SIND SIE BEREIT?","bookend_intro_sub":"","bookend_image":null,"bookend_cta_text":"Angebot Erhalten","bookend_cta_url":"https:\/\/www.uship.com\/ship","bookend_cta_onclick":"","bookend_cta_open_in_new_tab":[],"bookend_previous_content":[{"bookend_previous_url":5285,"bookend_previous_text":"Anfangen"}],"bookend_next_content":[{"bookend_next_url":5289,"bookend_next_text":"Spediteure<br>Finden"}]}]},"yoast_head":"<!-- This site is optimized with the Yoast SEO plugin v22.2 - https:\/\/yoast.com\/wordpress\/plugins\/seo\/ -->\n<title>uShip Macht den Unterschied - So Funktionierts<\/title>\n<meta name=\"robots\" content=\"index, follow, max-snippet:-1, max-image-preview:large, max-video-preview:-1\" \/>\n<link rel=\"canonical\" href=\"https:\/\/ushiplearnsubd.wpengine.com\/at\/geschaeftskunden\/uship-macht-den-unterschied\/\" \/>\n<meta property=\"og:locale\" content=\"de_DE\" \/>\n<meta property=\"og:type\" content=\"article\" \/>\n<meta property=\"og:title\" content=\"uShip Macht den Unterschied - So Funktionierts\" \/>\n<meta property=\"og:url\" content=\"https:\/\/ushiplearnsubd.wpengine.com\/at\/geschaeftskunden\/uship-macht-den-unterschied\/\" \/>\n<meta property=\"og:site_name\" content=\"So Funktionierts\" \/>\n<meta name=\"twitter:card\" content=\"summary_large_image\" \/>\n<script type=\"application\/ld+json\" class=\"yoast-schema-graph\">{\"@context\":\"https:\/\/schema.org\",\"@graph\":[{\"@type\":\"WebPage\",\"@id\":\"https:\/\/ushiplearnsubd.wpengine.com\/at\/geschaeftskunden\/uship-macht-den-unterschied\/\",\"url\":\"https:\/\/ushiplearnsubd.wpengine.com\/at\/geschaeftskunden\/uship-macht-den-unterschied\/\",\"name\":\"uShip Macht den Unterschied - So Funktionierts\",\"isPartOf\":{\"@id\":\"https:\/\/ushiplearnsubd.wpengine.com\/at\/#website\"},\"datePublished\":\"2017-01-13T15:38:44+00:00\",\"dateModified\":\"2017-01-13T15:38:44+00:00\",\"breadcrumb\":{\"@id\":\"https:\/\/ushiplearnsubd.wpengine.com\/at\/geschaeftskunden\/uship-macht-den-unterschied\/#breadcrumb\"},\"inLanguage\":\"de-DE\",\"potentialAction\":[{\"@type\":\"ReadAction\",\"target\":[\"https:\/\/ushiplearnsubd.wpengine.com\/at\/geschaeftskunden\/uship-macht-den-unterschied\/\"]}]},{\"@type\":\"BreadcrumbList\",\"@id\":\"https:\/\/ushiplearnsubd.wpengine.com\/at\/geschaeftskunden\/uship-macht-den-unterschied\/#breadcrumb\",\"itemListElement\":[{\"@type\":\"ListItem\",\"position\":1,\"name\":\"Home\",\"item\":\"https:\/\/ushiplearnsubd.wpengine.com\/at\/\"},{\"@type\":\"ListItem\",\"position\":2,\"name\":\"Geschaeftskunden\",\"item\":\"https:\/\/ushiplearnsubd.wpengine.com\/at\/geschaeftskunden\/\"},{\"@type\":\"ListItem\",\"position\":3,\"name\":\"uShip Macht den Unterschied\"}]},{\"@type\":\"WebSite\",\"@id\":\"https:\/\/ushiplearnsubd.wpengine.com\/at\/#website\",\"url\":\"https:\/\/ushiplearnsubd.wpengine.com\/at\/\",\"name\":\"So Funktionierts\",\"description\":\"\",\"potentialAction\":[{\"@type\":\"SearchAction\",\"target\":{\"@type\":\"EntryPoint\",\"urlTemplate\":\"https:\/\/ushiplearnsubd.wpengine.com\/at\/?s={search_term_string}\"},\"query-input\":\"required name=search_term_string\"}],\"inLanguage\":\"de-DE\"}]}<\/script>\n<!-- \/ Yoast SEO plugin. -->","yoast_head_json":{"title":"uShip Macht den Unterschied - So Funktionierts","robots":{"index":"index","follow":"follow","max-snippet":"max-snippet:-1","max-image-preview":"max-image-preview:large","max-video-preview":"max-video-preview:-1"},"canonical":"https:\/\/ushiplearnsubd.wpengine.com\/at\/geschaeftskunden\/uship-macht-den-unterschied\/","og_locale":"de_DE","og_type":"article","og_title":"uShip Macht den Unterschied - So Funktionierts","og_url":"https:\/\/ushiplearnsubd.wpengine.com\/at\/geschaeftskunden\/uship-macht-den-unterschied\/","og_site_name":"So Funktionierts","twitter_card":"summary_large_image","schema":{"@context":"https:\/\/schema.org","@graph":[{"@type":"WebPage","@id":"https:\/\/ushiplearnsubd.wpengine.com\/at\/geschaeftskunden\/uship-macht-den-unterschied\/","url":"https:\/\/ushiplearnsubd.wpengine.com\/at\/geschaeftskunden\/uship-macht-den-unterschied\/","name":"uShip Macht den Unterschied - So Funktionierts","isPartOf":{"@id":"https:\/\/ushiplearnsubd.wpengine.com\/at\/#website"},"datePublished":"2017-01-13T15:38:44+00:00","dateModified":"2017-01-13T15:38:44+00:00","breadcrumb":{"@id":"https:\/\/ushiplearnsubd.wpengine.com\/at\/geschaeftskunden\/uship-macht-den-unterschied\/#breadcrumb"},"inLanguage":"de-DE","potentialAction":[{"@type":"ReadAction","target":["https:\/\/ushiplearnsubd.wpengine.com\/at\/geschaeftskunden\/uship-macht-den-unterschied\/"]}]},{"@type":"BreadcrumbList","@id":"https:\/\/ushiplearnsubd.wpengine.com\/at\/geschaeftskunden\/uship-macht-den-unterschied\/#breadcrumb","itemListElement":[{"@type":"ListItem","position":1,"name":"Home","item":"https:\/\/ushiplearnsubd.wpengine.com\/at\/"},{"@type":"ListItem","position":2,"name":"Geschaeftskunden","item":"https:\/\/ushiplearnsubd.wpengine.com\/at\/geschaeftskunden\/"},{"@type":"ListItem","position":3,"name":"uShip Macht den Unterschied"}]},{"@type":"WebSite","@id":"https:\/\/ushiplearnsubd.wpengine.com\/at\/#website","url":"https:\/\/ushiplearnsubd.wpengine.com\/at\/","name":"So Funktionierts","description":"","potentialAction":[{"@type":"SearchAction","target":{"@type":"EntryPoint","urlTemplate":"https:\/\/ushiplearnsubd.wpengine.com\/at\/?s={search_term_string}"},"query-input":"required name=search_term_string"}],"inLanguage":"de-DE"}]}},"fixed_price_tool_customer_success":{"image":false,"telephone":false,"email":false},"_links":{"self":[{"href":"https:\/\/ushiplearnsubd.wpengine.com\/at\/wp-json\/wp\/v2\/pages\/5287","targetHints":{"allow":["GET"]}}],"collection":[{"href":"https:\/\/ushiplearnsubd.wpengine.com\/at\/wp-json\/wp\/v2\/pages"}],"about":[{"href":"https:\/\/ushiplearnsubd.wpengine.com\/at\/wp-json\/wp\/v2\/types\/page"}],"author":[{"embeddable":true,"href":"https:\/\/ushiplearnsubd.wpengine.com\/at\/wp-json\/wp\/v2\/users\/2"}],"replies":[{"embeddable":true,"href":"https:\/\/ushiplearnsubd.wpengine.com\/at\/wp-json\/wp\/v2\/comments?post=5287"}],"version-history":[{"count":0,"href":"https:\/\/ushiplearnsubd.wpengine.com\/at\/wp-json\/wp\/v2\/pages\/5287\/revisions"}],"up":[{"embeddable":true,"href":"https:\/\/ushiplearnsubd.wpengine.com\/at\/wp-json\/wp\/v2\/pages\/1298"}],"wp:attachment":[{"href":"https:\/\/ushiplearnsubd.wpengine.com\/at\/wp-json\/wp\/v2\/media?parent=5287"}],"curies":[{"name":"wp","href":"https:\/\/api.w.org\/{rel}","templated":true}]}}