{"id":5272,"date":"2017-01-12T21:40:03","date_gmt":"2017-01-12T21:40:03","guid":{"rendered":"https:\/\/ushiplearnsubd.wpengine.com\/de\/?page_id=5272"},"modified":"2017-01-12T21:40:03","modified_gmt":"2017-01-12T21:40:03","slug":"standortubermittlung","status":"publish","type":"page","link":"https:\/\/ushiplearnsubd.wpengine.com\/at\/transportdienstleister\/standortubermittlung\/","title":{"rendered":"Standort\u00fcbermittlung"},"content":{"rendered":"","protected":false},"excerpt":{"rendered":"","protected":false},"author":2,"featured_media":0,"parent":4,"menu_order":0,"comment_status":"closed","ping_status":"closed","template":"tabbed-page-v2-child.php","meta":{"_acf_changed":false,"footnotes":""},"class_list":["post-5272","page","type-page","status-publish","hentry"],"acf":{"header_footer_type":false,"body_content":[{"acf_fc_layout":"intro_slide","intro_slide_id":"","intro_slide_head":"STANDORT TEILEN UND PROFITIEREN","intro_slide_subhead":"Die Standort\u00fcbermittlung von uShip ist sicher, problemlos und n\u00fctzlich. Wenn Sie Ihren Standort mit Ihren Kunden teilen, reduziert dies das hin und her Kommunizieren zwischen ihnen w\u00e4hrend Sie unterwegs sind. Die \u00dcbermittlung schaltet auch andere, hilfreiche Tools, wie <a href=\"https:\/\/help.uship.com\/hc\/de\/categories\/200345487\">Benachrichtigungen \u00fcber Auftr\u00e4ge in der N\u00e4he und Meine Fahrer<\/a>, automatisch ein.","intro_slide_cta":null,"intro_slide_slide":[{"intro_slide_slide_image":2602}]},{"acf_fc_layout":"icon_bullet_points","icon_bullet_points_id":"","icon_bullet_points_row":[{"icon_bullet_points_row_icon":"icon_statusupdate","icon_bullet_points_row_title":"AUTOMATISCHE STATUS UPDATES","icon_bullet_points_row_text":"Ihre Versandkunden erhalten automatisch E-Mail Benachrichtigungen \u00fcber die drei wichtigsten Abl\u00e4ufe eines Auftrages: 1) Unterwegs  zur Abholung, 2) Abgeholt und 3) Geliefert. Dies reduziert Anrufe von Kunden, die nach Updates fragen und Sie k\u00f6nnen sich auf Ihre Arbeit konzentrieren. "},{"icon_bullet_points_row_icon":"icon_radar","icon_bullet_points_row_title":"IHRE PRIVATSPH\u00c4RE IST UNS WICHTIG","icon_bullet_points_row_text":"Updates \u00fcber den Status eines Auftr\u00e4ges stellen Ihre Versandkunden zufrieden aber weil wir Ihre Privatsph\u00e4re sch\u00fctzen m\u00f6chten, \u00fcbertr\u00e4gt die Standort\u00fcbermittlung nur Ihren ungef\u00e4hren und nie den genauen Standort."},{"icon_bullet_points_row_icon":"icon_locationcontrol","icon_bullet_points_row_title":"SIE HABEN DIE KONTROLLE","icon_bullet_points_row_text":"Ihre Versandkunden sehen Ihren Standort nicht bis Sie Ihren Status zu \"unterwegs\" gewechselt haben. Falls Sie sich entscheiden sollten, Ihren Standort nicht zu teilen und diese Funktion erst sp\u00e4ter einschalten m\u00f6chten, k\u00f6nnen Sie dies nat\u00fcrlich jederzeit selber kontrollieren. Wir empfehlen jedoch Ihre Standort\u00fcbermittlung stets eingeschaltet zu haben.\n\n&nbsp;\n\nNoch Fragen? <a href=\"http:\/\/www.uship.com\/location-sharing\">Erfahren Sie mehr \u00fcber die Standort\u00fcbermittlung<\/a>."}]}],"bottom_content":[{"acf_fc_layout":"bookend","bookend_content_type":"text","bookend_intro":"SIND SIE BEREIT?","bookend_intro_sub":"","bookend_image":null,"bookend_cta_text":"Als Spediteur Registrieren","bookend_cta_url":"https:\/\/www.uship.com\/register\/?tid=2","bookend_cta_onclick":"","bookend_cta_open_in_new_tab":[],"bookend_previous_content":[{"bookend_previous_url":5270,"bookend_previous_text":"Sichere<br>Zahlungen"}],"bookend_next_content":[{"bookend_next_url":5274,"bookend_next_text":"Power Anbieter<br>Programm"}]},{"acf_fc_layout":"tertiary_callout","tertiary_callout_title":"Sind Sie an einer Partnerschaft mit uShip interessiert?","tertiary_callout_link_url":"\/de\/partnerschaften","tertiary_callout_link_text":"Mehr erfahren","tertiary_callout_link_onclick":"","tertiary_callout_open_in_new_tab":[]}]},"yoast_head":"<!-- This site is optimized with the Yoast SEO plugin v22.2 - https:\/\/yoast.com\/wordpress\/plugins\/seo\/ -->\n<title>Standort\u00fcbermittlung - So Funktionierts<\/title>\n<meta name=\"robots\" content=\"index, follow, max-snippet:-1, max-image-preview:large, max-video-preview:-1\" \/>\n<link rel=\"canonical\" href=\"https:\/\/ushiplearnsubd.wpengine.com\/at\/transportdienstleister\/standortubermittlung\/\" \/>\n<meta property=\"og:locale\" content=\"de_DE\" \/>\n<meta property=\"og:type\" content=\"article\" \/>\n<meta property=\"og:title\" content=\"Standort\u00fcbermittlung - So Funktionierts\" \/>\n<meta property=\"og:url\" content=\"https:\/\/ushiplearnsubd.wpengine.com\/at\/transportdienstleister\/standortubermittlung\/\" \/>\n<meta property=\"og:site_name\" content=\"So Funktionierts\" \/>\n<meta name=\"twitter:card\" content=\"summary_large_image\" \/>\n<script type=\"application\/ld+json\" class=\"yoast-schema-graph\">{\"@context\":\"https:\/\/schema.org\",\"@graph\":[{\"@type\":\"WebPage\",\"@id\":\"https:\/\/ushiplearnsubd.wpengine.com\/at\/transportdienstleister\/standortubermittlung\/\",\"url\":\"https:\/\/ushiplearnsubd.wpengine.com\/at\/transportdienstleister\/standortubermittlung\/\",\"name\":\"Standort\u00fcbermittlung - So Funktionierts\",\"isPartOf\":{\"@id\":\"https:\/\/ushiplearnsubd.wpengine.com\/at\/#website\"},\"datePublished\":\"2017-01-12T21:40:03+00:00\",\"dateModified\":\"2017-01-12T21:40:03+00:00\",\"breadcrumb\":{\"@id\":\"https:\/\/ushiplearnsubd.wpengine.com\/at\/transportdienstleister\/standortubermittlung\/#breadcrumb\"},\"inLanguage\":\"de-DE\",\"potentialAction\":[{\"@type\":\"ReadAction\",\"target\":[\"https:\/\/ushiplearnsubd.wpengine.com\/at\/transportdienstleister\/standortubermittlung\/\"]}]},{\"@type\":\"BreadcrumbList\",\"@id\":\"https:\/\/ushiplearnsubd.wpengine.com\/at\/transportdienstleister\/standortubermittlung\/#breadcrumb\",\"itemListElement\":[{\"@type\":\"ListItem\",\"position\":1,\"name\":\"Home\",\"item\":\"https:\/\/ushiplearnsubd.wpengine.com\/at\/\"},{\"@type\":\"ListItem\",\"position\":2,\"name\":\"Transportdienstleister\",\"item\":\"https:\/\/ushiplearnsubd.wpengine.com\/at\/transportdienstleister\/\"},{\"@type\":\"ListItem\",\"position\":3,\"name\":\"Standort\u00fcbermittlung\"}]},{\"@type\":\"WebSite\",\"@id\":\"https:\/\/ushiplearnsubd.wpengine.com\/at\/#website\",\"url\":\"https:\/\/ushiplearnsubd.wpengine.com\/at\/\",\"name\":\"So Funktionierts\",\"description\":\"\",\"potentialAction\":[{\"@type\":\"SearchAction\",\"target\":{\"@type\":\"EntryPoint\",\"urlTemplate\":\"https:\/\/ushiplearnsubd.wpengine.com\/at\/?s={search_term_string}\"},\"query-input\":\"required name=search_term_string\"}],\"inLanguage\":\"de-DE\"}]}<\/script>\n<!-- \/ Yoast SEO plugin. -->","yoast_head_json":{"title":"Standort\u00fcbermittlung - So Funktionierts","robots":{"index":"index","follow":"follow","max-snippet":"max-snippet:-1","max-image-preview":"max-image-preview:large","max-video-preview":"max-video-preview:-1"},"canonical":"https:\/\/ushiplearnsubd.wpengine.com\/at\/transportdienstleister\/standortubermittlung\/","og_locale":"de_DE","og_type":"article","og_title":"Standort\u00fcbermittlung - So Funktionierts","og_url":"https:\/\/ushiplearnsubd.wpengine.com\/at\/transportdienstleister\/standortubermittlung\/","og_site_name":"So Funktionierts","twitter_card":"summary_large_image","schema":{"@context":"https:\/\/schema.org","@graph":[{"@type":"WebPage","@id":"https:\/\/ushiplearnsubd.wpengine.com\/at\/transportdienstleister\/standortubermittlung\/","url":"https:\/\/ushiplearnsubd.wpengine.com\/at\/transportdienstleister\/standortubermittlung\/","name":"Standort\u00fcbermittlung - So Funktionierts","isPartOf":{"@id":"https:\/\/ushiplearnsubd.wpengine.com\/at\/#website"},"datePublished":"2017-01-12T21:40:03+00:00","dateModified":"2017-01-12T21:40:03+00:00","breadcrumb":{"@id":"https:\/\/ushiplearnsubd.wpengine.com\/at\/transportdienstleister\/standortubermittlung\/#breadcrumb"},"inLanguage":"de-DE","potentialAction":[{"@type":"ReadAction","target":["https:\/\/ushiplearnsubd.wpengine.com\/at\/transportdienstleister\/standortubermittlung\/"]}]},{"@type":"BreadcrumbList","@id":"https:\/\/ushiplearnsubd.wpengine.com\/at\/transportdienstleister\/standortubermittlung\/#breadcrumb","itemListElement":[{"@type":"ListItem","position":1,"name":"Home","item":"https:\/\/ushiplearnsubd.wpengine.com\/at\/"},{"@type":"ListItem","position":2,"name":"Transportdienstleister","item":"https:\/\/ushiplearnsubd.wpengine.com\/at\/transportdienstleister\/"},{"@type":"ListItem","position":3,"name":"Standort\u00fcbermittlung"}]},{"@type":"WebSite","@id":"https:\/\/ushiplearnsubd.wpengine.com\/at\/#website","url":"https:\/\/ushiplearnsubd.wpengine.com\/at\/","name":"So Funktionierts","description":"","potentialAction":[{"@type":"SearchAction","target":{"@type":"EntryPoint","urlTemplate":"https:\/\/ushiplearnsubd.wpengine.com\/at\/?s={search_term_string}"},"query-input":"required name=search_term_string"}],"inLanguage":"de-DE"}]}},"fixed_price_tool_customer_success":{"image":false,"telephone":false,"email":false},"_links":{"self":[{"href":"https:\/\/ushiplearnsubd.wpengine.com\/at\/wp-json\/wp\/v2\/pages\/5272","targetHints":{"allow":["GET"]}}],"collection":[{"href":"https:\/\/ushiplearnsubd.wpengine.com\/at\/wp-json\/wp\/v2\/pages"}],"about":[{"href":"https:\/\/ushiplearnsubd.wpengine.com\/at\/wp-json\/wp\/v2\/types\/page"}],"author":[{"embeddable":true,"href":"https:\/\/ushiplearnsubd.wpengine.com\/at\/wp-json\/wp\/v2\/users\/2"}],"replies":[{"embeddable":true,"href":"https:\/\/ushiplearnsubd.wpengine.com\/at\/wp-json\/wp\/v2\/comments?post=5272"}],"version-history":[{"count":0,"href":"https:\/\/ushiplearnsubd.wpengine.com\/at\/wp-json\/wp\/v2\/pages\/5272\/revisions"}],"up":[{"embeddable":true,"href":"https:\/\/ushiplearnsubd.wpengine.com\/at\/wp-json\/wp\/v2\/pages\/4"}],"wp:attachment":[{"href":"https:\/\/ushiplearnsubd.wpengine.com\/at\/wp-json\/wp\/v2\/media?parent=5272"}],"curies":[{"name":"wp","href":"https:\/\/api.w.org\/{rel}","templated":true}]}}