{"id":5256,"date":"2017-01-12T21:16:26","date_gmt":"2017-01-12T21:16:26","guid":{"rendered":"https:\/\/ushiplearnsubd.wpengine.com\/de\/?page_id=5256"},"modified":"2017-01-12T21:16:26","modified_gmt":"2017-01-12T21:16:26","slug":"garantien-und-reklamationen","status":"publish","type":"page","link":"https:\/\/ushiplearnsubd.wpengine.com\/at\/versandkunde-geschaftlich\/garantien-und-reklamationen\/","title":{"rendered":"Garantien und Reklamationen"},"content":{"rendered":"","protected":false},"excerpt":{"rendered":"","protected":false},"author":2,"featured_media":0,"parent":5,"menu_order":0,"comment_status":"closed","ping_status":"closed","template":"tabbed-page-v2-child.php","meta":{"_acf_changed":false,"footnotes":""},"class_list":["post-5256","page","type-page","status-publish","hentry"],"acf":{"header_footer_type":false,"body_content":[{"acf_fc_layout":"intro_slide","intro_slide_id":"","intro_slide_head":"WIR HELFEN DAMIT SIE MIT VERTRAUEN TRANSPORTIEREN","intro_slide_subhead":"Wir bieten Ihnen die Tools und Betreuung an, die Sie w\u00e4hrend dem Transport brauchen damit Sie sich nicht sorgen m\u00fcssen - egal ob Sie das erste mal bei uns sind oder bereits \u00f6fters bei uShip waren.","intro_slide_cta":null,"intro_slide_slide":[{"intro_slide_slide_image":5239}]},{"acf_fc_layout":"slanted_map","slanted_map_id":"","slanted_map_bg_color":"mapBackgroundGrey","slanted_map_bg_position":"mapBackgroundLeft","slanted_map_map_feature":"none","slanted_map_video_poster_image":null,"slanted_map_youtube_id":"","slanted_map_image":5070,"slanted_map_image_vertical_alignment":"alignmentMiddle","slanted_map_image_horizontal_alignment":"alignmentLeft","slanted_map_copy_intro":"USHIP TRANSPORTSCHUTZ GARANTIE","slanted_map_copy_block_text":"<h6>WIR SIND F\u00dcR SIE DA - F\u00dcR ALLE F\u00c4LLE<\/h6>\n&nbsp;\n\nZus\u00e4tzlich zu uShip's Dienstleistungen, k\u00f6nnen Sie als Versandkunde eine \"Transportschutz Garantie\" beantragen, falls Sie einer \"Betrugszahlung\" zum Opfer gefallen sind. Wenn Ihrem Antrag statt gegeben wird, erhalten Sie bis zu 200\u20ac von uShip.\n\n&nbsp;\nFalls Sie sich qualifizieren, halten wir unser Wort - denn unsere Kunden sind uns sehr wichtig. Unsere Kundenbetreuung hilft Ihnen auch gerne bei anderen Problemen, wie z.B. Versp\u00e4tungen, Probleme bei der Kommunikation mit Ihrem Spediteur o.\u00e4.\n\n&nbsp;\nErfahren Sie mehr \u00fcber <a href=\"https:\/\/uship.zendesk.com\/hc\/de\/articles\/207061137\">uShip's \"Transportschutz Garantie\"<\/a>.\n\n&nbsp;\n<span style=\"display: block; color: #999999; line-height: 20px; font-size: 14px;\">* die \"Transportschutz Garantie\" kann nur auf Auftr\u00e4ge, die \u00fcber uShip gebucht wurden, angewendet werden und nur unter der Voraussetzung, dass die <a href=\"https:\/\/help.uship.com\/hc\/de\/articles\/222804547\">Richtlinien zum sicheren Transport<\/a> befolgt wurden. <\/span>","slanted_map_copy_cta":null,"slanted_map_trustpilot_widget":false}],"bottom_content":[{"acf_fc_layout":"bookend","bookend_content_type":"text","bookend_intro":"ICH BIN STARTKLAR","bookend_intro_sub":"","bookend_image":null,"bookend_cta_text":"Auftrag Einstellen","bookend_cta_url":"https:\/\/www.uship.com\/ship","bookend_cta_onclick":"","bookend_cta_open_in_new_tab":[],"bookend_previous_content":[{"bookend_previous_url":5254,"bookend_previous_text":"Sichere<br>Bezahlung"}],"bookend_next_content":[{"bookend_next_url":5246,"bookend_next_text":"Anfangen"}]},{"acf_fc_layout":"tertiary_callout","tertiary_callout_title":"Nutzen Sie uShip f\u00fcr Ihr Gesch\u00e4ft","tertiary_callout_link_url":"\/de\/geschaeftskunden","tertiary_callout_link_text":"Mehr Erfahren","tertiary_callout_link_onclick":"","tertiary_callout_open_in_new_tab":[]}]},"yoast_head":"<!-- This site is optimized with the Yoast SEO plugin v22.2 - https:\/\/yoast.com\/wordpress\/plugins\/seo\/ -->\n<title>Garantien und Reklamationen - So Funktionierts<\/title>\n<meta name=\"robots\" content=\"index, follow, max-snippet:-1, max-image-preview:large, max-video-preview:-1\" \/>\n<link rel=\"canonical\" href=\"https:\/\/ushiplearnsubd.wpengine.com\/at\/versandkunde-geschaftlich\/garantien-und-reklamationen\/\" \/>\n<meta property=\"og:locale\" content=\"de_DE\" \/>\n<meta property=\"og:type\" content=\"article\" \/>\n<meta property=\"og:title\" content=\"Garantien und Reklamationen - So Funktionierts\" \/>\n<meta property=\"og:url\" content=\"https:\/\/ushiplearnsubd.wpengine.com\/at\/versandkunde-geschaftlich\/garantien-und-reklamationen\/\" \/>\n<meta property=\"og:site_name\" content=\"So Funktionierts\" \/>\n<meta name=\"twitter:card\" content=\"summary_large_image\" \/>\n<script type=\"application\/ld+json\" class=\"yoast-schema-graph\">{\"@context\":\"https:\/\/schema.org\",\"@graph\":[{\"@type\":\"WebPage\",\"@id\":\"https:\/\/ushiplearnsubd.wpengine.com\/at\/versandkunde-geschaftlich\/garantien-und-reklamationen\/\",\"url\":\"https:\/\/ushiplearnsubd.wpengine.com\/at\/versandkunde-geschaftlich\/garantien-und-reklamationen\/\",\"name\":\"Garantien und Reklamationen - So Funktionierts\",\"isPartOf\":{\"@id\":\"https:\/\/ushiplearnsubd.wpengine.com\/at\/#website\"},\"datePublished\":\"2017-01-12T21:16:26+00:00\",\"dateModified\":\"2017-01-12T21:16:26+00:00\",\"breadcrumb\":{\"@id\":\"https:\/\/ushiplearnsubd.wpengine.com\/at\/versandkunde-geschaftlich\/garantien-und-reklamationen\/#breadcrumb\"},\"inLanguage\":\"de-DE\",\"potentialAction\":[{\"@type\":\"ReadAction\",\"target\":[\"https:\/\/ushiplearnsubd.wpengine.com\/at\/versandkunde-geschaftlich\/garantien-und-reklamationen\/\"]}]},{\"@type\":\"BreadcrumbList\",\"@id\":\"https:\/\/ushiplearnsubd.wpengine.com\/at\/versandkunde-geschaftlich\/garantien-und-reklamationen\/#breadcrumb\",\"itemListElement\":[{\"@type\":\"ListItem\",\"position\":1,\"name\":\"Home\",\"item\":\"https:\/\/ushiplearnsubd.wpengine.com\/at\/\"},{\"@type\":\"ListItem\",\"position\":2,\"name\":\"Versandkunden Geschaftlich\",\"item\":\"https:\/\/ushiplearnsubd.wpengine.com\/at\/versandkunde-geschaftlich\/\"},{\"@type\":\"ListItem\",\"position\":3,\"name\":\"Garantien und Reklamationen\"}]},{\"@type\":\"WebSite\",\"@id\":\"https:\/\/ushiplearnsubd.wpengine.com\/at\/#website\",\"url\":\"https:\/\/ushiplearnsubd.wpengine.com\/at\/\",\"name\":\"So Funktionierts\",\"description\":\"\",\"potentialAction\":[{\"@type\":\"SearchAction\",\"target\":{\"@type\":\"EntryPoint\",\"urlTemplate\":\"https:\/\/ushiplearnsubd.wpengine.com\/at\/?s={search_term_string}\"},\"query-input\":\"required name=search_term_string\"}],\"inLanguage\":\"de-DE\"}]}<\/script>\n<!-- \/ Yoast SEO plugin. -->","yoast_head_json":{"title":"Garantien und Reklamationen - So Funktionierts","robots":{"index":"index","follow":"follow","max-snippet":"max-snippet:-1","max-image-preview":"max-image-preview:large","max-video-preview":"max-video-preview:-1"},"canonical":"https:\/\/ushiplearnsubd.wpengine.com\/at\/versandkunde-geschaftlich\/garantien-und-reklamationen\/","og_locale":"de_DE","og_type":"article","og_title":"Garantien und Reklamationen - So Funktionierts","og_url":"https:\/\/ushiplearnsubd.wpengine.com\/at\/versandkunde-geschaftlich\/garantien-und-reklamationen\/","og_site_name":"So Funktionierts","twitter_card":"summary_large_image","schema":{"@context":"https:\/\/schema.org","@graph":[{"@type":"WebPage","@id":"https:\/\/ushiplearnsubd.wpengine.com\/at\/versandkunde-geschaftlich\/garantien-und-reklamationen\/","url":"https:\/\/ushiplearnsubd.wpengine.com\/at\/versandkunde-geschaftlich\/garantien-und-reklamationen\/","name":"Garantien und Reklamationen - So Funktionierts","isPartOf":{"@id":"https:\/\/ushiplearnsubd.wpengine.com\/at\/#website"},"datePublished":"2017-01-12T21:16:26+00:00","dateModified":"2017-01-12T21:16:26+00:00","breadcrumb":{"@id":"https:\/\/ushiplearnsubd.wpengine.com\/at\/versandkunde-geschaftlich\/garantien-und-reklamationen\/#breadcrumb"},"inLanguage":"de-DE","potentialAction":[{"@type":"ReadAction","target":["https:\/\/ushiplearnsubd.wpengine.com\/at\/versandkunde-geschaftlich\/garantien-und-reklamationen\/"]}]},{"@type":"BreadcrumbList","@id":"https:\/\/ushiplearnsubd.wpengine.com\/at\/versandkunde-geschaftlich\/garantien-und-reklamationen\/#breadcrumb","itemListElement":[{"@type":"ListItem","position":1,"name":"Home","item":"https:\/\/ushiplearnsubd.wpengine.com\/at\/"},{"@type":"ListItem","position":2,"name":"Versandkunden Geschaftlich","item":"https:\/\/ushiplearnsubd.wpengine.com\/at\/versandkunde-geschaftlich\/"},{"@type":"ListItem","position":3,"name":"Garantien und Reklamationen"}]},{"@type":"WebSite","@id":"https:\/\/ushiplearnsubd.wpengine.com\/at\/#website","url":"https:\/\/ushiplearnsubd.wpengine.com\/at\/","name":"So Funktionierts","description":"","potentialAction":[{"@type":"SearchAction","target":{"@type":"EntryPoint","urlTemplate":"https:\/\/ushiplearnsubd.wpengine.com\/at\/?s={search_term_string}"},"query-input":"required name=search_term_string"}],"inLanguage":"de-DE"}]}},"fixed_price_tool_customer_success":{"image":false,"telephone":false,"email":false},"_links":{"self":[{"href":"https:\/\/ushiplearnsubd.wpengine.com\/at\/wp-json\/wp\/v2\/pages\/5256","targetHints":{"allow":["GET"]}}],"collection":[{"href":"https:\/\/ushiplearnsubd.wpengine.com\/at\/wp-json\/wp\/v2\/pages"}],"about":[{"href":"https:\/\/ushiplearnsubd.wpengine.com\/at\/wp-json\/wp\/v2\/types\/page"}],"author":[{"embeddable":true,"href":"https:\/\/ushiplearnsubd.wpengine.com\/at\/wp-json\/wp\/v2\/users\/2"}],"replies":[{"embeddable":true,"href":"https:\/\/ushiplearnsubd.wpengine.com\/at\/wp-json\/wp\/v2\/comments?post=5256"}],"version-history":[{"count":0,"href":"https:\/\/ushiplearnsubd.wpengine.com\/at\/wp-json\/wp\/v2\/pages\/5256\/revisions"}],"up":[{"embeddable":true,"href":"https:\/\/ushiplearnsubd.wpengine.com\/at\/wp-json\/wp\/v2\/pages\/5"}],"wp:attachment":[{"href":"https:\/\/ushiplearnsubd.wpengine.com\/at\/wp-json\/wp\/v2\/media?parent=5256"}],"curies":[{"name":"wp","href":"https:\/\/api.w.org\/{rel}","templated":true}]}}