{"id":5254,"date":"2017-01-12T21:15:39","date_gmt":"2017-01-12T21:15:39","guid":{"rendered":"https:\/\/ushiplearnsubd.wpengine.com\/de\/?page_id=5254"},"modified":"2017-01-12T21:15:39","modified_gmt":"2017-01-12T21:15:39","slug":"sichere-bezahlung","status":"publish","type":"page","link":"https:\/\/ushiplearnsubd.wpengine.com\/at\/versandkunde-geschaftlich\/sichere-bezahlung\/","title":{"rendered":"Sichere Bezahlung"},"content":{"rendered":"","protected":false},"excerpt":{"rendered":"","protected":false},"author":2,"featured_media":0,"parent":5,"menu_order":0,"comment_status":"closed","ping_status":"closed","template":"tabbed-page-v2-child.php","meta":{"_acf_changed":false,"footnotes":""},"class_list":["post-5254","page","type-page","status-publish","hentry"],"acf":{"header_footer_type":false,"body_content":[{"acf_fc_layout":"intro_slide","intro_slide_id":"","intro_slide_head":"ZUS\u00c4TZLICH GESICHERTE ZAHLUNGEN","intro_slide_subhead":"Wir haben viele Pr\u00fcfungsma\u00dfnahmen, die versichern sollen, dass Ihr Transportdienstleister ehrenhaft ist (und die meisten sind es auch). Nichtsdestotrotz kann man nicht vorsichtig genug sein. Das Zwei-Schritte Verfahren f\u00fcr Zahlungen soll Ihnen und Ihrem Transportdienstleister erm\u00f6glichen eine faire Art der Bezahlung zu vereinbaren, f\u00fcr beide.","intro_slide_cta":null,"intro_slide_slide":[{"intro_slide_slide_image":1051}]},{"acf_fc_layout":"icon_bullet_points","icon_bullet_points_id":"","icon_bullet_points_row":[{"icon_bullet_points_row_icon":"icon_deposit","icon_bullet_points_row_title":"SCHRITT 1: ANZAHLUNG LEISTEN","icon_bullet_points_row_text":"Sobald Sie ein Gebot von einem Transportdienstleister annehmen m\u00f6chten, werden Sie von uShip aufgefordert eine Azhalung zu leisten."},{"icon_bullet_points_row_icon":"icon_goldseal","icon_bullet_points_row_title":"SCHRITT 2: BEZAHLUNG","icon_bullet_points_row_text":"Den Restbetrag \u00fcberweisen Sie direkt an Ihren Transportdienstleister. Die Art von \u00dcberweisung finden Sie auf dem Gebot eines Transportdienstleisters. Ein goldenes Schild neben den Zahlungsoptionen steht f\u00fcr unsere so genannte uShip Zahlung. Bei dieser Option zahlen Sie den Gesamtbetrag und schalten diesen an den Transportdienstleister frei sobald Ihre Ladung zugestellt wurde.\n\nNoch Fragen? Besuchen Sie unsere <a href=\"https:\/\/help.uship.com\/hc\/de\/categories\/200345398\">FAQs<\/a> und finden Sie weitere Informationen zu Zahlungen."}]}],"bottom_content":[{"acf_fc_layout":"bookend","bookend_content_type":"text","bookend_intro":"ICH BIN STARTKLAR","bookend_intro_sub":"","bookend_image":null,"bookend_cta_text":"Auftrag Einstellen","bookend_cta_url":"https:\/\/www.uship.com\/ship","bookend_cta_onclick":"","bookend_cta_open_in_new_tab":[],"bookend_previous_content":[{"bookend_previous_url":5252,"bookend_previous_text":"Tracking Leicht<br>Gemacht"}],"bookend_next_content":[{"bookend_next_url":5256,"bookend_next_text":"Garantien und<br>Reklamationen"}]},{"acf_fc_layout":"tertiary_callout","tertiary_callout_title":"Nutzen Sie uShip f\u00fcr Ihr Gesch\u00e4ft","tertiary_callout_link_url":"\/de\/geschaeftskunden","tertiary_callout_link_text":"Mehr Erfahren","tertiary_callout_link_onclick":"","tertiary_callout_open_in_new_tab":[]}]},"yoast_head":"<!-- This site is optimized with the Yoast SEO plugin v22.2 - https:\/\/yoast.com\/wordpress\/plugins\/seo\/ -->\n<title>Sichere Bezahlung - So Funktionierts<\/title>\n<meta name=\"robots\" content=\"index, follow, max-snippet:-1, max-image-preview:large, max-video-preview:-1\" \/>\n<link rel=\"canonical\" href=\"https:\/\/ushiplearnsubd.wpengine.com\/at\/versandkunde-geschaftlich\/sichere-bezahlung\/\" \/>\n<meta property=\"og:locale\" content=\"de_DE\" \/>\n<meta property=\"og:type\" content=\"article\" \/>\n<meta property=\"og:title\" content=\"Sichere Bezahlung - So Funktionierts\" \/>\n<meta property=\"og:url\" content=\"https:\/\/ushiplearnsubd.wpengine.com\/at\/versandkunde-geschaftlich\/sichere-bezahlung\/\" \/>\n<meta property=\"og:site_name\" content=\"So Funktionierts\" \/>\n<meta name=\"twitter:card\" content=\"summary_large_image\" \/>\n<script type=\"application\/ld+json\" class=\"yoast-schema-graph\">{\"@context\":\"https:\/\/schema.org\",\"@graph\":[{\"@type\":\"WebPage\",\"@id\":\"https:\/\/ushiplearnsubd.wpengine.com\/at\/versandkunde-geschaftlich\/sichere-bezahlung\/\",\"url\":\"https:\/\/ushiplearnsubd.wpengine.com\/at\/versandkunde-geschaftlich\/sichere-bezahlung\/\",\"name\":\"Sichere Bezahlung - So Funktionierts\",\"isPartOf\":{\"@id\":\"https:\/\/ushiplearnsubd.wpengine.com\/at\/#website\"},\"datePublished\":\"2017-01-12T21:15:39+00:00\",\"dateModified\":\"2017-01-12T21:15:39+00:00\",\"breadcrumb\":{\"@id\":\"https:\/\/ushiplearnsubd.wpengine.com\/at\/versandkunde-geschaftlich\/sichere-bezahlung\/#breadcrumb\"},\"inLanguage\":\"de-DE\",\"potentialAction\":[{\"@type\":\"ReadAction\",\"target\":[\"https:\/\/ushiplearnsubd.wpengine.com\/at\/versandkunde-geschaftlich\/sichere-bezahlung\/\"]}]},{\"@type\":\"BreadcrumbList\",\"@id\":\"https:\/\/ushiplearnsubd.wpengine.com\/at\/versandkunde-geschaftlich\/sichere-bezahlung\/#breadcrumb\",\"itemListElement\":[{\"@type\":\"ListItem\",\"position\":1,\"name\":\"Home\",\"item\":\"https:\/\/ushiplearnsubd.wpengine.com\/at\/\"},{\"@type\":\"ListItem\",\"position\":2,\"name\":\"Versandkunden Geschaftlich\",\"item\":\"https:\/\/ushiplearnsubd.wpengine.com\/at\/versandkunde-geschaftlich\/\"},{\"@type\":\"ListItem\",\"position\":3,\"name\":\"Sichere Bezahlung\"}]},{\"@type\":\"WebSite\",\"@id\":\"https:\/\/ushiplearnsubd.wpengine.com\/at\/#website\",\"url\":\"https:\/\/ushiplearnsubd.wpengine.com\/at\/\",\"name\":\"So Funktionierts\",\"description\":\"\",\"potentialAction\":[{\"@type\":\"SearchAction\",\"target\":{\"@type\":\"EntryPoint\",\"urlTemplate\":\"https:\/\/ushiplearnsubd.wpengine.com\/at\/?s={search_term_string}\"},\"query-input\":\"required name=search_term_string\"}],\"inLanguage\":\"de-DE\"}]}<\/script>\n<!-- \/ Yoast SEO plugin. -->","yoast_head_json":{"title":"Sichere Bezahlung - So Funktionierts","robots":{"index":"index","follow":"follow","max-snippet":"max-snippet:-1","max-image-preview":"max-image-preview:large","max-video-preview":"max-video-preview:-1"},"canonical":"https:\/\/ushiplearnsubd.wpengine.com\/at\/versandkunde-geschaftlich\/sichere-bezahlung\/","og_locale":"de_DE","og_type":"article","og_title":"Sichere Bezahlung - So Funktionierts","og_url":"https:\/\/ushiplearnsubd.wpengine.com\/at\/versandkunde-geschaftlich\/sichere-bezahlung\/","og_site_name":"So Funktionierts","twitter_card":"summary_large_image","schema":{"@context":"https:\/\/schema.org","@graph":[{"@type":"WebPage","@id":"https:\/\/ushiplearnsubd.wpengine.com\/at\/versandkunde-geschaftlich\/sichere-bezahlung\/","url":"https:\/\/ushiplearnsubd.wpengine.com\/at\/versandkunde-geschaftlich\/sichere-bezahlung\/","name":"Sichere Bezahlung - So Funktionierts","isPartOf":{"@id":"https:\/\/ushiplearnsubd.wpengine.com\/at\/#website"},"datePublished":"2017-01-12T21:15:39+00:00","dateModified":"2017-01-12T21:15:39+00:00","breadcrumb":{"@id":"https:\/\/ushiplearnsubd.wpengine.com\/at\/versandkunde-geschaftlich\/sichere-bezahlung\/#breadcrumb"},"inLanguage":"de-DE","potentialAction":[{"@type":"ReadAction","target":["https:\/\/ushiplearnsubd.wpengine.com\/at\/versandkunde-geschaftlich\/sichere-bezahlung\/"]}]},{"@type":"BreadcrumbList","@id":"https:\/\/ushiplearnsubd.wpengine.com\/at\/versandkunde-geschaftlich\/sichere-bezahlung\/#breadcrumb","itemListElement":[{"@type":"ListItem","position":1,"name":"Home","item":"https:\/\/ushiplearnsubd.wpengine.com\/at\/"},{"@type":"ListItem","position":2,"name":"Versandkunden Geschaftlich","item":"https:\/\/ushiplearnsubd.wpengine.com\/at\/versandkunde-geschaftlich\/"},{"@type":"ListItem","position":3,"name":"Sichere Bezahlung"}]},{"@type":"WebSite","@id":"https:\/\/ushiplearnsubd.wpengine.com\/at\/#website","url":"https:\/\/ushiplearnsubd.wpengine.com\/at\/","name":"So Funktionierts","description":"","potentialAction":[{"@type":"SearchAction","target":{"@type":"EntryPoint","urlTemplate":"https:\/\/ushiplearnsubd.wpengine.com\/at\/?s={search_term_string}"},"query-input":"required name=search_term_string"}],"inLanguage":"de-DE"}]}},"fixed_price_tool_customer_success":{"image":false,"telephone":false,"email":false},"_links":{"self":[{"href":"https:\/\/ushiplearnsubd.wpengine.com\/at\/wp-json\/wp\/v2\/pages\/5254","targetHints":{"allow":["GET"]}}],"collection":[{"href":"https:\/\/ushiplearnsubd.wpengine.com\/at\/wp-json\/wp\/v2\/pages"}],"about":[{"href":"https:\/\/ushiplearnsubd.wpengine.com\/at\/wp-json\/wp\/v2\/types\/page"}],"author":[{"embeddable":true,"href":"https:\/\/ushiplearnsubd.wpengine.com\/at\/wp-json\/wp\/v2\/users\/2"}],"replies":[{"embeddable":true,"href":"https:\/\/ushiplearnsubd.wpengine.com\/at\/wp-json\/wp\/v2\/comments?post=5254"}],"version-history":[{"count":0,"href":"https:\/\/ushiplearnsubd.wpengine.com\/at\/wp-json\/wp\/v2\/pages\/5254\/revisions"}],"up":[{"embeddable":true,"href":"https:\/\/ushiplearnsubd.wpengine.com\/at\/wp-json\/wp\/v2\/pages\/5"}],"wp:attachment":[{"href":"https:\/\/ushiplearnsubd.wpengine.com\/at\/wp-json\/wp\/v2\/media?parent=5254"}],"curies":[{"name":"wp","href":"https:\/\/api.w.org\/{rel}","templated":true}]}}