{"id":5248,"date":"2017-01-12T21:13:40","date_gmt":"2017-01-12T21:13:40","guid":{"rendered":"https:\/\/ushiplearnsubd.wpengine.com\/de\/?page_id=5248"},"modified":"2017-01-12T21:13:40","modified_gmt":"2017-01-12T21:13:40","slug":"transport-tools","status":"publish","type":"page","link":"https:\/\/ushiplearnsubd.wpengine.com\/at\/versandkunde-geschaftlich\/transport-tools\/","title":{"rendered":"Transport Tools"},"content":{"rendered":"","protected":false},"excerpt":{"rendered":"","protected":false},"author":2,"featured_media":0,"parent":5,"menu_order":0,"comment_status":"closed","ping_status":"closed","template":"tabbed-page-v2-child.php","meta":{"_acf_changed":false,"footnotes":""},"class_list":["post-5248","page","type-page","status-publish","hentry"],"acf":{"header_footer_type":false,"body_content":[{"acf_fc_layout":"intro_slide","intro_slide_id":"","intro_slide_head":"DIE TOOLS ZUM ERFOLG","intro_slide_subhead":"Bei uShip geht es nicht nur darum, dass eine Ladung unversehrt und p\u00fcnktlich ankommt, sondern auch darum, dass Sie von Abholung bis Lieferung sorglos und immer informiert sind. Diese Tools helfen Ihnen hierbei.","intro_slide_cta":null,"intro_slide_slide":[{"intro_slide_slide_image":5238}]},{"acf_fc_layout":"slanted_map","slanted_map_id":"","slanted_map_bg_color":"mapBackgroundGrey","slanted_map_bg_position":"mapBackgroundLeft","slanted_map_map_feature":"none","slanted_map_video_poster_image":null,"slanted_map_youtube_id":"","slanted_map_image":686,"slanted_map_image_vertical_alignment":"alignmentMiddle","slanted_map_image_horizontal_alignment":"alignmentLeft","slanted_map_copy_intro":"MOBILE TOOLS","slanted_map_copy_block_text":"<h6>uShip App<\/h6>\nBleiben Sie immer informiert. Erhalten Sie Benachrichtigungen \u00fcber Gebote, Buchungen und Status-Updates \u00fcber Auftr\u00e4ge. Mit Push-Benachrichtigungen auf Ihrem SMART Phone oder Tablet behalten Sie immer den \u00dcberblick.\n\n&nbsp;\n<h6>Tracking<\/h6>\nBitten Sie Ihren Spediteur darum seinen Standort mit uShip \u00fcber die uShip App zu teilen. So bleiben Sie immer \u00fcber den genauen Standort Ihrer Ladung informiert w\u00e4hrend Ihr Spediteur auf Reise ist. <a href=\"https:\/\/help.uship.com\/hc\/de\/articles\/206464307\">Mehr \u00fcber uShip Tracking erfahren<\/a>.","slanted_map_copy_cta":null,"slanted_map_trustpilot_widget":false},{"acf_fc_layout":"slanted_map","slanted_map_id":"","slanted_map_bg_color":"mapBackgroundWhite","slanted_map_bg_position":"mapBackgroundRight","slanted_map_map_feature":"none","slanted_map_video_poster_image":null,"slanted_map_youtube_id":"","slanted_map_image":687,"slanted_map_image_vertical_alignment":"alignmentMiddle","slanted_map_image_horizontal_alignment":"alignmentCenter","slanted_map_copy_intro":"MARKTPLATZ TOOLS","slanted_map_copy_block_text":"<h6>BENACHRICHTIGUNGEN<\/h6>\n\u00dcber Wichtiges immer informiert bleiben, mit Hilfe von uShip's Benachrichtigungen. Durchsuchen Sie Ihren Posteingang viel effizienter, mit Hife von Filtern wie z.B. \"gelesen\", \"Empfangsdatum\", \"Art\" usw.","slanted_map_copy_cta":null,"slanted_map_trustpilot_widget":false}],"bottom_content":[{"acf_fc_layout":"bookend","bookend_content_type":"text","bookend_intro":"ICH BIN STARTKLAR","bookend_intro_sub":"","bookend_image":null,"bookend_cta_text":"Auftrag Einstellen","bookend_cta_url":"https:\/\/www.uship.com\/ship","bookend_cta_onclick":"","bookend_cta_open_in_new_tab":[],"bookend_previous_content":[{"bookend_previous_url":5246,"bookend_previous_text":"Anfangen"}],"bookend_next_content":[{"bookend_next_url":5250,"bookend_next_text":"Schlauer<br>Transportieren"}]},{"acf_fc_layout":"tertiary_callout","tertiary_callout_title":"Nutzen Sie uShip f\u00fcr Ihr Gesch\u00e4ft","tertiary_callout_link_url":"\/de\/geschaeftskunden","tertiary_callout_link_text":"Mehr Erfahren","tertiary_callout_link_onclick":"","tertiary_callout_open_in_new_tab":[]}]},"yoast_head":"<!-- This site is optimized with the Yoast SEO plugin v22.2 - https:\/\/yoast.com\/wordpress\/plugins\/seo\/ -->\n<title>Transport Tools - So Funktionierts<\/title>\n<meta name=\"robots\" content=\"index, follow, max-snippet:-1, max-image-preview:large, max-video-preview:-1\" \/>\n<link rel=\"canonical\" href=\"https:\/\/ushiplearnsubd.wpengine.com\/at\/versandkunde-geschaftlich\/transport-tools\/\" \/>\n<meta property=\"og:locale\" content=\"de_DE\" \/>\n<meta property=\"og:type\" content=\"article\" \/>\n<meta property=\"og:title\" content=\"Transport Tools - So Funktionierts\" \/>\n<meta property=\"og:url\" content=\"https:\/\/ushiplearnsubd.wpengine.com\/at\/versandkunde-geschaftlich\/transport-tools\/\" \/>\n<meta property=\"og:site_name\" content=\"So Funktionierts\" \/>\n<meta name=\"twitter:card\" content=\"summary_large_image\" \/>\n<script type=\"application\/ld+json\" class=\"yoast-schema-graph\">{\"@context\":\"https:\/\/schema.org\",\"@graph\":[{\"@type\":\"WebPage\",\"@id\":\"https:\/\/ushiplearnsubd.wpengine.com\/at\/versandkunde-geschaftlich\/transport-tools\/\",\"url\":\"https:\/\/ushiplearnsubd.wpengine.com\/at\/versandkunde-geschaftlich\/transport-tools\/\",\"name\":\"Transport Tools - So Funktionierts\",\"isPartOf\":{\"@id\":\"https:\/\/ushiplearnsubd.wpengine.com\/at\/#website\"},\"datePublished\":\"2017-01-12T21:13:40+00:00\",\"dateModified\":\"2017-01-12T21:13:40+00:00\",\"breadcrumb\":{\"@id\":\"https:\/\/ushiplearnsubd.wpengine.com\/at\/versandkunde-geschaftlich\/transport-tools\/#breadcrumb\"},\"inLanguage\":\"de-DE\",\"potentialAction\":[{\"@type\":\"ReadAction\",\"target\":[\"https:\/\/ushiplearnsubd.wpengine.com\/at\/versandkunde-geschaftlich\/transport-tools\/\"]}]},{\"@type\":\"BreadcrumbList\",\"@id\":\"https:\/\/ushiplearnsubd.wpengine.com\/at\/versandkunde-geschaftlich\/transport-tools\/#breadcrumb\",\"itemListElement\":[{\"@type\":\"ListItem\",\"position\":1,\"name\":\"Home\",\"item\":\"https:\/\/ushiplearnsubd.wpengine.com\/at\/\"},{\"@type\":\"ListItem\",\"position\":2,\"name\":\"Versandkunden Geschaftlich\",\"item\":\"https:\/\/ushiplearnsubd.wpengine.com\/at\/versandkunde-geschaftlich\/\"},{\"@type\":\"ListItem\",\"position\":3,\"name\":\"Transport Tools\"}]},{\"@type\":\"WebSite\",\"@id\":\"https:\/\/ushiplearnsubd.wpengine.com\/at\/#website\",\"url\":\"https:\/\/ushiplearnsubd.wpengine.com\/at\/\",\"name\":\"So Funktionierts\",\"description\":\"\",\"potentialAction\":[{\"@type\":\"SearchAction\",\"target\":{\"@type\":\"EntryPoint\",\"urlTemplate\":\"https:\/\/ushiplearnsubd.wpengine.com\/at\/?s={search_term_string}\"},\"query-input\":\"required name=search_term_string\"}],\"inLanguage\":\"de-DE\"}]}<\/script>\n<!-- \/ Yoast SEO plugin. -->","yoast_head_json":{"title":"Transport Tools - So Funktionierts","robots":{"index":"index","follow":"follow","max-snippet":"max-snippet:-1","max-image-preview":"max-image-preview:large","max-video-preview":"max-video-preview:-1"},"canonical":"https:\/\/ushiplearnsubd.wpengine.com\/at\/versandkunde-geschaftlich\/transport-tools\/","og_locale":"de_DE","og_type":"article","og_title":"Transport Tools - So Funktionierts","og_url":"https:\/\/ushiplearnsubd.wpengine.com\/at\/versandkunde-geschaftlich\/transport-tools\/","og_site_name":"So Funktionierts","twitter_card":"summary_large_image","schema":{"@context":"https:\/\/schema.org","@graph":[{"@type":"WebPage","@id":"https:\/\/ushiplearnsubd.wpengine.com\/at\/versandkunde-geschaftlich\/transport-tools\/","url":"https:\/\/ushiplearnsubd.wpengine.com\/at\/versandkunde-geschaftlich\/transport-tools\/","name":"Transport Tools - So Funktionierts","isPartOf":{"@id":"https:\/\/ushiplearnsubd.wpengine.com\/at\/#website"},"datePublished":"2017-01-12T21:13:40+00:00","dateModified":"2017-01-12T21:13:40+00:00","breadcrumb":{"@id":"https:\/\/ushiplearnsubd.wpengine.com\/at\/versandkunde-geschaftlich\/transport-tools\/#breadcrumb"},"inLanguage":"de-DE","potentialAction":[{"@type":"ReadAction","target":["https:\/\/ushiplearnsubd.wpengine.com\/at\/versandkunde-geschaftlich\/transport-tools\/"]}]},{"@type":"BreadcrumbList","@id":"https:\/\/ushiplearnsubd.wpengine.com\/at\/versandkunde-geschaftlich\/transport-tools\/#breadcrumb","itemListElement":[{"@type":"ListItem","position":1,"name":"Home","item":"https:\/\/ushiplearnsubd.wpengine.com\/at\/"},{"@type":"ListItem","position":2,"name":"Versandkunden Geschaftlich","item":"https:\/\/ushiplearnsubd.wpengine.com\/at\/versandkunde-geschaftlich\/"},{"@type":"ListItem","position":3,"name":"Transport Tools"}]},{"@type":"WebSite","@id":"https:\/\/ushiplearnsubd.wpengine.com\/at\/#website","url":"https:\/\/ushiplearnsubd.wpengine.com\/at\/","name":"So Funktionierts","description":"","potentialAction":[{"@type":"SearchAction","target":{"@type":"EntryPoint","urlTemplate":"https:\/\/ushiplearnsubd.wpengine.com\/at\/?s={search_term_string}"},"query-input":"required name=search_term_string"}],"inLanguage":"de-DE"}]}},"fixed_price_tool_customer_success":{"image":false,"telephone":false,"email":false},"_links":{"self":[{"href":"https:\/\/ushiplearnsubd.wpengine.com\/at\/wp-json\/wp\/v2\/pages\/5248","targetHints":{"allow":["GET"]}}],"collection":[{"href":"https:\/\/ushiplearnsubd.wpengine.com\/at\/wp-json\/wp\/v2\/pages"}],"about":[{"href":"https:\/\/ushiplearnsubd.wpengine.com\/at\/wp-json\/wp\/v2\/types\/page"}],"author":[{"embeddable":true,"href":"https:\/\/ushiplearnsubd.wpengine.com\/at\/wp-json\/wp\/v2\/users\/2"}],"replies":[{"embeddable":true,"href":"https:\/\/ushiplearnsubd.wpengine.com\/at\/wp-json\/wp\/v2\/comments?post=5248"}],"version-history":[{"count":0,"href":"https:\/\/ushiplearnsubd.wpengine.com\/at\/wp-json\/wp\/v2\/pages\/5248\/revisions"}],"up":[{"embeddable":true,"href":"https:\/\/ushiplearnsubd.wpengine.com\/at\/wp-json\/wp\/v2\/pages\/5"}],"wp:attachment":[{"href":"https:\/\/ushiplearnsubd.wpengine.com\/at\/wp-json\/wp\/v2\/media?parent=5248"}],"curies":[{"name":"wp","href":"https:\/\/api.w.org\/{rel}","templated":true}]}}