{"id":71,"date":"2016-02-17T19:08:02","date_gmt":"2016-02-17T19:08:02","guid":{"rendered":"http:\/\/ushiplearnsubd.wpengine.com\/mx\/?page_id=71"},"modified":"2019-06-04T20:46:23","modified_gmt":"2019-06-04T20:46:23","slug":"how-it-works","status":"publish","type":"page","link":"https:\/\/ushiplearnsubd.wpengine.com\/ar\/","title":{"rendered":"C\u00f3mo Funciona"},"content":{"rendered":"","protected":false},"excerpt":{"rendered":"","protected":false},"author":2,"featured_media":0,"parent":0,"menu_order":0,"comment_status":"closed","ping_status":"closed","template":"split-screen.php","meta":{"_acf_changed":false,"footnotes":""},"class_list":["post-71","page","type-page","status-publish","hentry"],"acf":{"header_footer_type":"full"},"yoast_head":"<!-- This site is optimized with the Yoast SEO plugin v22.2 - https:\/\/yoast.com\/wordpress\/plugins\/seo\/ -->\n<title>C\u00f3mo Funciona | uShip Argentina<\/title>\n<meta name=\"description\" content=\"Ya sea que desee enviar algo o est\u00e1 tratando de llenar espacio vac\u00edo en el cami\u00f3n, el mercado de uShip puede conectarlo con las personas adecuadas. Conozca c\u00f3mo funciona uShip y c\u00f3mo uShip puede funcionar para usted en Argentina.\" \/>\n<meta name=\"robots\" content=\"index, follow, max-snippet:-1, max-image-preview:large, max-video-preview:-1\" \/>\n<link rel=\"canonical\" href=\"https:\/\/ushiplearnsubd.wpengine.com\/ar\/\" \/>\n<meta property=\"og:locale\" content=\"es_ES\" \/>\n<meta property=\"og:type\" content=\"article\" \/>\n<meta property=\"og:title\" content=\"C\u00f3mo Funciona | uShip Argentina\" \/>\n<meta property=\"og:description\" content=\"Ya sea que desee enviar algo o est\u00e1 tratando de llenar espacio vac\u00edo en el cami\u00f3n, el mercado de uShip puede conectarlo con las personas adecuadas. Conozca c\u00f3mo funciona uShip y c\u00f3mo uShip puede funcionar para usted en Argentina.\" \/>\n<meta property=\"og:url\" content=\"https:\/\/ushiplearnsubd.wpengine.com\/ar\/\" \/>\n<meta property=\"og:site_name\" content=\"C\u00f3mo Funciona\" \/>\n<meta property=\"article:modified_time\" content=\"2019-06-04T20:46:23+00:00\" \/>\n<meta name=\"twitter:card\" content=\"summary_large_image\" \/>\n<script type=\"application\/ld+json\" class=\"yoast-schema-graph\">{\"@context\":\"https:\/\/schema.org\",\"@graph\":[{\"@type\":\"WebPage\",\"@id\":\"https:\/\/ushiplearnsubd.wpengine.com\/ar\/\",\"url\":\"https:\/\/ushiplearnsubd.wpengine.com\/ar\/\",\"name\":\"C\u00f3mo Funciona | uShip Argentina\",\"isPartOf\":{\"@id\":\"https:\/\/ushiplearnsubd.wpengine.com\/ar\/#website\"},\"datePublished\":\"2016-02-17T19:08:02+00:00\",\"dateModified\":\"2019-06-04T20:46:23+00:00\",\"description\":\"Ya sea que desee enviar algo o est\u00e1 tratando de llenar espacio vac\u00edo en el cami\u00f3n, el mercado de uShip puede conectarlo con las personas adecuadas. Conozca c\u00f3mo funciona uShip y c\u00f3mo uShip puede funcionar para usted en Argentina.\",\"breadcrumb\":{\"@id\":\"https:\/\/ushiplearnsubd.wpengine.com\/ar\/#breadcrumb\"},\"inLanguage\":\"es-AR\",\"potentialAction\":[{\"@type\":\"ReadAction\",\"target\":[\"https:\/\/ushiplearnsubd.wpengine.com\/ar\/\"]}]},{\"@type\":\"BreadcrumbList\",\"@id\":\"https:\/\/ushiplearnsubd.wpengine.com\/ar\/#breadcrumb\",\"itemListElement\":[{\"@type\":\"ListItem\",\"position\":1,\"name\":\"Home\",\"item\":\"https:\/\/ushiplearnsubd.wpengine.com\/ar\/\"},{\"@type\":\"ListItem\",\"position\":2,\"name\":\"C\u00f3mo Funciona\"}]},{\"@type\":\"WebSite\",\"@id\":\"https:\/\/ushiplearnsubd.wpengine.com\/ar\/#website\",\"url\":\"https:\/\/ushiplearnsubd.wpengine.com\/ar\/\",\"name\":\"C\u00f3mo Funciona\",\"description\":\"\",\"potentialAction\":[{\"@type\":\"SearchAction\",\"target\":{\"@type\":\"EntryPoint\",\"urlTemplate\":\"https:\/\/ushiplearnsubd.wpengine.com\/ar\/?s={search_term_string}\"},\"query-input\":\"required name=search_term_string\"}],\"inLanguage\":\"es-AR\"}]}<\/script>\n<!-- \/ Yoast SEO plugin. -->","yoast_head_json":{"title":"C\u00f3mo Funciona | uShip Argentina","description":"Ya sea que desee enviar algo o est\u00e1 tratando de llenar espacio vac\u00edo en el cami\u00f3n, el mercado de uShip puede conectarlo con las personas adecuadas. Conozca c\u00f3mo funciona uShip y c\u00f3mo uShip puede funcionar para usted en Argentina.","robots":{"index":"index","follow":"follow","max-snippet":"max-snippet:-1","max-image-preview":"max-image-preview:large","max-video-preview":"max-video-preview:-1"},"canonical":"https:\/\/ushiplearnsubd.wpengine.com\/ar\/","og_locale":"es_ES","og_type":"article","og_title":"C\u00f3mo Funciona | uShip Argentina","og_description":"Ya sea que desee enviar algo o est\u00e1 tratando de llenar espacio vac\u00edo en el cami\u00f3n, el mercado de uShip puede conectarlo con las personas adecuadas. Conozca c\u00f3mo funciona uShip y c\u00f3mo uShip puede funcionar para usted en Argentina.","og_url":"https:\/\/ushiplearnsubd.wpengine.com\/ar\/","og_site_name":"C\u00f3mo Funciona","article_modified_time":"2019-06-04T20:46:23+00:00","twitter_card":"summary_large_image","schema":{"@context":"https:\/\/schema.org","@graph":[{"@type":"WebPage","@id":"https:\/\/ushiplearnsubd.wpengine.com\/ar\/","url":"https:\/\/ushiplearnsubd.wpengine.com\/ar\/","name":"C\u00f3mo Funciona | uShip Argentina","isPartOf":{"@id":"https:\/\/ushiplearnsubd.wpengine.com\/ar\/#website"},"datePublished":"2016-02-17T19:08:02+00:00","dateModified":"2019-06-04T20:46:23+00:00","description":"Ya sea que desee enviar algo o est\u00e1 tratando de llenar espacio vac\u00edo en el cami\u00f3n, el mercado de uShip puede conectarlo con las personas adecuadas. Conozca c\u00f3mo funciona uShip y c\u00f3mo uShip puede funcionar para usted en Argentina.","breadcrumb":{"@id":"https:\/\/ushiplearnsubd.wpengine.com\/ar\/#breadcrumb"},"inLanguage":"es-AR","potentialAction":[{"@type":"ReadAction","target":["https:\/\/ushiplearnsubd.wpengine.com\/ar\/"]}]},{"@type":"BreadcrumbList","@id":"https:\/\/ushiplearnsubd.wpengine.com\/ar\/#breadcrumb","itemListElement":[{"@type":"ListItem","position":1,"name":"Home","item":"https:\/\/ushiplearnsubd.wpengine.com\/ar\/"},{"@type":"ListItem","position":2,"name":"C\u00f3mo Funciona"}]},{"@type":"WebSite","@id":"https:\/\/ushiplearnsubd.wpengine.com\/ar\/#website","url":"https:\/\/ushiplearnsubd.wpengine.com\/ar\/","name":"C\u00f3mo Funciona","description":"","potentialAction":[{"@type":"SearchAction","target":{"@type":"EntryPoint","urlTemplate":"https:\/\/ushiplearnsubd.wpengine.com\/ar\/?s={search_term_string}"},"query-input":"required name=search_term_string"}],"inLanguage":"es-AR"}]}},"fixed_price_tool_customer_success":false,"_links":{"self":[{"href":"https:\/\/ushiplearnsubd.wpengine.com\/ar\/wp-json\/wp\/v2\/pages\/71","targetHints":{"allow":["GET"]}}],"collection":[{"href":"https:\/\/ushiplearnsubd.wpengine.com\/ar\/wp-json\/wp\/v2\/pages"}],"about":[{"href":"https:\/\/ushiplearnsubd.wpengine.com\/ar\/wp-json\/wp\/v2\/types\/page"}],"author":[{"embeddable":true,"href":"https:\/\/ushiplearnsubd.wpengine.com\/ar\/wp-json\/wp\/v2\/users\/2"}],"replies":[{"embeddable":true,"href":"https:\/\/ushiplearnsubd.wpengine.com\/ar\/wp-json\/wp\/v2\/comments?post=71"}],"version-history":[{"count":0,"href":"https:\/\/ushiplearnsubd.wpengine.com\/ar\/wp-json\/wp\/v2\/pages\/71\/revisions"}],"wp:attachment":[{"href":"https:\/\/ushiplearnsubd.wpengine.com\/ar\/wp-json\/wp\/v2\/media?parent=71"}],"curies":[{"name":"wp","href":"https:\/\/api.w.org\/{rel}","templated":true}]}}