{"id":5288,"date":"2017-01-04T20:35:41","date_gmt":"2017-01-04T20:35:41","guid":{"rendered":"https:\/\/ushiplearnsubd.wpengine.com\/mx\/?page_id=5288"},"modified":"2017-01-04T20:35:41","modified_gmt":"2017-01-04T20:35:41","slug":"afiliados","status":"publish","type":"page","link":"https:\/\/ushiplearnsubd.wpengine.com\/ar\/asociaciones\/afiliados\/","title":{"rendered":"Afiliados"},"content":{"rendered":"","protected":false},"excerpt":{"rendered":"","protected":false},"author":2,"featured_media":0,"parent":1323,"menu_order":0,"comment_status":"closed","ping_status":"closed","template":"tabbed-page-v2-child.php","meta":{"_acf_changed":false,"footnotes":""},"class_list":["post-5288","page","type-page","status-publish","hentry"],"acf":{"header_footer_type":false,"body_content":[{"acf_fc_layout":"intro_slide","intro_slide_id":"","intro_slide_head":"GANA DINERO POR UTILIZAR EL MARKETING DE USHIP PARA SUS CLIENTES","intro_slide_subhead":"Nuestras herramientas simples de marketing ayudan a hacerle dinero f\u00e1cilmente, mientras proporcionando sus clientes con estimados y acceso al red de transportistas de uShip. ","intro_slide_cta":[{"intro_slide_cta_url":"http:\/\/www.uship.com\/signin.aspx?from_affiliate_join=1&ref=\/referral_program.aspx?showform=1","intro_slide_cta_text":"\u00danete al Programa de Afiliados","intro_slide_cta_onclick":""}],"intro_slide_slide":[{"intro_slide_slide_image":1685}]},{"acf_fc_layout":"link_row","link_row_id":"","link_row_background_color":"sectionGrey","link_row_intro":"HERRAMIENTAS DE INTEGRACI\u00d3N","link_row_intro_sub":"Puede referir a sus clientes a trav\u00e9s de uShip con nuestras herramientas de integraci\u00f3n convenientes. Gane un reparto de beneficios de 30% por env\u00edos nuevos y 20% reparto de beneficios por empresas nuevas de env\u00edo.","link_row_content":[{"link_row_content_title":"WIDGET DE EBAY","link_row_content_url":"http:\/\/www.uship.com\/ebay\/widgets.aspx","link_row_content_text":"Crear un Widget de eBay","link_row_content_onclick":""},{"link_row_content_title":"BANNERS","link_row_content_url":"http:\/\/www.uship.com\/my_affiliateBanners.aspx","link_row_content_text":"Ver Un Ejemplo de Integraci\u00f3n","link_row_content_onclick":""}]},{"acf_fc_layout":"slanted_map","slanted_map_id":"","slanted_map_bg_color":"mapBackgroundWhite","slanted_map_bg_position":"mapBackgroundLeft","slanted_map_map_feature":"none","slanted_map_video_poster_image":null,"slanted_map_youtube_id":"","slanted_map_image":1686,"slanted_map_image_vertical_alignment":"alignmentMiddle","slanted_map_image_horizontal_alignment":"alignmentCenter","slanted_map_copy_intro":"LO MANTENEMOS SIMPLE","slanted_map_copy_block_text":"Nunca ha sido tan f\u00e1cil ahorrar ingresos como un afiliado de uShip. Sus herramientas y widgets est\u00e1n conectados a su identificador \u00fanico para afiliados. A partir de aqu\u00ed, puede ver los informes de rendimiento \u00fanicos que se actualizan diariamente. Al principio de cada mes, uShip emite los pagos autom\u00e1ticos de los ingresos obtenidos, directamente a trav\u00e9s de PayPal.","slanted_map_copy_cta":null,"slanted_map_trustpilot_widget":false}],"bottom_content":[{"acf_fc_layout":"bookend","bookend_content_type":"text","bookend_intro":"\u00bfListo para comenzar?","bookend_intro_sub":"","bookend_image":null,"bookend_cta_text":"\u00danete al Programa de Afiliados","bookend_cta_url":"http:\/\/www.uship.com\/signin.aspx?from_affiliate_join=1&ref=\/referral_program.aspx?showform=1","bookend_cta_onclick":"","bookend_cta_open_in_new_tab":[],"bookend_previous_content":[{"bookend_previous_url":5286,"bookend_previous_text":"Socios de<br>Transporte"}],"bookend_next_content":[{"bookend_next_url":5290,"bookend_next_text":"API\/Portal de<br>Desarrollador"}]}]},"yoast_head":"<!-- This site is optimized with the Yoast SEO plugin v22.2 - https:\/\/yoast.com\/wordpress\/plugins\/seo\/ -->\n<title>Afiliados - C\u00f3mo Funciona<\/title>\n<meta name=\"robots\" content=\"index, follow, max-snippet:-1, max-image-preview:large, max-video-preview:-1\" \/>\n<link rel=\"canonical\" href=\"https:\/\/ushiplearnsubd.wpengine.com\/ar\/asociaciones\/afiliados\/\" \/>\n<meta property=\"og:locale\" content=\"es_ES\" \/>\n<meta property=\"og:type\" content=\"article\" \/>\n<meta property=\"og:title\" content=\"Afiliados - C\u00f3mo Funciona\" \/>\n<meta property=\"og:url\" content=\"https:\/\/ushiplearnsubd.wpengine.com\/ar\/asociaciones\/afiliados\/\" \/>\n<meta property=\"og:site_name\" content=\"C\u00f3mo Funciona\" \/>\n<meta name=\"twitter:card\" content=\"summary_large_image\" \/>\n<script type=\"application\/ld+json\" class=\"yoast-schema-graph\">{\"@context\":\"https:\/\/schema.org\",\"@graph\":[{\"@type\":\"WebPage\",\"@id\":\"https:\/\/ushiplearnsubd.wpengine.com\/ar\/asociaciones\/afiliados\/\",\"url\":\"https:\/\/ushiplearnsubd.wpengine.com\/ar\/asociaciones\/afiliados\/\",\"name\":\"Afiliados - C\u00f3mo Funciona\",\"isPartOf\":{\"@id\":\"https:\/\/ushiplearnsubd.wpengine.com\/ar\/#website\"},\"datePublished\":\"2017-01-04T20:35:41+00:00\",\"dateModified\":\"2017-01-04T20:35:41+00:00\",\"breadcrumb\":{\"@id\":\"https:\/\/ushiplearnsubd.wpengine.com\/ar\/asociaciones\/afiliados\/#breadcrumb\"},\"inLanguage\":\"es-AR\",\"potentialAction\":[{\"@type\":\"ReadAction\",\"target\":[\"https:\/\/ushiplearnsubd.wpengine.com\/ar\/asociaciones\/afiliados\/\"]}]},{\"@type\":\"BreadcrumbList\",\"@id\":\"https:\/\/ushiplearnsubd.wpengine.com\/ar\/asociaciones\/afiliados\/#breadcrumb\",\"itemListElement\":[{\"@type\":\"ListItem\",\"position\":1,\"name\":\"Home\",\"item\":\"https:\/\/ushiplearnsubd.wpengine.com\/ar\/\"},{\"@type\":\"ListItem\",\"position\":2,\"name\":\"Asociaciones\",\"item\":\"https:\/\/ushiplearnsubd.wpengine.com\/ar\/asociaciones\/\"},{\"@type\":\"ListItem\",\"position\":3,\"name\":\"Afiliados\"}]},{\"@type\":\"WebSite\",\"@id\":\"https:\/\/ushiplearnsubd.wpengine.com\/ar\/#website\",\"url\":\"https:\/\/ushiplearnsubd.wpengine.com\/ar\/\",\"name\":\"C\u00f3mo Funciona\",\"description\":\"\",\"potentialAction\":[{\"@type\":\"SearchAction\",\"target\":{\"@type\":\"EntryPoint\",\"urlTemplate\":\"https:\/\/ushiplearnsubd.wpengine.com\/ar\/?s={search_term_string}\"},\"query-input\":\"required name=search_term_string\"}],\"inLanguage\":\"es-AR\"}]}<\/script>\n<!-- \/ Yoast SEO plugin. -->","yoast_head_json":{"title":"Afiliados - C\u00f3mo Funciona","robots":{"index":"index","follow":"follow","max-snippet":"max-snippet:-1","max-image-preview":"max-image-preview:large","max-video-preview":"max-video-preview:-1"},"canonical":"https:\/\/ushiplearnsubd.wpengine.com\/ar\/asociaciones\/afiliados\/","og_locale":"es_ES","og_type":"article","og_title":"Afiliados - C\u00f3mo Funciona","og_url":"https:\/\/ushiplearnsubd.wpengine.com\/ar\/asociaciones\/afiliados\/","og_site_name":"C\u00f3mo Funciona","twitter_card":"summary_large_image","schema":{"@context":"https:\/\/schema.org","@graph":[{"@type":"WebPage","@id":"https:\/\/ushiplearnsubd.wpengine.com\/ar\/asociaciones\/afiliados\/","url":"https:\/\/ushiplearnsubd.wpengine.com\/ar\/asociaciones\/afiliados\/","name":"Afiliados - C\u00f3mo Funciona","isPartOf":{"@id":"https:\/\/ushiplearnsubd.wpengine.com\/ar\/#website"},"datePublished":"2017-01-04T20:35:41+00:00","dateModified":"2017-01-04T20:35:41+00:00","breadcrumb":{"@id":"https:\/\/ushiplearnsubd.wpengine.com\/ar\/asociaciones\/afiliados\/#breadcrumb"},"inLanguage":"es-AR","potentialAction":[{"@type":"ReadAction","target":["https:\/\/ushiplearnsubd.wpengine.com\/ar\/asociaciones\/afiliados\/"]}]},{"@type":"BreadcrumbList","@id":"https:\/\/ushiplearnsubd.wpengine.com\/ar\/asociaciones\/afiliados\/#breadcrumb","itemListElement":[{"@type":"ListItem","position":1,"name":"Home","item":"https:\/\/ushiplearnsubd.wpengine.com\/ar\/"},{"@type":"ListItem","position":2,"name":"Asociaciones","item":"https:\/\/ushiplearnsubd.wpengine.com\/ar\/asociaciones\/"},{"@type":"ListItem","position":3,"name":"Afiliados"}]},{"@type":"WebSite","@id":"https:\/\/ushiplearnsubd.wpengine.com\/ar\/#website","url":"https:\/\/ushiplearnsubd.wpengine.com\/ar\/","name":"C\u00f3mo Funciona","description":"","potentialAction":[{"@type":"SearchAction","target":{"@type":"EntryPoint","urlTemplate":"https:\/\/ushiplearnsubd.wpengine.com\/ar\/?s={search_term_string}"},"query-input":"required name=search_term_string"}],"inLanguage":"es-AR"}]}},"fixed_price_tool_customer_success":{"image":false,"telephone":false,"email":false},"_links":{"self":[{"href":"https:\/\/ushiplearnsubd.wpengine.com\/ar\/wp-json\/wp\/v2\/pages\/5288","targetHints":{"allow":["GET"]}}],"collection":[{"href":"https:\/\/ushiplearnsubd.wpengine.com\/ar\/wp-json\/wp\/v2\/pages"}],"about":[{"href":"https:\/\/ushiplearnsubd.wpengine.com\/ar\/wp-json\/wp\/v2\/types\/page"}],"author":[{"embeddable":true,"href":"https:\/\/ushiplearnsubd.wpengine.com\/ar\/wp-json\/wp\/v2\/users\/2"}],"replies":[{"embeddable":true,"href":"https:\/\/ushiplearnsubd.wpengine.com\/ar\/wp-json\/wp\/v2\/comments?post=5288"}],"version-history":[{"count":0,"href":"https:\/\/ushiplearnsubd.wpengine.com\/ar\/wp-json\/wp\/v2\/pages\/5288\/revisions"}],"up":[{"embeddable":true,"href":"https:\/\/ushiplearnsubd.wpengine.com\/ar\/wp-json\/wp\/v2\/pages\/1323"}],"wp:attachment":[{"href":"https:\/\/ushiplearnsubd.wpengine.com\/ar\/wp-json\/wp\/v2\/media?parent=5288"}],"curies":[{"name":"wp","href":"https:\/\/api.w.org\/{rel}","templated":true}]}}