{"id":5278,"date":"2017-01-04T20:26:35","date_gmt":"2017-01-04T20:26:35","guid":{"rendered":"https:\/\/ushiplearnsubd.wpengine.com\/mx\/?page_id=5278"},"modified":"2019-05-03T17:28:12","modified_gmt":"2019-05-03T17:28:12","slug":"uship-pro","status":"publish","type":"page","link":"https:\/\/ushiplearnsubd.wpengine.com\/ar\/transporte-comercial\/uship-pro\/","title":{"rendered":"uShip PRO"},"content":{"rendered":"","protected":false},"excerpt":{"rendered":"","protected":false},"author":2,"featured_media":0,"parent":1298,"menu_order":0,"comment_status":"closed","ping_status":"closed","template":"tabbed-page-v2-child.php","meta":{"_acf_changed":false,"footnotes":""},"class_list":["post-5278","page","type-page","status-publish","hentry"],"acf":{"header_footer_type":"full","body_content":[{"acf_fc_layout":"intro_slide","intro_slide_id":"","intro_slide_head":"CONSTRUYA SU PROPIA RED PRIVADA","intro_slide_subhead":"uShip PRO, la plataforma de automatizaci\u00f3n de carga confiada por las grandes empresas de log\u00edstica como DB Schenker, ahora es disponible para clientes de empresa, corredores, y 3PL's. Deje su legado TMS atras y modernize como usted gestiona sus transportistas aprobados.","intro_slide_cta":null,"intro_slide_slide":[{"intro_slide_slide_image":3620}]},{"acf_fc_layout":"icon_bullet_points","icon_bullet_points_id":"","icon_bullet_points_row":[{"icon_bullet_points_row_icon":"icon_network","icon_bullet_points_row_title":"REDES PRIVADAS","icon_bullet_points_row_text":"Construya una red de sus transportistas m\u00e1s confiables \u2014 y acceda evaluaci\u00f3nes de transportistas para capacidad adicional \u2014 que son notificados cuando usted anuncia su carga."},{"icon_bullet_points_row_icon":"icon_pricetag","icon_bullet_points_row_title":"OFERTAS DE PRECIOS","icon_bullet_points_row_text":"Anuncie su carga con precios al n\u00edvel de su env\u00edo o solicite ofertas. De cualquier manera, usted recibe el mejor servicio al mejor precio para aumentar los m\u00e1rgenes brutos y reducir sus gastos generales."},{"icon_bullet_points_row_icon":"icon_phone","icon_bullet_points_row_title":"INTEGRACI\u00d3N M\u00d3VIL","icon_bullet_points_row_text":"Ning\u00fan TMS tiene la integraci\u00f3n y capacidades m\u00f3viles de uShip PRO. Ahora se puede rastrear y localizar desde cualquier lugar."}]},{"acf_fc_layout":"slanted_map","slanted_map_id":"","slanted_map_bg_color":"mapBackgroundWhite","slanted_map_bg_position":"mapBackgroundLeft","slanted_map_map_feature":"none","slanted_map_video_poster_image":null,"slanted_map_youtube_id":"","slanted_map_image":5047,"slanted_map_image_vertical_alignment":"alignmentMiddle","slanted_map_image_horizontal_alignment":"alignmentLeft","slanted_map_copy_intro":"DB Schenker","slanted_map_copy_block_text":"En 2016, uShip y DB Schenker entraron en un acuerdo de asociaci\u00f3n exclusiva de 5 a\u00f1os que utiliza uShip PRO para automatizar y optimizar la gesti\u00f3n de 25.000 portadores de terceros y hasta 10.000 cargas al d\u00eda a trav\u00e9s del negocio de camiones sobre la carretera de DB Schenker, la m\u00e1s grande de Europa.\r\n\r\n&nbsp;\r\n\r\n<a href=\"http:\/\/automotivelogistics.media\/es\/sin-categorizar\/db-schenker-signs-deal-uship-digital-freight-network-europe\">Aprenda m\u00e1s sobre la asociaci\u00f3n<\/a>","slanted_map_copy_cta":null,"slanted_map_trustpilot_widget":false},{"acf_fc_layout":"slanted_map","slanted_map_id":"","slanted_map_bg_color":"mapBackgroundGrey","slanted_map_bg_position":"mapBackgroundRight","slanted_map_map_feature":"image","slanted_map_video_poster_image":null,"slanted_map_youtube_id":"","slanted_map_image":5229,"slanted_map_image_vertical_alignment":"alignmentMiddle","slanted_map_image_horizontal_alignment":"alignmentRight","slanted_map_copy_intro":"GESTI\u00d3N DE TRANSPORTISTAS","slanted_map_copy_block_text":"Establezca sus reglas de intervenci\u00f3n basadas en la autoridad, tipo de servicio, y evaluaci\u00f3n. Monitorizaremos credenciales de los transportistas y le avisaremos si hay alg\u00fan cambio.","slanted_map_copy_cta":null,"slanted_map_trustpilot_widget":false},{"acf_fc_layout":"slanted_map","slanted_map_id":"","slanted_map_bg_color":"mapBackgroundWhite","slanted_map_bg_position":"mapBackgroundLeft","slanted_map_map_feature":"image","slanted_map_video_poster_image":null,"slanted_map_youtube_id":"","slanted_map_image":1317,"slanted_map_image_vertical_alignment":"alignmentMiddle","slanted_map_image_horizontal_alignment":"alignmentLeft","slanted_map_copy_intro":"DESCUBRIMIENTO DE TRANSPORTISTAS","slanted_map_copy_block_text":"Aunque tenga su grupo de transportistas confiables, descubra y a\u00f1ade muchos m\u00e1s a trav\u00e9s del mercado p\u00fablico de uShip.","slanted_map_copy_cta":null,"slanted_map_trustpilot_widget":false},{"acf_fc_layout":"slanted_map","slanted_map_id":"","slanted_map_bg_color":"mapBackgroundGrey","slanted_map_bg_position":"mapBackgroundRight","slanted_map_map_feature":"image","slanted_map_video_poster_image":null,"slanted_map_youtube_id":"","slanted_map_image":5053,"slanted_map_image_vertical_alignment":"alignmentMiddle","slanted_map_image_horizontal_alignment":"alignmentRight","slanted_map_copy_intro":"ACESSO EXCLUSIVO","slanted_map_copy_block_text":"S\u00f3lo sus transportistas preferidos pueden tener acceso a su carga. Y m\u00e1s transportistas significa mejores precios y mejora los m\u00e1rgenes brutos en cada env\u00edo.","slanted_map_copy_cta":null,"slanted_map_trustpilot_widget":false},{"acf_fc_layout":"slanted_map","slanted_map_id":"","slanted_map_bg_color":"mapBackgroundWhite","slanted_map_bg_position":"mapBackgroundLeft","slanted_map_map_feature":"image","slanted_map_video_poster_image":null,"slanted_map_youtube_id":"","slanted_map_image":5059,"slanted_map_image_vertical_alignment":"alignmentMiddle","slanted_map_image_horizontal_alignment":"alignmentLeft","slanted_map_copy_intro":"GASTOS DE CARGA OPTIMIZADOS","slanted_map_copy_block_text":"Herramientas para el descubrimiento de precios le permiten mantenerse adelantado de las fluctuaciones de precios y comparar las cotizaciones actuales con a sus tarifas de contrato actuales. De cualquier manera, usted gana.","slanted_map_copy_cta":null,"slanted_map_trustpilot_widget":false},{"acf_fc_layout":"slanted_map","slanted_map_id":"","slanted_map_bg_color":"mapBackgroundGrey","slanted_map_bg_position":"mapBackgroundRight","slanted_map_map_feature":"image","slanted_map_video_poster_image":null,"slanted_map_youtube_id":"","slanted_map_image":5226,"slanted_map_image_vertical_alignment":"alignmentMiddle","slanted_map_image_horizontal_alignment":"alignmentRight","slanted_map_copy_intro":"VISIBILIDAD COMPLETA","slanted_map_copy_block_text":"Compartir su ubicaci\u00f3n a trav\u00e9s de la aplicaci\u00f3n m\u00f3vil de uShip le permite rastrear los camiones en ruta, y los operadores pueden activar las notificaciones de recogida y entrega.\r\n\r\n&nbsp;\r\n\r\n<strong>NOTA:<\/strong> Para utilizar esta funci\u00f3n, aseg\u00farese de que su transportista ha activado la opci\u00f3n de, \"Servicios de Localizaci\u00f3n\" en su aplicaci\u00f3n de uShip en su m\u00f3vil antes de reservar con ellos.","slanted_map_copy_cta":null,"slanted_map_trustpilot_widget":false}],"bottom_content":[{"acf_fc_layout":"bookend","bookend_content_type":"text","bookend_intro":"\u00bfESTAS LISTO?","bookend_intro_sub":"","bookend_image":null,"bookend_cta_text":"Consiga una cotizaci\u00f3n","bookend_cta_url":"https:\/\/www.uship.com\/ship","bookend_cta_onclick":"","bookend_cta_open_in_new_tab":"","bookend_previous_content":[{"bookend_previous_url":5276,"bookend_previous_text":"Pagos<br>Seguros"}],"bookend_next_content":[{"bookend_next_url":5266,"bookend_next_text":"Comenzando"}]}]},"yoast_head":"<!-- This site is optimized with the Yoast SEO plugin v22.2 - https:\/\/yoast.com\/wordpress\/plugins\/seo\/ -->\n<title>uShip PRO - C\u00f3mo Funciona<\/title>\n<meta name=\"robots\" content=\"index, follow, max-snippet:-1, max-image-preview:large, max-video-preview:-1\" \/>\n<link rel=\"canonical\" href=\"https:\/\/ushiplearnsubd.wpengine.com\/ar\/transporte-comercial\/uship-pro\/\" \/>\n<meta property=\"og:locale\" content=\"es_ES\" \/>\n<meta property=\"og:type\" content=\"article\" \/>\n<meta property=\"og:title\" content=\"uShip PRO - C\u00f3mo Funciona\" \/>\n<meta property=\"og:url\" content=\"https:\/\/ushiplearnsubd.wpengine.com\/ar\/transporte-comercial\/uship-pro\/\" \/>\n<meta property=\"og:site_name\" content=\"C\u00f3mo Funciona\" \/>\n<meta property=\"article:modified_time\" content=\"2019-05-03T17:28:12+00:00\" \/>\n<meta name=\"twitter:card\" content=\"summary_large_image\" \/>\n<script type=\"application\/ld+json\" class=\"yoast-schema-graph\">{\"@context\":\"https:\/\/schema.org\",\"@graph\":[{\"@type\":\"WebPage\",\"@id\":\"https:\/\/ushiplearnsubd.wpengine.com\/ar\/transporte-comercial\/uship-pro\/\",\"url\":\"https:\/\/ushiplearnsubd.wpengine.com\/ar\/transporte-comercial\/uship-pro\/\",\"name\":\"uShip PRO - C\u00f3mo Funciona\",\"isPartOf\":{\"@id\":\"https:\/\/ushiplearnsubd.wpengine.com\/ar\/#website\"},\"datePublished\":\"2017-01-04T20:26:35+00:00\",\"dateModified\":\"2019-05-03T17:28:12+00:00\",\"breadcrumb\":{\"@id\":\"https:\/\/ushiplearnsubd.wpengine.com\/ar\/transporte-comercial\/uship-pro\/#breadcrumb\"},\"inLanguage\":\"es-AR\",\"potentialAction\":[{\"@type\":\"ReadAction\",\"target\":[\"https:\/\/ushiplearnsubd.wpengine.com\/ar\/transporte-comercial\/uship-pro\/\"]}]},{\"@type\":\"BreadcrumbList\",\"@id\":\"https:\/\/ushiplearnsubd.wpengine.com\/ar\/transporte-comercial\/uship-pro\/#breadcrumb\",\"itemListElement\":[{\"@type\":\"ListItem\",\"position\":1,\"name\":\"Home\",\"item\":\"https:\/\/ushiplearnsubd.wpengine.com\/ar\/\"},{\"@type\":\"ListItem\",\"position\":2,\"name\":\"Flete Para Empresas\",\"item\":\"https:\/\/ushiplearnsubd.wpengine.com\/ar\/transporte-comercial\/\"},{\"@type\":\"ListItem\",\"position\":3,\"name\":\"uShip PRO\"}]},{\"@type\":\"WebSite\",\"@id\":\"https:\/\/ushiplearnsubd.wpengine.com\/ar\/#website\",\"url\":\"https:\/\/ushiplearnsubd.wpengine.com\/ar\/\",\"name\":\"C\u00f3mo Funciona\",\"description\":\"\",\"potentialAction\":[{\"@type\":\"SearchAction\",\"target\":{\"@type\":\"EntryPoint\",\"urlTemplate\":\"https:\/\/ushiplearnsubd.wpengine.com\/ar\/?s={search_term_string}\"},\"query-input\":\"required name=search_term_string\"}],\"inLanguage\":\"es-AR\"}]}<\/script>\n<!-- \/ Yoast SEO plugin. -->","yoast_head_json":{"title":"uShip PRO - C\u00f3mo Funciona","robots":{"index":"index","follow":"follow","max-snippet":"max-snippet:-1","max-image-preview":"max-image-preview:large","max-video-preview":"max-video-preview:-1"},"canonical":"https:\/\/ushiplearnsubd.wpengine.com\/ar\/transporte-comercial\/uship-pro\/","og_locale":"es_ES","og_type":"article","og_title":"uShip PRO - C\u00f3mo Funciona","og_url":"https:\/\/ushiplearnsubd.wpengine.com\/ar\/transporte-comercial\/uship-pro\/","og_site_name":"C\u00f3mo Funciona","article_modified_time":"2019-05-03T17:28:12+00:00","twitter_card":"summary_large_image","schema":{"@context":"https:\/\/schema.org","@graph":[{"@type":"WebPage","@id":"https:\/\/ushiplearnsubd.wpengine.com\/ar\/transporte-comercial\/uship-pro\/","url":"https:\/\/ushiplearnsubd.wpengine.com\/ar\/transporte-comercial\/uship-pro\/","name":"uShip PRO - C\u00f3mo Funciona","isPartOf":{"@id":"https:\/\/ushiplearnsubd.wpengine.com\/ar\/#website"},"datePublished":"2017-01-04T20:26:35+00:00","dateModified":"2019-05-03T17:28:12+00:00","breadcrumb":{"@id":"https:\/\/ushiplearnsubd.wpengine.com\/ar\/transporte-comercial\/uship-pro\/#breadcrumb"},"inLanguage":"es-AR","potentialAction":[{"@type":"ReadAction","target":["https:\/\/ushiplearnsubd.wpengine.com\/ar\/transporte-comercial\/uship-pro\/"]}]},{"@type":"BreadcrumbList","@id":"https:\/\/ushiplearnsubd.wpengine.com\/ar\/transporte-comercial\/uship-pro\/#breadcrumb","itemListElement":[{"@type":"ListItem","position":1,"name":"Home","item":"https:\/\/ushiplearnsubd.wpengine.com\/ar\/"},{"@type":"ListItem","position":2,"name":"Flete Para Empresas","item":"https:\/\/ushiplearnsubd.wpengine.com\/ar\/transporte-comercial\/"},{"@type":"ListItem","position":3,"name":"uShip PRO"}]},{"@type":"WebSite","@id":"https:\/\/ushiplearnsubd.wpengine.com\/ar\/#website","url":"https:\/\/ushiplearnsubd.wpengine.com\/ar\/","name":"C\u00f3mo Funciona","description":"","potentialAction":[{"@type":"SearchAction","target":{"@type":"EntryPoint","urlTemplate":"https:\/\/ushiplearnsubd.wpengine.com\/ar\/?s={search_term_string}"},"query-input":"required name=search_term_string"}],"inLanguage":"es-AR"}]}},"fixed_price_tool_customer_success":{"image":false,"telephone":false,"email":false},"_links":{"self":[{"href":"https:\/\/ushiplearnsubd.wpengine.com\/ar\/wp-json\/wp\/v2\/pages\/5278","targetHints":{"allow":["GET"]}}],"collection":[{"href":"https:\/\/ushiplearnsubd.wpengine.com\/ar\/wp-json\/wp\/v2\/pages"}],"about":[{"href":"https:\/\/ushiplearnsubd.wpengine.com\/ar\/wp-json\/wp\/v2\/types\/page"}],"author":[{"embeddable":true,"href":"https:\/\/ushiplearnsubd.wpengine.com\/ar\/wp-json\/wp\/v2\/users\/2"}],"replies":[{"embeddable":true,"href":"https:\/\/ushiplearnsubd.wpengine.com\/ar\/wp-json\/wp\/v2\/comments?post=5278"}],"version-history":[{"count":0,"href":"https:\/\/ushiplearnsubd.wpengine.com\/ar\/wp-json\/wp\/v2\/pages\/5278\/revisions"}],"up":[{"embeddable":true,"href":"https:\/\/ushiplearnsubd.wpengine.com\/ar\/wp-json\/wp\/v2\/pages\/1298"}],"wp:attachment":[{"href":"https:\/\/ushiplearnsubd.wpengine.com\/ar\/wp-json\/wp\/v2\/media?parent=5278"}],"curies":[{"name":"wp","href":"https:\/\/api.w.org\/{rel}","templated":true}]}}