{"id":5270,"date":"2017-01-04T20:23:39","date_gmt":"2017-01-04T20:23:39","guid":{"rendered":"https:\/\/ushiplearnsubd.wpengine.com\/mx\/?page_id=5270"},"modified":"2017-01-04T20:23:39","modified_gmt":"2017-01-04T20:23:39","slug":"encontrando-transportistas","status":"publish","type":"page","link":"https:\/\/ushiplearnsubd.wpengine.com\/ar\/transporte-comercial\/encontrando-transportistas\/","title":{"rendered":"Encontrando Transportistas"},"content":{"rendered":"","protected":false},"excerpt":{"rendered":"","protected":false},"author":2,"featured_media":0,"parent":1298,"menu_order":0,"comment_status":"closed","ping_status":"closed","template":"tabbed-page-v2-child.php","meta":{"_acf_changed":false,"footnotes":""},"class_list":["post-5270","page","type-page","status-publish","hentry"],"acf":{"header_footer_type":false,"body_content":[{"acf_fc_layout":"intro_slide","intro_slide_id":"","intro_slide_head":"NO HAY ENV\u00cdO QUE SEA DEMASIADO GRANDE, ALTO, O LOCO","intro_slide_subhead":"Env\u00edos de todo tipo han sido transportados a trav\u00e9s de uShip. De hecho, desde 2004 hemos visto casi 6 millones de anuncios en el mercado uShip, desde palets y cajas del hogar - a lo m\u00e1s intrigante - un landspeeder de Star Wars, una gr\u00faa de 67 toneladas, un colon de yeso de 40 pies y m\u00e1s.","intro_slide_cta":null,"intro_slide_slide":[{"intro_slide_slide_image":2599}]},{"acf_fc_layout":"icon_bullet_points","icon_bullet_points_id":"","icon_bullet_points_row":[{"icon_bullet_points_row_icon":"icon_insights","icon_bullet_points_row_title":"EXPANDA SU PERCEPCI\u00d3N","icon_bullet_points_row_text":"\u00bfC\u00f3mo sabe que est\u00e1 recibiendo una tarifa razonable con su transportista preferido que utiliza cada d\u00eda? En uShip, los transportistas efectivamente compiten por su negocio para que los precios esten en o m\u00e1s bajos de las tarifas del mercado."},{"icon_bullet_points_row_icon":"icon_truck","icon_bullet_points_row_title":"EXPANDA SU CAPACIDAD","icon_bullet_points_row_text":"\u00bfQu\u00e9 pasa si su transportista preferido que utiliza cada d\u00eda no puede hacer una entrega importante? Con uShip, nunca lo dejamos sin opciones. Siempre puede encontrar espacio en un cami\u00f3n disponible en nuestro mercado."},{"icon_bullet_points_row_icon":"icon_reach","icon_bullet_points_row_title":"EXPANDA SU ALCANCE","icon_bullet_points_row_text":"No deje que los gastos de env\u00edo percibidos le impiden la expansi\u00f3n a nuevos mercados. Los due\u00f1os de negocios y vendedores de eBay nos dicen que uShip ha permitido que crezcan su alcance r\u00e1pidamente de nivel regional a nacional, ya que pueden depender de camiones que est\u00e1n disponibles a un buen precio."},{"icon_bullet_points_row_icon":"icon_carriercard","icon_bullet_points_row_title":"ELIGIENDO UN TRANSPORTISTA","icon_bullet_points_row_text":"Escoga transportistas con el seguro y la autoridad apropiada para satisfacer sus necesidades. Mientras uShip proporciona herramientas \u00fatiles, tales como evaluaciones de opiniones y comentarios, usted debe entretener al mismo nivel de la debida diligencia como si fuera cuando selecciona un transportista de otra jurisdicci\u00f3n."}]}],"bottom_content":[{"acf_fc_layout":"bookend","bookend_content_type":"text","bookend_intro":"\u00bfESTAS LISTO?","bookend_intro_sub":"","bookend_image":null,"bookend_cta_text":"Consiga una cotizaci\u00f3n","bookend_cta_url":"https:\/\/www.uship.com\/ship","bookend_cta_onclick":"","bookend_cta_open_in_new_tab":[],"bookend_previous_content":[{"bookend_previous_url":5268,"bookend_previous_text":"La Diferencia<br>uShip"}],"bookend_next_content":[{"bookend_next_url":5272,"bookend_next_text":"Precios de<br>Mercado"}]}]},"yoast_head":"<!-- This site is optimized with the Yoast SEO plugin v22.2 - https:\/\/yoast.com\/wordpress\/plugins\/seo\/ -->\n<title>Encontrando Transportistas - C\u00f3mo Funciona<\/title>\n<meta name=\"robots\" content=\"index, follow, max-snippet:-1, max-image-preview:large, max-video-preview:-1\" \/>\n<link rel=\"canonical\" href=\"https:\/\/ushiplearnsubd.wpengine.com\/ar\/transporte-comercial\/encontrando-transportistas\/\" \/>\n<meta property=\"og:locale\" content=\"es_ES\" \/>\n<meta property=\"og:type\" content=\"article\" \/>\n<meta property=\"og:title\" content=\"Encontrando Transportistas - C\u00f3mo Funciona\" \/>\n<meta property=\"og:url\" content=\"https:\/\/ushiplearnsubd.wpengine.com\/ar\/transporte-comercial\/encontrando-transportistas\/\" \/>\n<meta property=\"og:site_name\" content=\"C\u00f3mo Funciona\" \/>\n<meta name=\"twitter:card\" content=\"summary_large_image\" \/>\n<script type=\"application\/ld+json\" class=\"yoast-schema-graph\">{\"@context\":\"https:\/\/schema.org\",\"@graph\":[{\"@type\":\"WebPage\",\"@id\":\"https:\/\/ushiplearnsubd.wpengine.com\/ar\/transporte-comercial\/encontrando-transportistas\/\",\"url\":\"https:\/\/ushiplearnsubd.wpengine.com\/ar\/transporte-comercial\/encontrando-transportistas\/\",\"name\":\"Encontrando Transportistas - C\u00f3mo Funciona\",\"isPartOf\":{\"@id\":\"https:\/\/ushiplearnsubd.wpengine.com\/ar\/#website\"},\"datePublished\":\"2017-01-04T20:23:39+00:00\",\"dateModified\":\"2017-01-04T20:23:39+00:00\",\"breadcrumb\":{\"@id\":\"https:\/\/ushiplearnsubd.wpengine.com\/ar\/transporte-comercial\/encontrando-transportistas\/#breadcrumb\"},\"inLanguage\":\"es-AR\",\"potentialAction\":[{\"@type\":\"ReadAction\",\"target\":[\"https:\/\/ushiplearnsubd.wpengine.com\/ar\/transporte-comercial\/encontrando-transportistas\/\"]}]},{\"@type\":\"BreadcrumbList\",\"@id\":\"https:\/\/ushiplearnsubd.wpengine.com\/ar\/transporte-comercial\/encontrando-transportistas\/#breadcrumb\",\"itemListElement\":[{\"@type\":\"ListItem\",\"position\":1,\"name\":\"Home\",\"item\":\"https:\/\/ushiplearnsubd.wpengine.com\/ar\/\"},{\"@type\":\"ListItem\",\"position\":2,\"name\":\"Flete Para Empresas\",\"item\":\"https:\/\/ushiplearnsubd.wpengine.com\/ar\/transporte-comercial\/\"},{\"@type\":\"ListItem\",\"position\":3,\"name\":\"Encontrando Transportistas\"}]},{\"@type\":\"WebSite\",\"@id\":\"https:\/\/ushiplearnsubd.wpengine.com\/ar\/#website\",\"url\":\"https:\/\/ushiplearnsubd.wpengine.com\/ar\/\",\"name\":\"C\u00f3mo Funciona\",\"description\":\"\",\"potentialAction\":[{\"@type\":\"SearchAction\",\"target\":{\"@type\":\"EntryPoint\",\"urlTemplate\":\"https:\/\/ushiplearnsubd.wpengine.com\/ar\/?s={search_term_string}\"},\"query-input\":\"required name=search_term_string\"}],\"inLanguage\":\"es-AR\"}]}<\/script>\n<!-- \/ Yoast SEO plugin. -->","yoast_head_json":{"title":"Encontrando Transportistas - C\u00f3mo Funciona","robots":{"index":"index","follow":"follow","max-snippet":"max-snippet:-1","max-image-preview":"max-image-preview:large","max-video-preview":"max-video-preview:-1"},"canonical":"https:\/\/ushiplearnsubd.wpengine.com\/ar\/transporte-comercial\/encontrando-transportistas\/","og_locale":"es_ES","og_type":"article","og_title":"Encontrando Transportistas - C\u00f3mo Funciona","og_url":"https:\/\/ushiplearnsubd.wpengine.com\/ar\/transporte-comercial\/encontrando-transportistas\/","og_site_name":"C\u00f3mo Funciona","twitter_card":"summary_large_image","schema":{"@context":"https:\/\/schema.org","@graph":[{"@type":"WebPage","@id":"https:\/\/ushiplearnsubd.wpengine.com\/ar\/transporte-comercial\/encontrando-transportistas\/","url":"https:\/\/ushiplearnsubd.wpengine.com\/ar\/transporte-comercial\/encontrando-transportistas\/","name":"Encontrando Transportistas - C\u00f3mo Funciona","isPartOf":{"@id":"https:\/\/ushiplearnsubd.wpengine.com\/ar\/#website"},"datePublished":"2017-01-04T20:23:39+00:00","dateModified":"2017-01-04T20:23:39+00:00","breadcrumb":{"@id":"https:\/\/ushiplearnsubd.wpengine.com\/ar\/transporte-comercial\/encontrando-transportistas\/#breadcrumb"},"inLanguage":"es-AR","potentialAction":[{"@type":"ReadAction","target":["https:\/\/ushiplearnsubd.wpengine.com\/ar\/transporte-comercial\/encontrando-transportistas\/"]}]},{"@type":"BreadcrumbList","@id":"https:\/\/ushiplearnsubd.wpengine.com\/ar\/transporte-comercial\/encontrando-transportistas\/#breadcrumb","itemListElement":[{"@type":"ListItem","position":1,"name":"Home","item":"https:\/\/ushiplearnsubd.wpengine.com\/ar\/"},{"@type":"ListItem","position":2,"name":"Flete Para Empresas","item":"https:\/\/ushiplearnsubd.wpengine.com\/ar\/transporte-comercial\/"},{"@type":"ListItem","position":3,"name":"Encontrando Transportistas"}]},{"@type":"WebSite","@id":"https:\/\/ushiplearnsubd.wpengine.com\/ar\/#website","url":"https:\/\/ushiplearnsubd.wpengine.com\/ar\/","name":"C\u00f3mo Funciona","description":"","potentialAction":[{"@type":"SearchAction","target":{"@type":"EntryPoint","urlTemplate":"https:\/\/ushiplearnsubd.wpengine.com\/ar\/?s={search_term_string}"},"query-input":"required name=search_term_string"}],"inLanguage":"es-AR"}]}},"fixed_price_tool_customer_success":{"image":false,"telephone":false,"email":false},"_links":{"self":[{"href":"https:\/\/ushiplearnsubd.wpengine.com\/ar\/wp-json\/wp\/v2\/pages\/5270","targetHints":{"allow":["GET"]}}],"collection":[{"href":"https:\/\/ushiplearnsubd.wpengine.com\/ar\/wp-json\/wp\/v2\/pages"}],"about":[{"href":"https:\/\/ushiplearnsubd.wpengine.com\/ar\/wp-json\/wp\/v2\/types\/page"}],"author":[{"embeddable":true,"href":"https:\/\/ushiplearnsubd.wpengine.com\/ar\/wp-json\/wp\/v2\/users\/2"}],"replies":[{"embeddable":true,"href":"https:\/\/ushiplearnsubd.wpengine.com\/ar\/wp-json\/wp\/v2\/comments?post=5270"}],"version-history":[{"count":0,"href":"https:\/\/ushiplearnsubd.wpengine.com\/ar\/wp-json\/wp\/v2\/pages\/5270\/revisions"}],"up":[{"embeddable":true,"href":"https:\/\/ushiplearnsubd.wpengine.com\/ar\/wp-json\/wp\/v2\/pages\/1298"}],"wp:attachment":[{"href":"https:\/\/ushiplearnsubd.wpengine.com\/ar\/wp-json\/wp\/v2\/media?parent=5270"}],"curies":[{"name":"wp","href":"https:\/\/api.w.org\/{rel}","templated":true}]}}