{"id":5268,"date":"2017-01-04T20:22:59","date_gmt":"2017-01-04T20:22:59","guid":{"rendered":"https:\/\/ushiplearnsubd.wpengine.com\/mx\/?page_id=5268"},"modified":"2017-01-04T20:22:59","modified_gmt":"2017-01-04T20:22:59","slug":"la-diferencia-uship","status":"publish","type":"page","link":"https:\/\/ushiplearnsubd.wpengine.com\/ar\/transporte-comercial\/la-diferencia-uship\/","title":{"rendered":"La Diferencia uShip"},"content":{"rendered":"","protected":false},"excerpt":{"rendered":"","protected":false},"author":2,"featured_media":0,"parent":1298,"menu_order":0,"comment_status":"closed","ping_status":"closed","template":"tabbed-page-v2-child.php","meta":{"_acf_changed":false,"footnotes":""},"class_list":["post-5268","page","type-page","status-publish","hentry"],"acf":{"header_footer_type":false,"body_content":[{"acf_fc_layout":"intro_slide","intro_slide_id":"","intro_slide_head":"ARREGLANDO LOS PROBLEMAS DEL TRANSPORTE","intro_slide_subhead":"Gesti\u00f3n del transporte, tal como la conocemos, est\u00e1 quebrado. Hoy en d\u00eda, 1 de cada 4 camiones se estan conduciendo vac\u00edos, resultando en $188 billones de d\u00f3lares en p\u00e9rdidas econ\u00f3micas. Desde el a\u00f1o 2004, el mercado de uShip ha hecho su parte para resolver las ineficiencias del transporte.","intro_slide_cta":null,"intro_slide_slide":[{"intro_slide_slide_image":1063}]},{"acf_fc_layout":"slanted_map","slanted_map_id":"","slanted_map_bg_color":"mapBackgroundGrey","slanted_map_bg_position":"mapBackgroundRight","slanted_map_map_feature":"none","slanted_map_video_poster_image":null,"slanted_map_youtube_id":"","slanted_map_image":1302,"slanted_map_image_vertical_alignment":"alignmentMiddle","slanted_map_image_horizontal_alignment":"alignmentRight","slanted_map_copy_intro":"EL MERCADO DE USHIP","slanted_map_copy_block_text":"En pocas palabras, uShip es para el transporte y la log\u00edstica lo que eBay es para el comercio electr\u00f3nico, Airbnb es a la hospitalidad, o Priceline es para viajar. Proporcionamos un mercado en l\u00ednea donde usted, el cliente y transportista, puede conectar y realizar transacciones en un ambiente seguro y de confianza.","slanted_map_copy_cta":null,"slanted_map_trustpilot_widget":false},{"acf_fc_layout":"slanted_map","slanted_map_id":"","slanted_map_bg_color":"mapBackgroundWhite","slanted_map_bg_position":"mapBackgroundLeft","slanted_map_map_feature":"none","slanted_map_video_poster_image":null,"slanted_map_youtube_id":"","slanted_map_image":1303,"slanted_map_image_vertical_alignment":"alignmentMiddle","slanted_map_image_horizontal_alignment":"alignmentCenter","slanted_map_copy_intro":"COMPETICI\u00d3N PARA SU NEGOCIO","slanted_map_copy_block_text":"Desemejante a los corredores y los 3PL's, uShip no fija las tarifas de carga. Dejamos que el mercado abierto - nuestro mercado - haga eso basado en las condiciones actuales del mercado. Este es el beneficio de la oferta y la demanda. Le da la seguridad de que las tarifas est\u00e1n en o m\u00e1s bajas del mercado, y no se basa en alg\u00fan algoritmo arbitrario.","slanted_map_copy_cta":null,"slanted_map_trustpilot_widget":false},{"acf_fc_layout":"slanted_map","slanted_map_id":"","slanted_map_bg_color":"mapBackgroundGrey","slanted_map_bg_position":"mapBackgroundRight","slanted_map_map_feature":"none","slanted_map_video_poster_image":null,"slanted_map_youtube_id":"","slanted_map_image":1304,"slanted_map_image_vertical_alignment":"alignmentMiddle","slanted_map_image_horizontal_alignment":"alignmentRight","slanted_map_copy_intro":"CAPACIDAD SIN PRECEDENTES","slanted_map_copy_block_text":"En uShip, la \u00fanica cosa que los transportistas tienen en com\u00fan es que todos son diferentes. Transportistas nacionales ejemplares. Propietarios de peque\u00f1as flotas. Operadores y due\u00f1os de solo un cami\u00f3n. Gente que van de viaje. Transportistas de todo tipo. Cada uno tiene comentarios p\u00fablicos, como TripAdvisor, pero para camiones.","slanted_map_copy_cta":null,"slanted_map_trustpilot_widget":false}],"bottom_content":[{"acf_fc_layout":"bookend","bookend_content_type":"text","bookend_intro":"\u00bfESTAS LISTO?","bookend_intro_sub":"","bookend_image":null,"bookend_cta_text":"Consiga una cotizaci\u00f3n","bookend_cta_url":"https:\/\/www.uship.com\/ship","bookend_cta_onclick":"","bookend_cta_open_in_new_tab":[],"bookend_previous_content":[{"bookend_previous_url":5266,"bookend_previous_text":"Comenzando"}],"bookend_next_content":[{"bookend_next_url":5270,"bookend_next_text":"Encontrando<br>Transportistas"}]}]},"yoast_head":"<!-- This site is optimized with the Yoast SEO plugin v22.2 - https:\/\/yoast.com\/wordpress\/plugins\/seo\/ -->\n<title>La Diferencia uShip - C\u00f3mo Funciona<\/title>\n<meta name=\"robots\" content=\"index, follow, max-snippet:-1, max-image-preview:large, max-video-preview:-1\" \/>\n<link rel=\"canonical\" href=\"https:\/\/ushiplearnsubd.wpengine.com\/ar\/transporte-comercial\/la-diferencia-uship\/\" \/>\n<meta property=\"og:locale\" content=\"es_ES\" \/>\n<meta property=\"og:type\" content=\"article\" \/>\n<meta property=\"og:title\" content=\"La Diferencia uShip - C\u00f3mo Funciona\" \/>\n<meta property=\"og:url\" content=\"https:\/\/ushiplearnsubd.wpengine.com\/ar\/transporte-comercial\/la-diferencia-uship\/\" \/>\n<meta property=\"og:site_name\" content=\"C\u00f3mo Funciona\" \/>\n<meta name=\"twitter:card\" content=\"summary_large_image\" \/>\n<script type=\"application\/ld+json\" class=\"yoast-schema-graph\">{\"@context\":\"https:\/\/schema.org\",\"@graph\":[{\"@type\":\"WebPage\",\"@id\":\"https:\/\/ushiplearnsubd.wpengine.com\/ar\/transporte-comercial\/la-diferencia-uship\/\",\"url\":\"https:\/\/ushiplearnsubd.wpengine.com\/ar\/transporte-comercial\/la-diferencia-uship\/\",\"name\":\"La Diferencia uShip - C\u00f3mo Funciona\",\"isPartOf\":{\"@id\":\"https:\/\/ushiplearnsubd.wpengine.com\/ar\/#website\"},\"datePublished\":\"2017-01-04T20:22:59+00:00\",\"dateModified\":\"2017-01-04T20:22:59+00:00\",\"breadcrumb\":{\"@id\":\"https:\/\/ushiplearnsubd.wpengine.com\/ar\/transporte-comercial\/la-diferencia-uship\/#breadcrumb\"},\"inLanguage\":\"es-AR\",\"potentialAction\":[{\"@type\":\"ReadAction\",\"target\":[\"https:\/\/ushiplearnsubd.wpengine.com\/ar\/transporte-comercial\/la-diferencia-uship\/\"]}]},{\"@type\":\"BreadcrumbList\",\"@id\":\"https:\/\/ushiplearnsubd.wpengine.com\/ar\/transporte-comercial\/la-diferencia-uship\/#breadcrumb\",\"itemListElement\":[{\"@type\":\"ListItem\",\"position\":1,\"name\":\"Home\",\"item\":\"https:\/\/ushiplearnsubd.wpengine.com\/ar\/\"},{\"@type\":\"ListItem\",\"position\":2,\"name\":\"Flete Para Empresas\",\"item\":\"https:\/\/ushiplearnsubd.wpengine.com\/ar\/transporte-comercial\/\"},{\"@type\":\"ListItem\",\"position\":3,\"name\":\"La Diferencia uShip\"}]},{\"@type\":\"WebSite\",\"@id\":\"https:\/\/ushiplearnsubd.wpengine.com\/ar\/#website\",\"url\":\"https:\/\/ushiplearnsubd.wpengine.com\/ar\/\",\"name\":\"C\u00f3mo Funciona\",\"description\":\"\",\"potentialAction\":[{\"@type\":\"SearchAction\",\"target\":{\"@type\":\"EntryPoint\",\"urlTemplate\":\"https:\/\/ushiplearnsubd.wpengine.com\/ar\/?s={search_term_string}\"},\"query-input\":\"required name=search_term_string\"}],\"inLanguage\":\"es-AR\"}]}<\/script>\n<!-- \/ Yoast SEO plugin. -->","yoast_head_json":{"title":"La Diferencia uShip - C\u00f3mo Funciona","robots":{"index":"index","follow":"follow","max-snippet":"max-snippet:-1","max-image-preview":"max-image-preview:large","max-video-preview":"max-video-preview:-1"},"canonical":"https:\/\/ushiplearnsubd.wpengine.com\/ar\/transporte-comercial\/la-diferencia-uship\/","og_locale":"es_ES","og_type":"article","og_title":"La Diferencia uShip - C\u00f3mo Funciona","og_url":"https:\/\/ushiplearnsubd.wpengine.com\/ar\/transporte-comercial\/la-diferencia-uship\/","og_site_name":"C\u00f3mo Funciona","twitter_card":"summary_large_image","schema":{"@context":"https:\/\/schema.org","@graph":[{"@type":"WebPage","@id":"https:\/\/ushiplearnsubd.wpengine.com\/ar\/transporte-comercial\/la-diferencia-uship\/","url":"https:\/\/ushiplearnsubd.wpengine.com\/ar\/transporte-comercial\/la-diferencia-uship\/","name":"La Diferencia uShip - C\u00f3mo Funciona","isPartOf":{"@id":"https:\/\/ushiplearnsubd.wpengine.com\/ar\/#website"},"datePublished":"2017-01-04T20:22:59+00:00","dateModified":"2017-01-04T20:22:59+00:00","breadcrumb":{"@id":"https:\/\/ushiplearnsubd.wpengine.com\/ar\/transporte-comercial\/la-diferencia-uship\/#breadcrumb"},"inLanguage":"es-AR","potentialAction":[{"@type":"ReadAction","target":["https:\/\/ushiplearnsubd.wpengine.com\/ar\/transporte-comercial\/la-diferencia-uship\/"]}]},{"@type":"BreadcrumbList","@id":"https:\/\/ushiplearnsubd.wpengine.com\/ar\/transporte-comercial\/la-diferencia-uship\/#breadcrumb","itemListElement":[{"@type":"ListItem","position":1,"name":"Home","item":"https:\/\/ushiplearnsubd.wpengine.com\/ar\/"},{"@type":"ListItem","position":2,"name":"Flete Para Empresas","item":"https:\/\/ushiplearnsubd.wpengine.com\/ar\/transporte-comercial\/"},{"@type":"ListItem","position":3,"name":"La Diferencia uShip"}]},{"@type":"WebSite","@id":"https:\/\/ushiplearnsubd.wpengine.com\/ar\/#website","url":"https:\/\/ushiplearnsubd.wpengine.com\/ar\/","name":"C\u00f3mo Funciona","description":"","potentialAction":[{"@type":"SearchAction","target":{"@type":"EntryPoint","urlTemplate":"https:\/\/ushiplearnsubd.wpengine.com\/ar\/?s={search_term_string}"},"query-input":"required name=search_term_string"}],"inLanguage":"es-AR"}]}},"fixed_price_tool_customer_success":{"image":false,"telephone":false,"email":false},"_links":{"self":[{"href":"https:\/\/ushiplearnsubd.wpengine.com\/ar\/wp-json\/wp\/v2\/pages\/5268","targetHints":{"allow":["GET"]}}],"collection":[{"href":"https:\/\/ushiplearnsubd.wpengine.com\/ar\/wp-json\/wp\/v2\/pages"}],"about":[{"href":"https:\/\/ushiplearnsubd.wpengine.com\/ar\/wp-json\/wp\/v2\/types\/page"}],"author":[{"embeddable":true,"href":"https:\/\/ushiplearnsubd.wpengine.com\/ar\/wp-json\/wp\/v2\/users\/2"}],"replies":[{"embeddable":true,"href":"https:\/\/ushiplearnsubd.wpengine.com\/ar\/wp-json\/wp\/v2\/comments?post=5268"}],"version-history":[{"count":0,"href":"https:\/\/ushiplearnsubd.wpengine.com\/ar\/wp-json\/wp\/v2\/pages\/5268\/revisions"}],"up":[{"embeddable":true,"href":"https:\/\/ushiplearnsubd.wpengine.com\/ar\/wp-json\/wp\/v2\/pages\/1298"}],"wp:attachment":[{"href":"https:\/\/ushiplearnsubd.wpengine.com\/ar\/wp-json\/wp\/v2\/media?parent=5268"}],"curies":[{"name":"wp","href":"https:\/\/api.w.org\/{rel}","templated":true}]}}