{"id":5257,"date":"2017-01-04T20:10:39","date_gmt":"2017-01-04T20:10:39","guid":{"rendered":"https:\/\/ushiplearnsubd.wpengine.com\/mx\/?page_id=5257"},"modified":"2017-01-04T20:10:39","modified_gmt":"2017-01-04T20:10:39","slug":"pagos-seguros","status":"publish","type":"page","link":"https:\/\/ushiplearnsubd.wpengine.com\/ar\/transportistas\/pagos-seguros\/","title":{"rendered":"Pagos Seguros"},"content":{"rendered":"","protected":false},"excerpt":{"rendered":"","protected":false},"author":2,"featured_media":0,"parent":4,"menu_order":0,"comment_status":"closed","ping_status":"closed","template":"tabbed-page-v2-child.php","meta":{"_acf_changed":false,"footnotes":""},"class_list":["post-5257","page","type-page","status-publish","hentry"],"acf":{"header_footer_type":false,"body_content":[{"acf_fc_layout":"intro_slide","intro_slide_id":"","intro_slide_head":"PAGE SEGURAMENTE Y SIN PROBLEMAS EN LA ENTREGA","intro_slide_subhead":"Un trabajo hecho bien se merece un pago f\u00e1cil y sin problemas. Hemos creado un proceso para asegurar que le pagen inmediatamente para que pueda continuar a hacer env\u00edos. Vea como funciona.","intro_slide_cta":null,"intro_slide_slide":[{"intro_slide_slide_image":2605}]},{"acf_fc_layout":"icon_bullet_points","icon_bullet_points_id":"","icon_bullet_points_row":[{"icon_bullet_points_row_icon":"icon_creditcard","icon_bullet_points_row_title":"PASO 1: USTED DEFINA SUS T\u00c9RMINOS DE PAGO","icon_bullet_points_row_text":"Dentro de los T\u00e9rminos de Pago en su oferta, puede elegir su m\u00e9todo de pago (efectivo, tarjeta de cr\u00e9dito, PayPal, etc.) que acepta para el balance endeudado a usted y tambien su calendario de pago."},{"icon_bullet_points_row_icon":"icon_deposit","icon_bullet_points_row_title":"PASO 2: EL CLIENTE PAGA UN D\u00caPOSITO DE RESERVA","icon_bullet_points_row_text":"Cuando un cliente acepta su oferta, el o ella van a pagar un D\u00e9posito de Reserva que es un porcentaje del precio total de su oferta. Este dep\u00f3sito es acreditado a su cuenta y autom\u00e1ticamente cubre sus tarifas de comisi\u00f3n de uShip (es decir, su tarifa esta pagada automaticamente y no tiene que pagar nada mensualmente.)"},{"icon_bullet_points_row_icon":"icon_fastcash","icon_bullet_points_row_title":"PASO 3: COMPLETE LA ENTREGA Y RECIBA SU PAGO","icon_bullet_points_row_text":"El cliente le va deber el balance del precio total de su oferta (precio de reserva - d\u00e9posito = total adeudado a usted). Esta informaci\u00f3n se explicar\u00e1 en los Detalles de la Reserva ya que su oferta sea aceptada. Complete la entrega y reciba su <a href=\"https:\/\/help.uship.com\/hc\/en-us\/articles\/205735368-Withdrawal-Methods\">pago de acuerdo<\/a> con el arreglo entre usted y su cliente.\n\n&nbsp;\n\n\u00bfTodav\u00eda tiene m\u00e1s preguntas? Visite nuestro <a href=\"https:\/\/help.uship.com\/hc\/es-419\/sections\/200950607\">Preguntas frecuentes para saber m\u00e1s sobre Pagos<\/a>."}]}],"bottom_content":[{"acf_fc_layout":"bookend","bookend_content_type":"text","bookend_intro":"\u00bfESTAS LISTO?","bookend_intro_sub":"","bookend_image":null,"bookend_cta_text":"Registrese C\u00f3mo Transportista","bookend_cta_url":"https:\/\/www.uship.com\/register\/?tid=2","bookend_cta_onclick":"","bookend_cta_open_in_new_tab":[],"bookend_previous_content":[{"bookend_previous_url":5255,"bookend_previous_text":"Herramientas de<br>Transportista"}],"bookend_next_content":[{"bookend_next_url":5259,"bookend_next_text":"Compartir<br>Ubicaci\u00f3n"}]},{"acf_fc_layout":"tertiary_callout","tertiary_callout_title":"\u00bfInteresado en asociarse con uShip?","tertiary_callout_link_url":"\/mx\/asociaciones","tertiary_callout_link_text":"M\u00e1s informaci\u00f3n","tertiary_callout_link_onclick":"","tertiary_callout_open_in_new_tab":[]}]},"yoast_head":"<!-- This site is optimized with the Yoast SEO plugin v22.2 - https:\/\/yoast.com\/wordpress\/plugins\/seo\/ -->\n<title>Pagos Seguros - C\u00f3mo Funciona<\/title>\n<meta name=\"robots\" content=\"index, follow, max-snippet:-1, max-image-preview:large, max-video-preview:-1\" \/>\n<link rel=\"canonical\" href=\"https:\/\/ushiplearnsubd.wpengine.com\/ar\/transportistas\/pagos-seguros\/\" \/>\n<meta property=\"og:locale\" content=\"es_ES\" \/>\n<meta property=\"og:type\" content=\"article\" \/>\n<meta property=\"og:title\" content=\"Pagos Seguros - C\u00f3mo Funciona\" \/>\n<meta property=\"og:url\" content=\"https:\/\/ushiplearnsubd.wpengine.com\/ar\/transportistas\/pagos-seguros\/\" \/>\n<meta property=\"og:site_name\" content=\"C\u00f3mo Funciona\" \/>\n<meta name=\"twitter:card\" content=\"summary_large_image\" \/>\n<script type=\"application\/ld+json\" class=\"yoast-schema-graph\">{\"@context\":\"https:\/\/schema.org\",\"@graph\":[{\"@type\":\"WebPage\",\"@id\":\"https:\/\/ushiplearnsubd.wpengine.com\/ar\/transportistas\/pagos-seguros\/\",\"url\":\"https:\/\/ushiplearnsubd.wpengine.com\/ar\/transportistas\/pagos-seguros\/\",\"name\":\"Pagos Seguros - C\u00f3mo Funciona\",\"isPartOf\":{\"@id\":\"https:\/\/ushiplearnsubd.wpengine.com\/ar\/#website\"},\"datePublished\":\"2017-01-04T20:10:39+00:00\",\"dateModified\":\"2017-01-04T20:10:39+00:00\",\"breadcrumb\":{\"@id\":\"https:\/\/ushiplearnsubd.wpengine.com\/ar\/transportistas\/pagos-seguros\/#breadcrumb\"},\"inLanguage\":\"es-AR\",\"potentialAction\":[{\"@type\":\"ReadAction\",\"target\":[\"https:\/\/ushiplearnsubd.wpengine.com\/ar\/transportistas\/pagos-seguros\/\"]}]},{\"@type\":\"BreadcrumbList\",\"@id\":\"https:\/\/ushiplearnsubd.wpengine.com\/ar\/transportistas\/pagos-seguros\/#breadcrumb\",\"itemListElement\":[{\"@type\":\"ListItem\",\"position\":1,\"name\":\"Home\",\"item\":\"https:\/\/ushiplearnsubd.wpengine.com\/ar\/\"},{\"@type\":\"ListItem\",\"position\":2,\"name\":\"Transportistas\",\"item\":\"https:\/\/ushiplearnsubd.wpengine.com\/ar\/transportistas\/\"},{\"@type\":\"ListItem\",\"position\":3,\"name\":\"Pagos Seguros\"}]},{\"@type\":\"WebSite\",\"@id\":\"https:\/\/ushiplearnsubd.wpengine.com\/ar\/#website\",\"url\":\"https:\/\/ushiplearnsubd.wpengine.com\/ar\/\",\"name\":\"C\u00f3mo Funciona\",\"description\":\"\",\"potentialAction\":[{\"@type\":\"SearchAction\",\"target\":{\"@type\":\"EntryPoint\",\"urlTemplate\":\"https:\/\/ushiplearnsubd.wpengine.com\/ar\/?s={search_term_string}\"},\"query-input\":\"required name=search_term_string\"}],\"inLanguage\":\"es-AR\"}]}<\/script>\n<!-- \/ Yoast SEO plugin. -->","yoast_head_json":{"title":"Pagos Seguros - C\u00f3mo Funciona","robots":{"index":"index","follow":"follow","max-snippet":"max-snippet:-1","max-image-preview":"max-image-preview:large","max-video-preview":"max-video-preview:-1"},"canonical":"https:\/\/ushiplearnsubd.wpengine.com\/ar\/transportistas\/pagos-seguros\/","og_locale":"es_ES","og_type":"article","og_title":"Pagos Seguros - C\u00f3mo Funciona","og_url":"https:\/\/ushiplearnsubd.wpengine.com\/ar\/transportistas\/pagos-seguros\/","og_site_name":"C\u00f3mo Funciona","twitter_card":"summary_large_image","schema":{"@context":"https:\/\/schema.org","@graph":[{"@type":"WebPage","@id":"https:\/\/ushiplearnsubd.wpengine.com\/ar\/transportistas\/pagos-seguros\/","url":"https:\/\/ushiplearnsubd.wpengine.com\/ar\/transportistas\/pagos-seguros\/","name":"Pagos Seguros - C\u00f3mo Funciona","isPartOf":{"@id":"https:\/\/ushiplearnsubd.wpengine.com\/ar\/#website"},"datePublished":"2017-01-04T20:10:39+00:00","dateModified":"2017-01-04T20:10:39+00:00","breadcrumb":{"@id":"https:\/\/ushiplearnsubd.wpengine.com\/ar\/transportistas\/pagos-seguros\/#breadcrumb"},"inLanguage":"es-AR","potentialAction":[{"@type":"ReadAction","target":["https:\/\/ushiplearnsubd.wpengine.com\/ar\/transportistas\/pagos-seguros\/"]}]},{"@type":"BreadcrumbList","@id":"https:\/\/ushiplearnsubd.wpengine.com\/ar\/transportistas\/pagos-seguros\/#breadcrumb","itemListElement":[{"@type":"ListItem","position":1,"name":"Home","item":"https:\/\/ushiplearnsubd.wpengine.com\/ar\/"},{"@type":"ListItem","position":2,"name":"Transportistas","item":"https:\/\/ushiplearnsubd.wpengine.com\/ar\/transportistas\/"},{"@type":"ListItem","position":3,"name":"Pagos Seguros"}]},{"@type":"WebSite","@id":"https:\/\/ushiplearnsubd.wpengine.com\/ar\/#website","url":"https:\/\/ushiplearnsubd.wpengine.com\/ar\/","name":"C\u00f3mo Funciona","description":"","potentialAction":[{"@type":"SearchAction","target":{"@type":"EntryPoint","urlTemplate":"https:\/\/ushiplearnsubd.wpengine.com\/ar\/?s={search_term_string}"},"query-input":"required name=search_term_string"}],"inLanguage":"es-AR"}]}},"fixed_price_tool_customer_success":{"image":false,"telephone":false,"email":false},"_links":{"self":[{"href":"https:\/\/ushiplearnsubd.wpengine.com\/ar\/wp-json\/wp\/v2\/pages\/5257","targetHints":{"allow":["GET"]}}],"collection":[{"href":"https:\/\/ushiplearnsubd.wpengine.com\/ar\/wp-json\/wp\/v2\/pages"}],"about":[{"href":"https:\/\/ushiplearnsubd.wpengine.com\/ar\/wp-json\/wp\/v2\/types\/page"}],"author":[{"embeddable":true,"href":"https:\/\/ushiplearnsubd.wpengine.com\/ar\/wp-json\/wp\/v2\/users\/2"}],"replies":[{"embeddable":true,"href":"https:\/\/ushiplearnsubd.wpengine.com\/ar\/wp-json\/wp\/v2\/comments?post=5257"}],"version-history":[{"count":0,"href":"https:\/\/ushiplearnsubd.wpengine.com\/ar\/wp-json\/wp\/v2\/pages\/5257\/revisions"}],"up":[{"embeddable":true,"href":"https:\/\/ushiplearnsubd.wpengine.com\/ar\/wp-json\/wp\/v2\/pages\/4"}],"wp:attachment":[{"href":"https:\/\/ushiplearnsubd.wpengine.com\/ar\/wp-json\/wp\/v2\/media?parent=5257"}],"curies":[{"name":"wp","href":"https:\/\/api.w.org\/{rel}","templated":true}]}}