{"id":5240,"date":"2017-01-04T19:59:07","date_gmt":"2017-01-04T19:59:07","guid":{"rendered":"https:\/\/ushiplearnsubd.wpengine.com\/mx\/?page_id=5240"},"modified":"2017-01-04T19:59:07","modified_gmt":"2017-01-04T19:59:07","slug":"comenzando","status":"publish","type":"page","link":"https:\/\/ushiplearnsubd.wpengine.com\/ar\/clientes\/comenzando\/","title":{"rendered":"Comenzando"},"content":{"rendered":"","protected":false},"excerpt":{"rendered":"","protected":false},"author":2,"featured_media":0,"parent":5,"menu_order":0,"comment_status":"closed","ping_status":"closed","template":"tabbed-page-v2-child.php","meta":{"_acf_changed":false,"footnotes":""},"class_list":["post-5240","page","type-page","status-publish","hentry"],"acf":{"header_footer_type":false,"body_content":[{"acf_fc_layout":"intro_slide","intro_slide_id":"","intro_slide_head":"SE ENCUENTRA EN EL LUGAR CORRECTO","intro_slide_subhead":"No importa lo que est\u00e1 enviando \u2014 un coche, un barco, el piano de su madre, esa gran colecci\u00f3n de discos de vinilo, la vaca de su t\u00edo\u2014 le ayudaremos a conectar con el mejor transportista para el trabajo. Lleve estas palabras de sabidur\u00eda con usted cuando va a empezar.","intro_slide_cta":null,"intro_slide_slide":[{"intro_slide_slide_image":681},{"intro_slide_slide_image":682},{"intro_slide_slide_image":2612}]},{"acf_fc_layout":"strip_data_callout","strip_data_callout_id":"","strip_data_callout_content":[{"strip_data_callout_block_value":"3,5","strip_data_callout_block_caption":"Millones<br>de Clientes"},{"strip_data_callout_block_value":"788.000","strip_data_callout_block_caption":"Transportistas"},{"strip_data_callout_block_value":"5,7","strip_data_callout_block_caption":"Millones<br>de Anuncios"}]},{"acf_fc_layout":"icon_bullet_points","icon_bullet_points_id":"","icon_bullet_points_row":[{"icon_bullet_points_row_icon":"icon_4stars","icon_bullet_points_row_title":"USTED EST\u00c1 EN CONTROL","icon_bullet_points_row_text":"uShip es un mercado que conecta usted con transportistas evaluados por clientes. Si esto no es suficiente para hacer su decisi\u00f3n, no dude en hacerles preguntas directamente a los transportistas en su anuncio o puede contactar <a href=\"https:\/\/help.uship.com\/hc\/es-419\">Atenci\u00f3n al Cliente<\/a>."},{"icon_bullet_points_row_icon":"icon_camera","icon_bullet_points_row_title":"LOS DETALLES SON IMPORTANTES","icon_bullet_points_row_text":"Las ofertas que recibe solamente son tan precisos como los detalles de su anuncio. Incluir fotograf\u00edas, descripciones detalladas y las dimensiones de su env\u00edo en su anuncio \u2014 cualquier cosa que crees que va ayudar, har\u00e1 una diferencia."},{"icon_bullet_points_row_icon":"icon_phone","icon_bullet_points_row_title":"UTILICE LA APLICACI\u00d3N","icon_bullet_points_row_text":"Cualquier negocio de env\u00edo se mejora a trav\u00e9s de la aplicaci\u00f3n m\u00f3vil de uShip. Puede comunicarse m\u00e1s eficientemente con su transportista, recibir notificaciones del estado de su env\u00edo, r\u00e1pidamente pagar en la entrega, y mucho m\u00e1s."},{"icon_bullet_points_row_icon":"icon_creditcard","icon_bullet_points_row_title":"PAGAR CON SEGURIDAD","icon_bullet_points_row_text":"Un <a href=\"https:\/\/help.uship.com\/hc\/es-419\/articles\/205735238\">Dep\u00f3sito de Reserva<\/a> se paga cuando acepta la oferta de su transportista. El balance se pagar\u00e1 directamente a su transportista de acuerdo con las condiciones de la oferta. Pagos uShip, un sistema seguro de pago en l\u00ednea, est\u00e1 disponible cuando vea un sello de oro junto a la oferta de su transportista."}]}],"bottom_content":[{"acf_fc_layout":"bookend","bookend_content_type":"text","bookend_intro":"AHORA ESTOY LISTO","bookend_intro_sub":"","bookend_image":null,"bookend_cta_text":"Anunciar Mi Env\u00edo","bookend_cta_url":"https:\/\/www.uship.com\/ship","bookend_cta_onclick":"","bookend_cta_open_in_new_tab":[],"bookend_previous_content":[{"bookend_previous_url":5250,"bookend_previous_text":"Seguro<br>y Reclamaciones"}],"bookend_next_content":[{"bookend_next_url":5242,"bookend_next_text":"Herramienta<br>de Envios"}]},{"acf_fc_layout":"tertiary_callout","tertiary_callout_title":"\u00bfInteresado en usar a uShip para su empresa?","tertiary_callout_link_url":"\/mx\/transporte-comercial\/","tertiary_callout_link_text":"Saber M\u00e1s","tertiary_callout_link_onclick":"","tertiary_callout_open_in_new_tab":[]}]},"yoast_head":"<!-- This site is optimized with the Yoast SEO plugin v22.2 - https:\/\/yoast.com\/wordpress\/plugins\/seo\/ -->\n<title>Comenzando - C\u00f3mo Funciona<\/title>\n<meta name=\"robots\" content=\"index, follow, max-snippet:-1, max-image-preview:large, max-video-preview:-1\" \/>\n<link rel=\"canonical\" href=\"https:\/\/ushiplearnsubd.wpengine.com\/ar\/clientes\/comenzando\/\" \/>\n<meta property=\"og:locale\" content=\"es_ES\" \/>\n<meta property=\"og:type\" content=\"article\" \/>\n<meta property=\"og:title\" content=\"Comenzando - C\u00f3mo Funciona\" \/>\n<meta property=\"og:url\" content=\"https:\/\/ushiplearnsubd.wpengine.com\/ar\/clientes\/comenzando\/\" \/>\n<meta property=\"og:site_name\" content=\"C\u00f3mo Funciona\" \/>\n<meta name=\"twitter:card\" content=\"summary_large_image\" \/>\n<script type=\"application\/ld+json\" class=\"yoast-schema-graph\">{\"@context\":\"https:\/\/schema.org\",\"@graph\":[{\"@type\":\"WebPage\",\"@id\":\"https:\/\/ushiplearnsubd.wpengine.com\/ar\/clientes\/comenzando\/\",\"url\":\"https:\/\/ushiplearnsubd.wpengine.com\/ar\/clientes\/comenzando\/\",\"name\":\"Comenzando - C\u00f3mo Funciona\",\"isPartOf\":{\"@id\":\"https:\/\/ushiplearnsubd.wpengine.com\/ar\/#website\"},\"datePublished\":\"2017-01-04T19:59:07+00:00\",\"dateModified\":\"2017-01-04T19:59:07+00:00\",\"breadcrumb\":{\"@id\":\"https:\/\/ushiplearnsubd.wpengine.com\/ar\/clientes\/comenzando\/#breadcrumb\"},\"inLanguage\":\"es-AR\",\"potentialAction\":[{\"@type\":\"ReadAction\",\"target\":[\"https:\/\/ushiplearnsubd.wpengine.com\/ar\/clientes\/comenzando\/\"]}]},{\"@type\":\"BreadcrumbList\",\"@id\":\"https:\/\/ushiplearnsubd.wpengine.com\/ar\/clientes\/comenzando\/#breadcrumb\",\"itemListElement\":[{\"@type\":\"ListItem\",\"position\":1,\"name\":\"Home\",\"item\":\"https:\/\/ushiplearnsubd.wpengine.com\/ar\/\"},{\"@type\":\"ListItem\",\"position\":2,\"name\":\"Clientes\",\"item\":\"https:\/\/ushiplearnsubd.wpengine.com\/ar\/clientes\/\"},{\"@type\":\"ListItem\",\"position\":3,\"name\":\"Comenzando\"}]},{\"@type\":\"WebSite\",\"@id\":\"https:\/\/ushiplearnsubd.wpengine.com\/ar\/#website\",\"url\":\"https:\/\/ushiplearnsubd.wpengine.com\/ar\/\",\"name\":\"C\u00f3mo Funciona\",\"description\":\"\",\"potentialAction\":[{\"@type\":\"SearchAction\",\"target\":{\"@type\":\"EntryPoint\",\"urlTemplate\":\"https:\/\/ushiplearnsubd.wpengine.com\/ar\/?s={search_term_string}\"},\"query-input\":\"required name=search_term_string\"}],\"inLanguage\":\"es-AR\"}]}<\/script>\n<!-- \/ Yoast SEO plugin. -->","yoast_head_json":{"title":"Comenzando - C\u00f3mo Funciona","robots":{"index":"index","follow":"follow","max-snippet":"max-snippet:-1","max-image-preview":"max-image-preview:large","max-video-preview":"max-video-preview:-1"},"canonical":"https:\/\/ushiplearnsubd.wpengine.com\/ar\/clientes\/comenzando\/","og_locale":"es_ES","og_type":"article","og_title":"Comenzando - C\u00f3mo Funciona","og_url":"https:\/\/ushiplearnsubd.wpengine.com\/ar\/clientes\/comenzando\/","og_site_name":"C\u00f3mo Funciona","twitter_card":"summary_large_image","schema":{"@context":"https:\/\/schema.org","@graph":[{"@type":"WebPage","@id":"https:\/\/ushiplearnsubd.wpengine.com\/ar\/clientes\/comenzando\/","url":"https:\/\/ushiplearnsubd.wpengine.com\/ar\/clientes\/comenzando\/","name":"Comenzando - C\u00f3mo Funciona","isPartOf":{"@id":"https:\/\/ushiplearnsubd.wpengine.com\/ar\/#website"},"datePublished":"2017-01-04T19:59:07+00:00","dateModified":"2017-01-04T19:59:07+00:00","breadcrumb":{"@id":"https:\/\/ushiplearnsubd.wpengine.com\/ar\/clientes\/comenzando\/#breadcrumb"},"inLanguage":"es-AR","potentialAction":[{"@type":"ReadAction","target":["https:\/\/ushiplearnsubd.wpengine.com\/ar\/clientes\/comenzando\/"]}]},{"@type":"BreadcrumbList","@id":"https:\/\/ushiplearnsubd.wpengine.com\/ar\/clientes\/comenzando\/#breadcrumb","itemListElement":[{"@type":"ListItem","position":1,"name":"Home","item":"https:\/\/ushiplearnsubd.wpengine.com\/ar\/"},{"@type":"ListItem","position":2,"name":"Clientes","item":"https:\/\/ushiplearnsubd.wpengine.com\/ar\/clientes\/"},{"@type":"ListItem","position":3,"name":"Comenzando"}]},{"@type":"WebSite","@id":"https:\/\/ushiplearnsubd.wpengine.com\/ar\/#website","url":"https:\/\/ushiplearnsubd.wpengine.com\/ar\/","name":"C\u00f3mo Funciona","description":"","potentialAction":[{"@type":"SearchAction","target":{"@type":"EntryPoint","urlTemplate":"https:\/\/ushiplearnsubd.wpengine.com\/ar\/?s={search_term_string}"},"query-input":"required name=search_term_string"}],"inLanguage":"es-AR"}]}},"fixed_price_tool_customer_success":{"image":false,"telephone":false,"email":false},"_links":{"self":[{"href":"https:\/\/ushiplearnsubd.wpengine.com\/ar\/wp-json\/wp\/v2\/pages\/5240","targetHints":{"allow":["GET"]}}],"collection":[{"href":"https:\/\/ushiplearnsubd.wpengine.com\/ar\/wp-json\/wp\/v2\/pages"}],"about":[{"href":"https:\/\/ushiplearnsubd.wpengine.com\/ar\/wp-json\/wp\/v2\/types\/page"}],"author":[{"embeddable":true,"href":"https:\/\/ushiplearnsubd.wpengine.com\/ar\/wp-json\/wp\/v2\/users\/2"}],"replies":[{"embeddable":true,"href":"https:\/\/ushiplearnsubd.wpengine.com\/ar\/wp-json\/wp\/v2\/comments?post=5240"}],"version-history":[{"count":0,"href":"https:\/\/ushiplearnsubd.wpengine.com\/ar\/wp-json\/wp\/v2\/pages\/5240\/revisions"}],"up":[{"embeddable":true,"href":"https:\/\/ushiplearnsubd.wpengine.com\/ar\/wp-json\/wp\/v2\/pages\/5"}],"wp:attachment":[{"href":"https:\/\/ushiplearnsubd.wpengine.com\/ar\/wp-json\/wp\/v2\/media?parent=5240"}],"curies":[{"name":"wp","href":"https:\/\/api.w.org\/{rel}","templated":true}]}}